{"id":9545,"date":"2026-01-14T15:03:53","date_gmt":"2026-01-14T14:03:53","guid":{"rendered":"https:\/\/www.waltlouise.be\/?post_type=product&#038;p=9545"},"modified":"2026-01-14T15:03:53","modified_gmt":"2026-01-14T14:03:53","slug":"canape-didi-passe-partout","status":"publish","type":"product","link":"https:\/\/www.waltlouise.be\/nl\/product\/canape-didi-passe-partout\/","title":{"rendered":"Canap\u00e9 Didi &#8211; Passe Partout"},"content":{"rendered":"<p>Fabricant belge et concepteur de canap\u00e9, Passe-Partout met l\u2019accent sur le confort, la ligne et le bonheur de profiter d\u2019un salon qui vous donne le sourire. Leur slogan \u00ab\u00a0 Enjoy life, enjoy your sofa\u00a0\u00bb traduit clairement leur motivation.<\/p>\n","protected":false},"excerpt":{"rendered":"<p>Profitez de la vie, profitez de votre canap\u00e9, profitez de Passe Partout. Profiter de la vie. N&#8217;est-ce pas ce que nous voulons tous ? &#8220;Carpe diem, saisissez le jour. Profiter de chaque instant, de chaque petit bonheur&#8221;. Un slogan qui tient \u00e0 c\u0153ur \u00e0 Passe Partout en Belgique. Avec passion, ils d\u00e9fendent des si\u00e8ges, des salons d&#8217;angle et des fauteuils abordables mais de grande qualit\u00e9.<\/p>\n","protected":false},"featured_media":9546,"comment_status":"open","ping_status":"closed","template":"","meta":{"_acf_changed":false},"product_brand":[],"product_cat":[98,96],"product_tag":[],"class_list":{"0":"post-9545","1":"product","2":"type-product","3":"status-publish","4":"has-post-thumbnail","6":"product_cat-canapes","7":"product_cat-salons","9":"first","10":"instock","11":"shipping-taxable","12":"purchasable","13":"product-type-simple"},"acf":[],"yoast_head":"<!-- This site is optimized with the Yoast SEO plugin v27.2 - https:\/\/yoast.com\/product\/yoast-seo-wordpress\/ -->\n<title>Canap\u00e9 Didi - Passe Partout - WaltLouise<\/title>\n<meta name=\"description\" content=\"Profitez de la vie, profitez de votre canap\u00e9, profitez de Passe Partout. Profiter de la vie. N&#039;est-ce pas ce que nous voulons tous ? &quot;Carpe diem, saisissez le jour. Profiter de chaque instant, de chaque petit bonheur&quot;. Un slogan qui tient \u00e0 c\u0153ur \u00e0 Passe Partout en Belgique. Avec passion, ils d\u00e9fendent des si\u00e8ges, des salons d&#039;angle et des fauteuils abordables mais de grande qualit\u00e9.\" \/>\n<meta name=\"robots\" content=\"index, follow, max-snippet:-1, max-image-preview:large, max-video-preview:-1\" \/>\n<link rel=\"canonical\" href=\"https:\/\/www.waltlouise.be\/produit\/canape-didi-passe-partout\/\" \/>\n<meta property=\"og:locale\" content=\"nl_NL\" \/>\n<meta property=\"og:type\" content=\"article\" \/>\n<meta property=\"og:title\" content=\"Canap\u00e9 Didi - Passe Partout - WaltLouise\" \/>\n<meta property=\"og:description\" content=\"Profitez de la vie, profitez de votre canap\u00e9, profitez de Passe Partout. Profiter de la vie. N&#039;est-ce pas ce que nous voulons tous ? &quot;Carpe diem, saisissez le jour. Profiter de chaque instant, de chaque petit bonheur&quot;. Un slogan qui tient \u00e0 c\u0153ur \u00e0 Passe Partout en Belgique. Avec passion, ils d\u00e9fendent des si\u00e8ges, des salons d&#039;angle et des fauteuils abordables mais de grande qualit\u00e9.\" \/>\n<meta property=\"og:url\" content=\"https:\/\/www.waltlouise.be\/produit\/canape-didi-passe-partout\/\" \/>\n<meta property=\"og:site_name\" content=\"WaltLouise\" \/>\n<meta property=\"og:image\" content=\"https:\/\/www.waltlouise.be\/wp-content\/uploads\/2026\/01\/Didi-LSD-1881_1-1024x682.jpg\" \/>\n\t<meta property=\"og:image:width\" content=\"1024\" \/>\n\t<meta property=\"og:image:height\" content=\"682\" \/>\n\t<meta property=\"og:image:type\" content=\"image\/jpeg\" \/>\n<meta name=\"twitter:card\" content=\"summary_large_image\" \/>\n<meta name=\"twitter:label1\" content=\"Geschatte leestijd\" \/>\n\t<meta name=\"twitter:data1\" content=\"1 minuut\" \/>\n<script type=\"application\/ld+json\" class=\"yoast-schema-graph\">{\"@context\":\"https:\/\/schema.org\",\"@graph\":[{\"@type\":\"WebPage\",\"@id\":\"https:\/\/www.waltlouise.be\/produit\/canape-didi-passe-partout\/\",\"url\":\"https:\/\/www.waltlouise.be\/produit\/canape-didi-passe-partout\/\",\"name\":\"Canap\u00e9 Didi - Passe Partout - WaltLouise\",\"isPartOf\":{\"@id\":\"https:\/\/www.waltlouise.be\/#website\"},\"primaryImageOfPage\":{\"@id\":\"https:\/\/www.waltlouise.be\/produit\/canape-didi-passe-partout\/#primaryimage\"},\"image\":{\"@id\":\"https:\/\/www.waltlouise.be\/produit\/canape-didi-passe-partout\/#primaryimage\"},\"thumbnailUrl\":\"https:\/\/www.waltlouise.be\/wp-content\/uploads\/2026\/01\/Didi-LSD-1881_1.jpg\",\"datePublished\":\"2026-01-14T14:03:53+00:00\",\"description\":\"Profitez de la vie, profitez de votre canap\u00e9, profitez de Passe Partout. Profiter de la vie. N'est-ce pas ce que nous voulons tous ? \\\"Carpe diem, saisissez le jour. Profiter de chaque instant, de chaque petit bonheur\\\". Un slogan qui tient \u00e0 c\u0153ur \u00e0 Passe Partout en Belgique. Avec passion, ils d\u00e9fendent des si\u00e8ges, des salons d'angle et des fauteuils abordables mais de grande qualit\u00e9.\",\"breadcrumb\":{\"@id\":\"https:\/\/www.waltlouise.be\/produit\/canape-didi-passe-partout\/#breadcrumb\"},\"inLanguage\":\"nl-NL\",\"potentialAction\":[{\"@type\":\"ReadAction\",\"target\":[\"https:\/\/www.waltlouise.be\/produit\/canape-didi-passe-partout\/\"]}]},{\"@type\":\"ImageObject\",\"inLanguage\":\"nl-NL\",\"@id\":\"https:\/\/www.waltlouise.be\/produit\/canape-didi-passe-partout\/#primaryimage\",\"url\":\"https:\/\/www.waltlouise.be\/wp-content\/uploads\/2026\/01\/Didi-LSD-1881_1.jpg\",\"contentUrl\":\"https:\/\/www.waltlouise.be\/wp-content\/uploads\/2026\/01\/Didi-LSD-1881_1.jpg\",\"width\":2000,\"height\":1333},{\"@type\":\"BreadcrumbList\",\"@id\":\"https:\/\/www.waltlouise.be\/produit\/canape-didi-passe-partout\/#breadcrumb\",\"itemListElement\":[{\"@type\":\"ListItem\",\"position\":1,\"name\":\"Accueil\",\"item\":\"https:\/\/www.waltlouise.be\/nl\/\"},{\"@type\":\"ListItem\",\"position\":2,\"name\":\"Onze producten\",\"item\":\"https:\/\/www.waltlouise.be\/nl\/onze-producten\/\"},{\"@type\":\"ListItem\",\"position\":3,\"name\":\"Canap\u00e9 Didi &#8211; Passe Partout\"}]},{\"@type\":\"WebSite\",\"@id\":\"https:\/\/www.waltlouise.be\/#website\",\"url\":\"https:\/\/www.waltlouise.be\/\",\"name\":\"WaltLouise\",\"description\":\"Walt Louise \u2013 Bienvenue sur le site de WaltLouise| Accueil | Des r\u00e9\u00e9ditions de vaisselier, de grandes \u00e9tag\u00e8res aux lignes \u00e9pur\u00e9es c\u00f4toient des pi\u00e8ces con\u00e7ues \u00e0 la demande.\",\"potentialAction\":[{\"@type\":\"SearchAction\",\"target\":{\"@type\":\"EntryPoint\",\"urlTemplate\":\"https:\/\/www.waltlouise.be\/?s={search_term_string}\"},\"query-input\":{\"@type\":\"PropertyValueSpecification\",\"valueRequired\":true,\"valueName\":\"search_term_string\"}}],\"inLanguage\":\"nl-NL\"}]}<\/script>\n<!-- \/ Yoast SEO plugin. -->","yoast_head_json":{"title":"Canap\u00e9 Didi - Passe Partout - WaltLouise","description":"Profitez de la vie, profitez de votre canap\u00e9, profitez de Passe Partout. Profiter de la vie. N'est-ce pas ce que nous voulons tous ? \"Carpe diem, saisissez le jour. Profiter de chaque instant, de chaque petit bonheur\". Un slogan qui tient \u00e0 c\u0153ur \u00e0 Passe Partout en Belgique. Avec passion, ils d\u00e9fendent des si\u00e8ges, des salons d'angle et des fauteuils abordables mais de grande qualit\u00e9.","robots":{"index":"index","follow":"follow","max-snippet":"max-snippet:-1","max-image-preview":"max-image-preview:large","max-video-preview":"max-video-preview:-1"},"canonical":"https:\/\/www.waltlouise.be\/produit\/canape-didi-passe-partout\/","og_locale":"nl_NL","og_type":"article","og_title":"Canap\u00e9 Didi - Passe Partout - WaltLouise","og_description":"Profitez de la vie, profitez de votre canap\u00e9, profitez de Passe Partout. Profiter de la vie. N'est-ce pas ce que nous voulons tous ? \"Carpe diem, saisissez le jour. Profiter de chaque instant, de chaque petit bonheur\". Un slogan qui tient \u00e0 c\u0153ur \u00e0 Passe Partout en Belgique. Avec passion, ils d\u00e9fendent des si\u00e8ges, des salons d'angle et des fauteuils abordables mais de grande qualit\u00e9.","og_url":"https:\/\/www.waltlouise.be\/produit\/canape-didi-passe-partout\/","og_site_name":"WaltLouise","og_image":[{"width":1024,"height":682,"url":"https:\/\/www.waltlouise.be\/wp-content\/uploads\/2026\/01\/Didi-LSD-1881_1-1024x682.jpg","type":"image\/jpeg"}],"twitter_card":"summary_large_image","twitter_misc":{"Geschatte leestijd":"1 minuut"},"schema":{"@context":"https:\/\/schema.org","@graph":[{"@type":"WebPage","@id":"https:\/\/www.waltlouise.be\/produit\/canape-didi-passe-partout\/","url":"https:\/\/www.waltlouise.be\/produit\/canape-didi-passe-partout\/","name":"Canap\u00e9 Didi - Passe Partout - WaltLouise","isPartOf":{"@id":"https:\/\/www.waltlouise.be\/#website"},"primaryImageOfPage":{"@id":"https:\/\/www.waltlouise.be\/produit\/canape-didi-passe-partout\/#primaryimage"},"image":{"@id":"https:\/\/www.waltlouise.be\/produit\/canape-didi-passe-partout\/#primaryimage"},"thumbnailUrl":"https:\/\/www.waltlouise.be\/wp-content\/uploads\/2026\/01\/Didi-LSD-1881_1.jpg","datePublished":"2026-01-14T14:03:53+00:00","description":"Profitez de la vie, profitez de votre canap\u00e9, profitez de Passe Partout. Profiter de la vie. N'est-ce pas ce que nous voulons tous ? \"Carpe diem, saisissez le jour. Profiter de chaque instant, de chaque petit bonheur\". Un slogan qui tient \u00e0 c\u0153ur \u00e0 Passe Partout en Belgique. Avec passion, ils d\u00e9fendent des si\u00e8ges, des salons d'angle et des fauteuils abordables mais de grande qualit\u00e9.","breadcrumb":{"@id":"https:\/\/www.waltlouise.be\/produit\/canape-didi-passe-partout\/#breadcrumb"},"inLanguage":"nl-NL","potentialAction":[{"@type":"ReadAction","target":["https:\/\/www.waltlouise.be\/produit\/canape-didi-passe-partout\/"]}]},{"@type":"ImageObject","inLanguage":"nl-NL","@id":"https:\/\/www.waltlouise.be\/produit\/canape-didi-passe-partout\/#primaryimage","url":"https:\/\/www.waltlouise.be\/wp-content\/uploads\/2026\/01\/Didi-LSD-1881_1.jpg","contentUrl":"https:\/\/www.waltlouise.be\/wp-content\/uploads\/2026\/01\/Didi-LSD-1881_1.jpg","width":2000,"height":1333},{"@type":"BreadcrumbList","@id":"https:\/\/www.waltlouise.be\/produit\/canape-didi-passe-partout\/#breadcrumb","itemListElement":[{"@type":"ListItem","position":1,"name":"Accueil","item":"https:\/\/www.waltlouise.be\/nl\/"},{"@type":"ListItem","position":2,"name":"Onze producten","item":"https:\/\/www.waltlouise.be\/nl\/onze-producten\/"},{"@type":"ListItem","position":3,"name":"Canap\u00e9 Didi &#8211; Passe Partout"}]},{"@type":"WebSite","@id":"https:\/\/www.waltlouise.be\/#website","url":"https:\/\/www.waltlouise.be\/","name":"WaltLouise","description":"Walt Louise \u2013 Bienvenue sur le site de WaltLouise| Accueil | Des r\u00e9\u00e9ditions de vaisselier, de grandes \u00e9tag\u00e8res aux lignes \u00e9pur\u00e9es c\u00f4toient des pi\u00e8ces con\u00e7ues \u00e0 la demande.","potentialAction":[{"@type":"SearchAction","target":{"@type":"EntryPoint","urlTemplate":"https:\/\/www.waltlouise.be\/?s={search_term_string}"},"query-input":{"@type":"PropertyValueSpecification","valueRequired":true,"valueName":"search_term_string"}}],"inLanguage":"nl-NL"}]}},"_links":{"self":[{"href":"https:\/\/www.waltlouise.be\/nl\/wp-json\/wp\/v2\/product\/9545","targetHints":{"allow":["GET"]}}],"collection":[{"href":"https:\/\/www.waltlouise.be\/nl\/wp-json\/wp\/v2\/product"}],"about":[{"href":"https:\/\/www.waltlouise.be\/nl\/wp-json\/wp\/v2\/types\/product"}],"replies":[{"embeddable":true,"href":"https:\/\/www.waltlouise.be\/nl\/wp-json\/wp\/v2\/comments?post=9545"}],"wp:featuredmedia":[{"embeddable":true,"href":"https:\/\/www.waltlouise.be\/nl\/wp-json\/wp\/v2\/media\/9546"}],"wp:attachment":[{"href":"https:\/\/www.waltlouise.be\/nl\/wp-json\/wp\/v2\/media?parent=9545"}],"wp:term":[{"taxonomy":"product_brand","embeddable":true,"href":"https:\/\/www.waltlouise.be\/nl\/wp-json\/wp\/v2\/product_brand?post=9545"},{"taxonomy":"product_cat","embeddable":true,"href":"https:\/\/www.waltlouise.be\/nl\/wp-json\/wp\/v2\/product_cat?post=9545"},{"taxonomy":"product_tag","embeddable":true,"href":"https:\/\/www.waltlouise.be\/nl\/wp-json\/wp\/v2\/product_tag?post=9545"}],"curies":[{"name":"wp","href":"https:\/\/api.w.org\/{rel}","templated":true}]}}