{"id":9499,"date":"2025-05-28T15:33:49","date_gmt":"2025-05-28T13:33:49","guid":{"rendered":"https:\/\/www.waltlouise.be\/?post_type=product&#038;p=9499"},"modified":"2025-05-28T15:42:44","modified_gmt":"2025-05-28T13:42:44","slug":"fauteuil-chubby-passe-partout","status":"publish","type":"product","link":"https:\/\/www.waltlouise.be\/nl\/product\/fauteuil-chubby-passe-partout\/","title":{"rendered":"Fauteuil Chubby &#8211; Passe Partout"},"content":{"rendered":"<p>Fabricant belge et concepteur de canap\u00e9, Passe-Partout met l\u2019accent sur le confort, la ligne et le bonheur de profiter d\u2019un salon qui vous donne le sourire. Leur slogan \u00ab\u00a0 Enjoy life, enjoy your sofa\u00a0\u00bb traduit clairement leur motivation.<\/p>\n","protected":false},"excerpt":{"rendered":"<p>Le fauteuil Chubby offre un confort optimal et une grande souplesse d&#8217;utilisation. Le fauteuil Chubby est dot\u00e9 d&#8217;une assise souple et d&#8217;un tapis sublim\u00e9 pour une assise optimale. Le fauteuil est enti\u00e8rement \u00e9quip\u00e9 d&#8217;une large s\u00e9lection d&#8217;\u00e9toffes de qualit\u00e9 sup\u00e9rieure dans diff\u00e9rentes teintes, afin que vous puissiez trouver l&#8217;accord parfait pour votre int\u00e9rieur.<\/p>\n<p>Diff\u00e9rents coloris disponibles.<\/p>\n","protected":false},"featured_media":9508,"comment_status":"open","ping_status":"closed","template":"","meta":{"_acf_changed":false},"product_brand":[],"product_cat":[100,96],"product_tag":[],"class_list":{"0":"post-9499","1":"product","2":"type-product","3":"status-publish","4":"has-post-thumbnail","6":"product_cat-fauteuil","7":"product_cat-salons","9":"first","10":"instock","11":"shipping-taxable","12":"purchasable","13":"product-type-simple"},"acf":[],"yoast_head":"<!-- This site is optimized with the Yoast SEO plugin v27.2 - https:\/\/yoast.com\/product\/yoast-seo-wordpress\/ -->\n<title>Fauteuil Chubby - Passe Partout - WaltLouise<\/title>\n<meta name=\"description\" content=\"Le fauteuil Chubby offre un confort optimal et une grande souplesse d&#039;utilisation. Le fauteuil Chubby est dot\u00e9 d&#039;une assise souple et d&#039;un tapis sublim\u00e9 pour une assise optimale. Le fauteuil est enti\u00e8rement \u00e9quip\u00e9 d&#039;une large s\u00e9lection d&#039;\u00e9toffes de qualit\u00e9 sup\u00e9rieure dans diff\u00e9rentes teintes, afin que vous puissiez trouver l&#039;accord parfait pour votre int\u00e9rieur.  Diff\u00e9rents coloris disponibles.\" \/>\n<meta name=\"robots\" content=\"index, follow, max-snippet:-1, max-image-preview:large, max-video-preview:-1\" \/>\n<link rel=\"canonical\" href=\"https:\/\/www.waltlouise.be\/produit\/fauteuil-chubby-passe-partout\/\" \/>\n<meta property=\"og:locale\" content=\"nl_NL\" \/>\n<meta property=\"og:type\" content=\"article\" \/>\n<meta property=\"og:title\" content=\"Fauteuil Chubby - Passe Partout - WaltLouise\" \/>\n<meta property=\"og:description\" content=\"Le fauteuil Chubby offre un confort optimal et une grande souplesse d&#039;utilisation. Le fauteuil Chubby est dot\u00e9 d&#039;une assise souple et d&#039;un tapis sublim\u00e9 pour une assise optimale. Le fauteuil est enti\u00e8rement \u00e9quip\u00e9 d&#039;une large s\u00e9lection d&#039;\u00e9toffes de qualit\u00e9 sup\u00e9rieure dans diff\u00e9rentes teintes, afin que vous puissiez trouver l&#039;accord parfait pour votre int\u00e9rieur.  Diff\u00e9rents coloris disponibles.\" \/>\n<meta property=\"og:url\" content=\"https:\/\/www.waltlouise.be\/produit\/fauteuil-chubby-passe-partout\/\" \/>\n<meta property=\"og:site_name\" content=\"WaltLouise\" \/>\n<meta property=\"article:modified_time\" content=\"2025-05-28T13:42:44+00:00\" \/>\n<meta property=\"og:image\" content=\"https:\/\/www.waltlouise.be\/wp-content\/uploads\/2025\/05\/Passe-partout-Chubby-fauteuil-1-1-scaled.jpg\" \/>\n\t<meta property=\"og:image:width\" content=\"2560\" \/>\n\t<meta property=\"og:image:height\" content=\"1440\" \/>\n\t<meta property=\"og:image:type\" content=\"image\/jpeg\" \/>\n<meta name=\"twitter:card\" content=\"summary_large_image\" \/>\n<meta name=\"twitter:label1\" content=\"Geschatte leestijd\" \/>\n\t<meta name=\"twitter:data1\" content=\"1 minuut\" \/>\n<script type=\"application\/ld+json\" class=\"yoast-schema-graph\">{\"@context\":\"https:\/\/schema.org\",\"@graph\":[{\"@type\":\"WebPage\",\"@id\":\"https:\/\/www.waltlouise.be\/produit\/fauteuil-chubby-passe-partout\/\",\"url\":\"https:\/\/www.waltlouise.be\/produit\/fauteuil-chubby-passe-partout\/\",\"name\":\"Fauteuil Chubby - Passe Partout - WaltLouise\",\"isPartOf\":{\"@id\":\"https:\/\/www.waltlouise.be\/#website\"},\"primaryImageOfPage\":{\"@id\":\"https:\/\/www.waltlouise.be\/produit\/fauteuil-chubby-passe-partout\/#primaryimage\"},\"image\":{\"@id\":\"https:\/\/www.waltlouise.be\/produit\/fauteuil-chubby-passe-partout\/#primaryimage\"},\"thumbnailUrl\":\"https:\/\/www.waltlouise.be\/wp-content\/uploads\/2025\/05\/Passe-partout-Chubby-fauteuil-1-1-scaled.jpg\",\"datePublished\":\"2025-05-28T13:33:49+00:00\",\"dateModified\":\"2025-05-28T13:42:44+00:00\",\"description\":\"Le fauteuil Chubby offre un confort optimal et une grande souplesse d'utilisation. Le fauteuil Chubby est dot\u00e9 d'une assise souple et d'un tapis sublim\u00e9 pour une assise optimale. Le fauteuil est enti\u00e8rement \u00e9quip\u00e9 d'une large s\u00e9lection d'\u00e9toffes de qualit\u00e9 sup\u00e9rieure dans diff\u00e9rentes teintes, afin que vous puissiez trouver l'accord parfait pour votre int\u00e9rieur. Diff\u00e9rents coloris disponibles.\",\"breadcrumb\":{\"@id\":\"https:\/\/www.waltlouise.be\/produit\/fauteuil-chubby-passe-partout\/#breadcrumb\"},\"inLanguage\":\"nl-NL\",\"potentialAction\":[{\"@type\":\"ReadAction\",\"target\":[\"https:\/\/www.waltlouise.be\/produit\/fauteuil-chubby-passe-partout\/\"]}]},{\"@type\":\"ImageObject\",\"inLanguage\":\"nl-NL\",\"@id\":\"https:\/\/www.waltlouise.be\/produit\/fauteuil-chubby-passe-partout\/#primaryimage\",\"url\":\"https:\/\/www.waltlouise.be\/wp-content\/uploads\/2025\/05\/Passe-partout-Chubby-fauteuil-1-1-scaled.jpg\",\"contentUrl\":\"https:\/\/www.waltlouise.be\/wp-content\/uploads\/2025\/05\/Passe-partout-Chubby-fauteuil-1-1-scaled.jpg\",\"width\":2560,\"height\":1440},{\"@type\":\"BreadcrumbList\",\"@id\":\"https:\/\/www.waltlouise.be\/produit\/fauteuil-chubby-passe-partout\/#breadcrumb\",\"itemListElement\":[{\"@type\":\"ListItem\",\"position\":1,\"name\":\"Accueil\",\"item\":\"https:\/\/www.waltlouise.be\/nl\/\"},{\"@type\":\"ListItem\",\"position\":2,\"name\":\"Onze producten\",\"item\":\"https:\/\/www.waltlouise.be\/nl\/onze-producten\/\"},{\"@type\":\"ListItem\",\"position\":3,\"name\":\"Fauteuil Chubby &#8211; Passe Partout\"}]},{\"@type\":\"WebSite\",\"@id\":\"https:\/\/www.waltlouise.be\/#website\",\"url\":\"https:\/\/www.waltlouise.be\/\",\"name\":\"WaltLouise\",\"description\":\"Walt Louise \u2013 Bienvenue sur le site de WaltLouise| Accueil | Des r\u00e9\u00e9ditions de vaisselier, de grandes \u00e9tag\u00e8res aux lignes \u00e9pur\u00e9es c\u00f4toient des pi\u00e8ces con\u00e7ues \u00e0 la demande.\",\"potentialAction\":[{\"@type\":\"SearchAction\",\"target\":{\"@type\":\"EntryPoint\",\"urlTemplate\":\"https:\/\/www.waltlouise.be\/?s={search_term_string}\"},\"query-input\":{\"@type\":\"PropertyValueSpecification\",\"valueRequired\":true,\"valueName\":\"search_term_string\"}}],\"inLanguage\":\"nl-NL\"}]}<\/script>\n<!-- \/ Yoast SEO plugin. -->","yoast_head_json":{"title":"Fauteuil Chubby - Passe Partout - WaltLouise","description":"Le fauteuil Chubby offre un confort optimal et une grande souplesse d'utilisation. Le fauteuil Chubby est dot\u00e9 d'une assise souple et d'un tapis sublim\u00e9 pour une assise optimale. Le fauteuil est enti\u00e8rement \u00e9quip\u00e9 d'une large s\u00e9lection d'\u00e9toffes de qualit\u00e9 sup\u00e9rieure dans diff\u00e9rentes teintes, afin que vous puissiez trouver l'accord parfait pour votre int\u00e9rieur.  Diff\u00e9rents coloris disponibles.","robots":{"index":"index","follow":"follow","max-snippet":"max-snippet:-1","max-image-preview":"max-image-preview:large","max-video-preview":"max-video-preview:-1"},"canonical":"https:\/\/www.waltlouise.be\/produit\/fauteuil-chubby-passe-partout\/","og_locale":"nl_NL","og_type":"article","og_title":"Fauteuil Chubby - Passe Partout - WaltLouise","og_description":"Le fauteuil Chubby offre un confort optimal et une grande souplesse d'utilisation. Le fauteuil Chubby est dot\u00e9 d'une assise souple et d'un tapis sublim\u00e9 pour une assise optimale. Le fauteuil est enti\u00e8rement \u00e9quip\u00e9 d'une large s\u00e9lection d'\u00e9toffes de qualit\u00e9 sup\u00e9rieure dans diff\u00e9rentes teintes, afin que vous puissiez trouver l'accord parfait pour votre int\u00e9rieur.  Diff\u00e9rents coloris disponibles.","og_url":"https:\/\/www.waltlouise.be\/produit\/fauteuil-chubby-passe-partout\/","og_site_name":"WaltLouise","article_modified_time":"2025-05-28T13:42:44+00:00","og_image":[{"width":2560,"height":1440,"url":"https:\/\/www.waltlouise.be\/wp-content\/uploads\/2025\/05\/Passe-partout-Chubby-fauteuil-1-1-scaled.jpg","type":"image\/jpeg"}],"twitter_card":"summary_large_image","twitter_misc":{"Geschatte leestijd":"1 minuut"},"schema":{"@context":"https:\/\/schema.org","@graph":[{"@type":"WebPage","@id":"https:\/\/www.waltlouise.be\/produit\/fauteuil-chubby-passe-partout\/","url":"https:\/\/www.waltlouise.be\/produit\/fauteuil-chubby-passe-partout\/","name":"Fauteuil Chubby - Passe Partout - WaltLouise","isPartOf":{"@id":"https:\/\/www.waltlouise.be\/#website"},"primaryImageOfPage":{"@id":"https:\/\/www.waltlouise.be\/produit\/fauteuil-chubby-passe-partout\/#primaryimage"},"image":{"@id":"https:\/\/www.waltlouise.be\/produit\/fauteuil-chubby-passe-partout\/#primaryimage"},"thumbnailUrl":"https:\/\/www.waltlouise.be\/wp-content\/uploads\/2025\/05\/Passe-partout-Chubby-fauteuil-1-1-scaled.jpg","datePublished":"2025-05-28T13:33:49+00:00","dateModified":"2025-05-28T13:42:44+00:00","description":"Le fauteuil Chubby offre un confort optimal et une grande souplesse d'utilisation. Le fauteuil Chubby est dot\u00e9 d'une assise souple et d'un tapis sublim\u00e9 pour une assise optimale. Le fauteuil est enti\u00e8rement \u00e9quip\u00e9 d'une large s\u00e9lection d'\u00e9toffes de qualit\u00e9 sup\u00e9rieure dans diff\u00e9rentes teintes, afin que vous puissiez trouver l'accord parfait pour votre int\u00e9rieur. Diff\u00e9rents coloris disponibles.","breadcrumb":{"@id":"https:\/\/www.waltlouise.be\/produit\/fauteuil-chubby-passe-partout\/#breadcrumb"},"inLanguage":"nl-NL","potentialAction":[{"@type":"ReadAction","target":["https:\/\/www.waltlouise.be\/produit\/fauteuil-chubby-passe-partout\/"]}]},{"@type":"ImageObject","inLanguage":"nl-NL","@id":"https:\/\/www.waltlouise.be\/produit\/fauteuil-chubby-passe-partout\/#primaryimage","url":"https:\/\/www.waltlouise.be\/wp-content\/uploads\/2025\/05\/Passe-partout-Chubby-fauteuil-1-1-scaled.jpg","contentUrl":"https:\/\/www.waltlouise.be\/wp-content\/uploads\/2025\/05\/Passe-partout-Chubby-fauteuil-1-1-scaled.jpg","width":2560,"height":1440},{"@type":"BreadcrumbList","@id":"https:\/\/www.waltlouise.be\/produit\/fauteuil-chubby-passe-partout\/#breadcrumb","itemListElement":[{"@type":"ListItem","position":1,"name":"Accueil","item":"https:\/\/www.waltlouise.be\/nl\/"},{"@type":"ListItem","position":2,"name":"Onze producten","item":"https:\/\/www.waltlouise.be\/nl\/onze-producten\/"},{"@type":"ListItem","position":3,"name":"Fauteuil Chubby &#8211; Passe Partout"}]},{"@type":"WebSite","@id":"https:\/\/www.waltlouise.be\/#website","url":"https:\/\/www.waltlouise.be\/","name":"WaltLouise","description":"Walt Louise \u2013 Bienvenue sur le site de WaltLouise| Accueil | Des r\u00e9\u00e9ditions de vaisselier, de grandes \u00e9tag\u00e8res aux lignes \u00e9pur\u00e9es c\u00f4toient des pi\u00e8ces con\u00e7ues \u00e0 la demande.","potentialAction":[{"@type":"SearchAction","target":{"@type":"EntryPoint","urlTemplate":"https:\/\/www.waltlouise.be\/?s={search_term_string}"},"query-input":{"@type":"PropertyValueSpecification","valueRequired":true,"valueName":"search_term_string"}}],"inLanguage":"nl-NL"}]}},"_links":{"self":[{"href":"https:\/\/www.waltlouise.be\/nl\/wp-json\/wp\/v2\/product\/9499","targetHints":{"allow":["GET"]}}],"collection":[{"href":"https:\/\/www.waltlouise.be\/nl\/wp-json\/wp\/v2\/product"}],"about":[{"href":"https:\/\/www.waltlouise.be\/nl\/wp-json\/wp\/v2\/types\/product"}],"replies":[{"embeddable":true,"href":"https:\/\/www.waltlouise.be\/nl\/wp-json\/wp\/v2\/comments?post=9499"}],"wp:featuredmedia":[{"embeddable":true,"href":"https:\/\/www.waltlouise.be\/nl\/wp-json\/wp\/v2\/media\/9508"}],"wp:attachment":[{"href":"https:\/\/www.waltlouise.be\/nl\/wp-json\/wp\/v2\/media?parent=9499"}],"wp:term":[{"taxonomy":"product_brand","embeddable":true,"href":"https:\/\/www.waltlouise.be\/nl\/wp-json\/wp\/v2\/product_brand?post=9499"},{"taxonomy":"product_cat","embeddable":true,"href":"https:\/\/www.waltlouise.be\/nl\/wp-json\/wp\/v2\/product_cat?post=9499"},{"taxonomy":"product_tag","embeddable":true,"href":"https:\/\/www.waltlouise.be\/nl\/wp-json\/wp\/v2\/product_tag?post=9499"}],"curies":[{"name":"wp","href":"https:\/\/api.w.org\/{rel}","templated":true}]}}