{"id":9488,"date":"2025-05-28T15:14:40","date_gmt":"2025-05-28T13:14:40","guid":{"rendered":"https:\/\/www.waltlouise.be\/?post_type=product&#038;p=9488"},"modified":"2025-05-28T15:35:26","modified_gmt":"2025-05-28T13:35:26","slug":"lounge-chair-vincent-sheppard","status":"publish","type":"product","link":"https:\/\/www.waltlouise.be\/nl\/product\/lounge-chair-vincent-sheppard\/","title":{"rendered":"Lounge Chair &#8211; Vincent Sheppard"},"content":{"rendered":"<p>Chez Vincent Sheppard, nous encourageons les beaux moments pass\u00e9s ensemble. Les moments partag\u00e9s sont ceux qui durent toute une vie. Qu&#8217;il s&#8217;agisse de jouer avec vos enfants dans le jardin, de profiter d&#8217;une belle soir\u00e9e autour de la table ou de vous d\u00e9tendre au bord de la piscine pendant les vacances. Nos meubles confortables sont l\u00e0 pour accueillir vos souvenirs partag\u00e9s, vos moments et la vie elle-m\u00eame.<\/p>\n","protected":false},"excerpt":{"rendered":"<p>Le fauteuil Titus a une assise profonde et confortable et un dossier en cannage. La lumi\u00e8re et l&#8217;air peuvent circuler \u00e0 travers la surface cann\u00e9e en projetant une ombre \u00e0 motifs fins dans la pi\u00e8ce. Disponible avec un cadre en ch\u00eane noir ou en ch\u00eane naturel.<\/p>\n","protected":false},"featured_media":9495,"comment_status":"open","ping_status":"closed","template":"","meta":{"_acf_changed":false},"product_brand":[],"product_cat":[100,96],"product_tag":[],"class_list":{"0":"post-9488","1":"product","2":"type-product","3":"status-publish","4":"has-post-thumbnail","6":"product_cat-fauteuil","7":"product_cat-salons","9":"first","10":"instock","11":"shipping-taxable","12":"purchasable","13":"product-type-simple"},"acf":[],"yoast_head":"<!-- This site is optimized with the Yoast SEO plugin v27.2 - https:\/\/yoast.com\/product\/yoast-seo-wordpress\/ -->\n<title>Lounge Chair - Vincent Sheppard - WaltLouise<\/title>\n<meta name=\"description\" content=\"Le fauteuil Titus a une assise profonde et confortable et un dossier en cannage. La lumi\u00e8re et l&#039;air peuvent circuler \u00e0 travers la surface cann\u00e9e en projetant une ombre \u00e0 motifs fins dans la pi\u00e8ce. Disponible avec un cadre en ch\u00eane noir ou en ch\u00eane naturel.\" \/>\n<meta name=\"robots\" content=\"index, follow, max-snippet:-1, max-image-preview:large, max-video-preview:-1\" \/>\n<link rel=\"canonical\" href=\"https:\/\/www.waltlouise.be\/produit\/lounge-chair-vincent-sheppard\/\" \/>\n<meta property=\"og:locale\" content=\"nl_NL\" \/>\n<meta property=\"og:type\" content=\"article\" \/>\n<meta property=\"og:title\" content=\"Lounge Chair - Vincent Sheppard - WaltLouise\" \/>\n<meta property=\"og:description\" content=\"Le fauteuil Titus a une assise profonde et confortable et un dossier en cannage. La lumi\u00e8re et l&#039;air peuvent circuler \u00e0 travers la surface cann\u00e9e en projetant une ombre \u00e0 motifs fins dans la pi\u00e8ce. Disponible avec un cadre en ch\u00eane noir ou en ch\u00eane naturel.\" \/>\n<meta property=\"og:url\" content=\"https:\/\/www.waltlouise.be\/produit\/lounge-chair-vincent-sheppard\/\" \/>\n<meta property=\"og:site_name\" content=\"WaltLouise\" \/>\n<meta property=\"article:modified_time\" content=\"2025-05-28T13:35:26+00:00\" \/>\n<meta property=\"og:image\" content=\"https:\/\/www.waltlouise.be\/wp-content\/uploads\/2025\/05\/Vincentsheppard-lounge-chair-Titus-4.webp\" \/>\n\t<meta property=\"og:image:width\" content=\"664\" \/>\n\t<meta property=\"og:image:height\" content=\"830\" \/>\n\t<meta property=\"og:image:type\" content=\"image\/webp\" \/>\n<meta name=\"twitter:card\" content=\"summary_large_image\" \/>\n<meta name=\"twitter:label1\" content=\"Geschatte leestijd\" \/>\n\t<meta name=\"twitter:data1\" content=\"1 minuut\" \/>\n<script type=\"application\/ld+json\" class=\"yoast-schema-graph\">{\"@context\":\"https:\/\/schema.org\",\"@graph\":[{\"@type\":\"WebPage\",\"@id\":\"https:\/\/www.waltlouise.be\/produit\/lounge-chair-vincent-sheppard\/\",\"url\":\"https:\/\/www.waltlouise.be\/produit\/lounge-chair-vincent-sheppard\/\",\"name\":\"Lounge Chair - Vincent Sheppard - WaltLouise\",\"isPartOf\":{\"@id\":\"https:\/\/www.waltlouise.be\/#website\"},\"primaryImageOfPage\":{\"@id\":\"https:\/\/www.waltlouise.be\/produit\/lounge-chair-vincent-sheppard\/#primaryimage\"},\"image\":{\"@id\":\"https:\/\/www.waltlouise.be\/produit\/lounge-chair-vincent-sheppard\/#primaryimage\"},\"thumbnailUrl\":\"https:\/\/www.waltlouise.be\/wp-content\/uploads\/2025\/05\/Vincentsheppard-lounge-chair-Titus-4.webp\",\"datePublished\":\"2025-05-28T13:14:40+00:00\",\"dateModified\":\"2025-05-28T13:35:26+00:00\",\"description\":\"Le fauteuil Titus a une assise profonde et confortable et un dossier en cannage. La lumi\u00e8re et l'air peuvent circuler \u00e0 travers la surface cann\u00e9e en projetant une ombre \u00e0 motifs fins dans la pi\u00e8ce. Disponible avec un cadre en ch\u00eane noir ou en ch\u00eane naturel.\",\"breadcrumb\":{\"@id\":\"https:\/\/www.waltlouise.be\/produit\/lounge-chair-vincent-sheppard\/#breadcrumb\"},\"inLanguage\":\"nl-NL\",\"potentialAction\":[{\"@type\":\"ReadAction\",\"target\":[\"https:\/\/www.waltlouise.be\/produit\/lounge-chair-vincent-sheppard\/\"]}]},{\"@type\":\"ImageObject\",\"inLanguage\":\"nl-NL\",\"@id\":\"https:\/\/www.waltlouise.be\/produit\/lounge-chair-vincent-sheppard\/#primaryimage\",\"url\":\"https:\/\/www.waltlouise.be\/wp-content\/uploads\/2025\/05\/Vincentsheppard-lounge-chair-Titus-4.webp\",\"contentUrl\":\"https:\/\/www.waltlouise.be\/wp-content\/uploads\/2025\/05\/Vincentsheppard-lounge-chair-Titus-4.webp\",\"width\":664,\"height\":830},{\"@type\":\"BreadcrumbList\",\"@id\":\"https:\/\/www.waltlouise.be\/produit\/lounge-chair-vincent-sheppard\/#breadcrumb\",\"itemListElement\":[{\"@type\":\"ListItem\",\"position\":1,\"name\":\"Accueil\",\"item\":\"https:\/\/www.waltlouise.be\/nl\/\"},{\"@type\":\"ListItem\",\"position\":2,\"name\":\"Onze producten\",\"item\":\"https:\/\/www.waltlouise.be\/nl\/onze-producten\/\"},{\"@type\":\"ListItem\",\"position\":3,\"name\":\"Lounge Chair &#8211; Vincent Sheppard\"}]},{\"@type\":\"WebSite\",\"@id\":\"https:\/\/www.waltlouise.be\/#website\",\"url\":\"https:\/\/www.waltlouise.be\/\",\"name\":\"WaltLouise\",\"description\":\"Walt Louise \u2013 Bienvenue sur le site de WaltLouise| Accueil | Des r\u00e9\u00e9ditions de vaisselier, de grandes \u00e9tag\u00e8res aux lignes \u00e9pur\u00e9es c\u00f4toient des pi\u00e8ces con\u00e7ues \u00e0 la demande.\",\"potentialAction\":[{\"@type\":\"SearchAction\",\"target\":{\"@type\":\"EntryPoint\",\"urlTemplate\":\"https:\/\/www.waltlouise.be\/?s={search_term_string}\"},\"query-input\":{\"@type\":\"PropertyValueSpecification\",\"valueRequired\":true,\"valueName\":\"search_term_string\"}}],\"inLanguage\":\"nl-NL\"}]}<\/script>\n<!-- \/ Yoast SEO plugin. -->","yoast_head_json":{"title":"Lounge Chair - Vincent Sheppard - WaltLouise","description":"Le fauteuil Titus a une assise profonde et confortable et un dossier en cannage. La lumi\u00e8re et l'air peuvent circuler \u00e0 travers la surface cann\u00e9e en projetant une ombre \u00e0 motifs fins dans la pi\u00e8ce. Disponible avec un cadre en ch\u00eane noir ou en ch\u00eane naturel.","robots":{"index":"index","follow":"follow","max-snippet":"max-snippet:-1","max-image-preview":"max-image-preview:large","max-video-preview":"max-video-preview:-1"},"canonical":"https:\/\/www.waltlouise.be\/produit\/lounge-chair-vincent-sheppard\/","og_locale":"nl_NL","og_type":"article","og_title":"Lounge Chair - Vincent Sheppard - WaltLouise","og_description":"Le fauteuil Titus a une assise profonde et confortable et un dossier en cannage. La lumi\u00e8re et l'air peuvent circuler \u00e0 travers la surface cann\u00e9e en projetant une ombre \u00e0 motifs fins dans la pi\u00e8ce. Disponible avec un cadre en ch\u00eane noir ou en ch\u00eane naturel.","og_url":"https:\/\/www.waltlouise.be\/produit\/lounge-chair-vincent-sheppard\/","og_site_name":"WaltLouise","article_modified_time":"2025-05-28T13:35:26+00:00","og_image":[{"width":664,"height":830,"url":"https:\/\/www.waltlouise.be\/wp-content\/uploads\/2025\/05\/Vincentsheppard-lounge-chair-Titus-4.webp","type":"image\/webp"}],"twitter_card":"summary_large_image","twitter_misc":{"Geschatte leestijd":"1 minuut"},"schema":{"@context":"https:\/\/schema.org","@graph":[{"@type":"WebPage","@id":"https:\/\/www.waltlouise.be\/produit\/lounge-chair-vincent-sheppard\/","url":"https:\/\/www.waltlouise.be\/produit\/lounge-chair-vincent-sheppard\/","name":"Lounge Chair - Vincent Sheppard - WaltLouise","isPartOf":{"@id":"https:\/\/www.waltlouise.be\/#website"},"primaryImageOfPage":{"@id":"https:\/\/www.waltlouise.be\/produit\/lounge-chair-vincent-sheppard\/#primaryimage"},"image":{"@id":"https:\/\/www.waltlouise.be\/produit\/lounge-chair-vincent-sheppard\/#primaryimage"},"thumbnailUrl":"https:\/\/www.waltlouise.be\/wp-content\/uploads\/2025\/05\/Vincentsheppard-lounge-chair-Titus-4.webp","datePublished":"2025-05-28T13:14:40+00:00","dateModified":"2025-05-28T13:35:26+00:00","description":"Le fauteuil Titus a une assise profonde et confortable et un dossier en cannage. La lumi\u00e8re et l'air peuvent circuler \u00e0 travers la surface cann\u00e9e en projetant une ombre \u00e0 motifs fins dans la pi\u00e8ce. Disponible avec un cadre en ch\u00eane noir ou en ch\u00eane naturel.","breadcrumb":{"@id":"https:\/\/www.waltlouise.be\/produit\/lounge-chair-vincent-sheppard\/#breadcrumb"},"inLanguage":"nl-NL","potentialAction":[{"@type":"ReadAction","target":["https:\/\/www.waltlouise.be\/produit\/lounge-chair-vincent-sheppard\/"]}]},{"@type":"ImageObject","inLanguage":"nl-NL","@id":"https:\/\/www.waltlouise.be\/produit\/lounge-chair-vincent-sheppard\/#primaryimage","url":"https:\/\/www.waltlouise.be\/wp-content\/uploads\/2025\/05\/Vincentsheppard-lounge-chair-Titus-4.webp","contentUrl":"https:\/\/www.waltlouise.be\/wp-content\/uploads\/2025\/05\/Vincentsheppard-lounge-chair-Titus-4.webp","width":664,"height":830},{"@type":"BreadcrumbList","@id":"https:\/\/www.waltlouise.be\/produit\/lounge-chair-vincent-sheppard\/#breadcrumb","itemListElement":[{"@type":"ListItem","position":1,"name":"Accueil","item":"https:\/\/www.waltlouise.be\/nl\/"},{"@type":"ListItem","position":2,"name":"Onze producten","item":"https:\/\/www.waltlouise.be\/nl\/onze-producten\/"},{"@type":"ListItem","position":3,"name":"Lounge Chair &#8211; Vincent Sheppard"}]},{"@type":"WebSite","@id":"https:\/\/www.waltlouise.be\/#website","url":"https:\/\/www.waltlouise.be\/","name":"WaltLouise","description":"Walt Louise \u2013 Bienvenue sur le site de WaltLouise| Accueil | Des r\u00e9\u00e9ditions de vaisselier, de grandes \u00e9tag\u00e8res aux lignes \u00e9pur\u00e9es c\u00f4toient des pi\u00e8ces con\u00e7ues \u00e0 la demande.","potentialAction":[{"@type":"SearchAction","target":{"@type":"EntryPoint","urlTemplate":"https:\/\/www.waltlouise.be\/?s={search_term_string}"},"query-input":{"@type":"PropertyValueSpecification","valueRequired":true,"valueName":"search_term_string"}}],"inLanguage":"nl-NL"}]}},"_links":{"self":[{"href":"https:\/\/www.waltlouise.be\/nl\/wp-json\/wp\/v2\/product\/9488","targetHints":{"allow":["GET"]}}],"collection":[{"href":"https:\/\/www.waltlouise.be\/nl\/wp-json\/wp\/v2\/product"}],"about":[{"href":"https:\/\/www.waltlouise.be\/nl\/wp-json\/wp\/v2\/types\/product"}],"replies":[{"embeddable":true,"href":"https:\/\/www.waltlouise.be\/nl\/wp-json\/wp\/v2\/comments?post=9488"}],"wp:featuredmedia":[{"embeddable":true,"href":"https:\/\/www.waltlouise.be\/nl\/wp-json\/wp\/v2\/media\/9495"}],"wp:attachment":[{"href":"https:\/\/www.waltlouise.be\/nl\/wp-json\/wp\/v2\/media?parent=9488"}],"wp:term":[{"taxonomy":"product_brand","embeddable":true,"href":"https:\/\/www.waltlouise.be\/nl\/wp-json\/wp\/v2\/product_brand?post=9488"},{"taxonomy":"product_cat","embeddable":true,"href":"https:\/\/www.waltlouise.be\/nl\/wp-json\/wp\/v2\/product_cat?post=9488"},{"taxonomy":"product_tag","embeddable":true,"href":"https:\/\/www.waltlouise.be\/nl\/wp-json\/wp\/v2\/product_tag?post=9488"}],"curies":[{"name":"wp","href":"https:\/\/api.w.org\/{rel}","templated":true}]}}