{"id":9408,"date":"2024-10-16T12:34:08","date_gmt":"2024-10-16T10:34:08","guid":{"rendered":"https:\/\/www.waltlouise.be\/?post_type=product&#038;p=9408"},"modified":"2025-11-20T08:52:22","modified_gmt":"2025-11-20T07:52:22","slug":"canape-morfeo-gyform-2","status":"publish","type":"product","link":"https:\/\/www.waltlouise.be\/nl\/product\/canape-morfeo-gyform-2\/","title":{"rendered":"Canap\u00e9 Morfeo &#8211; Gyform"},"content":{"rendered":"<p>Gr\u00e2ce \u00e0 une \u00e9l\u00e9gante production de canap\u00e9s et de fauteuils, Gyform est devenu une r\u00e9f\u00e9rence en mati\u00e8re d&#8217;ameublement. Une marque qui allie qualit\u00e9 et tradition en poursuivant une innovation continue, associ\u00e9 \u00e0 un design innovant et fonctionnel, des mati\u00e8res premi\u00e8res de haute qualit\u00e9, fabriqu\u00e9s exclusivement en Italie.<\/p>\n","protected":false},"excerpt":{"rendered":"<p>Canap\u00e9 Morfeo en tissu de 365cm (M\u00e9ridienne de 145cm de profondeur \/ module 2 places avec un plateau entre la m\u00e9ridienne et le module)<\/p>\n","protected":false},"featured_media":6868,"comment_status":"open","ping_status":"closed","template":"","meta":{"_acf_changed":false},"product_brand":[],"product_cat":[98,96],"product_tag":[],"class_list":{"0":"post-9408","1":"product","2":"type-product","3":"status-publish","4":"has-post-thumbnail","6":"product_cat-canapes","7":"product_cat-salons","9":"first","10":"outofstock","11":"shipping-taxable","12":"product-type-simple"},"acf":[],"yoast_head":"<!-- This site is optimized with the Yoast SEO plugin v27.2 - https:\/\/yoast.com\/product\/yoast-seo-wordpress\/ -->\n<title>Canap\u00e9 Morfeo - Gyform - WaltLouise<\/title>\n<meta name=\"description\" content=\"Canap\u00e9 Morfeo en tissu de 365cm (M\u00e9ridienne de 145cm de profondeur \/ module 2 places avec un plateau entre la m\u00e9ridienne et le module)\" \/>\n<meta name=\"robots\" content=\"index, follow, max-snippet:-1, max-image-preview:large, max-video-preview:-1\" \/>\n<link rel=\"canonical\" href=\"https:\/\/www.waltlouise.be\/produit\/canape-morfeo-gyform-2\/\" \/>\n<meta property=\"og:locale\" content=\"nl_NL\" \/>\n<meta property=\"og:type\" content=\"article\" \/>\n<meta property=\"og:title\" content=\"Canap\u00e9 Morfeo - Gyform - WaltLouise\" \/>\n<meta property=\"og:description\" content=\"Canap\u00e9 Morfeo en tissu de 365cm (M\u00e9ridienne de 145cm de profondeur \/ module 2 places avec un plateau entre la m\u00e9ridienne et le module)\" \/>\n<meta property=\"og:url\" content=\"https:\/\/www.waltlouise.be\/produit\/canape-morfeo-gyform-2\/\" \/>\n<meta property=\"og:site_name\" content=\"WaltLouise\" \/>\n<meta property=\"article:modified_time\" content=\"2025-11-20T07:52:22+00:00\" \/>\n<meta property=\"og:image\" content=\"https:\/\/www.waltlouise.be\/wp-content\/uploads\/2024\/03\/Canape-GYFORM-MORFEO-15-Cuir-tissu-pied-sur-pied-modulaire-composition-canape-scaled.jpg\" \/>\n\t<meta property=\"og:image:width\" content=\"2560\" \/>\n\t<meta property=\"og:image:height\" content=\"1709\" \/>\n\t<meta property=\"og:image:type\" content=\"image\/jpeg\" \/>\n<meta name=\"twitter:card\" content=\"summary_large_image\" \/>\n<meta name=\"twitter:label1\" content=\"Geschatte leestijd\" \/>\n\t<meta name=\"twitter:data1\" content=\"1 minuut\" \/>\n<script type=\"application\/ld+json\" class=\"yoast-schema-graph\">{\"@context\":\"https:\/\/schema.org\",\"@graph\":[{\"@type\":\"WebPage\",\"@id\":\"https:\/\/www.waltlouise.be\/produit\/canape-morfeo-gyform-2\/\",\"url\":\"https:\/\/www.waltlouise.be\/produit\/canape-morfeo-gyform-2\/\",\"name\":\"Canap\u00e9 Morfeo - Gyform - WaltLouise\",\"isPartOf\":{\"@id\":\"https:\/\/www.waltlouise.be\/#website\"},\"primaryImageOfPage\":{\"@id\":\"https:\/\/www.waltlouise.be\/produit\/canape-morfeo-gyform-2\/#primaryimage\"},\"image\":{\"@id\":\"https:\/\/www.waltlouise.be\/produit\/canape-morfeo-gyform-2\/#primaryimage\"},\"thumbnailUrl\":\"https:\/\/www.waltlouise.be\/wp-content\/uploads\/2024\/03\/Canape-GYFORM-MORFEO-15-Cuir-tissu-pied-sur-pied-modulaire-composition-canape-scaled.jpg\",\"datePublished\":\"2024-10-16T10:34:08+00:00\",\"dateModified\":\"2025-11-20T07:52:22+00:00\",\"description\":\"Canap\u00e9 Morfeo en tissu de 365cm (M\u00e9ridienne de 145cm de profondeur \/ module 2 places avec un plateau entre la m\u00e9ridienne et le module)\",\"breadcrumb\":{\"@id\":\"https:\/\/www.waltlouise.be\/produit\/canape-morfeo-gyform-2\/#breadcrumb\"},\"inLanguage\":\"nl-NL\",\"potentialAction\":[{\"@type\":\"ReadAction\",\"target\":[\"https:\/\/www.waltlouise.be\/produit\/canape-morfeo-gyform-2\/\"]}]},{\"@type\":\"ImageObject\",\"inLanguage\":\"nl-NL\",\"@id\":\"https:\/\/www.waltlouise.be\/produit\/canape-morfeo-gyform-2\/#primaryimage\",\"url\":\"https:\/\/www.waltlouise.be\/wp-content\/uploads\/2024\/03\/Canape-GYFORM-MORFEO-15-Cuir-tissu-pied-sur-pied-modulaire-composition-canape-scaled.jpg\",\"contentUrl\":\"https:\/\/www.waltlouise.be\/wp-content\/uploads\/2024\/03\/Canape-GYFORM-MORFEO-15-Cuir-tissu-pied-sur-pied-modulaire-composition-canape-scaled.jpg\",\"width\":2560,\"height\":1709},{\"@type\":\"BreadcrumbList\",\"@id\":\"https:\/\/www.waltlouise.be\/produit\/canape-morfeo-gyform-2\/#breadcrumb\",\"itemListElement\":[{\"@type\":\"ListItem\",\"position\":1,\"name\":\"Accueil\",\"item\":\"https:\/\/www.waltlouise.be\/nl\/\"},{\"@type\":\"ListItem\",\"position\":2,\"name\":\"Onze producten\",\"item\":\"https:\/\/www.waltlouise.be\/nl\/onze-producten\/\"},{\"@type\":\"ListItem\",\"position\":3,\"name\":\"Canap\u00e9 Morfeo &#8211; Gyform\"}]},{\"@type\":\"WebSite\",\"@id\":\"https:\/\/www.waltlouise.be\/#website\",\"url\":\"https:\/\/www.waltlouise.be\/\",\"name\":\"WaltLouise\",\"description\":\"Walt Louise \u2013 Bienvenue sur le site de WaltLouise| Accueil | Des r\u00e9\u00e9ditions de vaisselier, de grandes \u00e9tag\u00e8res aux lignes \u00e9pur\u00e9es c\u00f4toient des pi\u00e8ces con\u00e7ues \u00e0 la demande.\",\"potentialAction\":[{\"@type\":\"SearchAction\",\"target\":{\"@type\":\"EntryPoint\",\"urlTemplate\":\"https:\/\/www.waltlouise.be\/?s={search_term_string}\"},\"query-input\":{\"@type\":\"PropertyValueSpecification\",\"valueRequired\":true,\"valueName\":\"search_term_string\"}}],\"inLanguage\":\"nl-NL\"}]}<\/script>\n<!-- \/ Yoast SEO plugin. -->","yoast_head_json":{"title":"Canap\u00e9 Morfeo - Gyform - WaltLouise","description":"Canap\u00e9 Morfeo en tissu de 365cm (M\u00e9ridienne de 145cm de profondeur \/ module 2 places avec un plateau entre la m\u00e9ridienne et le module)","robots":{"index":"index","follow":"follow","max-snippet":"max-snippet:-1","max-image-preview":"max-image-preview:large","max-video-preview":"max-video-preview:-1"},"canonical":"https:\/\/www.waltlouise.be\/produit\/canape-morfeo-gyform-2\/","og_locale":"nl_NL","og_type":"article","og_title":"Canap\u00e9 Morfeo - Gyform - WaltLouise","og_description":"Canap\u00e9 Morfeo en tissu de 365cm (M\u00e9ridienne de 145cm de profondeur \/ module 2 places avec un plateau entre la m\u00e9ridienne et le module)","og_url":"https:\/\/www.waltlouise.be\/produit\/canape-morfeo-gyform-2\/","og_site_name":"WaltLouise","article_modified_time":"2025-11-20T07:52:22+00:00","og_image":[{"width":2560,"height":1709,"url":"https:\/\/www.waltlouise.be\/wp-content\/uploads\/2024\/03\/Canape-GYFORM-MORFEO-15-Cuir-tissu-pied-sur-pied-modulaire-composition-canape-scaled.jpg","type":"image\/jpeg"}],"twitter_card":"summary_large_image","twitter_misc":{"Geschatte leestijd":"1 minuut"},"schema":{"@context":"https:\/\/schema.org","@graph":[{"@type":"WebPage","@id":"https:\/\/www.waltlouise.be\/produit\/canape-morfeo-gyform-2\/","url":"https:\/\/www.waltlouise.be\/produit\/canape-morfeo-gyform-2\/","name":"Canap\u00e9 Morfeo - Gyform - WaltLouise","isPartOf":{"@id":"https:\/\/www.waltlouise.be\/#website"},"primaryImageOfPage":{"@id":"https:\/\/www.waltlouise.be\/produit\/canape-morfeo-gyform-2\/#primaryimage"},"image":{"@id":"https:\/\/www.waltlouise.be\/produit\/canape-morfeo-gyform-2\/#primaryimage"},"thumbnailUrl":"https:\/\/www.waltlouise.be\/wp-content\/uploads\/2024\/03\/Canape-GYFORM-MORFEO-15-Cuir-tissu-pied-sur-pied-modulaire-composition-canape-scaled.jpg","datePublished":"2024-10-16T10:34:08+00:00","dateModified":"2025-11-20T07:52:22+00:00","description":"Canap\u00e9 Morfeo en tissu de 365cm (M\u00e9ridienne de 145cm de profondeur \/ module 2 places avec un plateau entre la m\u00e9ridienne et le module)","breadcrumb":{"@id":"https:\/\/www.waltlouise.be\/produit\/canape-morfeo-gyform-2\/#breadcrumb"},"inLanguage":"nl-NL","potentialAction":[{"@type":"ReadAction","target":["https:\/\/www.waltlouise.be\/produit\/canape-morfeo-gyform-2\/"]}]},{"@type":"ImageObject","inLanguage":"nl-NL","@id":"https:\/\/www.waltlouise.be\/produit\/canape-morfeo-gyform-2\/#primaryimage","url":"https:\/\/www.waltlouise.be\/wp-content\/uploads\/2024\/03\/Canape-GYFORM-MORFEO-15-Cuir-tissu-pied-sur-pied-modulaire-composition-canape-scaled.jpg","contentUrl":"https:\/\/www.waltlouise.be\/wp-content\/uploads\/2024\/03\/Canape-GYFORM-MORFEO-15-Cuir-tissu-pied-sur-pied-modulaire-composition-canape-scaled.jpg","width":2560,"height":1709},{"@type":"BreadcrumbList","@id":"https:\/\/www.waltlouise.be\/produit\/canape-morfeo-gyform-2\/#breadcrumb","itemListElement":[{"@type":"ListItem","position":1,"name":"Accueil","item":"https:\/\/www.waltlouise.be\/nl\/"},{"@type":"ListItem","position":2,"name":"Onze producten","item":"https:\/\/www.waltlouise.be\/nl\/onze-producten\/"},{"@type":"ListItem","position":3,"name":"Canap\u00e9 Morfeo &#8211; Gyform"}]},{"@type":"WebSite","@id":"https:\/\/www.waltlouise.be\/#website","url":"https:\/\/www.waltlouise.be\/","name":"WaltLouise","description":"Walt Louise \u2013 Bienvenue sur le site de WaltLouise| Accueil | Des r\u00e9\u00e9ditions de vaisselier, de grandes \u00e9tag\u00e8res aux lignes \u00e9pur\u00e9es c\u00f4toient des pi\u00e8ces con\u00e7ues \u00e0 la demande.","potentialAction":[{"@type":"SearchAction","target":{"@type":"EntryPoint","urlTemplate":"https:\/\/www.waltlouise.be\/?s={search_term_string}"},"query-input":{"@type":"PropertyValueSpecification","valueRequired":true,"valueName":"search_term_string"}}],"inLanguage":"nl-NL"}]}},"_links":{"self":[{"href":"https:\/\/www.waltlouise.be\/nl\/wp-json\/wp\/v2\/product\/9408","targetHints":{"allow":["GET"]}}],"collection":[{"href":"https:\/\/www.waltlouise.be\/nl\/wp-json\/wp\/v2\/product"}],"about":[{"href":"https:\/\/www.waltlouise.be\/nl\/wp-json\/wp\/v2\/types\/product"}],"replies":[{"embeddable":true,"href":"https:\/\/www.waltlouise.be\/nl\/wp-json\/wp\/v2\/comments?post=9408"}],"wp:featuredmedia":[{"embeddable":true,"href":"https:\/\/www.waltlouise.be\/nl\/wp-json\/wp\/v2\/media\/6868"}],"wp:attachment":[{"href":"https:\/\/www.waltlouise.be\/nl\/wp-json\/wp\/v2\/media?parent=9408"}],"wp:term":[{"taxonomy":"product_brand","embeddable":true,"href":"https:\/\/www.waltlouise.be\/nl\/wp-json\/wp\/v2\/product_brand?post=9408"},{"taxonomy":"product_cat","embeddable":true,"href":"https:\/\/www.waltlouise.be\/nl\/wp-json\/wp\/v2\/product_cat?post=9408"},{"taxonomy":"product_tag","embeddable":true,"href":"https:\/\/www.waltlouise.be\/nl\/wp-json\/wp\/v2\/product_tag?post=9408"}],"curies":[{"name":"wp","href":"https:\/\/api.w.org\/{rel}","templated":true}]}}