{"id":9387,"date":"2024-10-16T12:00:38","date_gmt":"2024-10-16T10:00:38","guid":{"rendered":"https:\/\/www.waltlouise.be\/?post_type=product&#038;p=9387"},"modified":"2024-10-25T15:19:24","modified_gmt":"2024-10-25T13:19:24","slug":"table-summit-paul-rogers","status":"publish","type":"product","link":"https:\/\/www.waltlouise.be\/nl\/product\/table-summit-paul-rogers\/","title":{"rendered":"Table Summit &#8211; Paul Rogers"},"content":{"rendered":"<p>Entrez dans l&#8217;exp\u00e9rience de la salle \u00e0 manger Paul Rogers, o\u00f9 les familles et les amis se r\u00e9unissent pour partager des repas, des conversations et cr\u00e9er des souvenirs inoubliables. Ces meubles polyvalents sont disponibles dans un large \u00e9ventail de styles, de tailles et de mat\u00e9riaux, ce qui permet de trouver facilement la table id\u00e9ale pour r\u00e9pondre \u00e0 vos go\u00fbts personnels et \u00e0 vos besoins en mati\u00e8re d&#8217;espace.<\/p>\n","protected":false},"excerpt":{"rendered":"<p>Le design de la table summit s&#8217;inspire des pics montagneux, fusionnant la grandeur de la nature avec l&#8217;esth\u00e9tique moderne. Les pieds sont fabriqu\u00e9s \u00e0 partir d&#8217;une structure m\u00e9tallique \u00e9l\u00e9gante qui rappelle les pics \u00e9lev\u00e9s d&#8217;un sommet.<\/p>\n","protected":false},"featured_media":9389,"comment_status":"open","ping_status":"closed","template":"","meta":{"_acf_changed":false},"product_brand":[],"product_cat":[88,92],"product_tag":[],"class_list":{"0":"post-9387","1":"product","2":"type-product","3":"status-publish","4":"has-post-thumbnail","6":"product_cat-salle-a-manger","7":"product_cat-tables-fixes","9":"first","10":"onbackorder","11":"shipping-taxable","12":"purchasable","13":"product-type-simple"},"acf":[],"yoast_head":"<!-- This site is optimized with the Yoast SEO plugin v27.2 - https:\/\/yoast.com\/product\/yoast-seo-wordpress\/ -->\n<title>Table Summit - Paul Rogers - WaltLouise<\/title>\n<meta name=\"description\" content=\"Le design de la table summit s&#039;inspire des pics montagneux, fusionnant la grandeur de la nature avec l&#039;esth\u00e9tique moderne. Les pieds sont fabriqu\u00e9s \u00e0 partir d&#039;une structure m\u00e9tallique \u00e9l\u00e9gante qui rappelle les pics \u00e9lev\u00e9s d&#039;un sommet.\" \/>\n<meta name=\"robots\" content=\"index, follow, max-snippet:-1, max-image-preview:large, max-video-preview:-1\" \/>\n<link rel=\"canonical\" href=\"https:\/\/www.waltlouise.be\/produit\/table-summit-paul-rogers\/\" \/>\n<meta property=\"og:locale\" content=\"nl_NL\" \/>\n<meta property=\"og:type\" content=\"article\" \/>\n<meta property=\"og:title\" content=\"Table Summit - Paul Rogers - WaltLouise\" \/>\n<meta property=\"og:description\" content=\"Le design de la table summit s&#039;inspire des pics montagneux, fusionnant la grandeur de la nature avec l&#039;esth\u00e9tique moderne. Les pieds sont fabriqu\u00e9s \u00e0 partir d&#039;une structure m\u00e9tallique \u00e9l\u00e9gante qui rappelle les pics \u00e9lev\u00e9s d&#039;un sommet.\" \/>\n<meta property=\"og:url\" content=\"https:\/\/www.waltlouise.be\/produit\/table-summit-paul-rogers\/\" \/>\n<meta property=\"og:site_name\" content=\"WaltLouise\" \/>\n<meta property=\"article:modified_time\" content=\"2024-10-25T13:19:24+00:00\" \/>\n<meta property=\"og:image\" content=\"https:\/\/www.waltlouise.be\/wp-content\/uploads\/2024\/10\/SUMMIT-DINING-TABLE-scaled.jpg\" \/>\n\t<meta property=\"og:image:width\" content=\"2560\" \/>\n\t<meta property=\"og:image:height\" content=\"1601\" \/>\n\t<meta property=\"og:image:type\" content=\"image\/jpeg\" \/>\n<meta name=\"twitter:card\" content=\"summary_large_image\" \/>\n<meta name=\"twitter:label1\" content=\"Geschatte leestijd\" \/>\n\t<meta name=\"twitter:data1\" content=\"1 minuut\" \/>\n<script type=\"application\/ld+json\" class=\"yoast-schema-graph\">{\"@context\":\"https:\/\/schema.org\",\"@graph\":[{\"@type\":\"WebPage\",\"@id\":\"https:\/\/www.waltlouise.be\/produit\/table-summit-paul-rogers\/\",\"url\":\"https:\/\/www.waltlouise.be\/produit\/table-summit-paul-rogers\/\",\"name\":\"Table Summit - Paul Rogers - WaltLouise\",\"isPartOf\":{\"@id\":\"https:\/\/www.waltlouise.be\/#website\"},\"primaryImageOfPage\":{\"@id\":\"https:\/\/www.waltlouise.be\/produit\/table-summit-paul-rogers\/#primaryimage\"},\"image\":{\"@id\":\"https:\/\/www.waltlouise.be\/produit\/table-summit-paul-rogers\/#primaryimage\"},\"thumbnailUrl\":\"https:\/\/www.waltlouise.be\/wp-content\/uploads\/2024\/10\/SUMMIT-DINING-TABLE-scaled.jpg\",\"datePublished\":\"2024-10-16T10:00:38+00:00\",\"dateModified\":\"2024-10-25T13:19:24+00:00\",\"description\":\"Le design de la table summit s'inspire des pics montagneux, fusionnant la grandeur de la nature avec l'esth\u00e9tique moderne. Les pieds sont fabriqu\u00e9s \u00e0 partir d'une structure m\u00e9tallique \u00e9l\u00e9gante qui rappelle les pics \u00e9lev\u00e9s d'un sommet.\",\"breadcrumb\":{\"@id\":\"https:\/\/www.waltlouise.be\/produit\/table-summit-paul-rogers\/#breadcrumb\"},\"inLanguage\":\"nl-NL\",\"potentialAction\":[{\"@type\":\"ReadAction\",\"target\":[\"https:\/\/www.waltlouise.be\/produit\/table-summit-paul-rogers\/\"]}]},{\"@type\":\"ImageObject\",\"inLanguage\":\"nl-NL\",\"@id\":\"https:\/\/www.waltlouise.be\/produit\/table-summit-paul-rogers\/#primaryimage\",\"url\":\"https:\/\/www.waltlouise.be\/wp-content\/uploads\/2024\/10\/SUMMIT-DINING-TABLE-scaled.jpg\",\"contentUrl\":\"https:\/\/www.waltlouise.be\/wp-content\/uploads\/2024\/10\/SUMMIT-DINING-TABLE-scaled.jpg\",\"width\":2560,\"height\":1601},{\"@type\":\"BreadcrumbList\",\"@id\":\"https:\/\/www.waltlouise.be\/produit\/table-summit-paul-rogers\/#breadcrumb\",\"itemListElement\":[{\"@type\":\"ListItem\",\"position\":1,\"name\":\"Accueil\",\"item\":\"https:\/\/www.waltlouise.be\/nl\/\"},{\"@type\":\"ListItem\",\"position\":2,\"name\":\"Onze producten\",\"item\":\"https:\/\/www.waltlouise.be\/nl\/onze-producten\/\"},{\"@type\":\"ListItem\",\"position\":3,\"name\":\"Table Summit &#8211; Paul Rogers\"}]},{\"@type\":\"WebSite\",\"@id\":\"https:\/\/www.waltlouise.be\/#website\",\"url\":\"https:\/\/www.waltlouise.be\/\",\"name\":\"WaltLouise\",\"description\":\"Walt Louise \u2013 Bienvenue sur le site de WaltLouise| Accueil | Des r\u00e9\u00e9ditions de vaisselier, de grandes \u00e9tag\u00e8res aux lignes \u00e9pur\u00e9es c\u00f4toient des pi\u00e8ces con\u00e7ues \u00e0 la demande.\",\"potentialAction\":[{\"@type\":\"SearchAction\",\"target\":{\"@type\":\"EntryPoint\",\"urlTemplate\":\"https:\/\/www.waltlouise.be\/?s={search_term_string}\"},\"query-input\":{\"@type\":\"PropertyValueSpecification\",\"valueRequired\":true,\"valueName\":\"search_term_string\"}}],\"inLanguage\":\"nl-NL\"}]}<\/script>\n<!-- \/ Yoast SEO plugin. -->","yoast_head_json":{"title":"Table Summit - Paul Rogers - WaltLouise","description":"Le design de la table summit s'inspire des pics montagneux, fusionnant la grandeur de la nature avec l'esth\u00e9tique moderne. Les pieds sont fabriqu\u00e9s \u00e0 partir d'une structure m\u00e9tallique \u00e9l\u00e9gante qui rappelle les pics \u00e9lev\u00e9s d'un sommet.","robots":{"index":"index","follow":"follow","max-snippet":"max-snippet:-1","max-image-preview":"max-image-preview:large","max-video-preview":"max-video-preview:-1"},"canonical":"https:\/\/www.waltlouise.be\/produit\/table-summit-paul-rogers\/","og_locale":"nl_NL","og_type":"article","og_title":"Table Summit - Paul Rogers - WaltLouise","og_description":"Le design de la table summit s'inspire des pics montagneux, fusionnant la grandeur de la nature avec l'esth\u00e9tique moderne. Les pieds sont fabriqu\u00e9s \u00e0 partir d'une structure m\u00e9tallique \u00e9l\u00e9gante qui rappelle les pics \u00e9lev\u00e9s d'un sommet.","og_url":"https:\/\/www.waltlouise.be\/produit\/table-summit-paul-rogers\/","og_site_name":"WaltLouise","article_modified_time":"2024-10-25T13:19:24+00:00","og_image":[{"width":2560,"height":1601,"url":"https:\/\/www.waltlouise.be\/wp-content\/uploads\/2024\/10\/SUMMIT-DINING-TABLE-scaled.jpg","type":"image\/jpeg"}],"twitter_card":"summary_large_image","twitter_misc":{"Geschatte leestijd":"1 minuut"},"schema":{"@context":"https:\/\/schema.org","@graph":[{"@type":"WebPage","@id":"https:\/\/www.waltlouise.be\/produit\/table-summit-paul-rogers\/","url":"https:\/\/www.waltlouise.be\/produit\/table-summit-paul-rogers\/","name":"Table Summit - Paul Rogers - WaltLouise","isPartOf":{"@id":"https:\/\/www.waltlouise.be\/#website"},"primaryImageOfPage":{"@id":"https:\/\/www.waltlouise.be\/produit\/table-summit-paul-rogers\/#primaryimage"},"image":{"@id":"https:\/\/www.waltlouise.be\/produit\/table-summit-paul-rogers\/#primaryimage"},"thumbnailUrl":"https:\/\/www.waltlouise.be\/wp-content\/uploads\/2024\/10\/SUMMIT-DINING-TABLE-scaled.jpg","datePublished":"2024-10-16T10:00:38+00:00","dateModified":"2024-10-25T13:19:24+00:00","description":"Le design de la table summit s'inspire des pics montagneux, fusionnant la grandeur de la nature avec l'esth\u00e9tique moderne. Les pieds sont fabriqu\u00e9s \u00e0 partir d'une structure m\u00e9tallique \u00e9l\u00e9gante qui rappelle les pics \u00e9lev\u00e9s d'un sommet.","breadcrumb":{"@id":"https:\/\/www.waltlouise.be\/produit\/table-summit-paul-rogers\/#breadcrumb"},"inLanguage":"nl-NL","potentialAction":[{"@type":"ReadAction","target":["https:\/\/www.waltlouise.be\/produit\/table-summit-paul-rogers\/"]}]},{"@type":"ImageObject","inLanguage":"nl-NL","@id":"https:\/\/www.waltlouise.be\/produit\/table-summit-paul-rogers\/#primaryimage","url":"https:\/\/www.waltlouise.be\/wp-content\/uploads\/2024\/10\/SUMMIT-DINING-TABLE-scaled.jpg","contentUrl":"https:\/\/www.waltlouise.be\/wp-content\/uploads\/2024\/10\/SUMMIT-DINING-TABLE-scaled.jpg","width":2560,"height":1601},{"@type":"BreadcrumbList","@id":"https:\/\/www.waltlouise.be\/produit\/table-summit-paul-rogers\/#breadcrumb","itemListElement":[{"@type":"ListItem","position":1,"name":"Accueil","item":"https:\/\/www.waltlouise.be\/nl\/"},{"@type":"ListItem","position":2,"name":"Onze producten","item":"https:\/\/www.waltlouise.be\/nl\/onze-producten\/"},{"@type":"ListItem","position":3,"name":"Table Summit &#8211; Paul Rogers"}]},{"@type":"WebSite","@id":"https:\/\/www.waltlouise.be\/#website","url":"https:\/\/www.waltlouise.be\/","name":"WaltLouise","description":"Walt Louise \u2013 Bienvenue sur le site de WaltLouise| Accueil | Des r\u00e9\u00e9ditions de vaisselier, de grandes \u00e9tag\u00e8res aux lignes \u00e9pur\u00e9es c\u00f4toient des pi\u00e8ces con\u00e7ues \u00e0 la demande.","potentialAction":[{"@type":"SearchAction","target":{"@type":"EntryPoint","urlTemplate":"https:\/\/www.waltlouise.be\/?s={search_term_string}"},"query-input":{"@type":"PropertyValueSpecification","valueRequired":true,"valueName":"search_term_string"}}],"inLanguage":"nl-NL"}]}},"_links":{"self":[{"href":"https:\/\/www.waltlouise.be\/nl\/wp-json\/wp\/v2\/product\/9387","targetHints":{"allow":["GET"]}}],"collection":[{"href":"https:\/\/www.waltlouise.be\/nl\/wp-json\/wp\/v2\/product"}],"about":[{"href":"https:\/\/www.waltlouise.be\/nl\/wp-json\/wp\/v2\/types\/product"}],"replies":[{"embeddable":true,"href":"https:\/\/www.waltlouise.be\/nl\/wp-json\/wp\/v2\/comments?post=9387"}],"wp:featuredmedia":[{"embeddable":true,"href":"https:\/\/www.waltlouise.be\/nl\/wp-json\/wp\/v2\/media\/9389"}],"wp:attachment":[{"href":"https:\/\/www.waltlouise.be\/nl\/wp-json\/wp\/v2\/media?parent=9387"}],"wp:term":[{"taxonomy":"product_brand","embeddable":true,"href":"https:\/\/www.waltlouise.be\/nl\/wp-json\/wp\/v2\/product_brand?post=9387"},{"taxonomy":"product_cat","embeddable":true,"href":"https:\/\/www.waltlouise.be\/nl\/wp-json\/wp\/v2\/product_cat?post=9387"},{"taxonomy":"product_tag","embeddable":true,"href":"https:\/\/www.waltlouise.be\/nl\/wp-json\/wp\/v2\/product_tag?post=9387"}],"curies":[{"name":"wp","href":"https:\/\/api.w.org\/{rel}","templated":true}]}}