{"id":9335,"date":"2024-10-16T10:15:05","date_gmt":"2024-10-16T08:15:05","guid":{"rendered":"https:\/\/www.waltlouise.be\/?post_type=product&#038;p=9335"},"modified":"2024-10-25T15:23:05","modified_gmt":"2024-10-25T13:23:05","slug":"table-pillar-ronde-paul-roger","status":"publish","type":"product","link":"https:\/\/www.waltlouise.be\/nl\/product\/table-pillar-ronde-paul-roger\/","title":{"rendered":"Table Pillar &#8211; Paul Roger"},"content":{"rendered":"<p>Entrez dans l&#8217;exp\u00e9rience de la salle \u00e0 manger Paul Rogers, o\u00f9 les familles et les amis se r\u00e9unissent pour partager des repas, des conversations et cr\u00e9er des souvenirs inoubliables. Ces meubles polyvalents sont disponibles dans un large \u00e9ventail de styles, de tailles et de mat\u00e9riaux, ce qui permet de trouver facilement la table id\u00e9ale pour r\u00e9pondre \u00e0 vos go\u00fbts personnels et \u00e0 vos besoins en mati\u00e8re d&#8217;espace.<\/p>\n<p>&nbsp;<\/p>\n","protected":false},"excerpt":{"rendered":"<p>La collection de tables Pillar s&#8217;inspire de la fa\u00e7on dont les colonnes grecques ou les piliers soutiennent de nombreuses structures architecturales. Les pieds constituent une base solide en bois pour soutenir le plateau de table.<\/p>\n","protected":false},"featured_media":9341,"comment_status":"open","ping_status":"closed","template":"","meta":{"_acf_changed":false},"product_brand":[],"product_cat":[88,92],"product_tag":[],"class_list":{"0":"post-9335","1":"product","2":"type-product","3":"status-publish","4":"has-post-thumbnail","6":"product_cat-salle-a-manger","7":"product_cat-tables-fixes","9":"first","10":"onbackorder","11":"shipping-taxable","12":"purchasable","13":"product-type-simple"},"acf":[],"yoast_head":"<!-- This site is optimized with the Yoast SEO plugin v27.2 - https:\/\/yoast.com\/product\/yoast-seo-wordpress\/ -->\n<title>Table Pillar - Paul Roger - WaltLouise<\/title>\n<meta name=\"description\" content=\"La collection de tables Pillar s&#039;inspire de la fa\u00e7on dont les colonnes grecques ou les piliers soutiennent de nombreuses structures architecturales. Les pieds constituent une base solide en bois pour soutenir le plateau de table.\" \/>\n<meta name=\"robots\" content=\"index, follow, max-snippet:-1, max-image-preview:large, max-video-preview:-1\" \/>\n<link rel=\"canonical\" href=\"https:\/\/www.waltlouise.be\/produit\/table-pillar-ronde-paul-roger\/\" \/>\n<meta property=\"og:locale\" content=\"nl_NL\" \/>\n<meta property=\"og:type\" content=\"article\" \/>\n<meta property=\"og:title\" content=\"Table Pillar - Paul Roger - WaltLouise\" \/>\n<meta property=\"og:description\" content=\"La collection de tables Pillar s&#039;inspire de la fa\u00e7on dont les colonnes grecques ou les piliers soutiennent de nombreuses structures architecturales. Les pieds constituent une base solide en bois pour soutenir le plateau de table.\" \/>\n<meta property=\"og:url\" content=\"https:\/\/www.waltlouise.be\/produit\/table-pillar-ronde-paul-roger\/\" \/>\n<meta property=\"og:site_name\" content=\"WaltLouise\" \/>\n<meta property=\"article:modified_time\" content=\"2024-10-25T13:23:05+00:00\" \/>\n<meta property=\"og:image\" content=\"https:\/\/www.waltlouise.be\/wp-content\/uploads\/2024\/10\/PILLAR-DINING-TABLE-1024x614.png\" \/>\n\t<meta property=\"og:image:width\" content=\"1024\" \/>\n\t<meta property=\"og:image:height\" content=\"614\" \/>\n\t<meta property=\"og:image:type\" content=\"image\/png\" \/>\n<meta name=\"twitter:card\" content=\"summary_large_image\" \/>\n<meta name=\"twitter:label1\" content=\"Geschatte leestijd\" \/>\n\t<meta name=\"twitter:data1\" content=\"1 minuut\" \/>\n<script type=\"application\/ld+json\" class=\"yoast-schema-graph\">{\"@context\":\"https:\/\/schema.org\",\"@graph\":[{\"@type\":\"WebPage\",\"@id\":\"https:\/\/www.waltlouise.be\/produit\/table-pillar-ronde-paul-roger\/\",\"url\":\"https:\/\/www.waltlouise.be\/produit\/table-pillar-ronde-paul-roger\/\",\"name\":\"Table Pillar - Paul Roger - WaltLouise\",\"isPartOf\":{\"@id\":\"https:\/\/www.waltlouise.be\/#website\"},\"primaryImageOfPage\":{\"@id\":\"https:\/\/www.waltlouise.be\/produit\/table-pillar-ronde-paul-roger\/#primaryimage\"},\"image\":{\"@id\":\"https:\/\/www.waltlouise.be\/produit\/table-pillar-ronde-paul-roger\/#primaryimage\"},\"thumbnailUrl\":\"https:\/\/www.waltlouise.be\/wp-content\/uploads\/2024\/10\/PILLAR-DINING-TABLE.png\",\"datePublished\":\"2024-10-16T08:15:05+00:00\",\"dateModified\":\"2024-10-25T13:23:05+00:00\",\"description\":\"La collection de tables Pillar s'inspire de la fa\u00e7on dont les colonnes grecques ou les piliers soutiennent de nombreuses structures architecturales. Les pieds constituent une base solide en bois pour soutenir le plateau de table.\",\"breadcrumb\":{\"@id\":\"https:\/\/www.waltlouise.be\/produit\/table-pillar-ronde-paul-roger\/#breadcrumb\"},\"inLanguage\":\"nl-NL\",\"potentialAction\":[{\"@type\":\"ReadAction\",\"target\":[\"https:\/\/www.waltlouise.be\/produit\/table-pillar-ronde-paul-roger\/\"]}]},{\"@type\":\"ImageObject\",\"inLanguage\":\"nl-NL\",\"@id\":\"https:\/\/www.waltlouise.be\/produit\/table-pillar-ronde-paul-roger\/#primaryimage\",\"url\":\"https:\/\/www.waltlouise.be\/wp-content\/uploads\/2024\/10\/PILLAR-DINING-TABLE.png\",\"contentUrl\":\"https:\/\/www.waltlouise.be\/wp-content\/uploads\/2024\/10\/PILLAR-DINING-TABLE.png\",\"width\":5000,\"height\":3000},{\"@type\":\"BreadcrumbList\",\"@id\":\"https:\/\/www.waltlouise.be\/produit\/table-pillar-ronde-paul-roger\/#breadcrumb\",\"itemListElement\":[{\"@type\":\"ListItem\",\"position\":1,\"name\":\"Accueil\",\"item\":\"https:\/\/www.waltlouise.be\/nl\/\"},{\"@type\":\"ListItem\",\"position\":2,\"name\":\"Onze producten\",\"item\":\"https:\/\/www.waltlouise.be\/nl\/onze-producten\/\"},{\"@type\":\"ListItem\",\"position\":3,\"name\":\"Table Pillar &#8211; Paul Roger\"}]},{\"@type\":\"WebSite\",\"@id\":\"https:\/\/www.waltlouise.be\/#website\",\"url\":\"https:\/\/www.waltlouise.be\/\",\"name\":\"WaltLouise\",\"description\":\"Walt Louise \u2013 Bienvenue sur le site de WaltLouise| Accueil | Des r\u00e9\u00e9ditions de vaisselier, de grandes \u00e9tag\u00e8res aux lignes \u00e9pur\u00e9es c\u00f4toient des pi\u00e8ces con\u00e7ues \u00e0 la demande.\",\"potentialAction\":[{\"@type\":\"SearchAction\",\"target\":{\"@type\":\"EntryPoint\",\"urlTemplate\":\"https:\/\/www.waltlouise.be\/?s={search_term_string}\"},\"query-input\":{\"@type\":\"PropertyValueSpecification\",\"valueRequired\":true,\"valueName\":\"search_term_string\"}}],\"inLanguage\":\"nl-NL\"}]}<\/script>\n<!-- \/ Yoast SEO plugin. -->","yoast_head_json":{"title":"Table Pillar - Paul Roger - WaltLouise","description":"La collection de tables Pillar s'inspire de la fa\u00e7on dont les colonnes grecques ou les piliers soutiennent de nombreuses structures architecturales. Les pieds constituent une base solide en bois pour soutenir le plateau de table.","robots":{"index":"index","follow":"follow","max-snippet":"max-snippet:-1","max-image-preview":"max-image-preview:large","max-video-preview":"max-video-preview:-1"},"canonical":"https:\/\/www.waltlouise.be\/produit\/table-pillar-ronde-paul-roger\/","og_locale":"nl_NL","og_type":"article","og_title":"Table Pillar - Paul Roger - WaltLouise","og_description":"La collection de tables Pillar s'inspire de la fa\u00e7on dont les colonnes grecques ou les piliers soutiennent de nombreuses structures architecturales. Les pieds constituent une base solide en bois pour soutenir le plateau de table.","og_url":"https:\/\/www.waltlouise.be\/produit\/table-pillar-ronde-paul-roger\/","og_site_name":"WaltLouise","article_modified_time":"2024-10-25T13:23:05+00:00","og_image":[{"width":1024,"height":614,"url":"https:\/\/www.waltlouise.be\/wp-content\/uploads\/2024\/10\/PILLAR-DINING-TABLE-1024x614.png","type":"image\/png"}],"twitter_card":"summary_large_image","twitter_misc":{"Geschatte leestijd":"1 minuut"},"schema":{"@context":"https:\/\/schema.org","@graph":[{"@type":"WebPage","@id":"https:\/\/www.waltlouise.be\/produit\/table-pillar-ronde-paul-roger\/","url":"https:\/\/www.waltlouise.be\/produit\/table-pillar-ronde-paul-roger\/","name":"Table Pillar - Paul Roger - WaltLouise","isPartOf":{"@id":"https:\/\/www.waltlouise.be\/#website"},"primaryImageOfPage":{"@id":"https:\/\/www.waltlouise.be\/produit\/table-pillar-ronde-paul-roger\/#primaryimage"},"image":{"@id":"https:\/\/www.waltlouise.be\/produit\/table-pillar-ronde-paul-roger\/#primaryimage"},"thumbnailUrl":"https:\/\/www.waltlouise.be\/wp-content\/uploads\/2024\/10\/PILLAR-DINING-TABLE.png","datePublished":"2024-10-16T08:15:05+00:00","dateModified":"2024-10-25T13:23:05+00:00","description":"La collection de tables Pillar s'inspire de la fa\u00e7on dont les colonnes grecques ou les piliers soutiennent de nombreuses structures architecturales. Les pieds constituent une base solide en bois pour soutenir le plateau de table.","breadcrumb":{"@id":"https:\/\/www.waltlouise.be\/produit\/table-pillar-ronde-paul-roger\/#breadcrumb"},"inLanguage":"nl-NL","potentialAction":[{"@type":"ReadAction","target":["https:\/\/www.waltlouise.be\/produit\/table-pillar-ronde-paul-roger\/"]}]},{"@type":"ImageObject","inLanguage":"nl-NL","@id":"https:\/\/www.waltlouise.be\/produit\/table-pillar-ronde-paul-roger\/#primaryimage","url":"https:\/\/www.waltlouise.be\/wp-content\/uploads\/2024\/10\/PILLAR-DINING-TABLE.png","contentUrl":"https:\/\/www.waltlouise.be\/wp-content\/uploads\/2024\/10\/PILLAR-DINING-TABLE.png","width":5000,"height":3000},{"@type":"BreadcrumbList","@id":"https:\/\/www.waltlouise.be\/produit\/table-pillar-ronde-paul-roger\/#breadcrumb","itemListElement":[{"@type":"ListItem","position":1,"name":"Accueil","item":"https:\/\/www.waltlouise.be\/nl\/"},{"@type":"ListItem","position":2,"name":"Onze producten","item":"https:\/\/www.waltlouise.be\/nl\/onze-producten\/"},{"@type":"ListItem","position":3,"name":"Table Pillar &#8211; Paul Roger"}]},{"@type":"WebSite","@id":"https:\/\/www.waltlouise.be\/#website","url":"https:\/\/www.waltlouise.be\/","name":"WaltLouise","description":"Walt Louise \u2013 Bienvenue sur le site de WaltLouise| Accueil | Des r\u00e9\u00e9ditions de vaisselier, de grandes \u00e9tag\u00e8res aux lignes \u00e9pur\u00e9es c\u00f4toient des pi\u00e8ces con\u00e7ues \u00e0 la demande.","potentialAction":[{"@type":"SearchAction","target":{"@type":"EntryPoint","urlTemplate":"https:\/\/www.waltlouise.be\/?s={search_term_string}"},"query-input":{"@type":"PropertyValueSpecification","valueRequired":true,"valueName":"search_term_string"}}],"inLanguage":"nl-NL"}]}},"_links":{"self":[{"href":"https:\/\/www.waltlouise.be\/nl\/wp-json\/wp\/v2\/product\/9335","targetHints":{"allow":["GET"]}}],"collection":[{"href":"https:\/\/www.waltlouise.be\/nl\/wp-json\/wp\/v2\/product"}],"about":[{"href":"https:\/\/www.waltlouise.be\/nl\/wp-json\/wp\/v2\/types\/product"}],"replies":[{"embeddable":true,"href":"https:\/\/www.waltlouise.be\/nl\/wp-json\/wp\/v2\/comments?post=9335"}],"wp:featuredmedia":[{"embeddable":true,"href":"https:\/\/www.waltlouise.be\/nl\/wp-json\/wp\/v2\/media\/9341"}],"wp:attachment":[{"href":"https:\/\/www.waltlouise.be\/nl\/wp-json\/wp\/v2\/media?parent=9335"}],"wp:term":[{"taxonomy":"product_brand","embeddable":true,"href":"https:\/\/www.waltlouise.be\/nl\/wp-json\/wp\/v2\/product_brand?post=9335"},{"taxonomy":"product_cat","embeddable":true,"href":"https:\/\/www.waltlouise.be\/nl\/wp-json\/wp\/v2\/product_cat?post=9335"},{"taxonomy":"product_tag","embeddable":true,"href":"https:\/\/www.waltlouise.be\/nl\/wp-json\/wp\/v2\/product_tag?post=9335"}],"curies":[{"name":"wp","href":"https:\/\/api.w.org\/{rel}","templated":true}]}}