{"id":8992,"date":"2024-05-16T12:45:10","date_gmt":"2024-05-16T10:45:10","guid":{"rendered":"https:\/\/www.waltlouise.be\/?post_type=product&#038;p=8992"},"modified":"2024-05-16T12:45:11","modified_gmt":"2024-05-16T10:45:11","slug":"table-juliette-walt","status":"publish","type":"product","link":"https:\/\/www.waltlouise.be\/nl\/product\/table-juliette-walt\/","title":{"rendered":"Table Juliette &#8211; Walt"},"content":{"rendered":"<p>Gr\u00e2ce \u00e0 une \u00e9l\u00e9gante production de canap\u00e9s et de fauteuils, Walt est devenu une r\u00e9f\u00e9rence en mati\u00e8re d&#8217;ameublement sur mesure. La soci\u00e9t\u00e9 Walt allie qualit\u00e9 et tradition en poursuivant une innovation continue, associ\u00e9 \u00e0 un design innovant et fonctionnel, des mati\u00e8res premi\u00e8res de haute qualit\u00e9, fabriqu\u00e9s exclusivement en Italie.<\/p>\n","protected":false},"excerpt":{"rendered":"<p>Avec son beau design, la table basse Juliette s\u2019adapte \u00e0 tous les styles de vie. Qu\u2019elle s\u2019agisse d\u2019un int\u00e9rieur scandinave, moderne ou r\u00e9tro, Juliette s\u2019adapte \u00e0 tout. Le plateau est en ch\u00eane massif ou plaquage. Il existe plusieurs options en termes de dimensions et de couleurs de finition.<\/p>\n","protected":false},"featured_media":9005,"comment_status":"open","ping_status":"closed","template":"","meta":{"_acf_changed":false},"product_brand":[],"product_cat":[96,102],"product_tag":[],"class_list":{"0":"post-8992","1":"product","2":"type-product","3":"status-publish","4":"has-post-thumbnail","6":"product_cat-salons","7":"product_cat-table-de-salon","9":"first","10":"instock","11":"shipping-taxable","12":"purchasable","13":"product-type-simple"},"acf":[],"yoast_head":"<!-- This site is optimized with the Yoast SEO plugin v27.2 - https:\/\/yoast.com\/product\/yoast-seo-wordpress\/ -->\n<title>Table Juliette - Walt - WaltLouise<\/title>\n<meta name=\"description\" content=\"Avec son beau design, la table basse Juliette s\u2019adapte \u00e0 tous les styles de vie. Qu\u2019elle s\u2019agisse d\u2019un int\u00e9rieur scandinave, moderne ou r\u00e9tro, Juliette s\u2019adapte \u00e0 tout. Le plateau est en ch\u00eane massif ou plaquage. Il existe plusieurs options en termes de dimensions et de couleurs de finition.\" \/>\n<meta name=\"robots\" content=\"index, follow, max-snippet:-1, max-image-preview:large, max-video-preview:-1\" \/>\n<link rel=\"canonical\" href=\"https:\/\/www.waltlouise.be\/produit\/table-juliette-walt\/\" \/>\n<meta property=\"og:locale\" content=\"nl_NL\" \/>\n<meta property=\"og:type\" content=\"article\" \/>\n<meta property=\"og:title\" content=\"Table Juliette - Walt - WaltLouise\" \/>\n<meta property=\"og:description\" content=\"Avec son beau design, la table basse Juliette s\u2019adapte \u00e0 tous les styles de vie. Qu\u2019elle s\u2019agisse d\u2019un int\u00e9rieur scandinave, moderne ou r\u00e9tro, Juliette s\u2019adapte \u00e0 tout. Le plateau est en ch\u00eane massif ou plaquage. Il existe plusieurs options en termes de dimensions et de couleurs de finition.\" \/>\n<meta property=\"og:url\" content=\"https:\/\/www.waltlouise.be\/produit\/table-juliette-walt\/\" \/>\n<meta property=\"og:site_name\" content=\"WaltLouise\" \/>\n<meta property=\"article:modified_time\" content=\"2024-05-16T10:45:11+00:00\" \/>\n<meta property=\"og:image\" content=\"https:\/\/www.waltlouise.be\/wp-content\/uploads\/2024\/05\/204692_23-Walt-Louise-12-2019_8183x5455-scaled.jpg\" \/>\n\t<meta property=\"og:image:width\" content=\"2560\" \/>\n\t<meta property=\"og:image:height\" content=\"1707\" \/>\n\t<meta property=\"og:image:type\" content=\"image\/jpeg\" \/>\n<meta name=\"twitter:card\" content=\"summary_large_image\" \/>\n<meta name=\"twitter:label1\" content=\"Geschatte leestijd\" \/>\n\t<meta name=\"twitter:data1\" content=\"1 minuut\" \/>\n<script type=\"application\/ld+json\" class=\"yoast-schema-graph\">{\"@context\":\"https:\/\/schema.org\",\"@graph\":[{\"@type\":\"WebPage\",\"@id\":\"https:\/\/www.waltlouise.be\/produit\/table-juliette-walt\/\",\"url\":\"https:\/\/www.waltlouise.be\/produit\/table-juliette-walt\/\",\"name\":\"Table Juliette - Walt - WaltLouise\",\"isPartOf\":{\"@id\":\"https:\/\/www.waltlouise.be\/#website\"},\"primaryImageOfPage\":{\"@id\":\"https:\/\/www.waltlouise.be\/produit\/table-juliette-walt\/#primaryimage\"},\"image\":{\"@id\":\"https:\/\/www.waltlouise.be\/produit\/table-juliette-walt\/#primaryimage\"},\"thumbnailUrl\":\"https:\/\/www.waltlouise.be\/wp-content\/uploads\/2024\/05\/204692_23-Walt-Louise-12-2019_8183x5455-scaled.jpg\",\"datePublished\":\"2024-05-16T10:45:10+00:00\",\"dateModified\":\"2024-05-16T10:45:11+00:00\",\"description\":\"Avec son beau design, la table basse Juliette s\u2019adapte \u00e0 tous les styles de vie. Qu\u2019elle s\u2019agisse d\u2019un int\u00e9rieur scandinave, moderne ou r\u00e9tro, Juliette s\u2019adapte \u00e0 tout. Le plateau est en ch\u00eane massif ou plaquage. Il existe plusieurs options en termes de dimensions et de couleurs de finition.\",\"breadcrumb\":{\"@id\":\"https:\/\/www.waltlouise.be\/produit\/table-juliette-walt\/#breadcrumb\"},\"inLanguage\":\"nl-NL\",\"potentialAction\":[{\"@type\":\"ReadAction\",\"target\":[\"https:\/\/www.waltlouise.be\/produit\/table-juliette-walt\/\"]}]},{\"@type\":\"ImageObject\",\"inLanguage\":\"nl-NL\",\"@id\":\"https:\/\/www.waltlouise.be\/produit\/table-juliette-walt\/#primaryimage\",\"url\":\"https:\/\/www.waltlouise.be\/wp-content\/uploads\/2024\/05\/204692_23-Walt-Louise-12-2019_8183x5455-scaled.jpg\",\"contentUrl\":\"https:\/\/www.waltlouise.be\/wp-content\/uploads\/2024\/05\/204692_23-Walt-Louise-12-2019_8183x5455-scaled.jpg\",\"width\":2560,\"height\":1707},{\"@type\":\"BreadcrumbList\",\"@id\":\"https:\/\/www.waltlouise.be\/produit\/table-juliette-walt\/#breadcrumb\",\"itemListElement\":[{\"@type\":\"ListItem\",\"position\":1,\"name\":\"Accueil\",\"item\":\"https:\/\/www.waltlouise.be\/nl\/\"},{\"@type\":\"ListItem\",\"position\":2,\"name\":\"Onze producten\",\"item\":\"https:\/\/www.waltlouise.be\/nl\/onze-producten\/\"},{\"@type\":\"ListItem\",\"position\":3,\"name\":\"Table Juliette &#8211; Walt\"}]},{\"@type\":\"WebSite\",\"@id\":\"https:\/\/www.waltlouise.be\/#website\",\"url\":\"https:\/\/www.waltlouise.be\/\",\"name\":\"WaltLouise\",\"description\":\"Walt Louise \u2013 Bienvenue sur le site de WaltLouise| Accueil | Des r\u00e9\u00e9ditions de vaisselier, de grandes \u00e9tag\u00e8res aux lignes \u00e9pur\u00e9es c\u00f4toient des pi\u00e8ces con\u00e7ues \u00e0 la demande.\",\"potentialAction\":[{\"@type\":\"SearchAction\",\"target\":{\"@type\":\"EntryPoint\",\"urlTemplate\":\"https:\/\/www.waltlouise.be\/?s={search_term_string}\"},\"query-input\":{\"@type\":\"PropertyValueSpecification\",\"valueRequired\":true,\"valueName\":\"search_term_string\"}}],\"inLanguage\":\"nl-NL\"}]}<\/script>\n<!-- \/ Yoast SEO plugin. -->","yoast_head_json":{"title":"Table Juliette - Walt - WaltLouise","description":"Avec son beau design, la table basse Juliette s\u2019adapte \u00e0 tous les styles de vie. Qu\u2019elle s\u2019agisse d\u2019un int\u00e9rieur scandinave, moderne ou r\u00e9tro, Juliette s\u2019adapte \u00e0 tout. Le plateau est en ch\u00eane massif ou plaquage. Il existe plusieurs options en termes de dimensions et de couleurs de finition.","robots":{"index":"index","follow":"follow","max-snippet":"max-snippet:-1","max-image-preview":"max-image-preview:large","max-video-preview":"max-video-preview:-1"},"canonical":"https:\/\/www.waltlouise.be\/produit\/table-juliette-walt\/","og_locale":"nl_NL","og_type":"article","og_title":"Table Juliette - Walt - WaltLouise","og_description":"Avec son beau design, la table basse Juliette s\u2019adapte \u00e0 tous les styles de vie. Qu\u2019elle s\u2019agisse d\u2019un int\u00e9rieur scandinave, moderne ou r\u00e9tro, Juliette s\u2019adapte \u00e0 tout. Le plateau est en ch\u00eane massif ou plaquage. Il existe plusieurs options en termes de dimensions et de couleurs de finition.","og_url":"https:\/\/www.waltlouise.be\/produit\/table-juliette-walt\/","og_site_name":"WaltLouise","article_modified_time":"2024-05-16T10:45:11+00:00","og_image":[{"width":2560,"height":1707,"url":"https:\/\/www.waltlouise.be\/wp-content\/uploads\/2024\/05\/204692_23-Walt-Louise-12-2019_8183x5455-scaled.jpg","type":"image\/jpeg"}],"twitter_card":"summary_large_image","twitter_misc":{"Geschatte leestijd":"1 minuut"},"schema":{"@context":"https:\/\/schema.org","@graph":[{"@type":"WebPage","@id":"https:\/\/www.waltlouise.be\/produit\/table-juliette-walt\/","url":"https:\/\/www.waltlouise.be\/produit\/table-juliette-walt\/","name":"Table Juliette - Walt - WaltLouise","isPartOf":{"@id":"https:\/\/www.waltlouise.be\/#website"},"primaryImageOfPage":{"@id":"https:\/\/www.waltlouise.be\/produit\/table-juliette-walt\/#primaryimage"},"image":{"@id":"https:\/\/www.waltlouise.be\/produit\/table-juliette-walt\/#primaryimage"},"thumbnailUrl":"https:\/\/www.waltlouise.be\/wp-content\/uploads\/2024\/05\/204692_23-Walt-Louise-12-2019_8183x5455-scaled.jpg","datePublished":"2024-05-16T10:45:10+00:00","dateModified":"2024-05-16T10:45:11+00:00","description":"Avec son beau design, la table basse Juliette s\u2019adapte \u00e0 tous les styles de vie. Qu\u2019elle s\u2019agisse d\u2019un int\u00e9rieur scandinave, moderne ou r\u00e9tro, Juliette s\u2019adapte \u00e0 tout. Le plateau est en ch\u00eane massif ou plaquage. Il existe plusieurs options en termes de dimensions et de couleurs de finition.","breadcrumb":{"@id":"https:\/\/www.waltlouise.be\/produit\/table-juliette-walt\/#breadcrumb"},"inLanguage":"nl-NL","potentialAction":[{"@type":"ReadAction","target":["https:\/\/www.waltlouise.be\/produit\/table-juliette-walt\/"]}]},{"@type":"ImageObject","inLanguage":"nl-NL","@id":"https:\/\/www.waltlouise.be\/produit\/table-juliette-walt\/#primaryimage","url":"https:\/\/www.waltlouise.be\/wp-content\/uploads\/2024\/05\/204692_23-Walt-Louise-12-2019_8183x5455-scaled.jpg","contentUrl":"https:\/\/www.waltlouise.be\/wp-content\/uploads\/2024\/05\/204692_23-Walt-Louise-12-2019_8183x5455-scaled.jpg","width":2560,"height":1707},{"@type":"BreadcrumbList","@id":"https:\/\/www.waltlouise.be\/produit\/table-juliette-walt\/#breadcrumb","itemListElement":[{"@type":"ListItem","position":1,"name":"Accueil","item":"https:\/\/www.waltlouise.be\/nl\/"},{"@type":"ListItem","position":2,"name":"Onze producten","item":"https:\/\/www.waltlouise.be\/nl\/onze-producten\/"},{"@type":"ListItem","position":3,"name":"Table Juliette &#8211; Walt"}]},{"@type":"WebSite","@id":"https:\/\/www.waltlouise.be\/#website","url":"https:\/\/www.waltlouise.be\/","name":"WaltLouise","description":"Walt Louise \u2013 Bienvenue sur le site de WaltLouise| Accueil | Des r\u00e9\u00e9ditions de vaisselier, de grandes \u00e9tag\u00e8res aux lignes \u00e9pur\u00e9es c\u00f4toient des pi\u00e8ces con\u00e7ues \u00e0 la demande.","potentialAction":[{"@type":"SearchAction","target":{"@type":"EntryPoint","urlTemplate":"https:\/\/www.waltlouise.be\/?s={search_term_string}"},"query-input":{"@type":"PropertyValueSpecification","valueRequired":true,"valueName":"search_term_string"}}],"inLanguage":"nl-NL"}]}},"_links":{"self":[{"href":"https:\/\/www.waltlouise.be\/nl\/wp-json\/wp\/v2\/product\/8992","targetHints":{"allow":["GET"]}}],"collection":[{"href":"https:\/\/www.waltlouise.be\/nl\/wp-json\/wp\/v2\/product"}],"about":[{"href":"https:\/\/www.waltlouise.be\/nl\/wp-json\/wp\/v2\/types\/product"}],"replies":[{"embeddable":true,"href":"https:\/\/www.waltlouise.be\/nl\/wp-json\/wp\/v2\/comments?post=8992"}],"wp:featuredmedia":[{"embeddable":true,"href":"https:\/\/www.waltlouise.be\/nl\/wp-json\/wp\/v2\/media\/9005"}],"wp:attachment":[{"href":"https:\/\/www.waltlouise.be\/nl\/wp-json\/wp\/v2\/media?parent=8992"}],"wp:term":[{"taxonomy":"product_brand","embeddable":true,"href":"https:\/\/www.waltlouise.be\/nl\/wp-json\/wp\/v2\/product_brand?post=8992"},{"taxonomy":"product_cat","embeddable":true,"href":"https:\/\/www.waltlouise.be\/nl\/wp-json\/wp\/v2\/product_cat?post=8992"},{"taxonomy":"product_tag","embeddable":true,"href":"https:\/\/www.waltlouise.be\/nl\/wp-json\/wp\/v2\/product_tag?post=8992"}],"curies":[{"name":"wp","href":"https:\/\/api.w.org\/{rel}","templated":true}]}}