{"id":8909,"date":"2024-05-03T13:22:38","date_gmt":"2024-05-03T11:22:38","guid":{"rendered":"https:\/\/www.waltlouise.be\/?post_type=product&#038;p=8909"},"modified":"2024-05-03T13:23:39","modified_gmt":"2024-05-03T11:23:39","slug":"fauteuil-cecile-alberta","status":"publish","type":"product","link":"https:\/\/www.waltlouise.be\/nl\/product\/fauteuil-cecile-alberta\/","title":{"rendered":"Fauteuil Cecile &#8211; Alberta"},"content":{"rendered":"<p>Alberta est une entreprise qui reste attach\u00e9e \u00e0 ses valeurs. Alberta s\u00e9lectionne des mat\u00e9riaux de qualit\u00e9 et porte une attention minutieuse aux d\u00e9tails et aux finitions. La soci\u00e9t\u00e9 Alberta apporte aussi une recherche incessante et une innovation intelligente \u00e0 leur cr\u00e9ation.\u00a0Ainsi, Alberta peut proposer une collection compl\u00e8te de canap\u00e9s composables, de canap\u00e9s convertibles et de fauteuils, ce qui vous permettra de trouver l\u2019am\u00e9nagement id\u00e9al pour votre salon.<\/p>\n","protected":false},"excerpt":{"rendered":"<p>Fauteuil spacieux, Cecile est dot\u00e9 d&#8217;accoudoirs en bois qui donnent un air d&#8217;autorit\u00e9 et d&#8217;assurance \u00e0 ce fauteuil o\u00f9 le formalisme se fond dans un agr\u00e9able contraste avec l&#8217;incomparable douceur du rembourrage. La structure en m\u00e9tal associ\u00e9e aux pieds en bois apporte une touche de classe suppl\u00e9mentaire.<\/p>\n","protected":false},"featured_media":8910,"comment_status":"open","ping_status":"closed","template":"","meta":{"_acf_changed":false},"product_brand":[],"product_cat":[100,96],"product_tag":[],"class_list":{"0":"post-8909","1":"product","2":"type-product","3":"status-publish","4":"has-post-thumbnail","6":"product_cat-fauteuil","7":"product_cat-salons","9":"first","10":"onbackorder","11":"shipping-taxable","12":"purchasable","13":"product-type-simple"},"acf":[],"yoast_head":"<!-- This site is optimized with the Yoast SEO plugin v27.2 - https:\/\/yoast.com\/product\/yoast-seo-wordpress\/ -->\n<title>Fauteuil Cecile - Alberta - WaltLouise<\/title>\n<meta name=\"description\" content=\"Fauteuil spacieux, Cecile est dot\u00e9 d&#039;accoudoirs en bois qui donnent un air d&#039;autorit\u00e9 et d&#039;assurance \u00e0 ce fauteuil o\u00f9 le formalisme se fond dans un agr\u00e9able contraste avec l&#039;incomparable douceur du rembourrage. La structure en m\u00e9tal associ\u00e9e aux pieds en bois apporte une touche de classe suppl\u00e9mentaire.\" \/>\n<meta name=\"robots\" content=\"index, follow, max-snippet:-1, max-image-preview:large, max-video-preview:-1\" \/>\n<link rel=\"canonical\" href=\"https:\/\/www.waltlouise.be\/produit\/fauteuil-cecile-alberta\/\" \/>\n<meta property=\"og:locale\" content=\"nl_NL\" \/>\n<meta property=\"og:type\" content=\"article\" \/>\n<meta property=\"og:title\" content=\"Fauteuil Cecile - Alberta - WaltLouise\" \/>\n<meta property=\"og:description\" content=\"Fauteuil spacieux, Cecile est dot\u00e9 d&#039;accoudoirs en bois qui donnent un air d&#039;autorit\u00e9 et d&#039;assurance \u00e0 ce fauteuil o\u00f9 le formalisme se fond dans un agr\u00e9able contraste avec l&#039;incomparable douceur du rembourrage. La structure en m\u00e9tal associ\u00e9e aux pieds en bois apporte une touche de classe suppl\u00e9mentaire.\" \/>\n<meta property=\"og:url\" content=\"https:\/\/www.waltlouise.be\/produit\/fauteuil-cecile-alberta\/\" \/>\n<meta property=\"og:site_name\" content=\"WaltLouise\" \/>\n<meta property=\"article:modified_time\" content=\"2024-05-03T11:23:39+00:00\" \/>\n<meta property=\"og:image\" content=\"https:\/\/www.waltlouise.be\/wp-content\/uploads\/2024\/05\/Fauteuil-ALBERTA-CECILE-1-Cuir-tissu-pied-sur-pied-modulaire-composition-canape.jpg\" \/>\n\t<meta property=\"og:image:width\" content=\"1500\" \/>\n\t<meta property=\"og:image:height\" content=\"2000\" \/>\n\t<meta property=\"og:image:type\" content=\"image\/jpeg\" \/>\n<meta name=\"twitter:card\" content=\"summary_large_image\" \/>\n<meta name=\"twitter:label1\" content=\"Geschatte leestijd\" \/>\n\t<meta name=\"twitter:data1\" content=\"1 minuut\" \/>\n<script type=\"application\/ld+json\" class=\"yoast-schema-graph\">{\"@context\":\"https:\/\/schema.org\",\"@graph\":[{\"@type\":\"WebPage\",\"@id\":\"https:\/\/www.waltlouise.be\/produit\/fauteuil-cecile-alberta\/\",\"url\":\"https:\/\/www.waltlouise.be\/produit\/fauteuil-cecile-alberta\/\",\"name\":\"Fauteuil Cecile - Alberta - WaltLouise\",\"isPartOf\":{\"@id\":\"https:\/\/www.waltlouise.be\/#website\"},\"primaryImageOfPage\":{\"@id\":\"https:\/\/www.waltlouise.be\/produit\/fauteuil-cecile-alberta\/#primaryimage\"},\"image\":{\"@id\":\"https:\/\/www.waltlouise.be\/produit\/fauteuil-cecile-alberta\/#primaryimage\"},\"thumbnailUrl\":\"https:\/\/www.waltlouise.be\/wp-content\/uploads\/2024\/05\/Fauteuil-ALBERTA-CECILE-1-Cuir-tissu-pied-sur-pied-modulaire-composition-canape.jpg\",\"datePublished\":\"2024-05-03T11:22:38+00:00\",\"dateModified\":\"2024-05-03T11:23:39+00:00\",\"description\":\"Fauteuil spacieux, Cecile est dot\u00e9 d'accoudoirs en bois qui donnent un air d'autorit\u00e9 et d'assurance \u00e0 ce fauteuil o\u00f9 le formalisme se fond dans un agr\u00e9able contraste avec l'incomparable douceur du rembourrage. La structure en m\u00e9tal associ\u00e9e aux pieds en bois apporte une touche de classe suppl\u00e9mentaire.\",\"breadcrumb\":{\"@id\":\"https:\/\/www.waltlouise.be\/produit\/fauteuil-cecile-alberta\/#breadcrumb\"},\"inLanguage\":\"nl-NL\",\"potentialAction\":[{\"@type\":\"ReadAction\",\"target\":[\"https:\/\/www.waltlouise.be\/produit\/fauteuil-cecile-alberta\/\"]}]},{\"@type\":\"ImageObject\",\"inLanguage\":\"nl-NL\",\"@id\":\"https:\/\/www.waltlouise.be\/produit\/fauteuil-cecile-alberta\/#primaryimage\",\"url\":\"https:\/\/www.waltlouise.be\/wp-content\/uploads\/2024\/05\/Fauteuil-ALBERTA-CECILE-1-Cuir-tissu-pied-sur-pied-modulaire-composition-canape.jpg\",\"contentUrl\":\"https:\/\/www.waltlouise.be\/wp-content\/uploads\/2024\/05\/Fauteuil-ALBERTA-CECILE-1-Cuir-tissu-pied-sur-pied-modulaire-composition-canape.jpg\",\"width\":1500,\"height\":2000},{\"@type\":\"BreadcrumbList\",\"@id\":\"https:\/\/www.waltlouise.be\/produit\/fauteuil-cecile-alberta\/#breadcrumb\",\"itemListElement\":[{\"@type\":\"ListItem\",\"position\":1,\"name\":\"Accueil\",\"item\":\"https:\/\/www.waltlouise.be\/nl\/\"},{\"@type\":\"ListItem\",\"position\":2,\"name\":\"Onze producten\",\"item\":\"https:\/\/www.waltlouise.be\/nl\/onze-producten\/\"},{\"@type\":\"ListItem\",\"position\":3,\"name\":\"Fauteuil Cecile &#8211; Alberta\"}]},{\"@type\":\"WebSite\",\"@id\":\"https:\/\/www.waltlouise.be\/#website\",\"url\":\"https:\/\/www.waltlouise.be\/\",\"name\":\"WaltLouise\",\"description\":\"Walt Louise \u2013 Bienvenue sur le site de WaltLouise| Accueil | Des r\u00e9\u00e9ditions de vaisselier, de grandes \u00e9tag\u00e8res aux lignes \u00e9pur\u00e9es c\u00f4toient des pi\u00e8ces con\u00e7ues \u00e0 la demande.\",\"potentialAction\":[{\"@type\":\"SearchAction\",\"target\":{\"@type\":\"EntryPoint\",\"urlTemplate\":\"https:\/\/www.waltlouise.be\/?s={search_term_string}\"},\"query-input\":{\"@type\":\"PropertyValueSpecification\",\"valueRequired\":true,\"valueName\":\"search_term_string\"}}],\"inLanguage\":\"nl-NL\"}]}<\/script>\n<!-- \/ Yoast SEO plugin. -->","yoast_head_json":{"title":"Fauteuil Cecile - Alberta - WaltLouise","description":"Fauteuil spacieux, Cecile est dot\u00e9 d'accoudoirs en bois qui donnent un air d'autorit\u00e9 et d'assurance \u00e0 ce fauteuil o\u00f9 le formalisme se fond dans un agr\u00e9able contraste avec l'incomparable douceur du rembourrage. La structure en m\u00e9tal associ\u00e9e aux pieds en bois apporte une touche de classe suppl\u00e9mentaire.","robots":{"index":"index","follow":"follow","max-snippet":"max-snippet:-1","max-image-preview":"max-image-preview:large","max-video-preview":"max-video-preview:-1"},"canonical":"https:\/\/www.waltlouise.be\/produit\/fauteuil-cecile-alberta\/","og_locale":"nl_NL","og_type":"article","og_title":"Fauteuil Cecile - Alberta - WaltLouise","og_description":"Fauteuil spacieux, Cecile est dot\u00e9 d'accoudoirs en bois qui donnent un air d'autorit\u00e9 et d'assurance \u00e0 ce fauteuil o\u00f9 le formalisme se fond dans un agr\u00e9able contraste avec l'incomparable douceur du rembourrage. La structure en m\u00e9tal associ\u00e9e aux pieds en bois apporte une touche de classe suppl\u00e9mentaire.","og_url":"https:\/\/www.waltlouise.be\/produit\/fauteuil-cecile-alberta\/","og_site_name":"WaltLouise","article_modified_time":"2024-05-03T11:23:39+00:00","og_image":[{"width":1500,"height":2000,"url":"https:\/\/www.waltlouise.be\/wp-content\/uploads\/2024\/05\/Fauteuil-ALBERTA-CECILE-1-Cuir-tissu-pied-sur-pied-modulaire-composition-canape.jpg","type":"image\/jpeg"}],"twitter_card":"summary_large_image","twitter_misc":{"Geschatte leestijd":"1 minuut"},"schema":{"@context":"https:\/\/schema.org","@graph":[{"@type":"WebPage","@id":"https:\/\/www.waltlouise.be\/produit\/fauteuil-cecile-alberta\/","url":"https:\/\/www.waltlouise.be\/produit\/fauteuil-cecile-alberta\/","name":"Fauteuil Cecile - Alberta - WaltLouise","isPartOf":{"@id":"https:\/\/www.waltlouise.be\/#website"},"primaryImageOfPage":{"@id":"https:\/\/www.waltlouise.be\/produit\/fauteuil-cecile-alberta\/#primaryimage"},"image":{"@id":"https:\/\/www.waltlouise.be\/produit\/fauteuil-cecile-alberta\/#primaryimage"},"thumbnailUrl":"https:\/\/www.waltlouise.be\/wp-content\/uploads\/2024\/05\/Fauteuil-ALBERTA-CECILE-1-Cuir-tissu-pied-sur-pied-modulaire-composition-canape.jpg","datePublished":"2024-05-03T11:22:38+00:00","dateModified":"2024-05-03T11:23:39+00:00","description":"Fauteuil spacieux, Cecile est dot\u00e9 d'accoudoirs en bois qui donnent un air d'autorit\u00e9 et d'assurance \u00e0 ce fauteuil o\u00f9 le formalisme se fond dans un agr\u00e9able contraste avec l'incomparable douceur du rembourrage. La structure en m\u00e9tal associ\u00e9e aux pieds en bois apporte une touche de classe suppl\u00e9mentaire.","breadcrumb":{"@id":"https:\/\/www.waltlouise.be\/produit\/fauteuil-cecile-alberta\/#breadcrumb"},"inLanguage":"nl-NL","potentialAction":[{"@type":"ReadAction","target":["https:\/\/www.waltlouise.be\/produit\/fauteuil-cecile-alberta\/"]}]},{"@type":"ImageObject","inLanguage":"nl-NL","@id":"https:\/\/www.waltlouise.be\/produit\/fauteuil-cecile-alberta\/#primaryimage","url":"https:\/\/www.waltlouise.be\/wp-content\/uploads\/2024\/05\/Fauteuil-ALBERTA-CECILE-1-Cuir-tissu-pied-sur-pied-modulaire-composition-canape.jpg","contentUrl":"https:\/\/www.waltlouise.be\/wp-content\/uploads\/2024\/05\/Fauteuil-ALBERTA-CECILE-1-Cuir-tissu-pied-sur-pied-modulaire-composition-canape.jpg","width":1500,"height":2000},{"@type":"BreadcrumbList","@id":"https:\/\/www.waltlouise.be\/produit\/fauteuil-cecile-alberta\/#breadcrumb","itemListElement":[{"@type":"ListItem","position":1,"name":"Accueil","item":"https:\/\/www.waltlouise.be\/nl\/"},{"@type":"ListItem","position":2,"name":"Onze producten","item":"https:\/\/www.waltlouise.be\/nl\/onze-producten\/"},{"@type":"ListItem","position":3,"name":"Fauteuil Cecile &#8211; Alberta"}]},{"@type":"WebSite","@id":"https:\/\/www.waltlouise.be\/#website","url":"https:\/\/www.waltlouise.be\/","name":"WaltLouise","description":"Walt Louise \u2013 Bienvenue sur le site de WaltLouise| Accueil | Des r\u00e9\u00e9ditions de vaisselier, de grandes \u00e9tag\u00e8res aux lignes \u00e9pur\u00e9es c\u00f4toient des pi\u00e8ces con\u00e7ues \u00e0 la demande.","potentialAction":[{"@type":"SearchAction","target":{"@type":"EntryPoint","urlTemplate":"https:\/\/www.waltlouise.be\/?s={search_term_string}"},"query-input":{"@type":"PropertyValueSpecification","valueRequired":true,"valueName":"search_term_string"}}],"inLanguage":"nl-NL"}]}},"_links":{"self":[{"href":"https:\/\/www.waltlouise.be\/nl\/wp-json\/wp\/v2\/product\/8909","targetHints":{"allow":["GET"]}}],"collection":[{"href":"https:\/\/www.waltlouise.be\/nl\/wp-json\/wp\/v2\/product"}],"about":[{"href":"https:\/\/www.waltlouise.be\/nl\/wp-json\/wp\/v2\/types\/product"}],"replies":[{"embeddable":true,"href":"https:\/\/www.waltlouise.be\/nl\/wp-json\/wp\/v2\/comments?post=8909"}],"wp:featuredmedia":[{"embeddable":true,"href":"https:\/\/www.waltlouise.be\/nl\/wp-json\/wp\/v2\/media\/8910"}],"wp:attachment":[{"href":"https:\/\/www.waltlouise.be\/nl\/wp-json\/wp\/v2\/media?parent=8909"}],"wp:term":[{"taxonomy":"product_brand","embeddable":true,"href":"https:\/\/www.waltlouise.be\/nl\/wp-json\/wp\/v2\/product_brand?post=8909"},{"taxonomy":"product_cat","embeddable":true,"href":"https:\/\/www.waltlouise.be\/nl\/wp-json\/wp\/v2\/product_cat?post=8909"},{"taxonomy":"product_tag","embeddable":true,"href":"https:\/\/www.waltlouise.be\/nl\/wp-json\/wp\/v2\/product_tag?post=8909"}],"curies":[{"name":"wp","href":"https:\/\/api.w.org\/{rel}","templated":true}]}}