{"id":8787,"date":"2024-05-02T16:01:36","date_gmt":"2024-05-02T14:01:36","guid":{"rendered":"https:\/\/www.waltlouise.be\/?post_type=product&#038;p=8787"},"modified":"2024-05-02T16:06:22","modified_gmt":"2024-05-02T14:06:22","slug":"fauteuil-haze-flexlux","status":"publish","type":"product","link":"https:\/\/www.waltlouise.be\/nl\/product\/fauteuil-haze-flexlux\/","title":{"rendered":"Fauteuil Haze &#8211; Flexlux"},"content":{"rendered":"<p>Nous sommes FLEXLUX &#8211; un fabricant danois passionn\u00e9, comp\u00e9tent et exp\u00e9riment\u00e9 de canap\u00e9s, de fauteuils design et de fauteuils de relaxation magnifiquement con\u00e7us &#8211; avec un \u0153il pour le confort. Dans nos collections, vous trouverez des meubles con\u00e7us pour le consommateur contemporain. En combinant l&#8217;esth\u00e9tique italienne, l&#8217;innovation scandinave et les valeurs du design danois, nous fabriquons des meubles de qualit\u00e9 attrayants, confortables et abordables pour les maisons modernes.<\/p>\n","protected":false},"excerpt":{"rendered":"<p>Le fauteuil de relaxation Haze est un grand confort envelopp\u00e9 dans des formes douces embl\u00e9matiques avec une touche de modernit\u00e9. Le fauteuil est dot\u00e9 d&#8217;un m\u00e9canisme \u00e0 gaz qui vous permet de changer de position en douceur et sans effort. \u00c9l\u00e9gante et courb\u00e9e, la chaise Haze n&#8217;est pas seulement belle sous tous les angles, elle vous invite \u00e0 vous asseoir et \u00e0 vous d\u00e9tendre. Les pieds sont disponibles en noir ou en aluminium poli.<\/p>\n<p>&nbsp;<\/p>\n","protected":false},"featured_media":8796,"comment_status":"open","ping_status":"closed","template":"","meta":{"_acf_changed":false},"product_brand":[],"product_cat":[100,96],"product_tag":[],"class_list":{"0":"post-8787","1":"product","2":"type-product","3":"status-publish","4":"has-post-thumbnail","6":"product_cat-fauteuil","7":"product_cat-salons","9":"first","10":"instock","11":"shipping-taxable","12":"purchasable","13":"product-type-simple"},"acf":[],"yoast_head":"<!-- This site is optimized with the Yoast SEO plugin v27.2 - https:\/\/yoast.com\/product\/yoast-seo-wordpress\/ -->\n<title>Fauteuil Haze - Flexlux - WaltLouise<\/title>\n<meta name=\"description\" content=\"Le fauteuil de relaxation Haze est un grand confort envelopp\u00e9 dans des formes douces embl\u00e9matiques avec une touche de modernit\u00e9. Le fauteuil est dot\u00e9 d&#039;un m\u00e9canisme \u00e0 gaz qui vous permet de changer de position en douceur et sans effort. \u00c9l\u00e9gante et courb\u00e9e, la chaise Haze n&#039;est pas seulement belle sous tous les angles, elle vous invite \u00e0 vous asseoir et \u00e0 vous d\u00e9tendre. Les pieds sont disponibles en noir ou en aluminium poli.  &nbsp;\" \/>\n<meta name=\"robots\" content=\"index, follow, max-snippet:-1, max-image-preview:large, max-video-preview:-1\" \/>\n<link rel=\"canonical\" href=\"https:\/\/www.waltlouise.be\/produit\/fauteuil-haze-flexlux\/\" \/>\n<meta property=\"og:locale\" content=\"nl_NL\" \/>\n<meta property=\"og:type\" content=\"article\" \/>\n<meta property=\"og:title\" content=\"Fauteuil Haze - Flexlux - WaltLouise\" \/>\n<meta property=\"og:description\" content=\"Le fauteuil de relaxation Haze est un grand confort envelopp\u00e9 dans des formes douces embl\u00e9matiques avec une touche de modernit\u00e9. Le fauteuil est dot\u00e9 d&#039;un m\u00e9canisme \u00e0 gaz qui vous permet de changer de position en douceur et sans effort. \u00c9l\u00e9gante et courb\u00e9e, la chaise Haze n&#039;est pas seulement belle sous tous les angles, elle vous invite \u00e0 vous asseoir et \u00e0 vous d\u00e9tendre. Les pieds sont disponibles en noir ou en aluminium poli.  &nbsp;\" \/>\n<meta property=\"og:url\" content=\"https:\/\/www.waltlouise.be\/produit\/fauteuil-haze-flexlux\/\" \/>\n<meta property=\"og:site_name\" content=\"WaltLouise\" \/>\n<meta property=\"article:modified_time\" content=\"2024-05-02T14:06:22+00:00\" \/>\n<meta property=\"og:image\" content=\"https:\/\/www.waltlouise.be\/wp-content\/uploads\/2024\/05\/Fauteuil-Haze-Flexlux-tissu-cuir-relax-pied-metal.jpg\" \/>\n\t<meta property=\"og:image:width\" content=\"480\" \/>\n\t<meta property=\"og:image:height\" content=\"360\" \/>\n\t<meta property=\"og:image:type\" content=\"image\/jpeg\" \/>\n<meta name=\"twitter:card\" content=\"summary_large_image\" \/>\n<meta name=\"twitter:label1\" content=\"Geschatte leestijd\" \/>\n\t<meta name=\"twitter:data1\" content=\"1 minuut\" \/>\n<script type=\"application\/ld+json\" class=\"yoast-schema-graph\">{\"@context\":\"https:\/\/schema.org\",\"@graph\":[{\"@type\":\"WebPage\",\"@id\":\"https:\/\/www.waltlouise.be\/produit\/fauteuil-haze-flexlux\/\",\"url\":\"https:\/\/www.waltlouise.be\/produit\/fauteuil-haze-flexlux\/\",\"name\":\"Fauteuil Haze - Flexlux - WaltLouise\",\"isPartOf\":{\"@id\":\"https:\/\/www.waltlouise.be\/#website\"},\"primaryImageOfPage\":{\"@id\":\"https:\/\/www.waltlouise.be\/produit\/fauteuil-haze-flexlux\/#primaryimage\"},\"image\":{\"@id\":\"https:\/\/www.waltlouise.be\/produit\/fauteuil-haze-flexlux\/#primaryimage\"},\"thumbnailUrl\":\"https:\/\/www.waltlouise.be\/wp-content\/uploads\/2024\/05\/Fauteuil-Haze-Flexlux-tissu-cuir-relax-pied-metal.jpg\",\"datePublished\":\"2024-05-02T14:01:36+00:00\",\"dateModified\":\"2024-05-02T14:06:22+00:00\",\"description\":\"Le fauteuil de relaxation Haze est un grand confort envelopp\u00e9 dans des formes douces embl\u00e9matiques avec une touche de modernit\u00e9. Le fauteuil est dot\u00e9 d'un m\u00e9canisme \u00e0 gaz qui vous permet de changer de position en douceur et sans effort. \u00c9l\u00e9gante et courb\u00e9e, la chaise Haze n'est pas seulement belle sous tous les angles, elle vous invite \u00e0 vous asseoir et \u00e0 vous d\u00e9tendre. Les pieds sont disponibles en noir ou en aluminium poli. &nbsp;\",\"breadcrumb\":{\"@id\":\"https:\/\/www.waltlouise.be\/produit\/fauteuil-haze-flexlux\/#breadcrumb\"},\"inLanguage\":\"nl-NL\",\"potentialAction\":[{\"@type\":\"ReadAction\",\"target\":[\"https:\/\/www.waltlouise.be\/produit\/fauteuil-haze-flexlux\/\"]}]},{\"@type\":\"ImageObject\",\"inLanguage\":\"nl-NL\",\"@id\":\"https:\/\/www.waltlouise.be\/produit\/fauteuil-haze-flexlux\/#primaryimage\",\"url\":\"https:\/\/www.waltlouise.be\/wp-content\/uploads\/2024\/05\/Fauteuil-Haze-Flexlux-tissu-cuir-relax-pied-metal.jpg\",\"contentUrl\":\"https:\/\/www.waltlouise.be\/wp-content\/uploads\/2024\/05\/Fauteuil-Haze-Flexlux-tissu-cuir-relax-pied-metal.jpg\",\"width\":480,\"height\":360},{\"@type\":\"BreadcrumbList\",\"@id\":\"https:\/\/www.waltlouise.be\/produit\/fauteuil-haze-flexlux\/#breadcrumb\",\"itemListElement\":[{\"@type\":\"ListItem\",\"position\":1,\"name\":\"Accueil\",\"item\":\"https:\/\/www.waltlouise.be\/nl\/\"},{\"@type\":\"ListItem\",\"position\":2,\"name\":\"Onze producten\",\"item\":\"https:\/\/www.waltlouise.be\/nl\/onze-producten\/\"},{\"@type\":\"ListItem\",\"position\":3,\"name\":\"Fauteuil Haze &#8211; Flexlux\"}]},{\"@type\":\"WebSite\",\"@id\":\"https:\/\/www.waltlouise.be\/#website\",\"url\":\"https:\/\/www.waltlouise.be\/\",\"name\":\"WaltLouise\",\"description\":\"Walt Louise \u2013 Bienvenue sur le site de WaltLouise| Accueil | Des r\u00e9\u00e9ditions de vaisselier, de grandes \u00e9tag\u00e8res aux lignes \u00e9pur\u00e9es c\u00f4toient des pi\u00e8ces con\u00e7ues \u00e0 la demande.\",\"potentialAction\":[{\"@type\":\"SearchAction\",\"target\":{\"@type\":\"EntryPoint\",\"urlTemplate\":\"https:\/\/www.waltlouise.be\/?s={search_term_string}\"},\"query-input\":{\"@type\":\"PropertyValueSpecification\",\"valueRequired\":true,\"valueName\":\"search_term_string\"}}],\"inLanguage\":\"nl-NL\"}]}<\/script>\n<!-- \/ Yoast SEO plugin. -->","yoast_head_json":{"title":"Fauteuil Haze - Flexlux - WaltLouise","description":"Le fauteuil de relaxation Haze est un grand confort envelopp\u00e9 dans des formes douces embl\u00e9matiques avec une touche de modernit\u00e9. Le fauteuil est dot\u00e9 d'un m\u00e9canisme \u00e0 gaz qui vous permet de changer de position en douceur et sans effort. \u00c9l\u00e9gante et courb\u00e9e, la chaise Haze n'est pas seulement belle sous tous les angles, elle vous invite \u00e0 vous asseoir et \u00e0 vous d\u00e9tendre. Les pieds sont disponibles en noir ou en aluminium poli.  &nbsp;","robots":{"index":"index","follow":"follow","max-snippet":"max-snippet:-1","max-image-preview":"max-image-preview:large","max-video-preview":"max-video-preview:-1"},"canonical":"https:\/\/www.waltlouise.be\/produit\/fauteuil-haze-flexlux\/","og_locale":"nl_NL","og_type":"article","og_title":"Fauteuil Haze - Flexlux - WaltLouise","og_description":"Le fauteuil de relaxation Haze est un grand confort envelopp\u00e9 dans des formes douces embl\u00e9matiques avec une touche de modernit\u00e9. Le fauteuil est dot\u00e9 d'un m\u00e9canisme \u00e0 gaz qui vous permet de changer de position en douceur et sans effort. \u00c9l\u00e9gante et courb\u00e9e, la chaise Haze n'est pas seulement belle sous tous les angles, elle vous invite \u00e0 vous asseoir et \u00e0 vous d\u00e9tendre. Les pieds sont disponibles en noir ou en aluminium poli.  &nbsp;","og_url":"https:\/\/www.waltlouise.be\/produit\/fauteuil-haze-flexlux\/","og_site_name":"WaltLouise","article_modified_time":"2024-05-02T14:06:22+00:00","og_image":[{"width":480,"height":360,"url":"https:\/\/www.waltlouise.be\/wp-content\/uploads\/2024\/05\/Fauteuil-Haze-Flexlux-tissu-cuir-relax-pied-metal.jpg","type":"image\/jpeg"}],"twitter_card":"summary_large_image","twitter_misc":{"Geschatte leestijd":"1 minuut"},"schema":{"@context":"https:\/\/schema.org","@graph":[{"@type":"WebPage","@id":"https:\/\/www.waltlouise.be\/produit\/fauteuil-haze-flexlux\/","url":"https:\/\/www.waltlouise.be\/produit\/fauteuil-haze-flexlux\/","name":"Fauteuil Haze - Flexlux - WaltLouise","isPartOf":{"@id":"https:\/\/www.waltlouise.be\/#website"},"primaryImageOfPage":{"@id":"https:\/\/www.waltlouise.be\/produit\/fauteuil-haze-flexlux\/#primaryimage"},"image":{"@id":"https:\/\/www.waltlouise.be\/produit\/fauteuil-haze-flexlux\/#primaryimage"},"thumbnailUrl":"https:\/\/www.waltlouise.be\/wp-content\/uploads\/2024\/05\/Fauteuil-Haze-Flexlux-tissu-cuir-relax-pied-metal.jpg","datePublished":"2024-05-02T14:01:36+00:00","dateModified":"2024-05-02T14:06:22+00:00","description":"Le fauteuil de relaxation Haze est un grand confort envelopp\u00e9 dans des formes douces embl\u00e9matiques avec une touche de modernit\u00e9. Le fauteuil est dot\u00e9 d'un m\u00e9canisme \u00e0 gaz qui vous permet de changer de position en douceur et sans effort. \u00c9l\u00e9gante et courb\u00e9e, la chaise Haze n'est pas seulement belle sous tous les angles, elle vous invite \u00e0 vous asseoir et \u00e0 vous d\u00e9tendre. Les pieds sont disponibles en noir ou en aluminium poli. &nbsp;","breadcrumb":{"@id":"https:\/\/www.waltlouise.be\/produit\/fauteuil-haze-flexlux\/#breadcrumb"},"inLanguage":"nl-NL","potentialAction":[{"@type":"ReadAction","target":["https:\/\/www.waltlouise.be\/produit\/fauteuil-haze-flexlux\/"]}]},{"@type":"ImageObject","inLanguage":"nl-NL","@id":"https:\/\/www.waltlouise.be\/produit\/fauteuil-haze-flexlux\/#primaryimage","url":"https:\/\/www.waltlouise.be\/wp-content\/uploads\/2024\/05\/Fauteuil-Haze-Flexlux-tissu-cuir-relax-pied-metal.jpg","contentUrl":"https:\/\/www.waltlouise.be\/wp-content\/uploads\/2024\/05\/Fauteuil-Haze-Flexlux-tissu-cuir-relax-pied-metal.jpg","width":480,"height":360},{"@type":"BreadcrumbList","@id":"https:\/\/www.waltlouise.be\/produit\/fauteuil-haze-flexlux\/#breadcrumb","itemListElement":[{"@type":"ListItem","position":1,"name":"Accueil","item":"https:\/\/www.waltlouise.be\/nl\/"},{"@type":"ListItem","position":2,"name":"Onze producten","item":"https:\/\/www.waltlouise.be\/nl\/onze-producten\/"},{"@type":"ListItem","position":3,"name":"Fauteuil Haze &#8211; Flexlux"}]},{"@type":"WebSite","@id":"https:\/\/www.waltlouise.be\/#website","url":"https:\/\/www.waltlouise.be\/","name":"WaltLouise","description":"Walt Louise \u2013 Bienvenue sur le site de WaltLouise| Accueil | Des r\u00e9\u00e9ditions de vaisselier, de grandes \u00e9tag\u00e8res aux lignes \u00e9pur\u00e9es c\u00f4toient des pi\u00e8ces con\u00e7ues \u00e0 la demande.","potentialAction":[{"@type":"SearchAction","target":{"@type":"EntryPoint","urlTemplate":"https:\/\/www.waltlouise.be\/?s={search_term_string}"},"query-input":{"@type":"PropertyValueSpecification","valueRequired":true,"valueName":"search_term_string"}}],"inLanguage":"nl-NL"}]}},"_links":{"self":[{"href":"https:\/\/www.waltlouise.be\/nl\/wp-json\/wp\/v2\/product\/8787","targetHints":{"allow":["GET"]}}],"collection":[{"href":"https:\/\/www.waltlouise.be\/nl\/wp-json\/wp\/v2\/product"}],"about":[{"href":"https:\/\/www.waltlouise.be\/nl\/wp-json\/wp\/v2\/types\/product"}],"replies":[{"embeddable":true,"href":"https:\/\/www.waltlouise.be\/nl\/wp-json\/wp\/v2\/comments?post=8787"}],"wp:featuredmedia":[{"embeddable":true,"href":"https:\/\/www.waltlouise.be\/nl\/wp-json\/wp\/v2\/media\/8796"}],"wp:attachment":[{"href":"https:\/\/www.waltlouise.be\/nl\/wp-json\/wp\/v2\/media?parent=8787"}],"wp:term":[{"taxonomy":"product_brand","embeddable":true,"href":"https:\/\/www.waltlouise.be\/nl\/wp-json\/wp\/v2\/product_brand?post=8787"},{"taxonomy":"product_cat","embeddable":true,"href":"https:\/\/www.waltlouise.be\/nl\/wp-json\/wp\/v2\/product_cat?post=8787"},{"taxonomy":"product_tag","embeddable":true,"href":"https:\/\/www.waltlouise.be\/nl\/wp-json\/wp\/v2\/product_tag?post=8787"}],"curies":[{"name":"wp","href":"https:\/\/api.w.org\/{rel}","templated":true}]}}