{"id":8777,"date":"2024-05-02T15:33:32","date_gmt":"2024-05-02T13:33:32","guid":{"rendered":"https:\/\/www.waltlouise.be\/?post_type=product&#038;p=8777"},"modified":"2024-05-02T16:22:56","modified_gmt":"2024-05-02T14:22:56","slug":"console-metal-et-verre-walt","status":"publish","type":"product","link":"https:\/\/www.waltlouise.be\/nl\/product\/console-metal-et-verre-walt\/","title":{"rendered":"Console M\u00e9tal et verre &#8211; Walt"},"content":{"rendered":"<p>Gr\u00e2ce \u00e0 une \u00e9l\u00e9gante production de meubles, Walt est devenu une r\u00e9f\u00e9rence en mati\u00e8re d&#8217;ameublement sur mesure. La soci\u00e9t\u00e9 Walt allie qualit\u00e9 et tradition en poursuivant une innovation continue, associ\u00e9 \u00e0 un design innovant et fonctionnel, des mati\u00e8res premi\u00e8res de haute qualit\u00e9, fabriqu\u00e9s exclusivement en Italie.<\/p>\n","protected":false},"excerpt":{"rendered":"<p>Un \u00e9l\u00e9ment de d\u00e9coration souvent indispensable pour compl\u00e9ter l\u2019am\u00e9nagement de votre int\u00e9rieur, la console. La console \u00ab\u00a0WALT\u00a0\u00bb structure m\u00e9tal laqu\u00e9 noir, et plateau en verre clair, intemporelle elle est enti\u00e8rement sur mesure. Le jeu des volumes, simples o\u00f9 compos\u00e9s selon votre imagination.<\/p>\n","protected":false},"featured_media":8780,"comment_status":"open","ping_status":"closed","template":"","meta":{"_acf_changed":false},"product_brand":[],"product_cat":[69,72,68],"product_tag":[],"class_list":{"0":"post-8777","1":"product","2":"type-product","3":"status-publish","4":"has-post-thumbnail","6":"product_cat-accessoires-decoration","7":"product_cat-meubles-dappoint-consoles","8":"product_cat-uncategorized","10":"first","11":"onbackorder","12":"shipping-taxable","13":"purchasable","14":"product-type-simple"},"acf":[],"yoast_head":"<!-- This site is optimized with the Yoast SEO plugin v27.2 - https:\/\/yoast.com\/product\/yoast-seo-wordpress\/ -->\n<title>Console M\u00e9tal et verre - Walt - WaltLouise<\/title>\n<meta name=\"description\" content=\"Un \u00e9l\u00e9ment de d\u00e9coration souvent indispensable pour compl\u00e9ter l\u2019am\u00e9nagement de votre int\u00e9rieur, la console. La console \u00ab\u00a0WALT\u00a0\u00bb structure m\u00e9tal laqu\u00e9 noir, et plateau en verre clair, intemporelle elle est enti\u00e8rement sur mesure. Le jeu des volumes, simples o\u00f9 compos\u00e9s selon votre imagination.\" \/>\n<meta name=\"robots\" content=\"index, follow, max-snippet:-1, max-image-preview:large, max-video-preview:-1\" \/>\n<link rel=\"canonical\" href=\"https:\/\/www.waltlouise.be\/produit\/console-metal-et-verre-walt\/\" \/>\n<meta property=\"og:locale\" content=\"nl_NL\" \/>\n<meta property=\"og:type\" content=\"article\" \/>\n<meta property=\"og:title\" content=\"Console M\u00e9tal et verre - Walt - WaltLouise\" \/>\n<meta property=\"og:description\" content=\"Un \u00e9l\u00e9ment de d\u00e9coration souvent indispensable pour compl\u00e9ter l\u2019am\u00e9nagement de votre int\u00e9rieur, la console. La console \u00ab\u00a0WALT\u00a0\u00bb structure m\u00e9tal laqu\u00e9 noir, et plateau en verre clair, intemporelle elle est enti\u00e8rement sur mesure. Le jeu des volumes, simples o\u00f9 compos\u00e9s selon votre imagination.\" \/>\n<meta property=\"og:url\" content=\"https:\/\/www.waltlouise.be\/produit\/console-metal-et-verre-walt\/\" \/>\n<meta property=\"og:site_name\" content=\"WaltLouise\" \/>\n<meta property=\"article:modified_time\" content=\"2024-05-02T14:22:56+00:00\" \/>\n<meta property=\"og:image\" content=\"https:\/\/www.waltlouise.be\/wp-content\/uploads\/2024\/05\/Console-metal-Walt-sur-mesure-2-scaled.jpg\" \/>\n\t<meta property=\"og:image:width\" content=\"1709\" \/>\n\t<meta property=\"og:image:height\" content=\"2560\" \/>\n\t<meta property=\"og:image:type\" content=\"image\/jpeg\" \/>\n<meta name=\"twitter:card\" content=\"summary_large_image\" \/>\n<meta name=\"twitter:label1\" content=\"Geschatte leestijd\" \/>\n\t<meta name=\"twitter:data1\" content=\"1 minuut\" \/>\n<script type=\"application\/ld+json\" class=\"yoast-schema-graph\">{\"@context\":\"https:\/\/schema.org\",\"@graph\":[{\"@type\":\"WebPage\",\"@id\":\"https:\/\/www.waltlouise.be\/produit\/console-metal-et-verre-walt\/\",\"url\":\"https:\/\/www.waltlouise.be\/produit\/console-metal-et-verre-walt\/\",\"name\":\"Console M\u00e9tal et verre - Walt - WaltLouise\",\"isPartOf\":{\"@id\":\"https:\/\/www.waltlouise.be\/#website\"},\"primaryImageOfPage\":{\"@id\":\"https:\/\/www.waltlouise.be\/produit\/console-metal-et-verre-walt\/#primaryimage\"},\"image\":{\"@id\":\"https:\/\/www.waltlouise.be\/produit\/console-metal-et-verre-walt\/#primaryimage\"},\"thumbnailUrl\":\"https:\/\/www.waltlouise.be\/wp-content\/uploads\/2024\/05\/Console-metal-Walt-sur-mesure-2-scaled.jpg\",\"datePublished\":\"2024-05-02T13:33:32+00:00\",\"dateModified\":\"2024-05-02T14:22:56+00:00\",\"description\":\"Un \u00e9l\u00e9ment de d\u00e9coration souvent indispensable pour compl\u00e9ter l\u2019am\u00e9nagement de votre int\u00e9rieur, la console. La console \u00ab\u00a0WALT\u00a0\u00bb structure m\u00e9tal laqu\u00e9 noir, et plateau en verre clair, intemporelle elle est enti\u00e8rement sur mesure. Le jeu des volumes, simples o\u00f9 compos\u00e9s selon votre imagination.\",\"breadcrumb\":{\"@id\":\"https:\/\/www.waltlouise.be\/produit\/console-metal-et-verre-walt\/#breadcrumb\"},\"inLanguage\":\"nl-NL\",\"potentialAction\":[{\"@type\":\"ReadAction\",\"target\":[\"https:\/\/www.waltlouise.be\/produit\/console-metal-et-verre-walt\/\"]}]},{\"@type\":\"ImageObject\",\"inLanguage\":\"nl-NL\",\"@id\":\"https:\/\/www.waltlouise.be\/produit\/console-metal-et-verre-walt\/#primaryimage\",\"url\":\"https:\/\/www.waltlouise.be\/wp-content\/uploads\/2024\/05\/Console-metal-Walt-sur-mesure-2-scaled.jpg\",\"contentUrl\":\"https:\/\/www.waltlouise.be\/wp-content\/uploads\/2024\/05\/Console-metal-Walt-sur-mesure-2-scaled.jpg\",\"width\":1709,\"height\":2560,\"caption\":\"WWW.LUCNIX.BE\"},{\"@type\":\"BreadcrumbList\",\"@id\":\"https:\/\/www.waltlouise.be\/produit\/console-metal-et-verre-walt\/#breadcrumb\",\"itemListElement\":[{\"@type\":\"ListItem\",\"position\":1,\"name\":\"Accueil\",\"item\":\"https:\/\/www.waltlouise.be\/nl\/\"},{\"@type\":\"ListItem\",\"position\":2,\"name\":\"Onze producten\",\"item\":\"https:\/\/www.waltlouise.be\/nl\/onze-producten\/\"},{\"@type\":\"ListItem\",\"position\":3,\"name\":\"Console M\u00e9tal et verre &#8211; Walt\"}]},{\"@type\":\"WebSite\",\"@id\":\"https:\/\/www.waltlouise.be\/#website\",\"url\":\"https:\/\/www.waltlouise.be\/\",\"name\":\"WaltLouise\",\"description\":\"Walt Louise \u2013 Bienvenue sur le site de WaltLouise| Accueil | Des r\u00e9\u00e9ditions de vaisselier, de grandes \u00e9tag\u00e8res aux lignes \u00e9pur\u00e9es c\u00f4toient des pi\u00e8ces con\u00e7ues \u00e0 la demande.\",\"potentialAction\":[{\"@type\":\"SearchAction\",\"target\":{\"@type\":\"EntryPoint\",\"urlTemplate\":\"https:\/\/www.waltlouise.be\/?s={search_term_string}\"},\"query-input\":{\"@type\":\"PropertyValueSpecification\",\"valueRequired\":true,\"valueName\":\"search_term_string\"}}],\"inLanguage\":\"nl-NL\"}]}<\/script>\n<!-- \/ Yoast SEO plugin. -->","yoast_head_json":{"title":"Console M\u00e9tal et verre - Walt - WaltLouise","description":"Un \u00e9l\u00e9ment de d\u00e9coration souvent indispensable pour compl\u00e9ter l\u2019am\u00e9nagement de votre int\u00e9rieur, la console. La console \u00ab\u00a0WALT\u00a0\u00bb structure m\u00e9tal laqu\u00e9 noir, et plateau en verre clair, intemporelle elle est enti\u00e8rement sur mesure. Le jeu des volumes, simples o\u00f9 compos\u00e9s selon votre imagination.","robots":{"index":"index","follow":"follow","max-snippet":"max-snippet:-1","max-image-preview":"max-image-preview:large","max-video-preview":"max-video-preview:-1"},"canonical":"https:\/\/www.waltlouise.be\/produit\/console-metal-et-verre-walt\/","og_locale":"nl_NL","og_type":"article","og_title":"Console M\u00e9tal et verre - Walt - WaltLouise","og_description":"Un \u00e9l\u00e9ment de d\u00e9coration souvent indispensable pour compl\u00e9ter l\u2019am\u00e9nagement de votre int\u00e9rieur, la console. La console \u00ab\u00a0WALT\u00a0\u00bb structure m\u00e9tal laqu\u00e9 noir, et plateau en verre clair, intemporelle elle est enti\u00e8rement sur mesure. Le jeu des volumes, simples o\u00f9 compos\u00e9s selon votre imagination.","og_url":"https:\/\/www.waltlouise.be\/produit\/console-metal-et-verre-walt\/","og_site_name":"WaltLouise","article_modified_time":"2024-05-02T14:22:56+00:00","og_image":[{"width":1709,"height":2560,"url":"https:\/\/www.waltlouise.be\/wp-content\/uploads\/2024\/05\/Console-metal-Walt-sur-mesure-2-scaled.jpg","type":"image\/jpeg"}],"twitter_card":"summary_large_image","twitter_misc":{"Geschatte leestijd":"1 minuut"},"schema":{"@context":"https:\/\/schema.org","@graph":[{"@type":"WebPage","@id":"https:\/\/www.waltlouise.be\/produit\/console-metal-et-verre-walt\/","url":"https:\/\/www.waltlouise.be\/produit\/console-metal-et-verre-walt\/","name":"Console M\u00e9tal et verre - Walt - WaltLouise","isPartOf":{"@id":"https:\/\/www.waltlouise.be\/#website"},"primaryImageOfPage":{"@id":"https:\/\/www.waltlouise.be\/produit\/console-metal-et-verre-walt\/#primaryimage"},"image":{"@id":"https:\/\/www.waltlouise.be\/produit\/console-metal-et-verre-walt\/#primaryimage"},"thumbnailUrl":"https:\/\/www.waltlouise.be\/wp-content\/uploads\/2024\/05\/Console-metal-Walt-sur-mesure-2-scaled.jpg","datePublished":"2024-05-02T13:33:32+00:00","dateModified":"2024-05-02T14:22:56+00:00","description":"Un \u00e9l\u00e9ment de d\u00e9coration souvent indispensable pour compl\u00e9ter l\u2019am\u00e9nagement de votre int\u00e9rieur, la console. La console \u00ab\u00a0WALT\u00a0\u00bb structure m\u00e9tal laqu\u00e9 noir, et plateau en verre clair, intemporelle elle est enti\u00e8rement sur mesure. Le jeu des volumes, simples o\u00f9 compos\u00e9s selon votre imagination.","breadcrumb":{"@id":"https:\/\/www.waltlouise.be\/produit\/console-metal-et-verre-walt\/#breadcrumb"},"inLanguage":"nl-NL","potentialAction":[{"@type":"ReadAction","target":["https:\/\/www.waltlouise.be\/produit\/console-metal-et-verre-walt\/"]}]},{"@type":"ImageObject","inLanguage":"nl-NL","@id":"https:\/\/www.waltlouise.be\/produit\/console-metal-et-verre-walt\/#primaryimage","url":"https:\/\/www.waltlouise.be\/wp-content\/uploads\/2024\/05\/Console-metal-Walt-sur-mesure-2-scaled.jpg","contentUrl":"https:\/\/www.waltlouise.be\/wp-content\/uploads\/2024\/05\/Console-metal-Walt-sur-mesure-2-scaled.jpg","width":1709,"height":2560,"caption":"WWW.LUCNIX.BE"},{"@type":"BreadcrumbList","@id":"https:\/\/www.waltlouise.be\/produit\/console-metal-et-verre-walt\/#breadcrumb","itemListElement":[{"@type":"ListItem","position":1,"name":"Accueil","item":"https:\/\/www.waltlouise.be\/nl\/"},{"@type":"ListItem","position":2,"name":"Onze producten","item":"https:\/\/www.waltlouise.be\/nl\/onze-producten\/"},{"@type":"ListItem","position":3,"name":"Console M\u00e9tal et verre &#8211; Walt"}]},{"@type":"WebSite","@id":"https:\/\/www.waltlouise.be\/#website","url":"https:\/\/www.waltlouise.be\/","name":"WaltLouise","description":"Walt Louise \u2013 Bienvenue sur le site de WaltLouise| Accueil | Des r\u00e9\u00e9ditions de vaisselier, de grandes \u00e9tag\u00e8res aux lignes \u00e9pur\u00e9es c\u00f4toient des pi\u00e8ces con\u00e7ues \u00e0 la demande.","potentialAction":[{"@type":"SearchAction","target":{"@type":"EntryPoint","urlTemplate":"https:\/\/www.waltlouise.be\/?s={search_term_string}"},"query-input":{"@type":"PropertyValueSpecification","valueRequired":true,"valueName":"search_term_string"}}],"inLanguage":"nl-NL"}]}},"_links":{"self":[{"href":"https:\/\/www.waltlouise.be\/nl\/wp-json\/wp\/v2\/product\/8777","targetHints":{"allow":["GET"]}}],"collection":[{"href":"https:\/\/www.waltlouise.be\/nl\/wp-json\/wp\/v2\/product"}],"about":[{"href":"https:\/\/www.waltlouise.be\/nl\/wp-json\/wp\/v2\/types\/product"}],"replies":[{"embeddable":true,"href":"https:\/\/www.waltlouise.be\/nl\/wp-json\/wp\/v2\/comments?post=8777"}],"wp:featuredmedia":[{"embeddable":true,"href":"https:\/\/www.waltlouise.be\/nl\/wp-json\/wp\/v2\/media\/8780"}],"wp:attachment":[{"href":"https:\/\/www.waltlouise.be\/nl\/wp-json\/wp\/v2\/media?parent=8777"}],"wp:term":[{"taxonomy":"product_brand","embeddable":true,"href":"https:\/\/www.waltlouise.be\/nl\/wp-json\/wp\/v2\/product_brand?post=8777"},{"taxonomy":"product_cat","embeddable":true,"href":"https:\/\/www.waltlouise.be\/nl\/wp-json\/wp\/v2\/product_cat?post=8777"},{"taxonomy":"product_tag","embeddable":true,"href":"https:\/\/www.waltlouise.be\/nl\/wp-json\/wp\/v2\/product_tag?post=8777"}],"curies":[{"name":"wp","href":"https:\/\/api.w.org\/{rel}","templated":true}]}}