{"id":8384,"date":"2024-04-11T15:15:44","date_gmt":"2024-04-11T13:15:44","guid":{"rendered":"https:\/\/www.waltlouise.be\/?post_type=product&#038;p=8384"},"modified":"2025-01-08T14:03:36","modified_gmt":"2025-01-08T13:03:36","slug":"horloge-barcelona-nomon","status":"publish","type":"product","link":"https:\/\/www.waltlouise.be\/nl\/product\/horloge-barcelona-nomon\/","title":{"rendered":"Horloge Barcelona &#8211; Nomon"},"content":{"rendered":"<p><strong>Coffret<\/strong>\u00a0: Bois de Noyer<\/p>\n<p><strong>Aiguilles<\/strong>\u00a0: Bois de noyer<\/p>\n<p><strong>Cerceau<\/strong>\u00a0: Laiton ou fibre de verre finition noire<\/p>\n<p><strong>Dimensions<\/strong>\u00a0: \u00d8 90 cm \u2013 H : 103 cm<\/p>\n<p><strong>M\u00e9canisme<\/strong>\u00a0: UTS allemand<\/p>\n","protected":false},"excerpt":{"rendered":"<p><em>Nomon est le leader des horloges d&#8217;int\u00e9rieur. Nous cr\u00e9ons des pi\u00e8ces avant-gardistes, contemporaines et visuellement \u00e9poustouflantes, gr\u00e2ce \u00e0 des processus artisanaux.<\/em><\/p>\n","protected":false},"featured_media":8385,"comment_status":"open","ping_status":"closed","template":"","meta":{"_acf_changed":false},"product_brand":[],"product_cat":[69,71],"product_tag":[],"class_list":{"0":"post-8384","1":"product","2":"type-product","3":"status-publish","4":"has-post-thumbnail","6":"product_cat-accessoires-decoration","7":"product_cat-horloges","9":"first","10":"onbackorder","11":"shipping-taxable","12":"purchasable","13":"product-type-simple"},"acf":[],"yoast_head":"<!-- This site is optimized with the Yoast SEO plugin v27.2 - https:\/\/yoast.com\/product\/yoast-seo-wordpress\/ -->\n<title>Horloge Barcelona - Nomon - WaltLouise<\/title>\n<meta name=\"description\" content=\"Nomon est le leader des horloges d&#039;int\u00e9rieur. Nous cr\u00e9ons des pi\u00e8ces avant-gardistes, contemporaines et visuellement \u00e9poustouflantes, gr\u00e2ce \u00e0 des processus artisanaux.\" \/>\n<meta name=\"robots\" content=\"index, follow, max-snippet:-1, max-image-preview:large, max-video-preview:-1\" \/>\n<link rel=\"canonical\" href=\"https:\/\/www.waltlouise.be\/produit\/horloge-barcelona-nomon\/\" \/>\n<meta property=\"og:locale\" content=\"nl_NL\" \/>\n<meta property=\"og:type\" content=\"article\" \/>\n<meta property=\"og:title\" content=\"Horloge Barcelona - Nomon - WaltLouise\" \/>\n<meta property=\"og:description\" content=\"Nomon est le leader des horloges d&#039;int\u00e9rieur. Nous cr\u00e9ons des pi\u00e8ces avant-gardistes, contemporaines et visuellement \u00e9poustouflantes, gr\u00e2ce \u00e0 des processus artisanaux.\" \/>\n<meta property=\"og:url\" content=\"https:\/\/www.waltlouise.be\/produit\/horloge-barcelona-nomon\/\" \/>\n<meta property=\"og:site_name\" content=\"WaltLouise\" \/>\n<meta property=\"article:modified_time\" content=\"2025-01-08T13:03:36+00:00\" \/>\n<meta property=\"og:image\" content=\"https:\/\/www.waltlouise.be\/wp-content\/uploads\/2024\/04\/BARCELONA-Horloge-scaled.jpg\" \/>\n\t<meta property=\"og:image:width\" content=\"2471\" \/>\n\t<meta property=\"og:image:height\" content=\"2560\" \/>\n\t<meta property=\"og:image:type\" content=\"image\/jpeg\" \/>\n<meta name=\"twitter:card\" content=\"summary_large_image\" \/>\n<meta name=\"twitter:label1\" content=\"Geschatte leestijd\" \/>\n\t<meta name=\"twitter:data1\" content=\"1 minuut\" \/>\n<script type=\"application\/ld+json\" class=\"yoast-schema-graph\">{\"@context\":\"https:\/\/schema.org\",\"@graph\":[{\"@type\":\"WebPage\",\"@id\":\"https:\/\/www.waltlouise.be\/produit\/horloge-barcelona-nomon\/\",\"url\":\"https:\/\/www.waltlouise.be\/produit\/horloge-barcelona-nomon\/\",\"name\":\"Horloge Barcelona - Nomon - WaltLouise\",\"isPartOf\":{\"@id\":\"https:\/\/www.waltlouise.be\/#website\"},\"primaryImageOfPage\":{\"@id\":\"https:\/\/www.waltlouise.be\/produit\/horloge-barcelona-nomon\/#primaryimage\"},\"image\":{\"@id\":\"https:\/\/www.waltlouise.be\/produit\/horloge-barcelona-nomon\/#primaryimage\"},\"thumbnailUrl\":\"https:\/\/www.waltlouise.be\/wp-content\/uploads\/2024\/04\/BARCELONA-Horloge-scaled.jpg\",\"datePublished\":\"2024-04-11T13:15:44+00:00\",\"dateModified\":\"2025-01-08T13:03:36+00:00\",\"description\":\"Nomon est le leader des horloges d'int\u00e9rieur. Nous cr\u00e9ons des pi\u00e8ces avant-gardistes, contemporaines et visuellement \u00e9poustouflantes, gr\u00e2ce \u00e0 des processus artisanaux.\",\"breadcrumb\":{\"@id\":\"https:\/\/www.waltlouise.be\/produit\/horloge-barcelona-nomon\/#breadcrumb\"},\"inLanguage\":\"nl-NL\",\"potentialAction\":[{\"@type\":\"ReadAction\",\"target\":[\"https:\/\/www.waltlouise.be\/produit\/horloge-barcelona-nomon\/\"]}]},{\"@type\":\"ImageObject\",\"inLanguage\":\"nl-NL\",\"@id\":\"https:\/\/www.waltlouise.be\/produit\/horloge-barcelona-nomon\/#primaryimage\",\"url\":\"https:\/\/www.waltlouise.be\/wp-content\/uploads\/2024\/04\/BARCELONA-Horloge-scaled.jpg\",\"contentUrl\":\"https:\/\/www.waltlouise.be\/wp-content\/uploads\/2024\/04\/BARCELONA-Horloge-scaled.jpg\",\"width\":2471,\"height\":2560},{\"@type\":\"BreadcrumbList\",\"@id\":\"https:\/\/www.waltlouise.be\/produit\/horloge-barcelona-nomon\/#breadcrumb\",\"itemListElement\":[{\"@type\":\"ListItem\",\"position\":1,\"name\":\"Accueil\",\"item\":\"https:\/\/www.waltlouise.be\/nl\/\"},{\"@type\":\"ListItem\",\"position\":2,\"name\":\"Onze producten\",\"item\":\"https:\/\/www.waltlouise.be\/nl\/onze-producten\/\"},{\"@type\":\"ListItem\",\"position\":3,\"name\":\"Horloge Barcelona &#8211; Nomon\"}]},{\"@type\":\"WebSite\",\"@id\":\"https:\/\/www.waltlouise.be\/#website\",\"url\":\"https:\/\/www.waltlouise.be\/\",\"name\":\"WaltLouise\",\"description\":\"Walt Louise \u2013 Bienvenue sur le site de WaltLouise| Accueil | Des r\u00e9\u00e9ditions de vaisselier, de grandes \u00e9tag\u00e8res aux lignes \u00e9pur\u00e9es c\u00f4toient des pi\u00e8ces con\u00e7ues \u00e0 la demande.\",\"potentialAction\":[{\"@type\":\"SearchAction\",\"target\":{\"@type\":\"EntryPoint\",\"urlTemplate\":\"https:\/\/www.waltlouise.be\/?s={search_term_string}\"},\"query-input\":{\"@type\":\"PropertyValueSpecification\",\"valueRequired\":true,\"valueName\":\"search_term_string\"}}],\"inLanguage\":\"nl-NL\"}]}<\/script>\n<!-- \/ Yoast SEO plugin. -->","yoast_head_json":{"title":"Horloge Barcelona - Nomon - WaltLouise","description":"Nomon est le leader des horloges d'int\u00e9rieur. Nous cr\u00e9ons des pi\u00e8ces avant-gardistes, contemporaines et visuellement \u00e9poustouflantes, gr\u00e2ce \u00e0 des processus artisanaux.","robots":{"index":"index","follow":"follow","max-snippet":"max-snippet:-1","max-image-preview":"max-image-preview:large","max-video-preview":"max-video-preview:-1"},"canonical":"https:\/\/www.waltlouise.be\/produit\/horloge-barcelona-nomon\/","og_locale":"nl_NL","og_type":"article","og_title":"Horloge Barcelona - Nomon - WaltLouise","og_description":"Nomon est le leader des horloges d'int\u00e9rieur. Nous cr\u00e9ons des pi\u00e8ces avant-gardistes, contemporaines et visuellement \u00e9poustouflantes, gr\u00e2ce \u00e0 des processus artisanaux.","og_url":"https:\/\/www.waltlouise.be\/produit\/horloge-barcelona-nomon\/","og_site_name":"WaltLouise","article_modified_time":"2025-01-08T13:03:36+00:00","og_image":[{"width":2471,"height":2560,"url":"https:\/\/www.waltlouise.be\/wp-content\/uploads\/2024\/04\/BARCELONA-Horloge-scaled.jpg","type":"image\/jpeg"}],"twitter_card":"summary_large_image","twitter_misc":{"Geschatte leestijd":"1 minuut"},"schema":{"@context":"https:\/\/schema.org","@graph":[{"@type":"WebPage","@id":"https:\/\/www.waltlouise.be\/produit\/horloge-barcelona-nomon\/","url":"https:\/\/www.waltlouise.be\/produit\/horloge-barcelona-nomon\/","name":"Horloge Barcelona - Nomon - WaltLouise","isPartOf":{"@id":"https:\/\/www.waltlouise.be\/#website"},"primaryImageOfPage":{"@id":"https:\/\/www.waltlouise.be\/produit\/horloge-barcelona-nomon\/#primaryimage"},"image":{"@id":"https:\/\/www.waltlouise.be\/produit\/horloge-barcelona-nomon\/#primaryimage"},"thumbnailUrl":"https:\/\/www.waltlouise.be\/wp-content\/uploads\/2024\/04\/BARCELONA-Horloge-scaled.jpg","datePublished":"2024-04-11T13:15:44+00:00","dateModified":"2025-01-08T13:03:36+00:00","description":"Nomon est le leader des horloges d'int\u00e9rieur. Nous cr\u00e9ons des pi\u00e8ces avant-gardistes, contemporaines et visuellement \u00e9poustouflantes, gr\u00e2ce \u00e0 des processus artisanaux.","breadcrumb":{"@id":"https:\/\/www.waltlouise.be\/produit\/horloge-barcelona-nomon\/#breadcrumb"},"inLanguage":"nl-NL","potentialAction":[{"@type":"ReadAction","target":["https:\/\/www.waltlouise.be\/produit\/horloge-barcelona-nomon\/"]}]},{"@type":"ImageObject","inLanguage":"nl-NL","@id":"https:\/\/www.waltlouise.be\/produit\/horloge-barcelona-nomon\/#primaryimage","url":"https:\/\/www.waltlouise.be\/wp-content\/uploads\/2024\/04\/BARCELONA-Horloge-scaled.jpg","contentUrl":"https:\/\/www.waltlouise.be\/wp-content\/uploads\/2024\/04\/BARCELONA-Horloge-scaled.jpg","width":2471,"height":2560},{"@type":"BreadcrumbList","@id":"https:\/\/www.waltlouise.be\/produit\/horloge-barcelona-nomon\/#breadcrumb","itemListElement":[{"@type":"ListItem","position":1,"name":"Accueil","item":"https:\/\/www.waltlouise.be\/nl\/"},{"@type":"ListItem","position":2,"name":"Onze producten","item":"https:\/\/www.waltlouise.be\/nl\/onze-producten\/"},{"@type":"ListItem","position":3,"name":"Horloge Barcelona &#8211; Nomon"}]},{"@type":"WebSite","@id":"https:\/\/www.waltlouise.be\/#website","url":"https:\/\/www.waltlouise.be\/","name":"WaltLouise","description":"Walt Louise \u2013 Bienvenue sur le site de WaltLouise| Accueil | Des r\u00e9\u00e9ditions de vaisselier, de grandes \u00e9tag\u00e8res aux lignes \u00e9pur\u00e9es c\u00f4toient des pi\u00e8ces con\u00e7ues \u00e0 la demande.","potentialAction":[{"@type":"SearchAction","target":{"@type":"EntryPoint","urlTemplate":"https:\/\/www.waltlouise.be\/?s={search_term_string}"},"query-input":{"@type":"PropertyValueSpecification","valueRequired":true,"valueName":"search_term_string"}}],"inLanguage":"nl-NL"}]}},"_links":{"self":[{"href":"https:\/\/www.waltlouise.be\/nl\/wp-json\/wp\/v2\/product\/8384","targetHints":{"allow":["GET"]}}],"collection":[{"href":"https:\/\/www.waltlouise.be\/nl\/wp-json\/wp\/v2\/product"}],"about":[{"href":"https:\/\/www.waltlouise.be\/nl\/wp-json\/wp\/v2\/types\/product"}],"replies":[{"embeddable":true,"href":"https:\/\/www.waltlouise.be\/nl\/wp-json\/wp\/v2\/comments?post=8384"}],"wp:featuredmedia":[{"embeddable":true,"href":"https:\/\/www.waltlouise.be\/nl\/wp-json\/wp\/v2\/media\/8385"}],"wp:attachment":[{"href":"https:\/\/www.waltlouise.be\/nl\/wp-json\/wp\/v2\/media?parent=8384"}],"wp:term":[{"taxonomy":"product_brand","embeddable":true,"href":"https:\/\/www.waltlouise.be\/nl\/wp-json\/wp\/v2\/product_brand?post=8384"},{"taxonomy":"product_cat","embeddable":true,"href":"https:\/\/www.waltlouise.be\/nl\/wp-json\/wp\/v2\/product_cat?post=8384"},{"taxonomy":"product_tag","embeddable":true,"href":"https:\/\/www.waltlouise.be\/nl\/wp-json\/wp\/v2\/product_tag?post=8384"}],"curies":[{"name":"wp","href":"https:\/\/api.w.org\/{rel}","templated":true}]}}