{"id":8300,"date":"2024-04-02T11:44:51","date_gmt":"2024-04-02T09:44:51","guid":{"rendered":"https:\/\/www.waltlouise.be\/?post_type=product&#038;p=8300"},"modified":"2024-04-02T12:09:35","modified_gmt":"2024-04-02T10:09:35","slug":"chaise-arva-light-kff","status":"publish","type":"product","link":"https:\/\/www.waltlouise.be\/nl\/product\/chaise-arva-light-kff\/","title":{"rendered":"Chaise Arva Light &#8211; KFF"},"content":{"rendered":"<p>Une \u00e9quipe de designers cr\u00e9atif et dynamique qui d\u00e9veloppe une collection de si\u00e8ges hors norme. KFF propose des mod\u00e8les d\u2019assises \u00e0 la fois fonctionnel, esth\u00e9tique, d\u00e9contract\u00e9 et original, offrant un incroyable confort. KFF c\u2019est une exp\u00e9rience unique en terme de confort d\u2019assise. Des si\u00e8ges qui seront vite la pi\u00e8ce ma\u00eetresse de votre int\u00e9rieur.<\/p>\n","protected":false},"excerpt":{"rendered":"<p>RVA LIGHT est la version fine et directement rembourr\u00e9e de la ligne ARVA au design Mid Century. La jolie chaise est de forme ergonomique, fermement rembourr\u00e9e avec un rembourrage de soutien au niveau du dossier. Avec un confort d&#8217;assise exceptionnel et un look l\u00e9ger mais saisissant, ARVA LIGHT est une chaise \u00e0 usage innovant.<\/p>\n","protected":false},"featured_media":8303,"comment_status":"open","ping_status":"closed","template":"","meta":{"_acf_changed":false},"product_brand":[],"product_cat":[75,89,78,88],"product_tag":[],"class_list":{"0":"post-8300","1":"product","2":"type-product","3":"status-publish","4":"has-post-thumbnail","6":"product_cat-bureaux","7":"product_cat-chaises-2","8":"product_cat-chaises","9":"product_cat-salle-a-manger","11":"first","12":"instock","13":"shipping-taxable","14":"purchasable","15":"product-type-simple"},"acf":[],"yoast_head":"<!-- This site is optimized with the Yoast SEO plugin v27.2 - https:\/\/yoast.com\/product\/yoast-seo-wordpress\/ -->\n<title>Chaise Arva Light - KFF - WaltLouise<\/title>\n<meta name=\"description\" content=\"RVA LIGHT est la version fine et directement rembourr\u00e9e de la ligne ARVA au design Mid Century. La jolie chaise est de forme ergonomique, fermement rembourr\u00e9e avec un rembourrage de soutien au niveau du dossier. Avec un confort d&#039;assise exceptionnel et un look l\u00e9ger mais saisissant, ARVA LIGHT est une chaise \u00e0 usage innovant.\" \/>\n<meta name=\"robots\" content=\"index, follow, max-snippet:-1, max-image-preview:large, max-video-preview:-1\" \/>\n<link rel=\"canonical\" href=\"https:\/\/www.waltlouise.be\/produit\/chaise-arva-light-kff\/\" \/>\n<meta property=\"og:locale\" content=\"nl_NL\" \/>\n<meta property=\"og:type\" content=\"article\" \/>\n<meta property=\"og:title\" content=\"Chaise Arva Light - KFF - WaltLouise\" \/>\n<meta property=\"og:description\" content=\"RVA LIGHT est la version fine et directement rembourr\u00e9e de la ligne ARVA au design Mid Century. La jolie chaise est de forme ergonomique, fermement rembourr\u00e9e avec un rembourrage de soutien au niveau du dossier. Avec un confort d&#039;assise exceptionnel et un look l\u00e9ger mais saisissant, ARVA LIGHT est une chaise \u00e0 usage innovant.\" \/>\n<meta property=\"og:url\" content=\"https:\/\/www.waltlouise.be\/produit\/chaise-arva-light-kff\/\" \/>\n<meta property=\"og:site_name\" content=\"WaltLouise\" \/>\n<meta property=\"article:modified_time\" content=\"2024-04-02T10:09:35+00:00\" \/>\n<meta property=\"og:image\" content=\"https:\/\/www.waltlouise.be\/wp-content\/uploads\/2024\/04\/ARVA-LIGHT-chr-oA-kuf-KFF5-scaled.jpg\" \/>\n\t<meta property=\"og:image:width\" content=\"2560\" \/>\n\t<meta property=\"og:image:height\" content=\"1708\" \/>\n\t<meta property=\"og:image:type\" content=\"image\/jpeg\" \/>\n<meta name=\"twitter:card\" content=\"summary_large_image\" \/>\n<meta name=\"twitter:label1\" content=\"Geschatte leestijd\" \/>\n\t<meta name=\"twitter:data1\" content=\"1 minuut\" \/>\n<script type=\"application\/ld+json\" class=\"yoast-schema-graph\">{\"@context\":\"https:\/\/schema.org\",\"@graph\":[{\"@type\":\"WebPage\",\"@id\":\"https:\/\/www.waltlouise.be\/produit\/chaise-arva-light-kff\/\",\"url\":\"https:\/\/www.waltlouise.be\/produit\/chaise-arva-light-kff\/\",\"name\":\"Chaise Arva Light - KFF - WaltLouise\",\"isPartOf\":{\"@id\":\"https:\/\/www.waltlouise.be\/#website\"},\"primaryImageOfPage\":{\"@id\":\"https:\/\/www.waltlouise.be\/produit\/chaise-arva-light-kff\/#primaryimage\"},\"image\":{\"@id\":\"https:\/\/www.waltlouise.be\/produit\/chaise-arva-light-kff\/#primaryimage\"},\"thumbnailUrl\":\"https:\/\/www.waltlouise.be\/wp-content\/uploads\/2024\/04\/ARVA-LIGHT-chr-oA-kuf-KFF5-scaled.jpg\",\"datePublished\":\"2024-04-02T09:44:51+00:00\",\"dateModified\":\"2024-04-02T10:09:35+00:00\",\"description\":\"RVA LIGHT est la version fine et directement rembourr\u00e9e de la ligne ARVA au design Mid Century. La jolie chaise est de forme ergonomique, fermement rembourr\u00e9e avec un rembourrage de soutien au niveau du dossier. Avec un confort d'assise exceptionnel et un look l\u00e9ger mais saisissant, ARVA LIGHT est une chaise \u00e0 usage innovant.\",\"breadcrumb\":{\"@id\":\"https:\/\/www.waltlouise.be\/produit\/chaise-arva-light-kff\/#breadcrumb\"},\"inLanguage\":\"nl-NL\",\"potentialAction\":[{\"@type\":\"ReadAction\",\"target\":[\"https:\/\/www.waltlouise.be\/produit\/chaise-arva-light-kff\/\"]}]},{\"@type\":\"ImageObject\",\"inLanguage\":\"nl-NL\",\"@id\":\"https:\/\/www.waltlouise.be\/produit\/chaise-arva-light-kff\/#primaryimage\",\"url\":\"https:\/\/www.waltlouise.be\/wp-content\/uploads\/2024\/04\/ARVA-LIGHT-chr-oA-kuf-KFF5-scaled.jpg\",\"contentUrl\":\"https:\/\/www.waltlouise.be\/wp-content\/uploads\/2024\/04\/ARVA-LIGHT-chr-oA-kuf-KFF5-scaled.jpg\",\"width\":2560,\"height\":1708},{\"@type\":\"BreadcrumbList\",\"@id\":\"https:\/\/www.waltlouise.be\/produit\/chaise-arva-light-kff\/#breadcrumb\",\"itemListElement\":[{\"@type\":\"ListItem\",\"position\":1,\"name\":\"Accueil\",\"item\":\"https:\/\/www.waltlouise.be\/nl\/\"},{\"@type\":\"ListItem\",\"position\":2,\"name\":\"Onze producten\",\"item\":\"https:\/\/www.waltlouise.be\/nl\/onze-producten\/\"},{\"@type\":\"ListItem\",\"position\":3,\"name\":\"Chaise Arva Light &#8211; KFF\"}]},{\"@type\":\"WebSite\",\"@id\":\"https:\/\/www.waltlouise.be\/#website\",\"url\":\"https:\/\/www.waltlouise.be\/\",\"name\":\"WaltLouise\",\"description\":\"Walt Louise \u2013 Bienvenue sur le site de WaltLouise| Accueil | Des r\u00e9\u00e9ditions de vaisselier, de grandes \u00e9tag\u00e8res aux lignes \u00e9pur\u00e9es c\u00f4toient des pi\u00e8ces con\u00e7ues \u00e0 la demande.\",\"potentialAction\":[{\"@type\":\"SearchAction\",\"target\":{\"@type\":\"EntryPoint\",\"urlTemplate\":\"https:\/\/www.waltlouise.be\/?s={search_term_string}\"},\"query-input\":{\"@type\":\"PropertyValueSpecification\",\"valueRequired\":true,\"valueName\":\"search_term_string\"}}],\"inLanguage\":\"nl-NL\"}]}<\/script>\n<!-- \/ Yoast SEO plugin. -->","yoast_head_json":{"title":"Chaise Arva Light - KFF - WaltLouise","description":"RVA LIGHT est la version fine et directement rembourr\u00e9e de la ligne ARVA au design Mid Century. La jolie chaise est de forme ergonomique, fermement rembourr\u00e9e avec un rembourrage de soutien au niveau du dossier. Avec un confort d'assise exceptionnel et un look l\u00e9ger mais saisissant, ARVA LIGHT est une chaise \u00e0 usage innovant.","robots":{"index":"index","follow":"follow","max-snippet":"max-snippet:-1","max-image-preview":"max-image-preview:large","max-video-preview":"max-video-preview:-1"},"canonical":"https:\/\/www.waltlouise.be\/produit\/chaise-arva-light-kff\/","og_locale":"nl_NL","og_type":"article","og_title":"Chaise Arva Light - KFF - WaltLouise","og_description":"RVA LIGHT est la version fine et directement rembourr\u00e9e de la ligne ARVA au design Mid Century. La jolie chaise est de forme ergonomique, fermement rembourr\u00e9e avec un rembourrage de soutien au niveau du dossier. Avec un confort d'assise exceptionnel et un look l\u00e9ger mais saisissant, ARVA LIGHT est une chaise \u00e0 usage innovant.","og_url":"https:\/\/www.waltlouise.be\/produit\/chaise-arva-light-kff\/","og_site_name":"WaltLouise","article_modified_time":"2024-04-02T10:09:35+00:00","og_image":[{"width":2560,"height":1708,"url":"https:\/\/www.waltlouise.be\/wp-content\/uploads\/2024\/04\/ARVA-LIGHT-chr-oA-kuf-KFF5-scaled.jpg","type":"image\/jpeg"}],"twitter_card":"summary_large_image","twitter_misc":{"Geschatte leestijd":"1 minuut"},"schema":{"@context":"https:\/\/schema.org","@graph":[{"@type":"WebPage","@id":"https:\/\/www.waltlouise.be\/produit\/chaise-arva-light-kff\/","url":"https:\/\/www.waltlouise.be\/produit\/chaise-arva-light-kff\/","name":"Chaise Arva Light - KFF - WaltLouise","isPartOf":{"@id":"https:\/\/www.waltlouise.be\/#website"},"primaryImageOfPage":{"@id":"https:\/\/www.waltlouise.be\/produit\/chaise-arva-light-kff\/#primaryimage"},"image":{"@id":"https:\/\/www.waltlouise.be\/produit\/chaise-arva-light-kff\/#primaryimage"},"thumbnailUrl":"https:\/\/www.waltlouise.be\/wp-content\/uploads\/2024\/04\/ARVA-LIGHT-chr-oA-kuf-KFF5-scaled.jpg","datePublished":"2024-04-02T09:44:51+00:00","dateModified":"2024-04-02T10:09:35+00:00","description":"RVA LIGHT est la version fine et directement rembourr\u00e9e de la ligne ARVA au design Mid Century. La jolie chaise est de forme ergonomique, fermement rembourr\u00e9e avec un rembourrage de soutien au niveau du dossier. Avec un confort d'assise exceptionnel et un look l\u00e9ger mais saisissant, ARVA LIGHT est une chaise \u00e0 usage innovant.","breadcrumb":{"@id":"https:\/\/www.waltlouise.be\/produit\/chaise-arva-light-kff\/#breadcrumb"},"inLanguage":"nl-NL","potentialAction":[{"@type":"ReadAction","target":["https:\/\/www.waltlouise.be\/produit\/chaise-arva-light-kff\/"]}]},{"@type":"ImageObject","inLanguage":"nl-NL","@id":"https:\/\/www.waltlouise.be\/produit\/chaise-arva-light-kff\/#primaryimage","url":"https:\/\/www.waltlouise.be\/wp-content\/uploads\/2024\/04\/ARVA-LIGHT-chr-oA-kuf-KFF5-scaled.jpg","contentUrl":"https:\/\/www.waltlouise.be\/wp-content\/uploads\/2024\/04\/ARVA-LIGHT-chr-oA-kuf-KFF5-scaled.jpg","width":2560,"height":1708},{"@type":"BreadcrumbList","@id":"https:\/\/www.waltlouise.be\/produit\/chaise-arva-light-kff\/#breadcrumb","itemListElement":[{"@type":"ListItem","position":1,"name":"Accueil","item":"https:\/\/www.waltlouise.be\/nl\/"},{"@type":"ListItem","position":2,"name":"Onze producten","item":"https:\/\/www.waltlouise.be\/nl\/onze-producten\/"},{"@type":"ListItem","position":3,"name":"Chaise Arva Light &#8211; KFF"}]},{"@type":"WebSite","@id":"https:\/\/www.waltlouise.be\/#website","url":"https:\/\/www.waltlouise.be\/","name":"WaltLouise","description":"Walt Louise \u2013 Bienvenue sur le site de WaltLouise| Accueil | Des r\u00e9\u00e9ditions de vaisselier, de grandes \u00e9tag\u00e8res aux lignes \u00e9pur\u00e9es c\u00f4toient des pi\u00e8ces con\u00e7ues \u00e0 la demande.","potentialAction":[{"@type":"SearchAction","target":{"@type":"EntryPoint","urlTemplate":"https:\/\/www.waltlouise.be\/?s={search_term_string}"},"query-input":{"@type":"PropertyValueSpecification","valueRequired":true,"valueName":"search_term_string"}}],"inLanguage":"nl-NL"}]}},"_links":{"self":[{"href":"https:\/\/www.waltlouise.be\/nl\/wp-json\/wp\/v2\/product\/8300","targetHints":{"allow":["GET"]}}],"collection":[{"href":"https:\/\/www.waltlouise.be\/nl\/wp-json\/wp\/v2\/product"}],"about":[{"href":"https:\/\/www.waltlouise.be\/nl\/wp-json\/wp\/v2\/types\/product"}],"replies":[{"embeddable":true,"href":"https:\/\/www.waltlouise.be\/nl\/wp-json\/wp\/v2\/comments?post=8300"}],"wp:featuredmedia":[{"embeddable":true,"href":"https:\/\/www.waltlouise.be\/nl\/wp-json\/wp\/v2\/media\/8303"}],"wp:attachment":[{"href":"https:\/\/www.waltlouise.be\/nl\/wp-json\/wp\/v2\/media?parent=8300"}],"wp:term":[{"taxonomy":"product_brand","embeddable":true,"href":"https:\/\/www.waltlouise.be\/nl\/wp-json\/wp\/v2\/product_brand?post=8300"},{"taxonomy":"product_cat","embeddable":true,"href":"https:\/\/www.waltlouise.be\/nl\/wp-json\/wp\/v2\/product_cat?post=8300"},{"taxonomy":"product_tag","embeddable":true,"href":"https:\/\/www.waltlouise.be\/nl\/wp-json\/wp\/v2\/product_tag?post=8300"}],"curies":[{"name":"wp","href":"https:\/\/api.w.org\/{rel}","templated":true}]}}