{"id":8291,"date":"2024-03-30T16:36:34","date_gmt":"2024-03-30T15:36:34","guid":{"rendered":"https:\/\/www.waltlouise.be\/?post_type=product&#038;p=8291"},"modified":"2024-04-03T11:23:08","modified_gmt":"2024-04-03T09:23:08","slug":"table-mamut-passe-partout","status":"publish","type":"product","link":"https:\/\/www.waltlouise.be\/nl\/product\/table-mamut-passe-partout\/","title":{"rendered":"Table Mamut &#8211; Passe Partout"},"content":{"rendered":"<p>Fabricant belge et concepteur de canap\u00e9, Passe-Partout met l\u2019accent sur le confort, la ligne et le bonheur de profiter d\u2019un salon qui vous donne le sourire. Leur slogan \u00ab\u00a0 Enjoy life, enjoy your sofa\u00a0\u00bb traduit clairement leur motivation.<\/p>\n","protected":false},"excerpt":{"rendered":"<p>Avec son beau design, la table basse Mamut s&#8217;adapte \u00e0 tous les styles de vie. Qu&#8217;il s&#8217;agisse d&#8217;un int\u00e9rieur scandinave, moderne ou r\u00e9tro, Mamut s&#8217;adapte \u00e0 tout. Le plateau et les pieds sont en ch\u00eane massif. Il existe plusieurs options en termes de dimensions et de couleurs de finition.<\/p>\n","protected":false},"featured_media":8294,"comment_status":"open","ping_status":"closed","template":"","meta":{"_acf_changed":false},"product_brand":[],"product_cat":[96,102],"product_tag":[],"class_list":{"0":"post-8291","1":"product","2":"type-product","3":"status-publish","4":"has-post-thumbnail","6":"product_cat-salons","7":"product_cat-table-de-salon","9":"first","10":"instock","11":"shipping-taxable","12":"purchasable","13":"product-type-simple"},"acf":[],"yoast_head":"<!-- This site is optimized with the Yoast SEO plugin v27.2 - https:\/\/yoast.com\/product\/yoast-seo-wordpress\/ -->\n<title>Table Mamut - Passe Partout - WaltLouise<\/title>\n<meta name=\"description\" content=\"Avec son beau design, la table basse Mamut s&#039;adapte \u00e0 tous les styles de vie. Qu&#039;il s&#039;agisse d&#039;un int\u00e9rieur scandinave, moderne ou r\u00e9tro, Mamut s&#039;adapte \u00e0 tout. Le plateau et les pieds sont en ch\u00eane massif. Il existe plusieurs options en termes de dimensions et de couleurs de finition.\" \/>\n<meta name=\"robots\" content=\"index, follow, max-snippet:-1, max-image-preview:large, max-video-preview:-1\" \/>\n<link rel=\"canonical\" href=\"https:\/\/www.waltlouise.be\/produit\/table-mamut-passe-partout\/\" \/>\n<meta property=\"og:locale\" content=\"nl_NL\" \/>\n<meta property=\"og:type\" content=\"article\" \/>\n<meta property=\"og:title\" content=\"Table Mamut - Passe Partout - WaltLouise\" \/>\n<meta property=\"og:description\" content=\"Avec son beau design, la table basse Mamut s&#039;adapte \u00e0 tous les styles de vie. Qu&#039;il s&#039;agisse d&#039;un int\u00e9rieur scandinave, moderne ou r\u00e9tro, Mamut s&#039;adapte \u00e0 tout. Le plateau et les pieds sont en ch\u00eane massif. Il existe plusieurs options en termes de dimensions et de couleurs de finition.\" \/>\n<meta property=\"og:url\" content=\"https:\/\/www.waltlouise.be\/produit\/table-mamut-passe-partout\/\" \/>\n<meta property=\"og:site_name\" content=\"WaltLouise\" \/>\n<meta property=\"article:modified_time\" content=\"2024-04-03T09:23:08+00:00\" \/>\n<meta property=\"og:image\" content=\"https:\/\/www.waltlouise.be\/wp-content\/uploads\/2024\/03\/Table-de-salon-Mamut-Passe-Partout-bois-chene-noyer-2.jpeg\" \/>\n\t<meta property=\"og:image:width\" content=\"800\" \/>\n\t<meta property=\"og:image:height\" content=\"533\" \/>\n\t<meta property=\"og:image:type\" content=\"image\/jpeg\" \/>\n<meta name=\"twitter:card\" content=\"summary_large_image\" \/>\n<meta name=\"twitter:label1\" content=\"Geschatte leestijd\" \/>\n\t<meta name=\"twitter:data1\" content=\"1 minuut\" \/>\n<script type=\"application\/ld+json\" class=\"yoast-schema-graph\">{\"@context\":\"https:\/\/schema.org\",\"@graph\":[{\"@type\":\"WebPage\",\"@id\":\"https:\/\/www.waltlouise.be\/produit\/table-mamut-passe-partout\/\",\"url\":\"https:\/\/www.waltlouise.be\/produit\/table-mamut-passe-partout\/\",\"name\":\"Table Mamut - Passe Partout - WaltLouise\",\"isPartOf\":{\"@id\":\"https:\/\/www.waltlouise.be\/#website\"},\"primaryImageOfPage\":{\"@id\":\"https:\/\/www.waltlouise.be\/produit\/table-mamut-passe-partout\/#primaryimage\"},\"image\":{\"@id\":\"https:\/\/www.waltlouise.be\/produit\/table-mamut-passe-partout\/#primaryimage\"},\"thumbnailUrl\":\"https:\/\/www.waltlouise.be\/wp-content\/uploads\/2024\/03\/Table-de-salon-Mamut-Passe-Partout-bois-chene-noyer-2.jpeg\",\"datePublished\":\"2024-03-30T15:36:34+00:00\",\"dateModified\":\"2024-04-03T09:23:08+00:00\",\"description\":\"Avec son beau design, la table basse Mamut s'adapte \u00e0 tous les styles de vie. Qu'il s'agisse d'un int\u00e9rieur scandinave, moderne ou r\u00e9tro, Mamut s'adapte \u00e0 tout. Le plateau et les pieds sont en ch\u00eane massif. Il existe plusieurs options en termes de dimensions et de couleurs de finition.\",\"breadcrumb\":{\"@id\":\"https:\/\/www.waltlouise.be\/produit\/table-mamut-passe-partout\/#breadcrumb\"},\"inLanguage\":\"nl-NL\",\"potentialAction\":[{\"@type\":\"ReadAction\",\"target\":[\"https:\/\/www.waltlouise.be\/produit\/table-mamut-passe-partout\/\"]}]},{\"@type\":\"ImageObject\",\"inLanguage\":\"nl-NL\",\"@id\":\"https:\/\/www.waltlouise.be\/produit\/table-mamut-passe-partout\/#primaryimage\",\"url\":\"https:\/\/www.waltlouise.be\/wp-content\/uploads\/2024\/03\/Table-de-salon-Mamut-Passe-Partout-bois-chene-noyer-2.jpeg\",\"contentUrl\":\"https:\/\/www.waltlouise.be\/wp-content\/uploads\/2024\/03\/Table-de-salon-Mamut-Passe-Partout-bois-chene-noyer-2.jpeg\",\"width\":800,\"height\":533},{\"@type\":\"BreadcrumbList\",\"@id\":\"https:\/\/www.waltlouise.be\/produit\/table-mamut-passe-partout\/#breadcrumb\",\"itemListElement\":[{\"@type\":\"ListItem\",\"position\":1,\"name\":\"Accueil\",\"item\":\"https:\/\/www.waltlouise.be\/nl\/\"},{\"@type\":\"ListItem\",\"position\":2,\"name\":\"Onze producten\",\"item\":\"https:\/\/www.waltlouise.be\/nl\/onze-producten\/\"},{\"@type\":\"ListItem\",\"position\":3,\"name\":\"Table Mamut &#8211; Passe Partout\"}]},{\"@type\":\"WebSite\",\"@id\":\"https:\/\/www.waltlouise.be\/#website\",\"url\":\"https:\/\/www.waltlouise.be\/\",\"name\":\"WaltLouise\",\"description\":\"Walt Louise \u2013 Bienvenue sur le site de WaltLouise| Accueil | Des r\u00e9\u00e9ditions de vaisselier, de grandes \u00e9tag\u00e8res aux lignes \u00e9pur\u00e9es c\u00f4toient des pi\u00e8ces con\u00e7ues \u00e0 la demande.\",\"potentialAction\":[{\"@type\":\"SearchAction\",\"target\":{\"@type\":\"EntryPoint\",\"urlTemplate\":\"https:\/\/www.waltlouise.be\/?s={search_term_string}\"},\"query-input\":{\"@type\":\"PropertyValueSpecification\",\"valueRequired\":true,\"valueName\":\"search_term_string\"}}],\"inLanguage\":\"nl-NL\"}]}<\/script>\n<!-- \/ Yoast SEO plugin. -->","yoast_head_json":{"title":"Table Mamut - Passe Partout - WaltLouise","description":"Avec son beau design, la table basse Mamut s'adapte \u00e0 tous les styles de vie. Qu'il s'agisse d'un int\u00e9rieur scandinave, moderne ou r\u00e9tro, Mamut s'adapte \u00e0 tout. Le plateau et les pieds sont en ch\u00eane massif. Il existe plusieurs options en termes de dimensions et de couleurs de finition.","robots":{"index":"index","follow":"follow","max-snippet":"max-snippet:-1","max-image-preview":"max-image-preview:large","max-video-preview":"max-video-preview:-1"},"canonical":"https:\/\/www.waltlouise.be\/produit\/table-mamut-passe-partout\/","og_locale":"nl_NL","og_type":"article","og_title":"Table Mamut - Passe Partout - WaltLouise","og_description":"Avec son beau design, la table basse Mamut s'adapte \u00e0 tous les styles de vie. Qu'il s'agisse d'un int\u00e9rieur scandinave, moderne ou r\u00e9tro, Mamut s'adapte \u00e0 tout. Le plateau et les pieds sont en ch\u00eane massif. Il existe plusieurs options en termes de dimensions et de couleurs de finition.","og_url":"https:\/\/www.waltlouise.be\/produit\/table-mamut-passe-partout\/","og_site_name":"WaltLouise","article_modified_time":"2024-04-03T09:23:08+00:00","og_image":[{"width":800,"height":533,"url":"https:\/\/www.waltlouise.be\/wp-content\/uploads\/2024\/03\/Table-de-salon-Mamut-Passe-Partout-bois-chene-noyer-2.jpeg","type":"image\/jpeg"}],"twitter_card":"summary_large_image","twitter_misc":{"Geschatte leestijd":"1 minuut"},"schema":{"@context":"https:\/\/schema.org","@graph":[{"@type":"WebPage","@id":"https:\/\/www.waltlouise.be\/produit\/table-mamut-passe-partout\/","url":"https:\/\/www.waltlouise.be\/produit\/table-mamut-passe-partout\/","name":"Table Mamut - Passe Partout - WaltLouise","isPartOf":{"@id":"https:\/\/www.waltlouise.be\/#website"},"primaryImageOfPage":{"@id":"https:\/\/www.waltlouise.be\/produit\/table-mamut-passe-partout\/#primaryimage"},"image":{"@id":"https:\/\/www.waltlouise.be\/produit\/table-mamut-passe-partout\/#primaryimage"},"thumbnailUrl":"https:\/\/www.waltlouise.be\/wp-content\/uploads\/2024\/03\/Table-de-salon-Mamut-Passe-Partout-bois-chene-noyer-2.jpeg","datePublished":"2024-03-30T15:36:34+00:00","dateModified":"2024-04-03T09:23:08+00:00","description":"Avec son beau design, la table basse Mamut s'adapte \u00e0 tous les styles de vie. Qu'il s'agisse d'un int\u00e9rieur scandinave, moderne ou r\u00e9tro, Mamut s'adapte \u00e0 tout. Le plateau et les pieds sont en ch\u00eane massif. Il existe plusieurs options en termes de dimensions et de couleurs de finition.","breadcrumb":{"@id":"https:\/\/www.waltlouise.be\/produit\/table-mamut-passe-partout\/#breadcrumb"},"inLanguage":"nl-NL","potentialAction":[{"@type":"ReadAction","target":["https:\/\/www.waltlouise.be\/produit\/table-mamut-passe-partout\/"]}]},{"@type":"ImageObject","inLanguage":"nl-NL","@id":"https:\/\/www.waltlouise.be\/produit\/table-mamut-passe-partout\/#primaryimage","url":"https:\/\/www.waltlouise.be\/wp-content\/uploads\/2024\/03\/Table-de-salon-Mamut-Passe-Partout-bois-chene-noyer-2.jpeg","contentUrl":"https:\/\/www.waltlouise.be\/wp-content\/uploads\/2024\/03\/Table-de-salon-Mamut-Passe-Partout-bois-chene-noyer-2.jpeg","width":800,"height":533},{"@type":"BreadcrumbList","@id":"https:\/\/www.waltlouise.be\/produit\/table-mamut-passe-partout\/#breadcrumb","itemListElement":[{"@type":"ListItem","position":1,"name":"Accueil","item":"https:\/\/www.waltlouise.be\/nl\/"},{"@type":"ListItem","position":2,"name":"Onze producten","item":"https:\/\/www.waltlouise.be\/nl\/onze-producten\/"},{"@type":"ListItem","position":3,"name":"Table Mamut &#8211; Passe Partout"}]},{"@type":"WebSite","@id":"https:\/\/www.waltlouise.be\/#website","url":"https:\/\/www.waltlouise.be\/","name":"WaltLouise","description":"Walt Louise \u2013 Bienvenue sur le site de WaltLouise| Accueil | Des r\u00e9\u00e9ditions de vaisselier, de grandes \u00e9tag\u00e8res aux lignes \u00e9pur\u00e9es c\u00f4toient des pi\u00e8ces con\u00e7ues \u00e0 la demande.","potentialAction":[{"@type":"SearchAction","target":{"@type":"EntryPoint","urlTemplate":"https:\/\/www.waltlouise.be\/?s={search_term_string}"},"query-input":{"@type":"PropertyValueSpecification","valueRequired":true,"valueName":"search_term_string"}}],"inLanguage":"nl-NL"}]}},"_links":{"self":[{"href":"https:\/\/www.waltlouise.be\/nl\/wp-json\/wp\/v2\/product\/8291","targetHints":{"allow":["GET"]}}],"collection":[{"href":"https:\/\/www.waltlouise.be\/nl\/wp-json\/wp\/v2\/product"}],"about":[{"href":"https:\/\/www.waltlouise.be\/nl\/wp-json\/wp\/v2\/types\/product"}],"replies":[{"embeddable":true,"href":"https:\/\/www.waltlouise.be\/nl\/wp-json\/wp\/v2\/comments?post=8291"}],"wp:featuredmedia":[{"embeddable":true,"href":"https:\/\/www.waltlouise.be\/nl\/wp-json\/wp\/v2\/media\/8294"}],"wp:attachment":[{"href":"https:\/\/www.waltlouise.be\/nl\/wp-json\/wp\/v2\/media?parent=8291"}],"wp:term":[{"taxonomy":"product_brand","embeddable":true,"href":"https:\/\/www.waltlouise.be\/nl\/wp-json\/wp\/v2\/product_brand?post=8291"},{"taxonomy":"product_cat","embeddable":true,"href":"https:\/\/www.waltlouise.be\/nl\/wp-json\/wp\/v2\/product_cat?post=8291"},{"taxonomy":"product_tag","embeddable":true,"href":"https:\/\/www.waltlouise.be\/nl\/wp-json\/wp\/v2\/product_tag?post=8291"}],"curies":[{"name":"wp","href":"https:\/\/api.w.org\/{rel}","templated":true}]}}