{"id":8239,"date":"2024-03-30T15:02:26","date_gmt":"2024-03-30T14:02:26","guid":{"rendered":"https:\/\/www.waltlouise.be\/?post_type=product&#038;p=8239"},"modified":"2024-04-11T13:46:45","modified_gmt":"2024-04-11T11:46:45","slug":"canape-lit-alberto-passe-partout","status":"publish","type":"product","link":"https:\/\/www.waltlouise.be\/nl\/product\/canape-lit-alberto-passe-partout\/","title":{"rendered":"Canap\u00e9 Lit Alberto &#8211; Passe Partout"},"content":{"rendered":"<p>Le canap\u00e9-lit Alberto est un canap\u00e9 intemporel qui vous procurera un confort optimal. Son design classique se marie facilement avec tous les int\u00e9rieurs et s&#8217;adapte \u00e0 tout type de d\u00e9coration. Le canap\u00e9 se transforme rapidement en lit d&#8217;appoint et vous permettra d&#8217;accueillir amis et visiteurs occasionnels.<\/p>\n","protected":false},"excerpt":{"rendered":"<p>Fabricant belge et concepteur de canap\u00e9, Passe-Partout met l\u2019accent sur le confort, la ligne et le bonheur de profiter d\u2019un salon qui vous donne le sourire. Leur slogan \u00ab\u00a0 Enjoy life, enjoy your sofa\u00a0\u00bb traduit clairement leur motivation.<\/p>\n","protected":false},"featured_media":8246,"comment_status":"open","ping_status":"closed","template":"","meta":{"_acf_changed":false},"product_brand":[],"product_cat":[98,99,96],"product_tag":[],"class_list":{"0":"post-8239","1":"product","2":"type-product","3":"status-publish","4":"has-post-thumbnail","6":"product_cat-canapes","7":"product_cat-canapes-convertibles","8":"product_cat-salons","10":"first","11":"onbackorder","12":"shipping-taxable","13":"purchasable","14":"product-type-simple"},"acf":[],"yoast_head":"<!-- This site is optimized with the Yoast SEO plugin v27.2 - https:\/\/yoast.com\/product\/yoast-seo-wordpress\/ -->\n<title>Canap\u00e9 Lit Alberto - Passe Partout - WaltLouise<\/title>\n<meta name=\"description\" content=\"Fabricant belge et concepteur de canap\u00e9, Passe-Partout met l\u2019accent sur le confort, la ligne et le bonheur de profiter d\u2019un salon qui vous donne le sourire. Leur slogan \u00ab\u00a0 Enjoy life, enjoy your sofa\u00a0\u00bb traduit clairement leur motivation.\" \/>\n<meta name=\"robots\" content=\"index, follow, max-snippet:-1, max-image-preview:large, max-video-preview:-1\" \/>\n<link rel=\"canonical\" href=\"https:\/\/www.waltlouise.be\/produit\/canape-lit-alberto-passe-partout\/\" \/>\n<meta property=\"og:locale\" content=\"nl_NL\" \/>\n<meta property=\"og:type\" content=\"article\" \/>\n<meta property=\"og:title\" content=\"Canap\u00e9 Lit Alberto - Passe Partout - WaltLouise\" \/>\n<meta property=\"og:description\" content=\"Fabricant belge et concepteur de canap\u00e9, Passe-Partout met l\u2019accent sur le confort, la ligne et le bonheur de profiter d\u2019un salon qui vous donne le sourire. Leur slogan \u00ab\u00a0 Enjoy life, enjoy your sofa\u00a0\u00bb traduit clairement leur motivation.\" \/>\n<meta property=\"og:url\" content=\"https:\/\/www.waltlouise.be\/produit\/canape-lit-alberto-passe-partout\/\" \/>\n<meta property=\"og:site_name\" content=\"WaltLouise\" \/>\n<meta property=\"article:modified_time\" content=\"2024-04-11T11:46:45+00:00\" \/>\n<meta property=\"og:image\" content=\"https:\/\/www.waltlouise.be\/wp-content\/uploads\/2024\/03\/Canape-lit-Alberto-PASSE-PARTOUT-tissu-4.jpeg\" \/>\n\t<meta property=\"og:image:width\" content=\"2000\" \/>\n\t<meta property=\"og:image:height\" content=\"1333\" \/>\n\t<meta property=\"og:image:type\" content=\"image\/jpeg\" \/>\n<meta name=\"twitter:card\" content=\"summary_large_image\" \/>\n<meta name=\"twitter:label1\" content=\"Geschatte leestijd\" \/>\n\t<meta name=\"twitter:data1\" content=\"1 minuut\" \/>\n<script type=\"application\/ld+json\" class=\"yoast-schema-graph\">{\"@context\":\"https:\/\/schema.org\",\"@graph\":[{\"@type\":\"WebPage\",\"@id\":\"https:\/\/www.waltlouise.be\/produit\/canape-lit-alberto-passe-partout\/\",\"url\":\"https:\/\/www.waltlouise.be\/produit\/canape-lit-alberto-passe-partout\/\",\"name\":\"Canap\u00e9 Lit Alberto - Passe Partout - WaltLouise\",\"isPartOf\":{\"@id\":\"https:\/\/www.waltlouise.be\/#website\"},\"primaryImageOfPage\":{\"@id\":\"https:\/\/www.waltlouise.be\/produit\/canape-lit-alberto-passe-partout\/#primaryimage\"},\"image\":{\"@id\":\"https:\/\/www.waltlouise.be\/produit\/canape-lit-alberto-passe-partout\/#primaryimage\"},\"thumbnailUrl\":\"https:\/\/www.waltlouise.be\/wp-content\/uploads\/2024\/03\/Canape-lit-Alberto-PASSE-PARTOUT-tissu-4.jpeg\",\"datePublished\":\"2024-03-30T14:02:26+00:00\",\"dateModified\":\"2024-04-11T11:46:45+00:00\",\"description\":\"Fabricant belge et concepteur de canap\u00e9, Passe-Partout met l\u2019accent sur le confort, la ligne et le bonheur de profiter d\u2019un salon qui vous donne le sourire. Leur slogan \u00ab\u00a0 Enjoy life, enjoy your sofa\u00a0\u00bb traduit clairement leur motivation.\",\"breadcrumb\":{\"@id\":\"https:\/\/www.waltlouise.be\/produit\/canape-lit-alberto-passe-partout\/#breadcrumb\"},\"inLanguage\":\"nl-NL\",\"potentialAction\":[{\"@type\":\"ReadAction\",\"target\":[\"https:\/\/www.waltlouise.be\/produit\/canape-lit-alberto-passe-partout\/\"]}]},{\"@type\":\"ImageObject\",\"inLanguage\":\"nl-NL\",\"@id\":\"https:\/\/www.waltlouise.be\/produit\/canape-lit-alberto-passe-partout\/#primaryimage\",\"url\":\"https:\/\/www.waltlouise.be\/wp-content\/uploads\/2024\/03\/Canape-lit-Alberto-PASSE-PARTOUT-tissu-4.jpeg\",\"contentUrl\":\"https:\/\/www.waltlouise.be\/wp-content\/uploads\/2024\/03\/Canape-lit-Alberto-PASSE-PARTOUT-tissu-4.jpeg\",\"width\":2000,\"height\":1333},{\"@type\":\"BreadcrumbList\",\"@id\":\"https:\/\/www.waltlouise.be\/produit\/canape-lit-alberto-passe-partout\/#breadcrumb\",\"itemListElement\":[{\"@type\":\"ListItem\",\"position\":1,\"name\":\"Accueil\",\"item\":\"https:\/\/www.waltlouise.be\/nl\/\"},{\"@type\":\"ListItem\",\"position\":2,\"name\":\"Onze producten\",\"item\":\"https:\/\/www.waltlouise.be\/nl\/onze-producten\/\"},{\"@type\":\"ListItem\",\"position\":3,\"name\":\"Canap\u00e9 Lit Alberto &#8211; Passe Partout\"}]},{\"@type\":\"WebSite\",\"@id\":\"https:\/\/www.waltlouise.be\/#website\",\"url\":\"https:\/\/www.waltlouise.be\/\",\"name\":\"WaltLouise\",\"description\":\"Walt Louise \u2013 Bienvenue sur le site de WaltLouise| Accueil | Des r\u00e9\u00e9ditions de vaisselier, de grandes \u00e9tag\u00e8res aux lignes \u00e9pur\u00e9es c\u00f4toient des pi\u00e8ces con\u00e7ues \u00e0 la demande.\",\"potentialAction\":[{\"@type\":\"SearchAction\",\"target\":{\"@type\":\"EntryPoint\",\"urlTemplate\":\"https:\/\/www.waltlouise.be\/?s={search_term_string}\"},\"query-input\":{\"@type\":\"PropertyValueSpecification\",\"valueRequired\":true,\"valueName\":\"search_term_string\"}}],\"inLanguage\":\"nl-NL\"}]}<\/script>\n<!-- \/ Yoast SEO plugin. -->","yoast_head_json":{"title":"Canap\u00e9 Lit Alberto - Passe Partout - WaltLouise","description":"Fabricant belge et concepteur de canap\u00e9, Passe-Partout met l\u2019accent sur le confort, la ligne et le bonheur de profiter d\u2019un salon qui vous donne le sourire. Leur slogan \u00ab\u00a0 Enjoy life, enjoy your sofa\u00a0\u00bb traduit clairement leur motivation.","robots":{"index":"index","follow":"follow","max-snippet":"max-snippet:-1","max-image-preview":"max-image-preview:large","max-video-preview":"max-video-preview:-1"},"canonical":"https:\/\/www.waltlouise.be\/produit\/canape-lit-alberto-passe-partout\/","og_locale":"nl_NL","og_type":"article","og_title":"Canap\u00e9 Lit Alberto - Passe Partout - WaltLouise","og_description":"Fabricant belge et concepteur de canap\u00e9, Passe-Partout met l\u2019accent sur le confort, la ligne et le bonheur de profiter d\u2019un salon qui vous donne le sourire. Leur slogan \u00ab\u00a0 Enjoy life, enjoy your sofa\u00a0\u00bb traduit clairement leur motivation.","og_url":"https:\/\/www.waltlouise.be\/produit\/canape-lit-alberto-passe-partout\/","og_site_name":"WaltLouise","article_modified_time":"2024-04-11T11:46:45+00:00","og_image":[{"width":2000,"height":1333,"url":"https:\/\/www.waltlouise.be\/wp-content\/uploads\/2024\/03\/Canape-lit-Alberto-PASSE-PARTOUT-tissu-4.jpeg","type":"image\/jpeg"}],"twitter_card":"summary_large_image","twitter_misc":{"Geschatte leestijd":"1 minuut"},"schema":{"@context":"https:\/\/schema.org","@graph":[{"@type":"WebPage","@id":"https:\/\/www.waltlouise.be\/produit\/canape-lit-alberto-passe-partout\/","url":"https:\/\/www.waltlouise.be\/produit\/canape-lit-alberto-passe-partout\/","name":"Canap\u00e9 Lit Alberto - Passe Partout - WaltLouise","isPartOf":{"@id":"https:\/\/www.waltlouise.be\/#website"},"primaryImageOfPage":{"@id":"https:\/\/www.waltlouise.be\/produit\/canape-lit-alberto-passe-partout\/#primaryimage"},"image":{"@id":"https:\/\/www.waltlouise.be\/produit\/canape-lit-alberto-passe-partout\/#primaryimage"},"thumbnailUrl":"https:\/\/www.waltlouise.be\/wp-content\/uploads\/2024\/03\/Canape-lit-Alberto-PASSE-PARTOUT-tissu-4.jpeg","datePublished":"2024-03-30T14:02:26+00:00","dateModified":"2024-04-11T11:46:45+00:00","description":"Fabricant belge et concepteur de canap\u00e9, Passe-Partout met l\u2019accent sur le confort, la ligne et le bonheur de profiter d\u2019un salon qui vous donne le sourire. Leur slogan \u00ab\u00a0 Enjoy life, enjoy your sofa\u00a0\u00bb traduit clairement leur motivation.","breadcrumb":{"@id":"https:\/\/www.waltlouise.be\/produit\/canape-lit-alberto-passe-partout\/#breadcrumb"},"inLanguage":"nl-NL","potentialAction":[{"@type":"ReadAction","target":["https:\/\/www.waltlouise.be\/produit\/canape-lit-alberto-passe-partout\/"]}]},{"@type":"ImageObject","inLanguage":"nl-NL","@id":"https:\/\/www.waltlouise.be\/produit\/canape-lit-alberto-passe-partout\/#primaryimage","url":"https:\/\/www.waltlouise.be\/wp-content\/uploads\/2024\/03\/Canape-lit-Alberto-PASSE-PARTOUT-tissu-4.jpeg","contentUrl":"https:\/\/www.waltlouise.be\/wp-content\/uploads\/2024\/03\/Canape-lit-Alberto-PASSE-PARTOUT-tissu-4.jpeg","width":2000,"height":1333},{"@type":"BreadcrumbList","@id":"https:\/\/www.waltlouise.be\/produit\/canape-lit-alberto-passe-partout\/#breadcrumb","itemListElement":[{"@type":"ListItem","position":1,"name":"Accueil","item":"https:\/\/www.waltlouise.be\/nl\/"},{"@type":"ListItem","position":2,"name":"Onze producten","item":"https:\/\/www.waltlouise.be\/nl\/onze-producten\/"},{"@type":"ListItem","position":3,"name":"Canap\u00e9 Lit Alberto &#8211; Passe Partout"}]},{"@type":"WebSite","@id":"https:\/\/www.waltlouise.be\/#website","url":"https:\/\/www.waltlouise.be\/","name":"WaltLouise","description":"Walt Louise \u2013 Bienvenue sur le site de WaltLouise| Accueil | Des r\u00e9\u00e9ditions de vaisselier, de grandes \u00e9tag\u00e8res aux lignes \u00e9pur\u00e9es c\u00f4toient des pi\u00e8ces con\u00e7ues \u00e0 la demande.","potentialAction":[{"@type":"SearchAction","target":{"@type":"EntryPoint","urlTemplate":"https:\/\/www.waltlouise.be\/?s={search_term_string}"},"query-input":{"@type":"PropertyValueSpecification","valueRequired":true,"valueName":"search_term_string"}}],"inLanguage":"nl-NL"}]}},"_links":{"self":[{"href":"https:\/\/www.waltlouise.be\/nl\/wp-json\/wp\/v2\/product\/8239","targetHints":{"allow":["GET"]}}],"collection":[{"href":"https:\/\/www.waltlouise.be\/nl\/wp-json\/wp\/v2\/product"}],"about":[{"href":"https:\/\/www.waltlouise.be\/nl\/wp-json\/wp\/v2\/types\/product"}],"replies":[{"embeddable":true,"href":"https:\/\/www.waltlouise.be\/nl\/wp-json\/wp\/v2\/comments?post=8239"}],"wp:featuredmedia":[{"embeddable":true,"href":"https:\/\/www.waltlouise.be\/nl\/wp-json\/wp\/v2\/media\/8246"}],"wp:attachment":[{"href":"https:\/\/www.waltlouise.be\/nl\/wp-json\/wp\/v2\/media?parent=8239"}],"wp:term":[{"taxonomy":"product_brand","embeddable":true,"href":"https:\/\/www.waltlouise.be\/nl\/wp-json\/wp\/v2\/product_brand?post=8239"},{"taxonomy":"product_cat","embeddable":true,"href":"https:\/\/www.waltlouise.be\/nl\/wp-json\/wp\/v2\/product_cat?post=8239"},{"taxonomy":"product_tag","embeddable":true,"href":"https:\/\/www.waltlouise.be\/nl\/wp-json\/wp\/v2\/product_tag?post=8239"}],"curies":[{"name":"wp","href":"https:\/\/api.w.org\/{rel}","templated":true}]}}