{"id":8224,"date":"2024-03-30T14:33:23","date_gmt":"2024-03-30T13:33:23","guid":{"rendered":"https:\/\/www.waltlouise.be\/?post_type=product&#038;p=8224"},"modified":"2024-04-03T11:29:41","modified_gmt":"2024-04-03T09:29:41","slug":"table-dolmen-mobitec","status":"publish","type":"product","link":"https:\/\/www.waltlouise.be\/nl\/product\/table-dolmen-mobitec\/","title":{"rendered":"Table Dolmen &#8211; Mobitec"},"content":{"rendered":"<p>Marque Belge, Mobitec imagine une collection de tables et de chaises contemporaines, pratiques, intemporelles, \u00e9labor\u00e9e avec des mat\u00e9riaux de qualit\u00e9. Les articles Mobitec, sont fabriqu\u00e9s selon les sp\u00e9cifications du client et s\u2019int\u00e8grent donc parfaitement \u00e0 votre int\u00e9rieur.<\/p>\n","protected":false},"excerpt":{"rendered":"<p>Vous n\u2019aimez pas les tables produites en s\u00e9rie, qui se ressemblent toutes ? Dolmen va vous plaire ! Avec son plateau en ch\u00eane massif \u00e0 la forme asym\u00e9trique, voil\u00e0 une table qui ne passe pas inaper\u00e7ue.<\/p>\n<p>Son pi\u00e9tement \u00e0 la forme originale peut \u00eatre orient\u00e9 vers l\u2019ext\u00e9rieur ou l\u2019int\u00e9rieur, selon vos pr\u00e9f\u00e9rences.<\/p>\n<p>3 bonnes raisons de choisir cette table<\/p>\n<ul>\n<li>Forme unique<\/li>\n<li>Bois massif<\/li>\n<li>Jusqu\u2019\u00e0 3 m. de long<\/li>\n<\/ul>\n<p>&nbsp;<\/p>\n<div class=\"btn-inner\"><\/div>\n","protected":false},"featured_media":8229,"comment_status":"open","ping_status":"closed","template":"","meta":{"_acf_changed":false},"product_brand":[],"product_cat":[88,92],"product_tag":[],"class_list":{"0":"post-8224","1":"product","2":"type-product","3":"status-publish","4":"has-post-thumbnail","6":"product_cat-salle-a-manger","7":"product_cat-tables-fixes","9":"first","10":"instock","11":"shipping-taxable","12":"purchasable","13":"product-type-simple"},"acf":[],"yoast_head":"<!-- This site is optimized with the Yoast SEO plugin v27.2 - https:\/\/yoast.com\/product\/yoast-seo-wordpress\/ -->\n<title>Table Dolmen - Mobitec - WaltLouise<\/title>\n<meta name=\"description\" content=\"Vous n\u2019aimez pas les tables produites en s\u00e9rie, qui se ressemblent toutes ? Dolmen va vous plaire ! Avec son plateau en ch\u00eane massif \u00e0 la forme asym\u00e9trique, voil\u00e0 une table qui ne passe pas inaper\u00e7ue.  Son pi\u00e9tement \u00e0 la forme originale peut \u00eatre orient\u00e9 vers l\u2019ext\u00e9rieur ou l\u2019int\u00e9rieur, selon vos pr\u00e9f\u00e9rences.  3 bonnes raisons de choisir cette table   Forme unique  Bois massif  Jusqu\u2019\u00e0 3 m. de long  &nbsp;\" \/>\n<meta name=\"robots\" content=\"index, follow, max-snippet:-1, max-image-preview:large, max-video-preview:-1\" \/>\n<link rel=\"canonical\" href=\"https:\/\/www.waltlouise.be\/produit\/table-dolmen-mobitec\/\" \/>\n<meta property=\"og:locale\" content=\"nl_NL\" \/>\n<meta property=\"og:type\" content=\"article\" \/>\n<meta property=\"og:title\" content=\"Table Dolmen - Mobitec - WaltLouise\" \/>\n<meta property=\"og:description\" content=\"Vous n\u2019aimez pas les tables produites en s\u00e9rie, qui se ressemblent toutes ? Dolmen va vous plaire ! Avec son plateau en ch\u00eane massif \u00e0 la forme asym\u00e9trique, voil\u00e0 une table qui ne passe pas inaper\u00e7ue.  Son pi\u00e9tement \u00e0 la forme originale peut \u00eatre orient\u00e9 vers l\u2019ext\u00e9rieur ou l\u2019int\u00e9rieur, selon vos pr\u00e9f\u00e9rences.  3 bonnes raisons de choisir cette table   Forme unique  Bois massif  Jusqu\u2019\u00e0 3 m. de long  &nbsp;\" \/>\n<meta property=\"og:url\" content=\"https:\/\/www.waltlouise.be\/produit\/table-dolmen-mobitec\/\" \/>\n<meta property=\"og:site_name\" content=\"WaltLouise\" \/>\n<meta property=\"article:modified_time\" content=\"2024-04-03T09:29:41+00:00\" \/>\n<meta property=\"og:image\" content=\"https:\/\/www.waltlouise.be\/wp-content\/uploads\/2024\/03\/Table-Dolmen-MOBITEC-pied-bois-noyer-chene-3.webp\" \/>\n\t<meta property=\"og:image:width\" content=\"1920\" \/>\n\t<meta property=\"og:image:height\" content=\"1080\" \/>\n\t<meta property=\"og:image:type\" content=\"image\/webp\" \/>\n<meta name=\"twitter:card\" content=\"summary_large_image\" \/>\n<meta name=\"twitter:label1\" content=\"Geschatte leestijd\" \/>\n\t<meta name=\"twitter:data1\" content=\"1 minuut\" \/>\n<script type=\"application\/ld+json\" class=\"yoast-schema-graph\">{\"@context\":\"https:\/\/schema.org\",\"@graph\":[{\"@type\":\"WebPage\",\"@id\":\"https:\/\/www.waltlouise.be\/produit\/table-dolmen-mobitec\/\",\"url\":\"https:\/\/www.waltlouise.be\/produit\/table-dolmen-mobitec\/\",\"name\":\"Table Dolmen - Mobitec - WaltLouise\",\"isPartOf\":{\"@id\":\"https:\/\/www.waltlouise.be\/#website\"},\"primaryImageOfPage\":{\"@id\":\"https:\/\/www.waltlouise.be\/produit\/table-dolmen-mobitec\/#primaryimage\"},\"image\":{\"@id\":\"https:\/\/www.waltlouise.be\/produit\/table-dolmen-mobitec\/#primaryimage\"},\"thumbnailUrl\":\"https:\/\/www.waltlouise.be\/wp-content\/uploads\/2024\/03\/Table-Dolmen-MOBITEC-pied-bois-noyer-chene-3.webp\",\"datePublished\":\"2024-03-30T13:33:23+00:00\",\"dateModified\":\"2024-04-03T09:29:41+00:00\",\"description\":\"Vous n\u2019aimez pas les tables produites en s\u00e9rie, qui se ressemblent toutes ? Dolmen va vous plaire ! Avec son plateau en ch\u00eane massif \u00e0 la forme asym\u00e9trique, voil\u00e0 une table qui ne passe pas inaper\u00e7ue. Son pi\u00e9tement \u00e0 la forme originale peut \u00eatre orient\u00e9 vers l\u2019ext\u00e9rieur ou l\u2019int\u00e9rieur, selon vos pr\u00e9f\u00e9rences. 3 bonnes raisons de choisir cette table Forme unique Bois massif Jusqu\u2019\u00e0 3 m. de long &nbsp;\",\"breadcrumb\":{\"@id\":\"https:\/\/www.waltlouise.be\/produit\/table-dolmen-mobitec\/#breadcrumb\"},\"inLanguage\":\"nl-NL\",\"potentialAction\":[{\"@type\":\"ReadAction\",\"target\":[\"https:\/\/www.waltlouise.be\/produit\/table-dolmen-mobitec\/\"]}]},{\"@type\":\"ImageObject\",\"inLanguage\":\"nl-NL\",\"@id\":\"https:\/\/www.waltlouise.be\/produit\/table-dolmen-mobitec\/#primaryimage\",\"url\":\"https:\/\/www.waltlouise.be\/wp-content\/uploads\/2024\/03\/Table-Dolmen-MOBITEC-pied-bois-noyer-chene-3.webp\",\"contentUrl\":\"https:\/\/www.waltlouise.be\/wp-content\/uploads\/2024\/03\/Table-Dolmen-MOBITEC-pied-bois-noyer-chene-3.webp\",\"width\":1920,\"height\":1080},{\"@type\":\"BreadcrumbList\",\"@id\":\"https:\/\/www.waltlouise.be\/produit\/table-dolmen-mobitec\/#breadcrumb\",\"itemListElement\":[{\"@type\":\"ListItem\",\"position\":1,\"name\":\"Accueil\",\"item\":\"https:\/\/www.waltlouise.be\/nl\/\"},{\"@type\":\"ListItem\",\"position\":2,\"name\":\"Onze producten\",\"item\":\"https:\/\/www.waltlouise.be\/nl\/onze-producten\/\"},{\"@type\":\"ListItem\",\"position\":3,\"name\":\"Table Dolmen &#8211; Mobitec\"}]},{\"@type\":\"WebSite\",\"@id\":\"https:\/\/www.waltlouise.be\/#website\",\"url\":\"https:\/\/www.waltlouise.be\/\",\"name\":\"WaltLouise\",\"description\":\"Walt Louise \u2013 Bienvenue sur le site de WaltLouise| Accueil | Des r\u00e9\u00e9ditions de vaisselier, de grandes \u00e9tag\u00e8res aux lignes \u00e9pur\u00e9es c\u00f4toient des pi\u00e8ces con\u00e7ues \u00e0 la demande.\",\"potentialAction\":[{\"@type\":\"SearchAction\",\"target\":{\"@type\":\"EntryPoint\",\"urlTemplate\":\"https:\/\/www.waltlouise.be\/?s={search_term_string}\"},\"query-input\":{\"@type\":\"PropertyValueSpecification\",\"valueRequired\":true,\"valueName\":\"search_term_string\"}}],\"inLanguage\":\"nl-NL\"}]}<\/script>\n<!-- \/ Yoast SEO plugin. -->","yoast_head_json":{"title":"Table Dolmen - Mobitec - WaltLouise","description":"Vous n\u2019aimez pas les tables produites en s\u00e9rie, qui se ressemblent toutes ? Dolmen va vous plaire ! Avec son plateau en ch\u00eane massif \u00e0 la forme asym\u00e9trique, voil\u00e0 une table qui ne passe pas inaper\u00e7ue.  Son pi\u00e9tement \u00e0 la forme originale peut \u00eatre orient\u00e9 vers l\u2019ext\u00e9rieur ou l\u2019int\u00e9rieur, selon vos pr\u00e9f\u00e9rences.  3 bonnes raisons de choisir cette table   Forme unique  Bois massif  Jusqu\u2019\u00e0 3 m. de long  &nbsp;","robots":{"index":"index","follow":"follow","max-snippet":"max-snippet:-1","max-image-preview":"max-image-preview:large","max-video-preview":"max-video-preview:-1"},"canonical":"https:\/\/www.waltlouise.be\/produit\/table-dolmen-mobitec\/","og_locale":"nl_NL","og_type":"article","og_title":"Table Dolmen - Mobitec - WaltLouise","og_description":"Vous n\u2019aimez pas les tables produites en s\u00e9rie, qui se ressemblent toutes ? Dolmen va vous plaire ! Avec son plateau en ch\u00eane massif \u00e0 la forme asym\u00e9trique, voil\u00e0 une table qui ne passe pas inaper\u00e7ue.  Son pi\u00e9tement \u00e0 la forme originale peut \u00eatre orient\u00e9 vers l\u2019ext\u00e9rieur ou l\u2019int\u00e9rieur, selon vos pr\u00e9f\u00e9rences.  3 bonnes raisons de choisir cette table   Forme unique  Bois massif  Jusqu\u2019\u00e0 3 m. de long  &nbsp;","og_url":"https:\/\/www.waltlouise.be\/produit\/table-dolmen-mobitec\/","og_site_name":"WaltLouise","article_modified_time":"2024-04-03T09:29:41+00:00","og_image":[{"width":1920,"height":1080,"url":"https:\/\/www.waltlouise.be\/wp-content\/uploads\/2024\/03\/Table-Dolmen-MOBITEC-pied-bois-noyer-chene-3.webp","type":"image\/webp"}],"twitter_card":"summary_large_image","twitter_misc":{"Geschatte leestijd":"1 minuut"},"schema":{"@context":"https:\/\/schema.org","@graph":[{"@type":"WebPage","@id":"https:\/\/www.waltlouise.be\/produit\/table-dolmen-mobitec\/","url":"https:\/\/www.waltlouise.be\/produit\/table-dolmen-mobitec\/","name":"Table Dolmen - Mobitec - WaltLouise","isPartOf":{"@id":"https:\/\/www.waltlouise.be\/#website"},"primaryImageOfPage":{"@id":"https:\/\/www.waltlouise.be\/produit\/table-dolmen-mobitec\/#primaryimage"},"image":{"@id":"https:\/\/www.waltlouise.be\/produit\/table-dolmen-mobitec\/#primaryimage"},"thumbnailUrl":"https:\/\/www.waltlouise.be\/wp-content\/uploads\/2024\/03\/Table-Dolmen-MOBITEC-pied-bois-noyer-chene-3.webp","datePublished":"2024-03-30T13:33:23+00:00","dateModified":"2024-04-03T09:29:41+00:00","description":"Vous n\u2019aimez pas les tables produites en s\u00e9rie, qui se ressemblent toutes ? Dolmen va vous plaire ! Avec son plateau en ch\u00eane massif \u00e0 la forme asym\u00e9trique, voil\u00e0 une table qui ne passe pas inaper\u00e7ue. Son pi\u00e9tement \u00e0 la forme originale peut \u00eatre orient\u00e9 vers l\u2019ext\u00e9rieur ou l\u2019int\u00e9rieur, selon vos pr\u00e9f\u00e9rences. 3 bonnes raisons de choisir cette table Forme unique Bois massif Jusqu\u2019\u00e0 3 m. de long &nbsp;","breadcrumb":{"@id":"https:\/\/www.waltlouise.be\/produit\/table-dolmen-mobitec\/#breadcrumb"},"inLanguage":"nl-NL","potentialAction":[{"@type":"ReadAction","target":["https:\/\/www.waltlouise.be\/produit\/table-dolmen-mobitec\/"]}]},{"@type":"ImageObject","inLanguage":"nl-NL","@id":"https:\/\/www.waltlouise.be\/produit\/table-dolmen-mobitec\/#primaryimage","url":"https:\/\/www.waltlouise.be\/wp-content\/uploads\/2024\/03\/Table-Dolmen-MOBITEC-pied-bois-noyer-chene-3.webp","contentUrl":"https:\/\/www.waltlouise.be\/wp-content\/uploads\/2024\/03\/Table-Dolmen-MOBITEC-pied-bois-noyer-chene-3.webp","width":1920,"height":1080},{"@type":"BreadcrumbList","@id":"https:\/\/www.waltlouise.be\/produit\/table-dolmen-mobitec\/#breadcrumb","itemListElement":[{"@type":"ListItem","position":1,"name":"Accueil","item":"https:\/\/www.waltlouise.be\/nl\/"},{"@type":"ListItem","position":2,"name":"Onze producten","item":"https:\/\/www.waltlouise.be\/nl\/onze-producten\/"},{"@type":"ListItem","position":3,"name":"Table Dolmen &#8211; Mobitec"}]},{"@type":"WebSite","@id":"https:\/\/www.waltlouise.be\/#website","url":"https:\/\/www.waltlouise.be\/","name":"WaltLouise","description":"Walt Louise \u2013 Bienvenue sur le site de WaltLouise| Accueil | Des r\u00e9\u00e9ditions de vaisselier, de grandes \u00e9tag\u00e8res aux lignes \u00e9pur\u00e9es c\u00f4toient des pi\u00e8ces con\u00e7ues \u00e0 la demande.","potentialAction":[{"@type":"SearchAction","target":{"@type":"EntryPoint","urlTemplate":"https:\/\/www.waltlouise.be\/?s={search_term_string}"},"query-input":{"@type":"PropertyValueSpecification","valueRequired":true,"valueName":"search_term_string"}}],"inLanguage":"nl-NL"}]}},"_links":{"self":[{"href":"https:\/\/www.waltlouise.be\/nl\/wp-json\/wp\/v2\/product\/8224","targetHints":{"allow":["GET"]}}],"collection":[{"href":"https:\/\/www.waltlouise.be\/nl\/wp-json\/wp\/v2\/product"}],"about":[{"href":"https:\/\/www.waltlouise.be\/nl\/wp-json\/wp\/v2\/types\/product"}],"replies":[{"embeddable":true,"href":"https:\/\/www.waltlouise.be\/nl\/wp-json\/wp\/v2\/comments?post=8224"}],"wp:featuredmedia":[{"embeddable":true,"href":"https:\/\/www.waltlouise.be\/nl\/wp-json\/wp\/v2\/media\/8229"}],"wp:attachment":[{"href":"https:\/\/www.waltlouise.be\/nl\/wp-json\/wp\/v2\/media?parent=8224"}],"wp:term":[{"taxonomy":"product_brand","embeddable":true,"href":"https:\/\/www.waltlouise.be\/nl\/wp-json\/wp\/v2\/product_brand?post=8224"},{"taxonomy":"product_cat","embeddable":true,"href":"https:\/\/www.waltlouise.be\/nl\/wp-json\/wp\/v2\/product_cat?post=8224"},{"taxonomy":"product_tag","embeddable":true,"href":"https:\/\/www.waltlouise.be\/nl\/wp-json\/wp\/v2\/product_tag?post=8224"}],"curies":[{"name":"wp","href":"https:\/\/api.w.org\/{rel}","templated":true}]}}