{"id":8215,"date":"2024-03-30T14:18:18","date_gmt":"2024-03-30T13:18:18","guid":{"rendered":"https:\/\/www.waltlouise.be\/?post_type=product&#038;p=8215"},"modified":"2024-03-30T14:18:18","modified_gmt":"2024-03-30T13:18:18","slug":"chaise-toro-mobitec","status":"publish","type":"product","link":"https:\/\/www.waltlouise.be\/nl\/product\/chaise-toro-mobitec\/","title":{"rendered":"Chaise Toro &#8211; Mobitec"},"content":{"rendered":"<p>Marque Belge, Mobitec imagine une collection de tables et de chaises contemporaines, pratiques, intemporelles, \u00e9labor\u00e9e avec des mat\u00e9riaux de qualit\u00e9. Les articles Mobitec, sont fabriqu\u00e9s selon les sp\u00e9cifications du client et s\u2019int\u00e8grent donc parfaitement \u00e0 votre int\u00e9rieur.<\/p>\n","protected":false},"excerpt":{"rendered":"<p>Associez deux rev\u00eatements de votre choix pour garnir l\u2019assise et le dossier de cette chaise Toro \u00e0 pi\u00e9tement bois. \u00c0 la fois l\u00e9g\u00e8re et confortable, la chaise Toro est particuli\u00e8rement polyvalente et trouve sa place \u00e0 la fois dans les int\u00e9rieurs priv\u00e9s ou professionnels.<\/p>\n<p>Le pi\u00e9tement bois est disponible en h\u00eatre, en ch\u00eane ou en noyer dans diff\u00e9rentes teintes et finitions.<\/p>\n","protected":false},"featured_media":8222,"comment_status":"open","ping_status":"closed","template":"","meta":{"_acf_changed":false},"product_brand":[],"product_cat":[89,88],"product_tag":[],"class_list":{"0":"post-8215","1":"product","2":"type-product","3":"status-publish","4":"has-post-thumbnail","6":"product_cat-chaises-2","7":"product_cat-salle-a-manger","9":"first","10":"instock","11":"shipping-taxable","12":"purchasable","13":"product-type-simple"},"acf":[],"yoast_head":"<!-- This site is optimized with the Yoast SEO plugin v27.2 - https:\/\/yoast.com\/product\/yoast-seo-wordpress\/ -->\n<title>Chaise Toro - Mobitec - WaltLouise<\/title>\n<meta name=\"description\" content=\"Associez deux rev\u00eatements de votre choix pour garnir l\u2019assise et le dossier de cette chaise Toro \u00e0 pi\u00e9tement bois. \u00c0 la fois l\u00e9g\u00e8re et confortable, la chaise Toro est particuli\u00e8rement polyvalente et trouve sa place \u00e0 la fois dans les int\u00e9rieurs priv\u00e9s ou professionnels.  Le pi\u00e9tement bois est disponible en h\u00eatre, en ch\u00eane ou en noyer dans diff\u00e9rentes teintes et finitions.\" \/>\n<meta name=\"robots\" content=\"index, follow, max-snippet:-1, max-image-preview:large, max-video-preview:-1\" \/>\n<link rel=\"canonical\" href=\"https:\/\/www.waltlouise.be\/produit\/chaise-toro-mobitec\/\" \/>\n<meta property=\"og:locale\" content=\"nl_NL\" \/>\n<meta property=\"og:type\" content=\"article\" \/>\n<meta property=\"og:title\" content=\"Chaise Toro - Mobitec - WaltLouise\" \/>\n<meta property=\"og:description\" content=\"Associez deux rev\u00eatements de votre choix pour garnir l\u2019assise et le dossier de cette chaise Toro \u00e0 pi\u00e9tement bois. \u00c0 la fois l\u00e9g\u00e8re et confortable, la chaise Toro est particuli\u00e8rement polyvalente et trouve sa place \u00e0 la fois dans les int\u00e9rieurs priv\u00e9s ou professionnels.  Le pi\u00e9tement bois est disponible en h\u00eatre, en ch\u00eane ou en noyer dans diff\u00e9rentes teintes et finitions.\" \/>\n<meta property=\"og:url\" content=\"https:\/\/www.waltlouise.be\/produit\/chaise-toro-mobitec\/\" \/>\n<meta property=\"og:site_name\" content=\"WaltLouise\" \/>\n<meta property=\"og:image\" content=\"https:\/\/www.waltlouise.be\/wp-content\/uploads\/2024\/03\/Chaise-Toro-MOBITEC-tissu-cuir-pied-bois-metal.webp\" \/>\n\t<meta property=\"og:image:width\" content=\"1920\" \/>\n\t<meta property=\"og:image:height\" content=\"1080\" \/>\n\t<meta property=\"og:image:type\" content=\"image\/webp\" \/>\n<meta name=\"twitter:card\" content=\"summary_large_image\" \/>\n<meta name=\"twitter:label1\" content=\"Geschatte leestijd\" \/>\n\t<meta name=\"twitter:data1\" content=\"1 minuut\" \/>\n<script type=\"application\/ld+json\" class=\"yoast-schema-graph\">{\"@context\":\"https:\/\/schema.org\",\"@graph\":[{\"@type\":\"WebPage\",\"@id\":\"https:\/\/www.waltlouise.be\/produit\/chaise-toro-mobitec\/\",\"url\":\"https:\/\/www.waltlouise.be\/produit\/chaise-toro-mobitec\/\",\"name\":\"Chaise Toro - Mobitec - WaltLouise\",\"isPartOf\":{\"@id\":\"https:\/\/www.waltlouise.be\/#website\"},\"primaryImageOfPage\":{\"@id\":\"https:\/\/www.waltlouise.be\/produit\/chaise-toro-mobitec\/#primaryimage\"},\"image\":{\"@id\":\"https:\/\/www.waltlouise.be\/produit\/chaise-toro-mobitec\/#primaryimage\"},\"thumbnailUrl\":\"https:\/\/www.waltlouise.be\/wp-content\/uploads\/2024\/03\/Chaise-Toro-MOBITEC-tissu-cuir-pied-bois-metal.webp\",\"datePublished\":\"2024-03-30T13:18:18+00:00\",\"description\":\"Associez deux rev\u00eatements de votre choix pour garnir l\u2019assise et le dossier de cette chaise Toro \u00e0 pi\u00e9tement bois. \u00c0 la fois l\u00e9g\u00e8re et confortable, la chaise Toro est particuli\u00e8rement polyvalente et trouve sa place \u00e0 la fois dans les int\u00e9rieurs priv\u00e9s ou professionnels. Le pi\u00e9tement bois est disponible en h\u00eatre, en ch\u00eane ou en noyer dans diff\u00e9rentes teintes et finitions.\",\"breadcrumb\":{\"@id\":\"https:\/\/www.waltlouise.be\/produit\/chaise-toro-mobitec\/#breadcrumb\"},\"inLanguage\":\"nl-NL\",\"potentialAction\":[{\"@type\":\"ReadAction\",\"target\":[\"https:\/\/www.waltlouise.be\/produit\/chaise-toro-mobitec\/\"]}]},{\"@type\":\"ImageObject\",\"inLanguage\":\"nl-NL\",\"@id\":\"https:\/\/www.waltlouise.be\/produit\/chaise-toro-mobitec\/#primaryimage\",\"url\":\"https:\/\/www.waltlouise.be\/wp-content\/uploads\/2024\/03\/Chaise-Toro-MOBITEC-tissu-cuir-pied-bois-metal.webp\",\"contentUrl\":\"https:\/\/www.waltlouise.be\/wp-content\/uploads\/2024\/03\/Chaise-Toro-MOBITEC-tissu-cuir-pied-bois-metal.webp\",\"width\":1920,\"height\":1080},{\"@type\":\"BreadcrumbList\",\"@id\":\"https:\/\/www.waltlouise.be\/produit\/chaise-toro-mobitec\/#breadcrumb\",\"itemListElement\":[{\"@type\":\"ListItem\",\"position\":1,\"name\":\"Accueil\",\"item\":\"https:\/\/www.waltlouise.be\/nl\/\"},{\"@type\":\"ListItem\",\"position\":2,\"name\":\"Onze producten\",\"item\":\"https:\/\/www.waltlouise.be\/nl\/onze-producten\/\"},{\"@type\":\"ListItem\",\"position\":3,\"name\":\"Chaise Toro &#8211; Mobitec\"}]},{\"@type\":\"WebSite\",\"@id\":\"https:\/\/www.waltlouise.be\/#website\",\"url\":\"https:\/\/www.waltlouise.be\/\",\"name\":\"WaltLouise\",\"description\":\"Walt Louise \u2013 Bienvenue sur le site de WaltLouise| Accueil | Des r\u00e9\u00e9ditions de vaisselier, de grandes \u00e9tag\u00e8res aux lignes \u00e9pur\u00e9es c\u00f4toient des pi\u00e8ces con\u00e7ues \u00e0 la demande.\",\"potentialAction\":[{\"@type\":\"SearchAction\",\"target\":{\"@type\":\"EntryPoint\",\"urlTemplate\":\"https:\/\/www.waltlouise.be\/?s={search_term_string}\"},\"query-input\":{\"@type\":\"PropertyValueSpecification\",\"valueRequired\":true,\"valueName\":\"search_term_string\"}}],\"inLanguage\":\"nl-NL\"}]}<\/script>\n<!-- \/ Yoast SEO plugin. -->","yoast_head_json":{"title":"Chaise Toro - Mobitec - WaltLouise","description":"Associez deux rev\u00eatements de votre choix pour garnir l\u2019assise et le dossier de cette chaise Toro \u00e0 pi\u00e9tement bois. \u00c0 la fois l\u00e9g\u00e8re et confortable, la chaise Toro est particuli\u00e8rement polyvalente et trouve sa place \u00e0 la fois dans les int\u00e9rieurs priv\u00e9s ou professionnels.  Le pi\u00e9tement bois est disponible en h\u00eatre, en ch\u00eane ou en noyer dans diff\u00e9rentes teintes et finitions.","robots":{"index":"index","follow":"follow","max-snippet":"max-snippet:-1","max-image-preview":"max-image-preview:large","max-video-preview":"max-video-preview:-1"},"canonical":"https:\/\/www.waltlouise.be\/produit\/chaise-toro-mobitec\/","og_locale":"nl_NL","og_type":"article","og_title":"Chaise Toro - Mobitec - WaltLouise","og_description":"Associez deux rev\u00eatements de votre choix pour garnir l\u2019assise et le dossier de cette chaise Toro \u00e0 pi\u00e9tement bois. \u00c0 la fois l\u00e9g\u00e8re et confortable, la chaise Toro est particuli\u00e8rement polyvalente et trouve sa place \u00e0 la fois dans les int\u00e9rieurs priv\u00e9s ou professionnels.  Le pi\u00e9tement bois est disponible en h\u00eatre, en ch\u00eane ou en noyer dans diff\u00e9rentes teintes et finitions.","og_url":"https:\/\/www.waltlouise.be\/produit\/chaise-toro-mobitec\/","og_site_name":"WaltLouise","og_image":[{"width":1920,"height":1080,"url":"https:\/\/www.waltlouise.be\/wp-content\/uploads\/2024\/03\/Chaise-Toro-MOBITEC-tissu-cuir-pied-bois-metal.webp","type":"image\/webp"}],"twitter_card":"summary_large_image","twitter_misc":{"Geschatte leestijd":"1 minuut"},"schema":{"@context":"https:\/\/schema.org","@graph":[{"@type":"WebPage","@id":"https:\/\/www.waltlouise.be\/produit\/chaise-toro-mobitec\/","url":"https:\/\/www.waltlouise.be\/produit\/chaise-toro-mobitec\/","name":"Chaise Toro - Mobitec - WaltLouise","isPartOf":{"@id":"https:\/\/www.waltlouise.be\/#website"},"primaryImageOfPage":{"@id":"https:\/\/www.waltlouise.be\/produit\/chaise-toro-mobitec\/#primaryimage"},"image":{"@id":"https:\/\/www.waltlouise.be\/produit\/chaise-toro-mobitec\/#primaryimage"},"thumbnailUrl":"https:\/\/www.waltlouise.be\/wp-content\/uploads\/2024\/03\/Chaise-Toro-MOBITEC-tissu-cuir-pied-bois-metal.webp","datePublished":"2024-03-30T13:18:18+00:00","description":"Associez deux rev\u00eatements de votre choix pour garnir l\u2019assise et le dossier de cette chaise Toro \u00e0 pi\u00e9tement bois. \u00c0 la fois l\u00e9g\u00e8re et confortable, la chaise Toro est particuli\u00e8rement polyvalente et trouve sa place \u00e0 la fois dans les int\u00e9rieurs priv\u00e9s ou professionnels. Le pi\u00e9tement bois est disponible en h\u00eatre, en ch\u00eane ou en noyer dans diff\u00e9rentes teintes et finitions.","breadcrumb":{"@id":"https:\/\/www.waltlouise.be\/produit\/chaise-toro-mobitec\/#breadcrumb"},"inLanguage":"nl-NL","potentialAction":[{"@type":"ReadAction","target":["https:\/\/www.waltlouise.be\/produit\/chaise-toro-mobitec\/"]}]},{"@type":"ImageObject","inLanguage":"nl-NL","@id":"https:\/\/www.waltlouise.be\/produit\/chaise-toro-mobitec\/#primaryimage","url":"https:\/\/www.waltlouise.be\/wp-content\/uploads\/2024\/03\/Chaise-Toro-MOBITEC-tissu-cuir-pied-bois-metal.webp","contentUrl":"https:\/\/www.waltlouise.be\/wp-content\/uploads\/2024\/03\/Chaise-Toro-MOBITEC-tissu-cuir-pied-bois-metal.webp","width":1920,"height":1080},{"@type":"BreadcrumbList","@id":"https:\/\/www.waltlouise.be\/produit\/chaise-toro-mobitec\/#breadcrumb","itemListElement":[{"@type":"ListItem","position":1,"name":"Accueil","item":"https:\/\/www.waltlouise.be\/nl\/"},{"@type":"ListItem","position":2,"name":"Onze producten","item":"https:\/\/www.waltlouise.be\/nl\/onze-producten\/"},{"@type":"ListItem","position":3,"name":"Chaise Toro &#8211; Mobitec"}]},{"@type":"WebSite","@id":"https:\/\/www.waltlouise.be\/#website","url":"https:\/\/www.waltlouise.be\/","name":"WaltLouise","description":"Walt Louise \u2013 Bienvenue sur le site de WaltLouise| Accueil | Des r\u00e9\u00e9ditions de vaisselier, de grandes \u00e9tag\u00e8res aux lignes \u00e9pur\u00e9es c\u00f4toient des pi\u00e8ces con\u00e7ues \u00e0 la demande.","potentialAction":[{"@type":"SearchAction","target":{"@type":"EntryPoint","urlTemplate":"https:\/\/www.waltlouise.be\/?s={search_term_string}"},"query-input":{"@type":"PropertyValueSpecification","valueRequired":true,"valueName":"search_term_string"}}],"inLanguage":"nl-NL"}]}},"_links":{"self":[{"href":"https:\/\/www.waltlouise.be\/nl\/wp-json\/wp\/v2\/product\/8215","targetHints":{"allow":["GET"]}}],"collection":[{"href":"https:\/\/www.waltlouise.be\/nl\/wp-json\/wp\/v2\/product"}],"about":[{"href":"https:\/\/www.waltlouise.be\/nl\/wp-json\/wp\/v2\/types\/product"}],"replies":[{"embeddable":true,"href":"https:\/\/www.waltlouise.be\/nl\/wp-json\/wp\/v2\/comments?post=8215"}],"wp:featuredmedia":[{"embeddable":true,"href":"https:\/\/www.waltlouise.be\/nl\/wp-json\/wp\/v2\/media\/8222"}],"wp:attachment":[{"href":"https:\/\/www.waltlouise.be\/nl\/wp-json\/wp\/v2\/media?parent=8215"}],"wp:term":[{"taxonomy":"product_brand","embeddable":true,"href":"https:\/\/www.waltlouise.be\/nl\/wp-json\/wp\/v2\/product_brand?post=8215"},{"taxonomy":"product_cat","embeddable":true,"href":"https:\/\/www.waltlouise.be\/nl\/wp-json\/wp\/v2\/product_cat?post=8215"},{"taxonomy":"product_tag","embeddable":true,"href":"https:\/\/www.waltlouise.be\/nl\/wp-json\/wp\/v2\/product_tag?post=8215"}],"curies":[{"name":"wp","href":"https:\/\/api.w.org\/{rel}","templated":true}]}}