{"id":8206,"date":"2024-03-30T14:07:27","date_gmt":"2024-03-30T13:07:27","guid":{"rendered":"https:\/\/www.waltlouise.be\/?post_type=product&#038;p=8206"},"modified":"2024-03-30T14:14:42","modified_gmt":"2024-03-30T13:14:42","slug":"chaise-lena-mobitec","status":"publish","type":"product","link":"https:\/\/www.waltlouise.be\/nl\/product\/chaise-lena-mobitec\/","title":{"rendered":"Chaise lena &#8211; Mobitec"},"content":{"rendered":"<p>Marque Belge, Mobitec imagine une collection de tables et de chaises contemporaines, pratiques, intemporelles, \u00e9labor\u00e9e avec des mat\u00e9riaux de qualit\u00e9. Les articles Mobitec, sont fabriqu\u00e9s selon les sp\u00e9cifications du client et s\u2019int\u00e8grent donc parfaitement \u00e0 votre int\u00e9rieur.<\/p>\n","protected":false},"excerpt":{"rendered":"<p>Confortable et \u00e9l\u00e9gante, cette chaise Lena est compos\u00e9e d\u2019une<strong>\u00a0structure en h\u00eatre massif\u00a0<\/strong>garnie d\u2019une<strong>\u00a0double couche de mousse<\/strong>. Son assise est \u00e9galement dot\u00e9e de\u00a0<strong>r<\/strong><strong>essorts Nosag<\/strong>\u00a0pour une assise moelleuse.<\/p>\n<p>Comme toutes les chaises Mobitec, cette chaise Lena est\u00a0<strong>personnalisable<\/strong>. Son pi\u00e9tement est disponible en\u00a0<strong>h\u00eatre<\/strong>,\u00a0<strong>ch\u00eane<\/strong>\u00a0ou\u00a0<strong>noyer<\/strong>\u00a0<strong>massif<\/strong>\u00a0dans diverses teintes. Tous nos recouvrements tissus (classes 2 \u00e0 7), simili cuirs et cuirs peuvent \u00eatre appliqu\u00e9s. Vous pouvez \u00e9galement nous confier votre propre recouvrement.<\/p>\n","protected":false},"featured_media":8213,"comment_status":"open","ping_status":"closed","template":"","meta":{"_acf_changed":false},"product_brand":[],"product_cat":[198,197],"product_tag":[],"class_list":{"0":"post-8206","1":"product","2":"type-product","3":"status-publish","4":"has-post-thumbnail","6":"product_cat-stoelen-nl","7":"product_cat-eetkamer","9":"first","10":"onbackorder","11":"shipping-taxable","12":"purchasable","13":"product-type-simple"},"acf":[],"yoast_head":"<!-- This site is optimized with the Yoast SEO plugin v27.2 - https:\/\/yoast.com\/product\/yoast-seo-wordpress\/ -->\n<title>Chaise lena - Mobitec - WaltLouise<\/title>\n<meta name=\"description\" content=\"Confortable et \u00e9l\u00e9gante, cette chaise Lena est compos\u00e9e d\u2019une\u00a0structure en h\u00eatre massif\u00a0garnie d\u2019une\u00a0double couche de mousse. Son assise est \u00e9galement dot\u00e9e de\u00a0ressorts Nosag\u00a0pour une assise moelleuse.  Comme toutes les chaises Mobitec, cette chaise Lena est\u00a0personnalisable. Son pi\u00e9tement est disponible en\u00a0h\u00eatre,\u00a0ch\u00eane\u00a0ou\u00a0noyer\u00a0massif\u00a0dans diverses teintes. Tous nos recouvrements tissus (classes 2 \u00e0 7), simili cuirs et cuirs peuvent \u00eatre appliqu\u00e9s. Vous pouvez \u00e9galement nous confier votre propre recouvrement.\" \/>\n<meta name=\"robots\" content=\"index, follow, max-snippet:-1, max-image-preview:large, max-video-preview:-1\" \/>\n<link rel=\"canonical\" href=\"https:\/\/www.waltlouise.be\/produit\/chaise-lena-mobitec\/\" \/>\n<meta property=\"og:locale\" content=\"nl_NL\" \/>\n<meta property=\"og:type\" content=\"article\" \/>\n<meta property=\"og:title\" content=\"Chaise lena - Mobitec - WaltLouise\" \/>\n<meta property=\"og:description\" content=\"Confortable et \u00e9l\u00e9gante, cette chaise Lena est compos\u00e9e d\u2019une\u00a0structure en h\u00eatre massif\u00a0garnie d\u2019une\u00a0double couche de mousse. Son assise est \u00e9galement dot\u00e9e de\u00a0ressorts Nosag\u00a0pour une assise moelleuse.  Comme toutes les chaises Mobitec, cette chaise Lena est\u00a0personnalisable. Son pi\u00e9tement est disponible en\u00a0h\u00eatre,\u00a0ch\u00eane\u00a0ou\u00a0noyer\u00a0massif\u00a0dans diverses teintes. Tous nos recouvrements tissus (classes 2 \u00e0 7), simili cuirs et cuirs peuvent \u00eatre appliqu\u00e9s. Vous pouvez \u00e9galement nous confier votre propre recouvrement.\" \/>\n<meta property=\"og:url\" content=\"https:\/\/www.waltlouise.be\/produit\/chaise-lena-mobitec\/\" \/>\n<meta property=\"og:site_name\" content=\"WaltLouise\" \/>\n<meta property=\"article:modified_time\" content=\"2024-03-30T13:14:42+00:00\" \/>\n<meta property=\"og:image\" content=\"https:\/\/www.waltlouise.be\/wp-content\/uploads\/2024\/03\/Chaise-Lena-MOBITEC-tissu-bois.jpg\" \/>\n\t<meta property=\"og:image:width\" content=\"2208\" \/>\n\t<meta property=\"og:image:height\" content=\"2208\" \/>\n\t<meta property=\"og:image:type\" content=\"image\/jpeg\" \/>\n<meta name=\"twitter:card\" content=\"summary_large_image\" \/>\n<meta name=\"twitter:label1\" content=\"Geschatte leestijd\" \/>\n\t<meta name=\"twitter:data1\" content=\"1 minuut\" \/>\n<script type=\"application\/ld+json\" class=\"yoast-schema-graph\">{\"@context\":\"https:\/\/schema.org\",\"@graph\":[{\"@type\":\"WebPage\",\"@id\":\"https:\/\/www.waltlouise.be\/produit\/chaise-lena-mobitec\/\",\"url\":\"https:\/\/www.waltlouise.be\/produit\/chaise-lena-mobitec\/\",\"name\":\"Chaise lena - Mobitec - WaltLouise\",\"isPartOf\":{\"@id\":\"https:\/\/www.waltlouise.be\/#website\"},\"primaryImageOfPage\":{\"@id\":\"https:\/\/www.waltlouise.be\/produit\/chaise-lena-mobitec\/#primaryimage\"},\"image\":{\"@id\":\"https:\/\/www.waltlouise.be\/produit\/chaise-lena-mobitec\/#primaryimage\"},\"thumbnailUrl\":\"https:\/\/www.waltlouise.be\/wp-content\/uploads\/2024\/03\/Chaise-Lena-MOBITEC-tissu-bois.jpg\",\"datePublished\":\"2024-03-30T13:07:27+00:00\",\"dateModified\":\"2024-03-30T13:14:42+00:00\",\"description\":\"Confortable et \u00e9l\u00e9gante, cette chaise Lena est compos\u00e9e d\u2019une\u00a0structure en h\u00eatre massif\u00a0garnie d\u2019une\u00a0double couche de mousse. Son assise est \u00e9galement dot\u00e9e de\u00a0ressorts Nosag\u00a0pour une assise moelleuse. Comme toutes les chaises Mobitec, cette chaise Lena est\u00a0personnalisable. Son pi\u00e9tement est disponible en\u00a0h\u00eatre,\u00a0ch\u00eane\u00a0ou\u00a0noyer\u00a0massif\u00a0dans diverses teintes. Tous nos recouvrements tissus (classes 2 \u00e0 7), simili cuirs et cuirs peuvent \u00eatre appliqu\u00e9s. Vous pouvez \u00e9galement nous confier votre propre recouvrement.\",\"breadcrumb\":{\"@id\":\"https:\/\/www.waltlouise.be\/produit\/chaise-lena-mobitec\/#breadcrumb\"},\"inLanguage\":\"nl-NL\",\"potentialAction\":[{\"@type\":\"ReadAction\",\"target\":[\"https:\/\/www.waltlouise.be\/produit\/chaise-lena-mobitec\/\"]}]},{\"@type\":\"ImageObject\",\"inLanguage\":\"nl-NL\",\"@id\":\"https:\/\/www.waltlouise.be\/produit\/chaise-lena-mobitec\/#primaryimage\",\"url\":\"https:\/\/www.waltlouise.be\/wp-content\/uploads\/2024\/03\/Chaise-Lena-MOBITEC-tissu-bois.jpg\",\"contentUrl\":\"https:\/\/www.waltlouise.be\/wp-content\/uploads\/2024\/03\/Chaise-Lena-MOBITEC-tissu-bois.jpg\",\"width\":2208,\"height\":2208},{\"@type\":\"BreadcrumbList\",\"@id\":\"https:\/\/www.waltlouise.be\/produit\/chaise-lena-mobitec\/#breadcrumb\",\"itemListElement\":[{\"@type\":\"ListItem\",\"position\":1,\"name\":\"Accueil\",\"item\":\"https:\/\/www.waltlouise.be\/nl\/\"},{\"@type\":\"ListItem\",\"position\":2,\"name\":\"Onze producten\",\"item\":\"https:\/\/www.waltlouise.be\/nl\/onze-producten\/\"},{\"@type\":\"ListItem\",\"position\":3,\"name\":\"Chaise lena &#8211; Mobitec\"}]},{\"@type\":\"WebSite\",\"@id\":\"https:\/\/www.waltlouise.be\/#website\",\"url\":\"https:\/\/www.waltlouise.be\/\",\"name\":\"WaltLouise\",\"description\":\"Walt Louise \u2013 Bienvenue sur le site de WaltLouise| Accueil | Des r\u00e9\u00e9ditions de vaisselier, de grandes \u00e9tag\u00e8res aux lignes \u00e9pur\u00e9es c\u00f4toient des pi\u00e8ces con\u00e7ues \u00e0 la demande.\",\"potentialAction\":[{\"@type\":\"SearchAction\",\"target\":{\"@type\":\"EntryPoint\",\"urlTemplate\":\"https:\/\/www.waltlouise.be\/?s={search_term_string}\"},\"query-input\":{\"@type\":\"PropertyValueSpecification\",\"valueRequired\":true,\"valueName\":\"search_term_string\"}}],\"inLanguage\":\"nl-NL\"}]}<\/script>\n<!-- \/ Yoast SEO plugin. -->","yoast_head_json":{"title":"Chaise lena - Mobitec - WaltLouise","description":"Confortable et \u00e9l\u00e9gante, cette chaise Lena est compos\u00e9e d\u2019une\u00a0structure en h\u00eatre massif\u00a0garnie d\u2019une\u00a0double couche de mousse. Son assise est \u00e9galement dot\u00e9e de\u00a0ressorts Nosag\u00a0pour une assise moelleuse.  Comme toutes les chaises Mobitec, cette chaise Lena est\u00a0personnalisable. Son pi\u00e9tement est disponible en\u00a0h\u00eatre,\u00a0ch\u00eane\u00a0ou\u00a0noyer\u00a0massif\u00a0dans diverses teintes. Tous nos recouvrements tissus (classes 2 \u00e0 7), simili cuirs et cuirs peuvent \u00eatre appliqu\u00e9s. Vous pouvez \u00e9galement nous confier votre propre recouvrement.","robots":{"index":"index","follow":"follow","max-snippet":"max-snippet:-1","max-image-preview":"max-image-preview:large","max-video-preview":"max-video-preview:-1"},"canonical":"https:\/\/www.waltlouise.be\/produit\/chaise-lena-mobitec\/","og_locale":"nl_NL","og_type":"article","og_title":"Chaise lena - Mobitec - WaltLouise","og_description":"Confortable et \u00e9l\u00e9gante, cette chaise Lena est compos\u00e9e d\u2019une\u00a0structure en h\u00eatre massif\u00a0garnie d\u2019une\u00a0double couche de mousse. Son assise est \u00e9galement dot\u00e9e de\u00a0ressorts Nosag\u00a0pour une assise moelleuse.  Comme toutes les chaises Mobitec, cette chaise Lena est\u00a0personnalisable. Son pi\u00e9tement est disponible en\u00a0h\u00eatre,\u00a0ch\u00eane\u00a0ou\u00a0noyer\u00a0massif\u00a0dans diverses teintes. Tous nos recouvrements tissus (classes 2 \u00e0 7), simili cuirs et cuirs peuvent \u00eatre appliqu\u00e9s. Vous pouvez \u00e9galement nous confier votre propre recouvrement.","og_url":"https:\/\/www.waltlouise.be\/produit\/chaise-lena-mobitec\/","og_site_name":"WaltLouise","article_modified_time":"2024-03-30T13:14:42+00:00","og_image":[{"width":2208,"height":2208,"url":"https:\/\/www.waltlouise.be\/wp-content\/uploads\/2024\/03\/Chaise-Lena-MOBITEC-tissu-bois.jpg","type":"image\/jpeg"}],"twitter_card":"summary_large_image","twitter_misc":{"Geschatte leestijd":"1 minuut"},"schema":{"@context":"https:\/\/schema.org","@graph":[{"@type":"WebPage","@id":"https:\/\/www.waltlouise.be\/produit\/chaise-lena-mobitec\/","url":"https:\/\/www.waltlouise.be\/produit\/chaise-lena-mobitec\/","name":"Chaise lena - Mobitec - WaltLouise","isPartOf":{"@id":"https:\/\/www.waltlouise.be\/#website"},"primaryImageOfPage":{"@id":"https:\/\/www.waltlouise.be\/produit\/chaise-lena-mobitec\/#primaryimage"},"image":{"@id":"https:\/\/www.waltlouise.be\/produit\/chaise-lena-mobitec\/#primaryimage"},"thumbnailUrl":"https:\/\/www.waltlouise.be\/wp-content\/uploads\/2024\/03\/Chaise-Lena-MOBITEC-tissu-bois.jpg","datePublished":"2024-03-30T13:07:27+00:00","dateModified":"2024-03-30T13:14:42+00:00","description":"Confortable et \u00e9l\u00e9gante, cette chaise Lena est compos\u00e9e d\u2019une\u00a0structure en h\u00eatre massif\u00a0garnie d\u2019une\u00a0double couche de mousse. Son assise est \u00e9galement dot\u00e9e de\u00a0ressorts Nosag\u00a0pour une assise moelleuse. Comme toutes les chaises Mobitec, cette chaise Lena est\u00a0personnalisable. Son pi\u00e9tement est disponible en\u00a0h\u00eatre,\u00a0ch\u00eane\u00a0ou\u00a0noyer\u00a0massif\u00a0dans diverses teintes. Tous nos recouvrements tissus (classes 2 \u00e0 7), simili cuirs et cuirs peuvent \u00eatre appliqu\u00e9s. Vous pouvez \u00e9galement nous confier votre propre recouvrement.","breadcrumb":{"@id":"https:\/\/www.waltlouise.be\/produit\/chaise-lena-mobitec\/#breadcrumb"},"inLanguage":"nl-NL","potentialAction":[{"@type":"ReadAction","target":["https:\/\/www.waltlouise.be\/produit\/chaise-lena-mobitec\/"]}]},{"@type":"ImageObject","inLanguage":"nl-NL","@id":"https:\/\/www.waltlouise.be\/produit\/chaise-lena-mobitec\/#primaryimage","url":"https:\/\/www.waltlouise.be\/wp-content\/uploads\/2024\/03\/Chaise-Lena-MOBITEC-tissu-bois.jpg","contentUrl":"https:\/\/www.waltlouise.be\/wp-content\/uploads\/2024\/03\/Chaise-Lena-MOBITEC-tissu-bois.jpg","width":2208,"height":2208},{"@type":"BreadcrumbList","@id":"https:\/\/www.waltlouise.be\/produit\/chaise-lena-mobitec\/#breadcrumb","itemListElement":[{"@type":"ListItem","position":1,"name":"Accueil","item":"https:\/\/www.waltlouise.be\/nl\/"},{"@type":"ListItem","position":2,"name":"Onze producten","item":"https:\/\/www.waltlouise.be\/nl\/onze-producten\/"},{"@type":"ListItem","position":3,"name":"Chaise lena &#8211; Mobitec"}]},{"@type":"WebSite","@id":"https:\/\/www.waltlouise.be\/#website","url":"https:\/\/www.waltlouise.be\/","name":"WaltLouise","description":"Walt Louise \u2013 Bienvenue sur le site de WaltLouise| Accueil | Des r\u00e9\u00e9ditions de vaisselier, de grandes \u00e9tag\u00e8res aux lignes \u00e9pur\u00e9es c\u00f4toient des pi\u00e8ces con\u00e7ues \u00e0 la demande.","potentialAction":[{"@type":"SearchAction","target":{"@type":"EntryPoint","urlTemplate":"https:\/\/www.waltlouise.be\/?s={search_term_string}"},"query-input":{"@type":"PropertyValueSpecification","valueRequired":true,"valueName":"search_term_string"}}],"inLanguage":"nl-NL"}]}},"_links":{"self":[{"href":"https:\/\/www.waltlouise.be\/nl\/wp-json\/wp\/v2\/product\/8206","targetHints":{"allow":["GET"]}}],"collection":[{"href":"https:\/\/www.waltlouise.be\/nl\/wp-json\/wp\/v2\/product"}],"about":[{"href":"https:\/\/www.waltlouise.be\/nl\/wp-json\/wp\/v2\/types\/product"}],"replies":[{"embeddable":true,"href":"https:\/\/www.waltlouise.be\/nl\/wp-json\/wp\/v2\/comments?post=8206"}],"wp:featuredmedia":[{"embeddable":true,"href":"https:\/\/www.waltlouise.be\/nl\/wp-json\/wp\/v2\/media\/8213"}],"wp:attachment":[{"href":"https:\/\/www.waltlouise.be\/nl\/wp-json\/wp\/v2\/media?parent=8206"}],"wp:term":[{"taxonomy":"product_brand","embeddable":true,"href":"https:\/\/www.waltlouise.be\/nl\/wp-json\/wp\/v2\/product_brand?post=8206"},{"taxonomy":"product_cat","embeddable":true,"href":"https:\/\/www.waltlouise.be\/nl\/wp-json\/wp\/v2\/product_cat?post=8206"},{"taxonomy":"product_tag","embeddable":true,"href":"https:\/\/www.waltlouise.be\/nl\/wp-json\/wp\/v2\/product_tag?post=8206"}],"curies":[{"name":"wp","href":"https:\/\/api.w.org\/{rel}","templated":true}]}}