{"id":8195,"date":"2024-03-30T13:58:52","date_gmt":"2024-03-30T12:58:52","guid":{"rendered":"https:\/\/www.waltlouise.be\/?post_type=product&#038;p=8195"},"modified":"2025-01-08T14:09:30","modified_gmt":"2025-01-08T13:09:30","slug":"chaise-saga-mobitec","status":"publish","type":"product","link":"https:\/\/www.waltlouise.be\/nl\/product\/chaise-saga-mobitec\/","title":{"rendered":"Chaise Saga &#8211; Mobitec"},"content":{"rendered":"<p>Marque Belge, Mobitec imagine une collection de tables et de chaises contemporaines, pratiques, intemporelles, \u00e9labor\u00e9e avec des mat\u00e9riaux de qualit\u00e9. Les articles Mobitec, sont fabriqu\u00e9s selon les sp\u00e9cifications du client et s\u2019int\u00e8grent donc parfaitement \u00e0 votre int\u00e9rieur.<\/p>\n","protected":false},"excerpt":{"rendered":"<p>Avec son design classique et ses courbes g\u00e9n\u00e9reuses, cette chaise Saga trouve facilement sa place dans les int\u00e9rieurs contemporains et les espaces professionnels. Son dossier enveloppant ainsi que son assise garnie d\u2019une mousse et pourvue de ressort Nosag conf\u00e8rent un excellent soutien du dos et des lombaires.<\/p>\n<p>Personnalisable, cette assise s\u2019adapte \u00e0 vos envies : recouvrement en tissu, simili cuir ou cuir. Choisissez \u00e9galement le pi\u00e8tement en h\u00eatre, ch\u00eane ou noyer.<\/p>\n","protected":false},"featured_media":8204,"comment_status":"open","ping_status":"closed","template":"","meta":{"_acf_changed":false},"product_brand":[],"product_cat":[89,88],"product_tag":[],"class_list":{"0":"post-8195","1":"product","2":"type-product","3":"status-publish","4":"has-post-thumbnail","6":"product_cat-chaises-2","7":"product_cat-salle-a-manger","9":"first","10":"instock","11":"shipping-taxable","12":"purchasable","13":"product-type-simple"},"acf":[],"yoast_head":"<!-- This site is optimized with the Yoast SEO plugin v27.2 - https:\/\/yoast.com\/product\/yoast-seo-wordpress\/ -->\n<title>Chaise Saga - Mobitec - WaltLouise<\/title>\n<meta name=\"description\" content=\"Avec son design classique et ses courbes g\u00e9n\u00e9reuses, cette chaise Saga trouve facilement sa place dans les int\u00e9rieurs contemporains et les espaces professionnels. Son dossier enveloppant ainsi que son assise garnie d\u2019une mousse et pourvue de ressort Nosag conf\u00e8rent un excellent soutien du dos et des lombaires.  Personnalisable, cette assise s\u2019adapte \u00e0 vos envies : recouvrement en tissu, simili cuir ou cuir. Choisissez \u00e9galement le pi\u00e8tement en h\u00eatre, ch\u00eane ou noyer.\" \/>\n<meta name=\"robots\" content=\"index, follow, max-snippet:-1, max-image-preview:large, max-video-preview:-1\" \/>\n<link rel=\"canonical\" href=\"https:\/\/www.waltlouise.be\/produit\/chaise-saga-mobitec\/\" \/>\n<meta property=\"og:locale\" content=\"nl_NL\" \/>\n<meta property=\"og:type\" content=\"article\" \/>\n<meta property=\"og:title\" content=\"Chaise Saga - Mobitec - WaltLouise\" \/>\n<meta property=\"og:description\" content=\"Avec son design classique et ses courbes g\u00e9n\u00e9reuses, cette chaise Saga trouve facilement sa place dans les int\u00e9rieurs contemporains et les espaces professionnels. Son dossier enveloppant ainsi que son assise garnie d\u2019une mousse et pourvue de ressort Nosag conf\u00e8rent un excellent soutien du dos et des lombaires.  Personnalisable, cette assise s\u2019adapte \u00e0 vos envies : recouvrement en tissu, simili cuir ou cuir. Choisissez \u00e9galement le pi\u00e8tement en h\u00eatre, ch\u00eane ou noyer.\" \/>\n<meta property=\"og:url\" content=\"https:\/\/www.waltlouise.be\/produit\/chaise-saga-mobitec\/\" \/>\n<meta property=\"og:site_name\" content=\"WaltLouise\" \/>\n<meta property=\"article:modified_time\" content=\"2025-01-08T13:09:30+00:00\" \/>\n<meta property=\"og:image\" content=\"https:\/\/www.waltlouise.be\/wp-content\/uploads\/2024\/03\/Chaise-Saga-MOBITEC-tissu-cuir-pied-bois.webp\" \/>\n\t<meta property=\"og:image:width\" content=\"1920\" \/>\n\t<meta property=\"og:image:height\" content=\"1080\" \/>\n\t<meta property=\"og:image:type\" content=\"image\/webp\" \/>\n<meta name=\"twitter:card\" content=\"summary_large_image\" \/>\n<meta name=\"twitter:label1\" content=\"Geschatte leestijd\" \/>\n\t<meta name=\"twitter:data1\" content=\"1 minuut\" \/>\n<script type=\"application\/ld+json\" class=\"yoast-schema-graph\">{\"@context\":\"https:\/\/schema.org\",\"@graph\":[{\"@type\":\"WebPage\",\"@id\":\"https:\/\/www.waltlouise.be\/produit\/chaise-saga-mobitec\/\",\"url\":\"https:\/\/www.waltlouise.be\/produit\/chaise-saga-mobitec\/\",\"name\":\"Chaise Saga - Mobitec - WaltLouise\",\"isPartOf\":{\"@id\":\"https:\/\/www.waltlouise.be\/#website\"},\"primaryImageOfPage\":{\"@id\":\"https:\/\/www.waltlouise.be\/produit\/chaise-saga-mobitec\/#primaryimage\"},\"image\":{\"@id\":\"https:\/\/www.waltlouise.be\/produit\/chaise-saga-mobitec\/#primaryimage\"},\"thumbnailUrl\":\"https:\/\/www.waltlouise.be\/wp-content\/uploads\/2024\/03\/Chaise-Saga-MOBITEC-tissu-cuir-pied-bois.webp\",\"datePublished\":\"2024-03-30T12:58:52+00:00\",\"dateModified\":\"2025-01-08T13:09:30+00:00\",\"description\":\"Avec son design classique et ses courbes g\u00e9n\u00e9reuses, cette chaise Saga trouve facilement sa place dans les int\u00e9rieurs contemporains et les espaces professionnels. Son dossier enveloppant ainsi que son assise garnie d\u2019une mousse et pourvue de ressort Nosag conf\u00e8rent un excellent soutien du dos et des lombaires. Personnalisable, cette assise s\u2019adapte \u00e0 vos envies : recouvrement en tissu, simili cuir ou cuir. Choisissez \u00e9galement le pi\u00e8tement en h\u00eatre, ch\u00eane ou noyer.\",\"breadcrumb\":{\"@id\":\"https:\/\/www.waltlouise.be\/produit\/chaise-saga-mobitec\/#breadcrumb\"},\"inLanguage\":\"nl-NL\",\"potentialAction\":[{\"@type\":\"ReadAction\",\"target\":[\"https:\/\/www.waltlouise.be\/produit\/chaise-saga-mobitec\/\"]}]},{\"@type\":\"ImageObject\",\"inLanguage\":\"nl-NL\",\"@id\":\"https:\/\/www.waltlouise.be\/produit\/chaise-saga-mobitec\/#primaryimage\",\"url\":\"https:\/\/www.waltlouise.be\/wp-content\/uploads\/2024\/03\/Chaise-Saga-MOBITEC-tissu-cuir-pied-bois.webp\",\"contentUrl\":\"https:\/\/www.waltlouise.be\/wp-content\/uploads\/2024\/03\/Chaise-Saga-MOBITEC-tissu-cuir-pied-bois.webp\",\"width\":1920,\"height\":1080},{\"@type\":\"BreadcrumbList\",\"@id\":\"https:\/\/www.waltlouise.be\/produit\/chaise-saga-mobitec\/#breadcrumb\",\"itemListElement\":[{\"@type\":\"ListItem\",\"position\":1,\"name\":\"Accueil\",\"item\":\"https:\/\/www.waltlouise.be\/nl\/\"},{\"@type\":\"ListItem\",\"position\":2,\"name\":\"Onze producten\",\"item\":\"https:\/\/www.waltlouise.be\/nl\/onze-producten\/\"},{\"@type\":\"ListItem\",\"position\":3,\"name\":\"Chaise Saga &#8211; Mobitec\"}]},{\"@type\":\"WebSite\",\"@id\":\"https:\/\/www.waltlouise.be\/#website\",\"url\":\"https:\/\/www.waltlouise.be\/\",\"name\":\"WaltLouise\",\"description\":\"Walt Louise \u2013 Bienvenue sur le site de WaltLouise| Accueil | Des r\u00e9\u00e9ditions de vaisselier, de grandes \u00e9tag\u00e8res aux lignes \u00e9pur\u00e9es c\u00f4toient des pi\u00e8ces con\u00e7ues \u00e0 la demande.\",\"potentialAction\":[{\"@type\":\"SearchAction\",\"target\":{\"@type\":\"EntryPoint\",\"urlTemplate\":\"https:\/\/www.waltlouise.be\/?s={search_term_string}\"},\"query-input\":{\"@type\":\"PropertyValueSpecification\",\"valueRequired\":true,\"valueName\":\"search_term_string\"}}],\"inLanguage\":\"nl-NL\"}]}<\/script>\n<!-- \/ Yoast SEO plugin. -->","yoast_head_json":{"title":"Chaise Saga - Mobitec - WaltLouise","description":"Avec son design classique et ses courbes g\u00e9n\u00e9reuses, cette chaise Saga trouve facilement sa place dans les int\u00e9rieurs contemporains et les espaces professionnels. Son dossier enveloppant ainsi que son assise garnie d\u2019une mousse et pourvue de ressort Nosag conf\u00e8rent un excellent soutien du dos et des lombaires.  Personnalisable, cette assise s\u2019adapte \u00e0 vos envies : recouvrement en tissu, simili cuir ou cuir. Choisissez \u00e9galement le pi\u00e8tement en h\u00eatre, ch\u00eane ou noyer.","robots":{"index":"index","follow":"follow","max-snippet":"max-snippet:-1","max-image-preview":"max-image-preview:large","max-video-preview":"max-video-preview:-1"},"canonical":"https:\/\/www.waltlouise.be\/produit\/chaise-saga-mobitec\/","og_locale":"nl_NL","og_type":"article","og_title":"Chaise Saga - Mobitec - WaltLouise","og_description":"Avec son design classique et ses courbes g\u00e9n\u00e9reuses, cette chaise Saga trouve facilement sa place dans les int\u00e9rieurs contemporains et les espaces professionnels. Son dossier enveloppant ainsi que son assise garnie d\u2019une mousse et pourvue de ressort Nosag conf\u00e8rent un excellent soutien du dos et des lombaires.  Personnalisable, cette assise s\u2019adapte \u00e0 vos envies : recouvrement en tissu, simili cuir ou cuir. Choisissez \u00e9galement le pi\u00e8tement en h\u00eatre, ch\u00eane ou noyer.","og_url":"https:\/\/www.waltlouise.be\/produit\/chaise-saga-mobitec\/","og_site_name":"WaltLouise","article_modified_time":"2025-01-08T13:09:30+00:00","og_image":[{"width":1920,"height":1080,"url":"https:\/\/www.waltlouise.be\/wp-content\/uploads\/2024\/03\/Chaise-Saga-MOBITEC-tissu-cuir-pied-bois.webp","type":"image\/webp"}],"twitter_card":"summary_large_image","twitter_misc":{"Geschatte leestijd":"1 minuut"},"schema":{"@context":"https:\/\/schema.org","@graph":[{"@type":"WebPage","@id":"https:\/\/www.waltlouise.be\/produit\/chaise-saga-mobitec\/","url":"https:\/\/www.waltlouise.be\/produit\/chaise-saga-mobitec\/","name":"Chaise Saga - Mobitec - WaltLouise","isPartOf":{"@id":"https:\/\/www.waltlouise.be\/#website"},"primaryImageOfPage":{"@id":"https:\/\/www.waltlouise.be\/produit\/chaise-saga-mobitec\/#primaryimage"},"image":{"@id":"https:\/\/www.waltlouise.be\/produit\/chaise-saga-mobitec\/#primaryimage"},"thumbnailUrl":"https:\/\/www.waltlouise.be\/wp-content\/uploads\/2024\/03\/Chaise-Saga-MOBITEC-tissu-cuir-pied-bois.webp","datePublished":"2024-03-30T12:58:52+00:00","dateModified":"2025-01-08T13:09:30+00:00","description":"Avec son design classique et ses courbes g\u00e9n\u00e9reuses, cette chaise Saga trouve facilement sa place dans les int\u00e9rieurs contemporains et les espaces professionnels. Son dossier enveloppant ainsi que son assise garnie d\u2019une mousse et pourvue de ressort Nosag conf\u00e8rent un excellent soutien du dos et des lombaires. Personnalisable, cette assise s\u2019adapte \u00e0 vos envies : recouvrement en tissu, simili cuir ou cuir. Choisissez \u00e9galement le pi\u00e8tement en h\u00eatre, ch\u00eane ou noyer.","breadcrumb":{"@id":"https:\/\/www.waltlouise.be\/produit\/chaise-saga-mobitec\/#breadcrumb"},"inLanguage":"nl-NL","potentialAction":[{"@type":"ReadAction","target":["https:\/\/www.waltlouise.be\/produit\/chaise-saga-mobitec\/"]}]},{"@type":"ImageObject","inLanguage":"nl-NL","@id":"https:\/\/www.waltlouise.be\/produit\/chaise-saga-mobitec\/#primaryimage","url":"https:\/\/www.waltlouise.be\/wp-content\/uploads\/2024\/03\/Chaise-Saga-MOBITEC-tissu-cuir-pied-bois.webp","contentUrl":"https:\/\/www.waltlouise.be\/wp-content\/uploads\/2024\/03\/Chaise-Saga-MOBITEC-tissu-cuir-pied-bois.webp","width":1920,"height":1080},{"@type":"BreadcrumbList","@id":"https:\/\/www.waltlouise.be\/produit\/chaise-saga-mobitec\/#breadcrumb","itemListElement":[{"@type":"ListItem","position":1,"name":"Accueil","item":"https:\/\/www.waltlouise.be\/nl\/"},{"@type":"ListItem","position":2,"name":"Onze producten","item":"https:\/\/www.waltlouise.be\/nl\/onze-producten\/"},{"@type":"ListItem","position":3,"name":"Chaise Saga &#8211; Mobitec"}]},{"@type":"WebSite","@id":"https:\/\/www.waltlouise.be\/#website","url":"https:\/\/www.waltlouise.be\/","name":"WaltLouise","description":"Walt Louise \u2013 Bienvenue sur le site de WaltLouise| Accueil | Des r\u00e9\u00e9ditions de vaisselier, de grandes \u00e9tag\u00e8res aux lignes \u00e9pur\u00e9es c\u00f4toient des pi\u00e8ces con\u00e7ues \u00e0 la demande.","potentialAction":[{"@type":"SearchAction","target":{"@type":"EntryPoint","urlTemplate":"https:\/\/www.waltlouise.be\/?s={search_term_string}"},"query-input":{"@type":"PropertyValueSpecification","valueRequired":true,"valueName":"search_term_string"}}],"inLanguage":"nl-NL"}]}},"_links":{"self":[{"href":"https:\/\/www.waltlouise.be\/nl\/wp-json\/wp\/v2\/product\/8195","targetHints":{"allow":["GET"]}}],"collection":[{"href":"https:\/\/www.waltlouise.be\/nl\/wp-json\/wp\/v2\/product"}],"about":[{"href":"https:\/\/www.waltlouise.be\/nl\/wp-json\/wp\/v2\/types\/product"}],"replies":[{"embeddable":true,"href":"https:\/\/www.waltlouise.be\/nl\/wp-json\/wp\/v2\/comments?post=8195"}],"wp:featuredmedia":[{"embeddable":true,"href":"https:\/\/www.waltlouise.be\/nl\/wp-json\/wp\/v2\/media\/8204"}],"wp:attachment":[{"href":"https:\/\/www.waltlouise.be\/nl\/wp-json\/wp\/v2\/media?parent=8195"}],"wp:term":[{"taxonomy":"product_brand","embeddable":true,"href":"https:\/\/www.waltlouise.be\/nl\/wp-json\/wp\/v2\/product_brand?post=8195"},{"taxonomy":"product_cat","embeddable":true,"href":"https:\/\/www.waltlouise.be\/nl\/wp-json\/wp\/v2\/product_cat?post=8195"},{"taxonomy":"product_tag","embeddable":true,"href":"https:\/\/www.waltlouise.be\/nl\/wp-json\/wp\/v2\/product_tag?post=8195"}],"curies":[{"name":"wp","href":"https:\/\/api.w.org\/{rel}","templated":true}]}}