{"id":8175,"date":"2024-03-30T13:43:47","date_gmt":"2024-03-30T12:43:47","guid":{"rendered":"https:\/\/www.waltlouise.be\/?post_type=product&#038;p=8175"},"modified":"2024-03-30T13:43:47","modified_gmt":"2024-03-30T12:43:47","slug":"table-spindel-metaform","status":"publish","type":"product","link":"https:\/\/www.waltlouise.be\/nl\/product\/table-spindel-metaform\/","title":{"rendered":"Table Spindel &#8211; Metaform"},"content":{"rendered":"<p>Metaform est un fabricant de meubles n\u00e9erlandais qui d\u00e9veloppe une collection contemporaine de tables d&#8217;appoint, de tables basses et de salle \u00e0 manger.\u00a0Toutes les tables Metaform sont disponibles dans diff\u00e9rentes dimensions, couleurs, finitions et mat\u00e9riaux, ce qui permet de r\u00e9pondre \u00e0 vos souhaits particuliers en mati\u00e8re de d\u00e9coration int\u00e9rieur<\/p>\n","protected":false},"excerpt":{"rendered":"<p>La table basse Metaform Spindel en marbre est un mod\u00e8le \u00e9l\u00e9gant qui peut \u00eatre plac\u00e9 dans n&#8217;importe quelle maison. Le plateau de la table est en marbre (disponible en diff\u00e9rents types\/couleurs), ce qui lui conf\u00e8re un aspect naturel. Le pi\u00e8tement peut \u00eatre fourni dans n&#8217;importe quelle couleur de laque, de sorte qu&#8217;il s&#8217;harmonise toujours avec le plateau choisi (et le reste de votre int\u00e9rieur). La table Spindel est \u00e9galement disponible comme table d&#8217;appoint.<\/p>\n","protected":false},"featured_media":8184,"comment_status":"open","ping_status":"closed","template":"","meta":{"_acf_changed":false},"product_brand":[],"product_cat":[96,102],"product_tag":[],"class_list":{"0":"post-8175","1":"product","2":"type-product","3":"status-publish","4":"has-post-thumbnail","6":"product_cat-salons","7":"product_cat-table-de-salon","9":"first","10":"onbackorder","11":"shipping-taxable","12":"purchasable","13":"product-type-simple"},"acf":[],"yoast_head":"<!-- This site is optimized with the Yoast SEO plugin v27.2 - https:\/\/yoast.com\/product\/yoast-seo-wordpress\/ -->\n<title>Table Spindel - Metaform - WaltLouise<\/title>\n<meta name=\"description\" content=\"La table basse Metaform Spindel en marbre est un mod\u00e8le \u00e9l\u00e9gant qui peut \u00eatre plac\u00e9 dans n&#039;importe quelle maison. Le plateau de la table est en marbre (disponible en diff\u00e9rents types\/couleurs), ce qui lui conf\u00e8re un aspect naturel. Le pi\u00e8tement peut \u00eatre fourni dans n&#039;importe quelle couleur de laque, de sorte qu&#039;il s&#039;harmonise toujours avec le plateau choisi (et le reste de votre int\u00e9rieur). La table Spindel est \u00e9galement disponible comme table d&#039;appoint.\" \/>\n<meta name=\"robots\" content=\"index, follow, max-snippet:-1, max-image-preview:large, max-video-preview:-1\" \/>\n<link rel=\"canonical\" href=\"https:\/\/www.waltlouise.be\/produit\/table-spindel-metaform\/\" \/>\n<meta property=\"og:locale\" content=\"nl_NL\" \/>\n<meta property=\"og:type\" content=\"article\" \/>\n<meta property=\"og:title\" content=\"Table Spindel - Metaform - WaltLouise\" \/>\n<meta property=\"og:description\" content=\"La table basse Metaform Spindel en marbre est un mod\u00e8le \u00e9l\u00e9gant qui peut \u00eatre plac\u00e9 dans n&#039;importe quelle maison. Le plateau de la table est en marbre (disponible en diff\u00e9rents types\/couleurs), ce qui lui conf\u00e8re un aspect naturel. Le pi\u00e8tement peut \u00eatre fourni dans n&#039;importe quelle couleur de laque, de sorte qu&#039;il s&#039;harmonise toujours avec le plateau choisi (et le reste de votre int\u00e9rieur). La table Spindel est \u00e9galement disponible comme table d&#039;appoint.\" \/>\n<meta property=\"og:url\" content=\"https:\/\/www.waltlouise.be\/produit\/table-spindel-metaform\/\" \/>\n<meta property=\"og:site_name\" content=\"WaltLouise\" \/>\n<meta property=\"og:image\" content=\"https:\/\/www.waltlouise.be\/wp-content\/uploads\/2024\/03\/Tabel-basse-SPINDEL-METAFORM-rond-pied-metal-marbre.jpg\" \/>\n\t<meta property=\"og:image:width\" content=\"2048\" \/>\n\t<meta property=\"og:image:height\" content=\"2048\" \/>\n\t<meta property=\"og:image:type\" content=\"image\/jpeg\" \/>\n<meta name=\"twitter:card\" content=\"summary_large_image\" \/>\n<meta name=\"twitter:label1\" content=\"Geschatte leestijd\" \/>\n\t<meta name=\"twitter:data1\" content=\"1 minuut\" \/>\n<script type=\"application\/ld+json\" class=\"yoast-schema-graph\">{\"@context\":\"https:\/\/schema.org\",\"@graph\":[{\"@type\":\"WebPage\",\"@id\":\"https:\/\/www.waltlouise.be\/produit\/table-spindel-metaform\/\",\"url\":\"https:\/\/www.waltlouise.be\/produit\/table-spindel-metaform\/\",\"name\":\"Table Spindel - Metaform - WaltLouise\",\"isPartOf\":{\"@id\":\"https:\/\/www.waltlouise.be\/#website\"},\"primaryImageOfPage\":{\"@id\":\"https:\/\/www.waltlouise.be\/produit\/table-spindel-metaform\/#primaryimage\"},\"image\":{\"@id\":\"https:\/\/www.waltlouise.be\/produit\/table-spindel-metaform\/#primaryimage\"},\"thumbnailUrl\":\"https:\/\/www.waltlouise.be\/wp-content\/uploads\/2024\/03\/Tabel-basse-SPINDEL-METAFORM-rond-pied-metal-marbre.jpg\",\"datePublished\":\"2024-03-30T12:43:47+00:00\",\"description\":\"La table basse Metaform Spindel en marbre est un mod\u00e8le \u00e9l\u00e9gant qui peut \u00eatre plac\u00e9 dans n'importe quelle maison. Le plateau de la table est en marbre (disponible en diff\u00e9rents types\/couleurs), ce qui lui conf\u00e8re un aspect naturel. Le pi\u00e8tement peut \u00eatre fourni dans n'importe quelle couleur de laque, de sorte qu'il s'harmonise toujours avec le plateau choisi (et le reste de votre int\u00e9rieur). La table Spindel est \u00e9galement disponible comme table d'appoint.\",\"breadcrumb\":{\"@id\":\"https:\/\/www.waltlouise.be\/produit\/table-spindel-metaform\/#breadcrumb\"},\"inLanguage\":\"nl-NL\",\"potentialAction\":[{\"@type\":\"ReadAction\",\"target\":[\"https:\/\/www.waltlouise.be\/produit\/table-spindel-metaform\/\"]}]},{\"@type\":\"ImageObject\",\"inLanguage\":\"nl-NL\",\"@id\":\"https:\/\/www.waltlouise.be\/produit\/table-spindel-metaform\/#primaryimage\",\"url\":\"https:\/\/www.waltlouise.be\/wp-content\/uploads\/2024\/03\/Tabel-basse-SPINDEL-METAFORM-rond-pied-metal-marbre.jpg\",\"contentUrl\":\"https:\/\/www.waltlouise.be\/wp-content\/uploads\/2024\/03\/Tabel-basse-SPINDEL-METAFORM-rond-pied-metal-marbre.jpg\",\"width\":2048,\"height\":2048},{\"@type\":\"BreadcrumbList\",\"@id\":\"https:\/\/www.waltlouise.be\/produit\/table-spindel-metaform\/#breadcrumb\",\"itemListElement\":[{\"@type\":\"ListItem\",\"position\":1,\"name\":\"Accueil\",\"item\":\"https:\/\/www.waltlouise.be\/nl\/\"},{\"@type\":\"ListItem\",\"position\":2,\"name\":\"Onze producten\",\"item\":\"https:\/\/www.waltlouise.be\/nl\/onze-producten\/\"},{\"@type\":\"ListItem\",\"position\":3,\"name\":\"Table Spindel &#8211; Metaform\"}]},{\"@type\":\"WebSite\",\"@id\":\"https:\/\/www.waltlouise.be\/#website\",\"url\":\"https:\/\/www.waltlouise.be\/\",\"name\":\"WaltLouise\",\"description\":\"Walt Louise \u2013 Bienvenue sur le site de WaltLouise| Accueil | Des r\u00e9\u00e9ditions de vaisselier, de grandes \u00e9tag\u00e8res aux lignes \u00e9pur\u00e9es c\u00f4toient des pi\u00e8ces con\u00e7ues \u00e0 la demande.\",\"potentialAction\":[{\"@type\":\"SearchAction\",\"target\":{\"@type\":\"EntryPoint\",\"urlTemplate\":\"https:\/\/www.waltlouise.be\/?s={search_term_string}\"},\"query-input\":{\"@type\":\"PropertyValueSpecification\",\"valueRequired\":true,\"valueName\":\"search_term_string\"}}],\"inLanguage\":\"nl-NL\"}]}<\/script>\n<!-- \/ Yoast SEO plugin. -->","yoast_head_json":{"title":"Table Spindel - Metaform - WaltLouise","description":"La table basse Metaform Spindel en marbre est un mod\u00e8le \u00e9l\u00e9gant qui peut \u00eatre plac\u00e9 dans n'importe quelle maison. Le plateau de la table est en marbre (disponible en diff\u00e9rents types\/couleurs), ce qui lui conf\u00e8re un aspect naturel. Le pi\u00e8tement peut \u00eatre fourni dans n'importe quelle couleur de laque, de sorte qu'il s'harmonise toujours avec le plateau choisi (et le reste de votre int\u00e9rieur). La table Spindel est \u00e9galement disponible comme table d'appoint.","robots":{"index":"index","follow":"follow","max-snippet":"max-snippet:-1","max-image-preview":"max-image-preview:large","max-video-preview":"max-video-preview:-1"},"canonical":"https:\/\/www.waltlouise.be\/produit\/table-spindel-metaform\/","og_locale":"nl_NL","og_type":"article","og_title":"Table Spindel - Metaform - WaltLouise","og_description":"La table basse Metaform Spindel en marbre est un mod\u00e8le \u00e9l\u00e9gant qui peut \u00eatre plac\u00e9 dans n'importe quelle maison. Le plateau de la table est en marbre (disponible en diff\u00e9rents types\/couleurs), ce qui lui conf\u00e8re un aspect naturel. Le pi\u00e8tement peut \u00eatre fourni dans n'importe quelle couleur de laque, de sorte qu'il s'harmonise toujours avec le plateau choisi (et le reste de votre int\u00e9rieur). La table Spindel est \u00e9galement disponible comme table d'appoint.","og_url":"https:\/\/www.waltlouise.be\/produit\/table-spindel-metaform\/","og_site_name":"WaltLouise","og_image":[{"width":2048,"height":2048,"url":"https:\/\/www.waltlouise.be\/wp-content\/uploads\/2024\/03\/Tabel-basse-SPINDEL-METAFORM-rond-pied-metal-marbre.jpg","type":"image\/jpeg"}],"twitter_card":"summary_large_image","twitter_misc":{"Geschatte leestijd":"1 minuut"},"schema":{"@context":"https:\/\/schema.org","@graph":[{"@type":"WebPage","@id":"https:\/\/www.waltlouise.be\/produit\/table-spindel-metaform\/","url":"https:\/\/www.waltlouise.be\/produit\/table-spindel-metaform\/","name":"Table Spindel - Metaform - WaltLouise","isPartOf":{"@id":"https:\/\/www.waltlouise.be\/#website"},"primaryImageOfPage":{"@id":"https:\/\/www.waltlouise.be\/produit\/table-spindel-metaform\/#primaryimage"},"image":{"@id":"https:\/\/www.waltlouise.be\/produit\/table-spindel-metaform\/#primaryimage"},"thumbnailUrl":"https:\/\/www.waltlouise.be\/wp-content\/uploads\/2024\/03\/Tabel-basse-SPINDEL-METAFORM-rond-pied-metal-marbre.jpg","datePublished":"2024-03-30T12:43:47+00:00","description":"La table basse Metaform Spindel en marbre est un mod\u00e8le \u00e9l\u00e9gant qui peut \u00eatre plac\u00e9 dans n'importe quelle maison. Le plateau de la table est en marbre (disponible en diff\u00e9rents types\/couleurs), ce qui lui conf\u00e8re un aspect naturel. Le pi\u00e8tement peut \u00eatre fourni dans n'importe quelle couleur de laque, de sorte qu'il s'harmonise toujours avec le plateau choisi (et le reste de votre int\u00e9rieur). La table Spindel est \u00e9galement disponible comme table d'appoint.","breadcrumb":{"@id":"https:\/\/www.waltlouise.be\/produit\/table-spindel-metaform\/#breadcrumb"},"inLanguage":"nl-NL","potentialAction":[{"@type":"ReadAction","target":["https:\/\/www.waltlouise.be\/produit\/table-spindel-metaform\/"]}]},{"@type":"ImageObject","inLanguage":"nl-NL","@id":"https:\/\/www.waltlouise.be\/produit\/table-spindel-metaform\/#primaryimage","url":"https:\/\/www.waltlouise.be\/wp-content\/uploads\/2024\/03\/Tabel-basse-SPINDEL-METAFORM-rond-pied-metal-marbre.jpg","contentUrl":"https:\/\/www.waltlouise.be\/wp-content\/uploads\/2024\/03\/Tabel-basse-SPINDEL-METAFORM-rond-pied-metal-marbre.jpg","width":2048,"height":2048},{"@type":"BreadcrumbList","@id":"https:\/\/www.waltlouise.be\/produit\/table-spindel-metaform\/#breadcrumb","itemListElement":[{"@type":"ListItem","position":1,"name":"Accueil","item":"https:\/\/www.waltlouise.be\/nl\/"},{"@type":"ListItem","position":2,"name":"Onze producten","item":"https:\/\/www.waltlouise.be\/nl\/onze-producten\/"},{"@type":"ListItem","position":3,"name":"Table Spindel &#8211; Metaform"}]},{"@type":"WebSite","@id":"https:\/\/www.waltlouise.be\/#website","url":"https:\/\/www.waltlouise.be\/","name":"WaltLouise","description":"Walt Louise \u2013 Bienvenue sur le site de WaltLouise| Accueil | Des r\u00e9\u00e9ditions de vaisselier, de grandes \u00e9tag\u00e8res aux lignes \u00e9pur\u00e9es c\u00f4toient des pi\u00e8ces con\u00e7ues \u00e0 la demande.","potentialAction":[{"@type":"SearchAction","target":{"@type":"EntryPoint","urlTemplate":"https:\/\/www.waltlouise.be\/?s={search_term_string}"},"query-input":{"@type":"PropertyValueSpecification","valueRequired":true,"valueName":"search_term_string"}}],"inLanguage":"nl-NL"}]}},"_links":{"self":[{"href":"https:\/\/www.waltlouise.be\/nl\/wp-json\/wp\/v2\/product\/8175","targetHints":{"allow":["GET"]}}],"collection":[{"href":"https:\/\/www.waltlouise.be\/nl\/wp-json\/wp\/v2\/product"}],"about":[{"href":"https:\/\/www.waltlouise.be\/nl\/wp-json\/wp\/v2\/types\/product"}],"replies":[{"embeddable":true,"href":"https:\/\/www.waltlouise.be\/nl\/wp-json\/wp\/v2\/comments?post=8175"}],"wp:featuredmedia":[{"embeddable":true,"href":"https:\/\/www.waltlouise.be\/nl\/wp-json\/wp\/v2\/media\/8184"}],"wp:attachment":[{"href":"https:\/\/www.waltlouise.be\/nl\/wp-json\/wp\/v2\/media?parent=8175"}],"wp:term":[{"taxonomy":"product_brand","embeddable":true,"href":"https:\/\/www.waltlouise.be\/nl\/wp-json\/wp\/v2\/product_brand?post=8175"},{"taxonomy":"product_cat","embeddable":true,"href":"https:\/\/www.waltlouise.be\/nl\/wp-json\/wp\/v2\/product_cat?post=8175"},{"taxonomy":"product_tag","embeddable":true,"href":"https:\/\/www.waltlouise.be\/nl\/wp-json\/wp\/v2\/product_tag?post=8175"}],"curies":[{"name":"wp","href":"https:\/\/api.w.org\/{rel}","templated":true}]}}