{"id":8147,"date":"2024-03-30T13:16:25","date_gmt":"2024-03-30T12:16:25","guid":{"rendered":"https:\/\/www.waltlouise.be\/?post_type=product&#038;p=8147"},"modified":"2024-03-30T13:16:25","modified_gmt":"2024-03-30T12:16:25","slug":"table-column-atelier-bb","status":"publish","type":"product","link":"https:\/\/www.waltlouise.be\/nl\/product\/table-column-atelier-bb\/","title":{"rendered":"Table Column &#8211; Atelier BB"},"content":{"rendered":"<p>Les tables de l&#8217;Atelier BB r\u00e9sisteront \u00e0 l&#8217;\u00e9preuve du temps et deviendront des pi\u00e8ces dont vous pourrez profiter pendant des ann\u00e9es. Ceci gr\u00e2ce \u00e0 l\u2019utilisation du Mortex\u00ae, micro-mortier min\u00e9ral, \u00e0 base de chaux naturelle et de ciment, imperm\u00e9able et extr\u00eamement r\u00e9sistant \u00e0 l&#8217;usure.\u00a0L&#8217;enduit pr\u00e9sente les m\u00eames caract\u00e9ristiques que la pierre naturelle et est tr\u00e8s facile \u00e0 entretenir apr\u00e8s le rev\u00eatement multicouche.\u00a0Gr\u00e2ce \u00e0 la flexibilit\u00e9 du mat\u00e9riau, les possibilit\u00e9s de couleurs et de formes sont infinies.<\/p>\n","protected":false},"excerpt":{"rendered":"<p>Les cr\u00e9ations d&#8217;ATELIER BB se distinguent par leur simplicit\u00e9, leur qualit\u00e9 et leur souci du d\u00e9tail.<br \/>\nEn utilisant uniquement des mat\u00e9riaux durables, ils d\u00e9veloppent des pi\u00e8ces qui r\u00e9sisteront \u00e0 l&#8217;\u00e9preuve du temps.<br \/>\nLa collection se compose de tables d&#8217;appoint, de tables basses et de tables de salle \u00e0 manger en Mortex\u00ae, compl\u00e9t\u00e9es par des si\u00e8ges.<br \/>\nde si\u00e8ges. Le Mortex\u00ae est un pl\u00e2tre naturel, d\u00e9velopp\u00e9 par la soci\u00e9t\u00e9 belge Beal International.<br \/>\nLe processus traditionnel utilis\u00e9 pour appliquer ce mat\u00e9riau garantit que chaque pi\u00e8ce est unique et a du caract\u00e8re.<br \/>\net de caract\u00e8re. Outre la collection standard, ATELIER BB propose \u00e9galement un travail sur mesure,<br \/>\nce qui en fait le partenaire id\u00e9al pour r\u00e9aliser le projet de vos r\u00eaves.<\/p>\n<p>&nbsp;<\/p>\n","protected":false},"featured_media":8154,"comment_status":"open","ping_status":"closed","template":"","meta":{"_acf_changed":false},"product_brand":[],"product_cat":[88,92],"product_tag":[],"class_list":{"0":"post-8147","1":"product","2":"type-product","3":"status-publish","4":"has-post-thumbnail","6":"product_cat-salle-a-manger","7":"product_cat-tables-fixes","9":"first","10":"onbackorder","11":"shipping-taxable","12":"purchasable","13":"product-type-simple"},"acf":[],"yoast_head":"<!-- This site is optimized with the Yoast SEO plugin v27.2 - https:\/\/yoast.com\/product\/yoast-seo-wordpress\/ -->\n<title>Table Column - Atelier BB - WaltLouise<\/title>\n<meta name=\"description\" content=\"Les cr\u00e9ations d&#039;ATELIER BB se distinguent par leur simplicit\u00e9, leur qualit\u00e9 et leur souci du d\u00e9tail. En utilisant uniquement des mat\u00e9riaux durables, ils d\u00e9veloppent des pi\u00e8ces qui r\u00e9sisteront \u00e0 l&#039;\u00e9preuve du temps. La collection se compose de tables d&#039;appoint, de tables basses et de tables de salle \u00e0 manger en Mortex\u00ae, compl\u00e9t\u00e9es par des si\u00e8ges. de si\u00e8ges. Le Mortex\u00ae est un pl\u00e2tre naturel, d\u00e9velopp\u00e9 par la soci\u00e9t\u00e9 belge Beal International. Le processus traditionnel utilis\u00e9 pour appliquer ce mat\u00e9riau garantit que chaque pi\u00e8ce est unique et a du caract\u00e8re. et de caract\u00e8re. Outre la collection standard, ATELIER BB propose \u00e9galement un travail sur mesure, ce qui en fait le partenaire id\u00e9al pour r\u00e9aliser le projet de vos r\u00eaves.  &nbsp;\" \/>\n<meta name=\"robots\" content=\"index, follow, max-snippet:-1, max-image-preview:large, max-video-preview:-1\" \/>\n<link rel=\"canonical\" href=\"https:\/\/www.waltlouise.be\/produit\/table-column-atelier-bb\/\" \/>\n<meta property=\"og:locale\" content=\"nl_NL\" \/>\n<meta property=\"og:type\" content=\"article\" \/>\n<meta property=\"og:title\" content=\"Table Column - Atelier BB - WaltLouise\" \/>\n<meta property=\"og:description\" content=\"Les cr\u00e9ations d&#039;ATELIER BB se distinguent par leur simplicit\u00e9, leur qualit\u00e9 et leur souci du d\u00e9tail. En utilisant uniquement des mat\u00e9riaux durables, ils d\u00e9veloppent des pi\u00e8ces qui r\u00e9sisteront \u00e0 l&#039;\u00e9preuve du temps. La collection se compose de tables d&#039;appoint, de tables basses et de tables de salle \u00e0 manger en Mortex\u00ae, compl\u00e9t\u00e9es par des si\u00e8ges. de si\u00e8ges. Le Mortex\u00ae est un pl\u00e2tre naturel, d\u00e9velopp\u00e9 par la soci\u00e9t\u00e9 belge Beal International. Le processus traditionnel utilis\u00e9 pour appliquer ce mat\u00e9riau garantit que chaque pi\u00e8ce est unique et a du caract\u00e8re. et de caract\u00e8re. Outre la collection standard, ATELIER BB propose \u00e9galement un travail sur mesure, ce qui en fait le partenaire id\u00e9al pour r\u00e9aliser le projet de vos r\u00eaves.  &nbsp;\" \/>\n<meta property=\"og:url\" content=\"https:\/\/www.waltlouise.be\/produit\/table-column-atelier-bb\/\" \/>\n<meta property=\"og:site_name\" content=\"WaltLouise\" \/>\n<meta property=\"og:image\" content=\"https:\/\/www.waltlouise.be\/wp-content\/uploads\/2024\/03\/Table-salle-a-manger-ATELIER-BB-mortex-COLUMN-4-scaled.jpg\" \/>\n\t<meta property=\"og:image:width\" content=\"2560\" \/>\n\t<meta property=\"og:image:height\" content=\"1707\" \/>\n\t<meta property=\"og:image:type\" content=\"image\/jpeg\" \/>\n<meta name=\"twitter:card\" content=\"summary_large_image\" \/>\n<meta name=\"twitter:label1\" content=\"Geschatte leestijd\" \/>\n\t<meta name=\"twitter:data1\" content=\"1 minuut\" \/>\n<script type=\"application\/ld+json\" class=\"yoast-schema-graph\">{\"@context\":\"https:\/\/schema.org\",\"@graph\":[{\"@type\":\"WebPage\",\"@id\":\"https:\/\/www.waltlouise.be\/produit\/table-column-atelier-bb\/\",\"url\":\"https:\/\/www.waltlouise.be\/produit\/table-column-atelier-bb\/\",\"name\":\"Table Column - Atelier BB - WaltLouise\",\"isPartOf\":{\"@id\":\"https:\/\/www.waltlouise.be\/#website\"},\"primaryImageOfPage\":{\"@id\":\"https:\/\/www.waltlouise.be\/produit\/table-column-atelier-bb\/#primaryimage\"},\"image\":{\"@id\":\"https:\/\/www.waltlouise.be\/produit\/table-column-atelier-bb\/#primaryimage\"},\"thumbnailUrl\":\"https:\/\/www.waltlouise.be\/wp-content\/uploads\/2024\/03\/Table-salle-a-manger-ATELIER-BB-mortex-COLUMN-4-scaled.jpg\",\"datePublished\":\"2024-03-30T12:16:25+00:00\",\"description\":\"Les cr\u00e9ations d'ATELIER BB se distinguent par leur simplicit\u00e9, leur qualit\u00e9 et leur souci du d\u00e9tail. En utilisant uniquement des mat\u00e9riaux durables, ils d\u00e9veloppent des pi\u00e8ces qui r\u00e9sisteront \u00e0 l'\u00e9preuve du temps. La collection se compose de tables d'appoint, de tables basses et de tables de salle \u00e0 manger en Mortex\u00ae, compl\u00e9t\u00e9es par des si\u00e8ges. de si\u00e8ges. Le Mortex\u00ae est un pl\u00e2tre naturel, d\u00e9velopp\u00e9 par la soci\u00e9t\u00e9 belge Beal International. Le processus traditionnel utilis\u00e9 pour appliquer ce mat\u00e9riau garantit que chaque pi\u00e8ce est unique et a du caract\u00e8re. et de caract\u00e8re. Outre la collection standard, ATELIER BB propose \u00e9galement un travail sur mesure, ce qui en fait le partenaire id\u00e9al pour r\u00e9aliser le projet de vos r\u00eaves. &nbsp;\",\"breadcrumb\":{\"@id\":\"https:\/\/www.waltlouise.be\/produit\/table-column-atelier-bb\/#breadcrumb\"},\"inLanguage\":\"nl-NL\",\"potentialAction\":[{\"@type\":\"ReadAction\",\"target\":[\"https:\/\/www.waltlouise.be\/produit\/table-column-atelier-bb\/\"]}]},{\"@type\":\"ImageObject\",\"inLanguage\":\"nl-NL\",\"@id\":\"https:\/\/www.waltlouise.be\/produit\/table-column-atelier-bb\/#primaryimage\",\"url\":\"https:\/\/www.waltlouise.be\/wp-content\/uploads\/2024\/03\/Table-salle-a-manger-ATELIER-BB-mortex-COLUMN-4-scaled.jpg\",\"contentUrl\":\"https:\/\/www.waltlouise.be\/wp-content\/uploads\/2024\/03\/Table-salle-a-manger-ATELIER-BB-mortex-COLUMN-4-scaled.jpg\",\"width\":2560,\"height\":1707},{\"@type\":\"BreadcrumbList\",\"@id\":\"https:\/\/www.waltlouise.be\/produit\/table-column-atelier-bb\/#breadcrumb\",\"itemListElement\":[{\"@type\":\"ListItem\",\"position\":1,\"name\":\"Accueil\",\"item\":\"https:\/\/www.waltlouise.be\/nl\/\"},{\"@type\":\"ListItem\",\"position\":2,\"name\":\"Onze producten\",\"item\":\"https:\/\/www.waltlouise.be\/nl\/onze-producten\/\"},{\"@type\":\"ListItem\",\"position\":3,\"name\":\"Table Column &#8211; Atelier BB\"}]},{\"@type\":\"WebSite\",\"@id\":\"https:\/\/www.waltlouise.be\/#website\",\"url\":\"https:\/\/www.waltlouise.be\/\",\"name\":\"WaltLouise\",\"description\":\"Walt Louise \u2013 Bienvenue sur le site de WaltLouise| Accueil | Des r\u00e9\u00e9ditions de vaisselier, de grandes \u00e9tag\u00e8res aux lignes \u00e9pur\u00e9es c\u00f4toient des pi\u00e8ces con\u00e7ues \u00e0 la demande.\",\"potentialAction\":[{\"@type\":\"SearchAction\",\"target\":{\"@type\":\"EntryPoint\",\"urlTemplate\":\"https:\/\/www.waltlouise.be\/?s={search_term_string}\"},\"query-input\":{\"@type\":\"PropertyValueSpecification\",\"valueRequired\":true,\"valueName\":\"search_term_string\"}}],\"inLanguage\":\"nl-NL\"}]}<\/script>\n<!-- \/ Yoast SEO plugin. -->","yoast_head_json":{"title":"Table Column - Atelier BB - WaltLouise","description":"Les cr\u00e9ations d'ATELIER BB se distinguent par leur simplicit\u00e9, leur qualit\u00e9 et leur souci du d\u00e9tail. En utilisant uniquement des mat\u00e9riaux durables, ils d\u00e9veloppent des pi\u00e8ces qui r\u00e9sisteront \u00e0 l'\u00e9preuve du temps. La collection se compose de tables d'appoint, de tables basses et de tables de salle \u00e0 manger en Mortex\u00ae, compl\u00e9t\u00e9es par des si\u00e8ges. de si\u00e8ges. Le Mortex\u00ae est un pl\u00e2tre naturel, d\u00e9velopp\u00e9 par la soci\u00e9t\u00e9 belge Beal International. Le processus traditionnel utilis\u00e9 pour appliquer ce mat\u00e9riau garantit que chaque pi\u00e8ce est unique et a du caract\u00e8re. et de caract\u00e8re. Outre la collection standard, ATELIER BB propose \u00e9galement un travail sur mesure, ce qui en fait le partenaire id\u00e9al pour r\u00e9aliser le projet de vos r\u00eaves.  &nbsp;","robots":{"index":"index","follow":"follow","max-snippet":"max-snippet:-1","max-image-preview":"max-image-preview:large","max-video-preview":"max-video-preview:-1"},"canonical":"https:\/\/www.waltlouise.be\/produit\/table-column-atelier-bb\/","og_locale":"nl_NL","og_type":"article","og_title":"Table Column - Atelier BB - WaltLouise","og_description":"Les cr\u00e9ations d'ATELIER BB se distinguent par leur simplicit\u00e9, leur qualit\u00e9 et leur souci du d\u00e9tail. En utilisant uniquement des mat\u00e9riaux durables, ils d\u00e9veloppent des pi\u00e8ces qui r\u00e9sisteront \u00e0 l'\u00e9preuve du temps. La collection se compose de tables d'appoint, de tables basses et de tables de salle \u00e0 manger en Mortex\u00ae, compl\u00e9t\u00e9es par des si\u00e8ges. de si\u00e8ges. Le Mortex\u00ae est un pl\u00e2tre naturel, d\u00e9velopp\u00e9 par la soci\u00e9t\u00e9 belge Beal International. Le processus traditionnel utilis\u00e9 pour appliquer ce mat\u00e9riau garantit que chaque pi\u00e8ce est unique et a du caract\u00e8re. et de caract\u00e8re. Outre la collection standard, ATELIER BB propose \u00e9galement un travail sur mesure, ce qui en fait le partenaire id\u00e9al pour r\u00e9aliser le projet de vos r\u00eaves.  &nbsp;","og_url":"https:\/\/www.waltlouise.be\/produit\/table-column-atelier-bb\/","og_site_name":"WaltLouise","og_image":[{"width":2560,"height":1707,"url":"https:\/\/www.waltlouise.be\/wp-content\/uploads\/2024\/03\/Table-salle-a-manger-ATELIER-BB-mortex-COLUMN-4-scaled.jpg","type":"image\/jpeg"}],"twitter_card":"summary_large_image","twitter_misc":{"Geschatte leestijd":"1 minuut"},"schema":{"@context":"https:\/\/schema.org","@graph":[{"@type":"WebPage","@id":"https:\/\/www.waltlouise.be\/produit\/table-column-atelier-bb\/","url":"https:\/\/www.waltlouise.be\/produit\/table-column-atelier-bb\/","name":"Table Column - Atelier BB - WaltLouise","isPartOf":{"@id":"https:\/\/www.waltlouise.be\/#website"},"primaryImageOfPage":{"@id":"https:\/\/www.waltlouise.be\/produit\/table-column-atelier-bb\/#primaryimage"},"image":{"@id":"https:\/\/www.waltlouise.be\/produit\/table-column-atelier-bb\/#primaryimage"},"thumbnailUrl":"https:\/\/www.waltlouise.be\/wp-content\/uploads\/2024\/03\/Table-salle-a-manger-ATELIER-BB-mortex-COLUMN-4-scaled.jpg","datePublished":"2024-03-30T12:16:25+00:00","description":"Les cr\u00e9ations d'ATELIER BB se distinguent par leur simplicit\u00e9, leur qualit\u00e9 et leur souci du d\u00e9tail. En utilisant uniquement des mat\u00e9riaux durables, ils d\u00e9veloppent des pi\u00e8ces qui r\u00e9sisteront \u00e0 l'\u00e9preuve du temps. La collection se compose de tables d'appoint, de tables basses et de tables de salle \u00e0 manger en Mortex\u00ae, compl\u00e9t\u00e9es par des si\u00e8ges. de si\u00e8ges. Le Mortex\u00ae est un pl\u00e2tre naturel, d\u00e9velopp\u00e9 par la soci\u00e9t\u00e9 belge Beal International. Le processus traditionnel utilis\u00e9 pour appliquer ce mat\u00e9riau garantit que chaque pi\u00e8ce est unique et a du caract\u00e8re. et de caract\u00e8re. Outre la collection standard, ATELIER BB propose \u00e9galement un travail sur mesure, ce qui en fait le partenaire id\u00e9al pour r\u00e9aliser le projet de vos r\u00eaves. &nbsp;","breadcrumb":{"@id":"https:\/\/www.waltlouise.be\/produit\/table-column-atelier-bb\/#breadcrumb"},"inLanguage":"nl-NL","potentialAction":[{"@type":"ReadAction","target":["https:\/\/www.waltlouise.be\/produit\/table-column-atelier-bb\/"]}]},{"@type":"ImageObject","inLanguage":"nl-NL","@id":"https:\/\/www.waltlouise.be\/produit\/table-column-atelier-bb\/#primaryimage","url":"https:\/\/www.waltlouise.be\/wp-content\/uploads\/2024\/03\/Table-salle-a-manger-ATELIER-BB-mortex-COLUMN-4-scaled.jpg","contentUrl":"https:\/\/www.waltlouise.be\/wp-content\/uploads\/2024\/03\/Table-salle-a-manger-ATELIER-BB-mortex-COLUMN-4-scaled.jpg","width":2560,"height":1707},{"@type":"BreadcrumbList","@id":"https:\/\/www.waltlouise.be\/produit\/table-column-atelier-bb\/#breadcrumb","itemListElement":[{"@type":"ListItem","position":1,"name":"Accueil","item":"https:\/\/www.waltlouise.be\/nl\/"},{"@type":"ListItem","position":2,"name":"Onze producten","item":"https:\/\/www.waltlouise.be\/nl\/onze-producten\/"},{"@type":"ListItem","position":3,"name":"Table Column &#8211; Atelier BB"}]},{"@type":"WebSite","@id":"https:\/\/www.waltlouise.be\/#website","url":"https:\/\/www.waltlouise.be\/","name":"WaltLouise","description":"Walt Louise \u2013 Bienvenue sur le site de WaltLouise| Accueil | Des r\u00e9\u00e9ditions de vaisselier, de grandes \u00e9tag\u00e8res aux lignes \u00e9pur\u00e9es c\u00f4toient des pi\u00e8ces con\u00e7ues \u00e0 la demande.","potentialAction":[{"@type":"SearchAction","target":{"@type":"EntryPoint","urlTemplate":"https:\/\/www.waltlouise.be\/?s={search_term_string}"},"query-input":{"@type":"PropertyValueSpecification","valueRequired":true,"valueName":"search_term_string"}}],"inLanguage":"nl-NL"}]}},"_links":{"self":[{"href":"https:\/\/www.waltlouise.be\/nl\/wp-json\/wp\/v2\/product\/8147","targetHints":{"allow":["GET"]}}],"collection":[{"href":"https:\/\/www.waltlouise.be\/nl\/wp-json\/wp\/v2\/product"}],"about":[{"href":"https:\/\/www.waltlouise.be\/nl\/wp-json\/wp\/v2\/types\/product"}],"replies":[{"embeddable":true,"href":"https:\/\/www.waltlouise.be\/nl\/wp-json\/wp\/v2\/comments?post=8147"}],"wp:featuredmedia":[{"embeddable":true,"href":"https:\/\/www.waltlouise.be\/nl\/wp-json\/wp\/v2\/media\/8154"}],"wp:attachment":[{"href":"https:\/\/www.waltlouise.be\/nl\/wp-json\/wp\/v2\/media?parent=8147"}],"wp:term":[{"taxonomy":"product_brand","embeddable":true,"href":"https:\/\/www.waltlouise.be\/nl\/wp-json\/wp\/v2\/product_brand?post=8147"},{"taxonomy":"product_cat","embeddable":true,"href":"https:\/\/www.waltlouise.be\/nl\/wp-json\/wp\/v2\/product_cat?post=8147"},{"taxonomy":"product_tag","embeddable":true,"href":"https:\/\/www.waltlouise.be\/nl\/wp-json\/wp\/v2\/product_tag?post=8147"}],"curies":[{"name":"wp","href":"https:\/\/api.w.org\/{rel}","templated":true}]}}