{"id":8069,"date":"2024-03-29T12:45:53","date_gmt":"2024-03-29T11:45:53","guid":{"rendered":"https:\/\/www.waltlouise.be\/?post_type=product&#038;p=8069"},"modified":"2024-03-29T14:28:53","modified_gmt":"2024-03-29T13:28:53","slug":"tabouret-naru-bar-artisan","status":"publish","type":"product","link":"https:\/\/www.waltlouise.be\/nl\/product\/tabouret-naru-bar-artisan\/","title":{"rendered":"Tabouret Naru bar &#8211; Artisan"},"content":{"rendered":"<p>Un flux continu de lignes douces d\u00e9finit des unit\u00e9s \u00e9l\u00e9gantes ; il respecte l&#8217;ergonomie et compl\u00e8te avec sophistication une esth\u00e9tique sobre mais identifiable.\u00a0 Des lignes de bois tendres tracent la forme souhait\u00e9e, s&#8217;adaptant \u00e0 l&#8217;usage en modifiant le d\u00e9roulement des lignes.\u00a0 Gr\u00e2ce \u00e0 sa beaut\u00e9 discr\u00e8te, Le tabouret Naru s&#8217;int\u00e8gre avec gr\u00e2ce dans des int\u00e9rieurs d\u00e9j\u00e0 \u00e9tablis et s&#8217;y adaptent, les affinant sans jamais perdre leur distinction. Existe en 2 hauteurs, 65 et 75 cm ht.<\/p>\n","protected":false},"excerpt":{"rendered":"<p>L\u2019amour du bois et 50 ans d\u2019exp\u00e9rience dans la transformation de celui-ci, permet \u00e0 la soci\u00e9t\u00e9 Artisan de produire des conceptions pr\u00e9cises, aux courbes s\u00e9duisantes, complexes et ma\u00eetris\u00e9es. La collection de meubles Artisan, tr\u00e8s vari\u00e9e, est aussi compos\u00e9e de luminaires et d\u2019accessoires, qui sont destin\u00e9s \u00e0 un usage priv\u00e9 ou contractuel. Artisan travail avec des designers de renomm\u00e9e internationale.<\/p>\n","protected":false},"featured_media":8070,"comment_status":"open","ping_status":"closed","template":"","meta":{"_acf_changed":false},"product_brand":[],"product_cat":[88,93],"product_tag":[],"class_list":{"0":"post-8069","1":"product","2":"type-product","3":"status-publish","4":"has-post-thumbnail","6":"product_cat-salle-a-manger","7":"product_cat-tabourets","9":"first","10":"onbackorder","11":"shipping-taxable","12":"purchasable","13":"product-type-simple"},"acf":[],"yoast_head":"<!-- This site is optimized with the Yoast SEO plugin v27.2 - https:\/\/yoast.com\/product\/yoast-seo-wordpress\/ -->\n<title>Tabouret Naru bar - Artisan - WaltLouise<\/title>\n<meta name=\"description\" content=\"L\u2019amour du bois et 50 ans d\u2019exp\u00e9rience dans la transformation de celui-ci, permet \u00e0 la soci\u00e9t\u00e9 Artisan de produire des conceptions pr\u00e9cises, aux courbes s\u00e9duisantes, complexes et ma\u00eetris\u00e9es. La collection de meubles Artisan, tr\u00e8s vari\u00e9e, est aussi compos\u00e9e de luminaires et d\u2019accessoires, qui sont destin\u00e9s \u00e0 un usage priv\u00e9 ou contractuel. Artisan travail avec des designers de renomm\u00e9e internationale.\" \/>\n<meta name=\"robots\" content=\"index, follow, max-snippet:-1, max-image-preview:large, max-video-preview:-1\" \/>\n<link rel=\"canonical\" href=\"https:\/\/www.waltlouise.be\/produit\/tabouret-naru-bar-artisan\/\" \/>\n<meta property=\"og:locale\" content=\"nl_NL\" \/>\n<meta property=\"og:type\" content=\"article\" \/>\n<meta property=\"og:title\" content=\"Tabouret Naru bar - Artisan - WaltLouise\" \/>\n<meta property=\"og:description\" content=\"L\u2019amour du bois et 50 ans d\u2019exp\u00e9rience dans la transformation de celui-ci, permet \u00e0 la soci\u00e9t\u00e9 Artisan de produire des conceptions pr\u00e9cises, aux courbes s\u00e9duisantes, complexes et ma\u00eetris\u00e9es. La collection de meubles Artisan, tr\u00e8s vari\u00e9e, est aussi compos\u00e9e de luminaires et d\u2019accessoires, qui sont destin\u00e9s \u00e0 un usage priv\u00e9 ou contractuel. Artisan travail avec des designers de renomm\u00e9e internationale.\" \/>\n<meta property=\"og:url\" content=\"https:\/\/www.waltlouise.be\/produit\/tabouret-naru-bar-artisan\/\" \/>\n<meta property=\"og:site_name\" content=\"WaltLouise\" \/>\n<meta property=\"article:modified_time\" content=\"2024-03-29T13:28:53+00:00\" \/>\n<meta property=\"og:image\" content=\"https:\/\/www.waltlouise.be\/wp-content\/uploads\/2024\/03\/Tabouret-ARTISAN-NARU-2-bois-noyer-chene-cuir-tissu-683x1024.png\" \/>\n\t<meta property=\"og:image:width\" content=\"683\" \/>\n\t<meta property=\"og:image:height\" content=\"1024\" \/>\n\t<meta property=\"og:image:type\" content=\"image\/png\" \/>\n<meta name=\"twitter:card\" content=\"summary_large_image\" \/>\n<meta name=\"twitter:label1\" content=\"Geschatte leestijd\" \/>\n\t<meta name=\"twitter:data1\" content=\"1 minuut\" \/>\n<script type=\"application\/ld+json\" class=\"yoast-schema-graph\">{\"@context\":\"https:\/\/schema.org\",\"@graph\":[{\"@type\":\"WebPage\",\"@id\":\"https:\/\/www.waltlouise.be\/produit\/tabouret-naru-bar-artisan\/\",\"url\":\"https:\/\/www.waltlouise.be\/produit\/tabouret-naru-bar-artisan\/\",\"name\":\"Tabouret Naru bar - Artisan - WaltLouise\",\"isPartOf\":{\"@id\":\"https:\/\/www.waltlouise.be\/#website\"},\"primaryImageOfPage\":{\"@id\":\"https:\/\/www.waltlouise.be\/produit\/tabouret-naru-bar-artisan\/#primaryimage\"},\"image\":{\"@id\":\"https:\/\/www.waltlouise.be\/produit\/tabouret-naru-bar-artisan\/#primaryimage\"},\"thumbnailUrl\":\"https:\/\/www.waltlouise.be\/wp-content\/uploads\/2024\/03\/Tabouret-ARTISAN-NARU-2-bois-noyer-chene-cuir-tissu.png\",\"datePublished\":\"2024-03-29T11:45:53+00:00\",\"dateModified\":\"2024-03-29T13:28:53+00:00\",\"description\":\"L\u2019amour du bois et 50 ans d\u2019exp\u00e9rience dans la transformation de celui-ci, permet \u00e0 la soci\u00e9t\u00e9 Artisan de produire des conceptions pr\u00e9cises, aux courbes s\u00e9duisantes, complexes et ma\u00eetris\u00e9es. La collection de meubles Artisan, tr\u00e8s vari\u00e9e, est aussi compos\u00e9e de luminaires et d\u2019accessoires, qui sont destin\u00e9s \u00e0 un usage priv\u00e9 ou contractuel. Artisan travail avec des designers de renomm\u00e9e internationale.\",\"breadcrumb\":{\"@id\":\"https:\/\/www.waltlouise.be\/produit\/tabouret-naru-bar-artisan\/#breadcrumb\"},\"inLanguage\":\"nl-NL\",\"potentialAction\":[{\"@type\":\"ReadAction\",\"target\":[\"https:\/\/www.waltlouise.be\/produit\/tabouret-naru-bar-artisan\/\"]}]},{\"@type\":\"ImageObject\",\"inLanguage\":\"nl-NL\",\"@id\":\"https:\/\/www.waltlouise.be\/produit\/tabouret-naru-bar-artisan\/#primaryimage\",\"url\":\"https:\/\/www.waltlouise.be\/wp-content\/uploads\/2024\/03\/Tabouret-ARTISAN-NARU-2-bois-noyer-chene-cuir-tissu.png\",\"contentUrl\":\"https:\/\/www.waltlouise.be\/wp-content\/uploads\/2024\/03\/Tabouret-ARTISAN-NARU-2-bois-noyer-chene-cuir-tissu.png\",\"width\":2000,\"height\":3000},{\"@type\":\"BreadcrumbList\",\"@id\":\"https:\/\/www.waltlouise.be\/produit\/tabouret-naru-bar-artisan\/#breadcrumb\",\"itemListElement\":[{\"@type\":\"ListItem\",\"position\":1,\"name\":\"Accueil\",\"item\":\"https:\/\/www.waltlouise.be\/nl\/\"},{\"@type\":\"ListItem\",\"position\":2,\"name\":\"Onze producten\",\"item\":\"https:\/\/www.waltlouise.be\/nl\/onze-producten\/\"},{\"@type\":\"ListItem\",\"position\":3,\"name\":\"Tabouret Naru bar &#8211; Artisan\"}]},{\"@type\":\"WebSite\",\"@id\":\"https:\/\/www.waltlouise.be\/#website\",\"url\":\"https:\/\/www.waltlouise.be\/\",\"name\":\"WaltLouise\",\"description\":\"Walt Louise \u2013 Bienvenue sur le site de WaltLouise| Accueil | Des r\u00e9\u00e9ditions de vaisselier, de grandes \u00e9tag\u00e8res aux lignes \u00e9pur\u00e9es c\u00f4toient des pi\u00e8ces con\u00e7ues \u00e0 la demande.\",\"potentialAction\":[{\"@type\":\"SearchAction\",\"target\":{\"@type\":\"EntryPoint\",\"urlTemplate\":\"https:\/\/www.waltlouise.be\/?s={search_term_string}\"},\"query-input\":{\"@type\":\"PropertyValueSpecification\",\"valueRequired\":true,\"valueName\":\"search_term_string\"}}],\"inLanguage\":\"nl-NL\"}]}<\/script>\n<!-- \/ Yoast SEO plugin. -->","yoast_head_json":{"title":"Tabouret Naru bar - Artisan - WaltLouise","description":"L\u2019amour du bois et 50 ans d\u2019exp\u00e9rience dans la transformation de celui-ci, permet \u00e0 la soci\u00e9t\u00e9 Artisan de produire des conceptions pr\u00e9cises, aux courbes s\u00e9duisantes, complexes et ma\u00eetris\u00e9es. La collection de meubles Artisan, tr\u00e8s vari\u00e9e, est aussi compos\u00e9e de luminaires et d\u2019accessoires, qui sont destin\u00e9s \u00e0 un usage priv\u00e9 ou contractuel. Artisan travail avec des designers de renomm\u00e9e internationale.","robots":{"index":"index","follow":"follow","max-snippet":"max-snippet:-1","max-image-preview":"max-image-preview:large","max-video-preview":"max-video-preview:-1"},"canonical":"https:\/\/www.waltlouise.be\/produit\/tabouret-naru-bar-artisan\/","og_locale":"nl_NL","og_type":"article","og_title":"Tabouret Naru bar - Artisan - WaltLouise","og_description":"L\u2019amour du bois et 50 ans d\u2019exp\u00e9rience dans la transformation de celui-ci, permet \u00e0 la soci\u00e9t\u00e9 Artisan de produire des conceptions pr\u00e9cises, aux courbes s\u00e9duisantes, complexes et ma\u00eetris\u00e9es. La collection de meubles Artisan, tr\u00e8s vari\u00e9e, est aussi compos\u00e9e de luminaires et d\u2019accessoires, qui sont destin\u00e9s \u00e0 un usage priv\u00e9 ou contractuel. Artisan travail avec des designers de renomm\u00e9e internationale.","og_url":"https:\/\/www.waltlouise.be\/produit\/tabouret-naru-bar-artisan\/","og_site_name":"WaltLouise","article_modified_time":"2024-03-29T13:28:53+00:00","og_image":[{"width":683,"height":1024,"url":"https:\/\/www.waltlouise.be\/wp-content\/uploads\/2024\/03\/Tabouret-ARTISAN-NARU-2-bois-noyer-chene-cuir-tissu-683x1024.png","type":"image\/png"}],"twitter_card":"summary_large_image","twitter_misc":{"Geschatte leestijd":"1 minuut"},"schema":{"@context":"https:\/\/schema.org","@graph":[{"@type":"WebPage","@id":"https:\/\/www.waltlouise.be\/produit\/tabouret-naru-bar-artisan\/","url":"https:\/\/www.waltlouise.be\/produit\/tabouret-naru-bar-artisan\/","name":"Tabouret Naru bar - Artisan - WaltLouise","isPartOf":{"@id":"https:\/\/www.waltlouise.be\/#website"},"primaryImageOfPage":{"@id":"https:\/\/www.waltlouise.be\/produit\/tabouret-naru-bar-artisan\/#primaryimage"},"image":{"@id":"https:\/\/www.waltlouise.be\/produit\/tabouret-naru-bar-artisan\/#primaryimage"},"thumbnailUrl":"https:\/\/www.waltlouise.be\/wp-content\/uploads\/2024\/03\/Tabouret-ARTISAN-NARU-2-bois-noyer-chene-cuir-tissu.png","datePublished":"2024-03-29T11:45:53+00:00","dateModified":"2024-03-29T13:28:53+00:00","description":"L\u2019amour du bois et 50 ans d\u2019exp\u00e9rience dans la transformation de celui-ci, permet \u00e0 la soci\u00e9t\u00e9 Artisan de produire des conceptions pr\u00e9cises, aux courbes s\u00e9duisantes, complexes et ma\u00eetris\u00e9es. La collection de meubles Artisan, tr\u00e8s vari\u00e9e, est aussi compos\u00e9e de luminaires et d\u2019accessoires, qui sont destin\u00e9s \u00e0 un usage priv\u00e9 ou contractuel. Artisan travail avec des designers de renomm\u00e9e internationale.","breadcrumb":{"@id":"https:\/\/www.waltlouise.be\/produit\/tabouret-naru-bar-artisan\/#breadcrumb"},"inLanguage":"nl-NL","potentialAction":[{"@type":"ReadAction","target":["https:\/\/www.waltlouise.be\/produit\/tabouret-naru-bar-artisan\/"]}]},{"@type":"ImageObject","inLanguage":"nl-NL","@id":"https:\/\/www.waltlouise.be\/produit\/tabouret-naru-bar-artisan\/#primaryimage","url":"https:\/\/www.waltlouise.be\/wp-content\/uploads\/2024\/03\/Tabouret-ARTISAN-NARU-2-bois-noyer-chene-cuir-tissu.png","contentUrl":"https:\/\/www.waltlouise.be\/wp-content\/uploads\/2024\/03\/Tabouret-ARTISAN-NARU-2-bois-noyer-chene-cuir-tissu.png","width":2000,"height":3000},{"@type":"BreadcrumbList","@id":"https:\/\/www.waltlouise.be\/produit\/tabouret-naru-bar-artisan\/#breadcrumb","itemListElement":[{"@type":"ListItem","position":1,"name":"Accueil","item":"https:\/\/www.waltlouise.be\/nl\/"},{"@type":"ListItem","position":2,"name":"Onze producten","item":"https:\/\/www.waltlouise.be\/nl\/onze-producten\/"},{"@type":"ListItem","position":3,"name":"Tabouret Naru bar &#8211; Artisan"}]},{"@type":"WebSite","@id":"https:\/\/www.waltlouise.be\/#website","url":"https:\/\/www.waltlouise.be\/","name":"WaltLouise","description":"Walt Louise \u2013 Bienvenue sur le site de WaltLouise| Accueil | Des r\u00e9\u00e9ditions de vaisselier, de grandes \u00e9tag\u00e8res aux lignes \u00e9pur\u00e9es c\u00f4toient des pi\u00e8ces con\u00e7ues \u00e0 la demande.","potentialAction":[{"@type":"SearchAction","target":{"@type":"EntryPoint","urlTemplate":"https:\/\/www.waltlouise.be\/?s={search_term_string}"},"query-input":{"@type":"PropertyValueSpecification","valueRequired":true,"valueName":"search_term_string"}}],"inLanguage":"nl-NL"}]}},"_links":{"self":[{"href":"https:\/\/www.waltlouise.be\/nl\/wp-json\/wp\/v2\/product\/8069","targetHints":{"allow":["GET"]}}],"collection":[{"href":"https:\/\/www.waltlouise.be\/nl\/wp-json\/wp\/v2\/product"}],"about":[{"href":"https:\/\/www.waltlouise.be\/nl\/wp-json\/wp\/v2\/types\/product"}],"replies":[{"embeddable":true,"href":"https:\/\/www.waltlouise.be\/nl\/wp-json\/wp\/v2\/comments?post=8069"}],"wp:featuredmedia":[{"embeddable":true,"href":"https:\/\/www.waltlouise.be\/nl\/wp-json\/wp\/v2\/media\/8070"}],"wp:attachment":[{"href":"https:\/\/www.waltlouise.be\/nl\/wp-json\/wp\/v2\/media?parent=8069"}],"wp:term":[{"taxonomy":"product_brand","embeddable":true,"href":"https:\/\/www.waltlouise.be\/nl\/wp-json\/wp\/v2\/product_brand?post=8069"},{"taxonomy":"product_cat","embeddable":true,"href":"https:\/\/www.waltlouise.be\/nl\/wp-json\/wp\/v2\/product_cat?post=8069"},{"taxonomy":"product_tag","embeddable":true,"href":"https:\/\/www.waltlouise.be\/nl\/wp-json\/wp\/v2\/product_tag?post=8069"}],"curies":[{"name":"wp","href":"https:\/\/api.w.org\/{rel}","templated":true}]}}