{"id":8056,"date":"2024-03-29T12:07:47","date_gmt":"2024-03-29T11:07:47","guid":{"rendered":"https:\/\/www.waltlouise.be\/?post_type=product&#038;p=8056"},"modified":"2024-03-29T14:30:00","modified_gmt":"2024-03-29T13:30:00","slug":"tabouret-mela-bar-artisan","status":"publish","type":"product","link":"https:\/\/www.waltlouise.be\/nl\/product\/tabouret-mela-bar-artisan\/","title":{"rendered":"Tabouret Mela bar &#8211; Artisan"},"content":{"rendered":"<p>Le Tabouret de bar Mela, rembourr\u00e9 aux lignes parfaitement incurv\u00e9es offre un confort accueillant et une esth\u00e9tique raffin\u00e9e. Telle une coque souple et confortable, Mela enveloppe un espace d&#8217;assise relaxant, ergonomiquement adapt\u00e9 au but et aux besoins de l&#8217;utilisateur, gr\u00e2ce \u00e0 des variations proportionnelles en hauteur et en largeur. Les volumes dominants de l&#8217;assise et du dossier sont rembourr\u00e9s et rembourr\u00e9s, reli\u00e9s par un jeu compl\u00e9mentaire pratique : le dossier suit et dessine le bord de l&#8217;assise, y adh\u00e8re, cr\u00e9ant une agr\u00e9able membrane douce. Les structures en bois massif, compactes et visuellement \u00e9l\u00e9gantes, compl\u00e8tent le tableau, englobant et reliant l&#8217;assise et le dossier, procurant un sentiment de s\u00e9curit\u00e9 et de beaut\u00e9. Existe en 2 hauteurs, 65 et 75 cm ht.<\/p>\n","protected":false},"excerpt":{"rendered":"<p>L\u2019amour du bois et 50 ans d\u2019exp\u00e9rience dans la transformation de celui-ci, permet \u00e0 la soci\u00e9t\u00e9 Artisan de produire des conceptions pr\u00e9cises, aux courbes s\u00e9duisantes, complexes et ma\u00eetris\u00e9es. La collection de meubles Artisan, tr\u00e8s vari\u00e9e, est aussi compos\u00e9e de luminaires et d\u2019accessoires, qui sont destin\u00e9s \u00e0 un usage priv\u00e9 ou contractuel. Artisan travail avec des designers de renomm\u00e9e internationale.<\/p>\n","protected":false},"featured_media":8057,"comment_status":"open","ping_status":"closed","template":"","meta":{"_acf_changed":false},"product_brand":[],"product_cat":[88,93],"product_tag":[],"class_list":{"0":"post-8056","1":"product","2":"type-product","3":"status-publish","4":"has-post-thumbnail","6":"product_cat-salle-a-manger","7":"product_cat-tabourets","9":"first","10":"onbackorder","11":"shipping-taxable","12":"purchasable","13":"product-type-simple"},"acf":[],"yoast_head":"<!-- This site is optimized with the Yoast SEO plugin v27.2 - https:\/\/yoast.com\/product\/yoast-seo-wordpress\/ -->\n<title>Tabouret Mela bar - Artisan - WaltLouise<\/title>\n<meta name=\"description\" content=\"L\u2019amour du bois et 50 ans d\u2019exp\u00e9rience dans la transformation de celui-ci, permet \u00e0 la soci\u00e9t\u00e9 Artisan de produire des conceptions pr\u00e9cises, aux courbes s\u00e9duisantes, complexes et ma\u00eetris\u00e9es. La collection de meubles Artisan, tr\u00e8s vari\u00e9e, est aussi compos\u00e9e de luminaires et d\u2019accessoires, qui sont destin\u00e9s \u00e0 un usage priv\u00e9 ou contractuel. Artisan travail avec des designers de renomm\u00e9e internationale.\" \/>\n<meta name=\"robots\" content=\"index, follow, max-snippet:-1, max-image-preview:large, max-video-preview:-1\" \/>\n<link rel=\"canonical\" href=\"https:\/\/www.waltlouise.be\/produit\/tabouret-mela-bar-artisan\/\" \/>\n<meta property=\"og:locale\" content=\"nl_NL\" \/>\n<meta property=\"og:type\" content=\"article\" \/>\n<meta property=\"og:title\" content=\"Tabouret Mela bar - Artisan - WaltLouise\" \/>\n<meta property=\"og:description\" content=\"L\u2019amour du bois et 50 ans d\u2019exp\u00e9rience dans la transformation de celui-ci, permet \u00e0 la soci\u00e9t\u00e9 Artisan de produire des conceptions pr\u00e9cises, aux courbes s\u00e9duisantes, complexes et ma\u00eetris\u00e9es. La collection de meubles Artisan, tr\u00e8s vari\u00e9e, est aussi compos\u00e9e de luminaires et d\u2019accessoires, qui sont destin\u00e9s \u00e0 un usage priv\u00e9 ou contractuel. Artisan travail avec des designers de renomm\u00e9e internationale.\" \/>\n<meta property=\"og:url\" content=\"https:\/\/www.waltlouise.be\/produit\/tabouret-mela-bar-artisan\/\" \/>\n<meta property=\"og:site_name\" content=\"WaltLouise\" \/>\n<meta property=\"article:modified_time\" content=\"2024-03-29T13:30:00+00:00\" \/>\n<meta property=\"og:image\" content=\"https:\/\/www.waltlouise.be\/wp-content\/uploads\/2024\/03\/Tabouret-ARTISAN-MELA-2-bois-noyer-chene-cuir-tissu-683x1024.png\" \/>\n\t<meta property=\"og:image:width\" content=\"683\" \/>\n\t<meta property=\"og:image:height\" content=\"1024\" \/>\n\t<meta property=\"og:image:type\" content=\"image\/png\" \/>\n<meta name=\"twitter:card\" content=\"summary_large_image\" \/>\n<meta name=\"twitter:label1\" content=\"Geschatte leestijd\" \/>\n\t<meta name=\"twitter:data1\" content=\"1 minuut\" \/>\n<script type=\"application\/ld+json\" class=\"yoast-schema-graph\">{\"@context\":\"https:\/\/schema.org\",\"@graph\":[{\"@type\":\"WebPage\",\"@id\":\"https:\/\/www.waltlouise.be\/produit\/tabouret-mela-bar-artisan\/\",\"url\":\"https:\/\/www.waltlouise.be\/produit\/tabouret-mela-bar-artisan\/\",\"name\":\"Tabouret Mela bar - Artisan - WaltLouise\",\"isPartOf\":{\"@id\":\"https:\/\/www.waltlouise.be\/#website\"},\"primaryImageOfPage\":{\"@id\":\"https:\/\/www.waltlouise.be\/produit\/tabouret-mela-bar-artisan\/#primaryimage\"},\"image\":{\"@id\":\"https:\/\/www.waltlouise.be\/produit\/tabouret-mela-bar-artisan\/#primaryimage\"},\"thumbnailUrl\":\"https:\/\/www.waltlouise.be\/wp-content\/uploads\/2024\/03\/Tabouret-ARTISAN-MELA-2-bois-noyer-chene-cuir-tissu.png\",\"datePublished\":\"2024-03-29T11:07:47+00:00\",\"dateModified\":\"2024-03-29T13:30:00+00:00\",\"description\":\"L\u2019amour du bois et 50 ans d\u2019exp\u00e9rience dans la transformation de celui-ci, permet \u00e0 la soci\u00e9t\u00e9 Artisan de produire des conceptions pr\u00e9cises, aux courbes s\u00e9duisantes, complexes et ma\u00eetris\u00e9es. La collection de meubles Artisan, tr\u00e8s vari\u00e9e, est aussi compos\u00e9e de luminaires et d\u2019accessoires, qui sont destin\u00e9s \u00e0 un usage priv\u00e9 ou contractuel. Artisan travail avec des designers de renomm\u00e9e internationale.\",\"breadcrumb\":{\"@id\":\"https:\/\/www.waltlouise.be\/produit\/tabouret-mela-bar-artisan\/#breadcrumb\"},\"inLanguage\":\"nl-NL\",\"potentialAction\":[{\"@type\":\"ReadAction\",\"target\":[\"https:\/\/www.waltlouise.be\/produit\/tabouret-mela-bar-artisan\/\"]}]},{\"@type\":\"ImageObject\",\"inLanguage\":\"nl-NL\",\"@id\":\"https:\/\/www.waltlouise.be\/produit\/tabouret-mela-bar-artisan\/#primaryimage\",\"url\":\"https:\/\/www.waltlouise.be\/wp-content\/uploads\/2024\/03\/Tabouret-ARTISAN-MELA-2-bois-noyer-chene-cuir-tissu.png\",\"contentUrl\":\"https:\/\/www.waltlouise.be\/wp-content\/uploads\/2024\/03\/Tabouret-ARTISAN-MELA-2-bois-noyer-chene-cuir-tissu.png\",\"width\":2000,\"height\":3000},{\"@type\":\"BreadcrumbList\",\"@id\":\"https:\/\/www.waltlouise.be\/produit\/tabouret-mela-bar-artisan\/#breadcrumb\",\"itemListElement\":[{\"@type\":\"ListItem\",\"position\":1,\"name\":\"Accueil\",\"item\":\"https:\/\/www.waltlouise.be\/nl\/\"},{\"@type\":\"ListItem\",\"position\":2,\"name\":\"Onze producten\",\"item\":\"https:\/\/www.waltlouise.be\/nl\/onze-producten\/\"},{\"@type\":\"ListItem\",\"position\":3,\"name\":\"Tabouret Mela bar &#8211; Artisan\"}]},{\"@type\":\"WebSite\",\"@id\":\"https:\/\/www.waltlouise.be\/#website\",\"url\":\"https:\/\/www.waltlouise.be\/\",\"name\":\"WaltLouise\",\"description\":\"Walt Louise \u2013 Bienvenue sur le site de WaltLouise| Accueil | Des r\u00e9\u00e9ditions de vaisselier, de grandes \u00e9tag\u00e8res aux lignes \u00e9pur\u00e9es c\u00f4toient des pi\u00e8ces con\u00e7ues \u00e0 la demande.\",\"potentialAction\":[{\"@type\":\"SearchAction\",\"target\":{\"@type\":\"EntryPoint\",\"urlTemplate\":\"https:\/\/www.waltlouise.be\/?s={search_term_string}\"},\"query-input\":{\"@type\":\"PropertyValueSpecification\",\"valueRequired\":true,\"valueName\":\"search_term_string\"}}],\"inLanguage\":\"nl-NL\"}]}<\/script>\n<!-- \/ Yoast SEO plugin. -->","yoast_head_json":{"title":"Tabouret Mela bar - Artisan - WaltLouise","description":"L\u2019amour du bois et 50 ans d\u2019exp\u00e9rience dans la transformation de celui-ci, permet \u00e0 la soci\u00e9t\u00e9 Artisan de produire des conceptions pr\u00e9cises, aux courbes s\u00e9duisantes, complexes et ma\u00eetris\u00e9es. La collection de meubles Artisan, tr\u00e8s vari\u00e9e, est aussi compos\u00e9e de luminaires et d\u2019accessoires, qui sont destin\u00e9s \u00e0 un usage priv\u00e9 ou contractuel. Artisan travail avec des designers de renomm\u00e9e internationale.","robots":{"index":"index","follow":"follow","max-snippet":"max-snippet:-1","max-image-preview":"max-image-preview:large","max-video-preview":"max-video-preview:-1"},"canonical":"https:\/\/www.waltlouise.be\/produit\/tabouret-mela-bar-artisan\/","og_locale":"nl_NL","og_type":"article","og_title":"Tabouret Mela bar - Artisan - WaltLouise","og_description":"L\u2019amour du bois et 50 ans d\u2019exp\u00e9rience dans la transformation de celui-ci, permet \u00e0 la soci\u00e9t\u00e9 Artisan de produire des conceptions pr\u00e9cises, aux courbes s\u00e9duisantes, complexes et ma\u00eetris\u00e9es. La collection de meubles Artisan, tr\u00e8s vari\u00e9e, est aussi compos\u00e9e de luminaires et d\u2019accessoires, qui sont destin\u00e9s \u00e0 un usage priv\u00e9 ou contractuel. Artisan travail avec des designers de renomm\u00e9e internationale.","og_url":"https:\/\/www.waltlouise.be\/produit\/tabouret-mela-bar-artisan\/","og_site_name":"WaltLouise","article_modified_time":"2024-03-29T13:30:00+00:00","og_image":[{"width":683,"height":1024,"url":"https:\/\/www.waltlouise.be\/wp-content\/uploads\/2024\/03\/Tabouret-ARTISAN-MELA-2-bois-noyer-chene-cuir-tissu-683x1024.png","type":"image\/png"}],"twitter_card":"summary_large_image","twitter_misc":{"Geschatte leestijd":"1 minuut"},"schema":{"@context":"https:\/\/schema.org","@graph":[{"@type":"WebPage","@id":"https:\/\/www.waltlouise.be\/produit\/tabouret-mela-bar-artisan\/","url":"https:\/\/www.waltlouise.be\/produit\/tabouret-mela-bar-artisan\/","name":"Tabouret Mela bar - Artisan - WaltLouise","isPartOf":{"@id":"https:\/\/www.waltlouise.be\/#website"},"primaryImageOfPage":{"@id":"https:\/\/www.waltlouise.be\/produit\/tabouret-mela-bar-artisan\/#primaryimage"},"image":{"@id":"https:\/\/www.waltlouise.be\/produit\/tabouret-mela-bar-artisan\/#primaryimage"},"thumbnailUrl":"https:\/\/www.waltlouise.be\/wp-content\/uploads\/2024\/03\/Tabouret-ARTISAN-MELA-2-bois-noyer-chene-cuir-tissu.png","datePublished":"2024-03-29T11:07:47+00:00","dateModified":"2024-03-29T13:30:00+00:00","description":"L\u2019amour du bois et 50 ans d\u2019exp\u00e9rience dans la transformation de celui-ci, permet \u00e0 la soci\u00e9t\u00e9 Artisan de produire des conceptions pr\u00e9cises, aux courbes s\u00e9duisantes, complexes et ma\u00eetris\u00e9es. La collection de meubles Artisan, tr\u00e8s vari\u00e9e, est aussi compos\u00e9e de luminaires et d\u2019accessoires, qui sont destin\u00e9s \u00e0 un usage priv\u00e9 ou contractuel. Artisan travail avec des designers de renomm\u00e9e internationale.","breadcrumb":{"@id":"https:\/\/www.waltlouise.be\/produit\/tabouret-mela-bar-artisan\/#breadcrumb"},"inLanguage":"nl-NL","potentialAction":[{"@type":"ReadAction","target":["https:\/\/www.waltlouise.be\/produit\/tabouret-mela-bar-artisan\/"]}]},{"@type":"ImageObject","inLanguage":"nl-NL","@id":"https:\/\/www.waltlouise.be\/produit\/tabouret-mela-bar-artisan\/#primaryimage","url":"https:\/\/www.waltlouise.be\/wp-content\/uploads\/2024\/03\/Tabouret-ARTISAN-MELA-2-bois-noyer-chene-cuir-tissu.png","contentUrl":"https:\/\/www.waltlouise.be\/wp-content\/uploads\/2024\/03\/Tabouret-ARTISAN-MELA-2-bois-noyer-chene-cuir-tissu.png","width":2000,"height":3000},{"@type":"BreadcrumbList","@id":"https:\/\/www.waltlouise.be\/produit\/tabouret-mela-bar-artisan\/#breadcrumb","itemListElement":[{"@type":"ListItem","position":1,"name":"Accueil","item":"https:\/\/www.waltlouise.be\/nl\/"},{"@type":"ListItem","position":2,"name":"Onze producten","item":"https:\/\/www.waltlouise.be\/nl\/onze-producten\/"},{"@type":"ListItem","position":3,"name":"Tabouret Mela bar &#8211; Artisan"}]},{"@type":"WebSite","@id":"https:\/\/www.waltlouise.be\/#website","url":"https:\/\/www.waltlouise.be\/","name":"WaltLouise","description":"Walt Louise \u2013 Bienvenue sur le site de WaltLouise| Accueil | Des r\u00e9\u00e9ditions de vaisselier, de grandes \u00e9tag\u00e8res aux lignes \u00e9pur\u00e9es c\u00f4toient des pi\u00e8ces con\u00e7ues \u00e0 la demande.","potentialAction":[{"@type":"SearchAction","target":{"@type":"EntryPoint","urlTemplate":"https:\/\/www.waltlouise.be\/?s={search_term_string}"},"query-input":{"@type":"PropertyValueSpecification","valueRequired":true,"valueName":"search_term_string"}}],"inLanguage":"nl-NL"}]}},"_links":{"self":[{"href":"https:\/\/www.waltlouise.be\/nl\/wp-json\/wp\/v2\/product\/8056","targetHints":{"allow":["GET"]}}],"collection":[{"href":"https:\/\/www.waltlouise.be\/nl\/wp-json\/wp\/v2\/product"}],"about":[{"href":"https:\/\/www.waltlouise.be\/nl\/wp-json\/wp\/v2\/types\/product"}],"replies":[{"embeddable":true,"href":"https:\/\/www.waltlouise.be\/nl\/wp-json\/wp\/v2\/comments?post=8056"}],"wp:featuredmedia":[{"embeddable":true,"href":"https:\/\/www.waltlouise.be\/nl\/wp-json\/wp\/v2\/media\/8057"}],"wp:attachment":[{"href":"https:\/\/www.waltlouise.be\/nl\/wp-json\/wp\/v2\/media?parent=8056"}],"wp:term":[{"taxonomy":"product_brand","embeddable":true,"href":"https:\/\/www.waltlouise.be\/nl\/wp-json\/wp\/v2\/product_brand?post=8056"},{"taxonomy":"product_cat","embeddable":true,"href":"https:\/\/www.waltlouise.be\/nl\/wp-json\/wp\/v2\/product_cat?post=8056"},{"taxonomy":"product_tag","embeddable":true,"href":"https:\/\/www.waltlouise.be\/nl\/wp-json\/wp\/v2\/product_tag?post=8056"}],"curies":[{"name":"wp","href":"https:\/\/api.w.org\/{rel}","templated":true}]}}