{"id":8032,"date":"2024-05-02T13:33:11","date_gmt":"2024-05-02T11:33:11","guid":{"rendered":"https:\/\/www.waltlouise.be\/?post_type=product&#038;p=8032"},"modified":"2025-01-08T14:01:46","modified_gmt":"2025-01-08T13:01:46","slug":"fauteuil-kelly-olta","status":"publish","type":"product","link":"https:\/\/www.waltlouise.be\/nl\/product\/fauteuil-kelly-olta\/","title":{"rendered":"Fauteuil Kelly &#8211; Olta"},"content":{"rendered":"<p>Un savoir-faire traditionnel associ\u00e9 \u00e0 une innovation audacieuse apporte \u00e0 la collection de canap\u00e9s Olta des lignes harmonieuses et un confort in\u00e9gal\u00e9. Tout cela dans un innombrable choix de tissus et de coloris. La diversit\u00e9 dans les compositions et dimensions permette toutes les combinaisons pour am\u00e9nager votre s\u00e9jour \u00e0 la perfection.<\/p>\n","protected":false},"excerpt":{"rendered":"<p>Un savoir-faire traditionnel associ\u00e9 \u00e0 une innovation audacieuse apporte \u00e0 la collection de canap\u00e9s Olta des lignes harmonieuses et un confort in\u00e9gal\u00e9. Tout cela dans un innombrable choix de tissus et de coloris. La diversit\u00e9 dans les compositions et dimensions permette toutes les combinaisons pour am\u00e9nager votre s\u00e9jour \u00e0 la perfection.<\/p>\n","protected":false},"featured_media":8744,"comment_status":"open","ping_status":"closed","template":"","meta":{"_acf_changed":false},"product_brand":[],"product_cat":[100,96],"product_tag":[],"class_list":{"0":"post-8032","1":"product","2":"type-product","3":"status-publish","4":"has-post-thumbnail","6":"product_cat-fauteuil","7":"product_cat-salons","9":"first","10":"onbackorder","11":"shipping-taxable","12":"purchasable","13":"product-type-simple"},"acf":[],"yoast_head":"<!-- This site is optimized with the Yoast SEO plugin v27.2 - https:\/\/yoast.com\/product\/yoast-seo-wordpress\/ -->\n<title>Fauteuil Kelly - Olta - WaltLouise<\/title>\n<meta name=\"description\" content=\"Un savoir-faire traditionnel associ\u00e9 \u00e0 une innovation audacieuse apporte \u00e0 la collection de canap\u00e9s Olta des lignes harmonieuses et un confort in\u00e9gal\u00e9.\" \/>\n<meta name=\"robots\" content=\"index, follow, max-snippet:-1, max-image-preview:large, max-video-preview:-1\" \/>\n<link rel=\"canonical\" href=\"https:\/\/www.waltlouise.be\/produit\/fauteuil-kelly-olta\/\" \/>\n<meta property=\"og:locale\" content=\"nl_NL\" \/>\n<meta property=\"og:type\" content=\"article\" \/>\n<meta property=\"og:title\" content=\"Fauteuil Kelly - Olta - WaltLouise\" \/>\n<meta property=\"og:description\" content=\"Un savoir-faire traditionnel associ\u00e9 \u00e0 une innovation audacieuse apporte \u00e0 la collection de canap\u00e9s Olta des lignes harmonieuses et un confort in\u00e9gal\u00e9.\" \/>\n<meta property=\"og:url\" content=\"https:\/\/www.waltlouise.be\/produit\/fauteuil-kelly-olta\/\" \/>\n<meta property=\"og:site_name\" content=\"WaltLouise\" \/>\n<meta property=\"article:modified_time\" content=\"2025-01-08T13:01:46+00:00\" \/>\n<meta property=\"og:image\" content=\"https:\/\/www.waltlouise.be\/wp-content\/uploads\/2024\/03\/Fauteuil-Kelly-Olta-sur-pied-en-metal.jpg\" \/>\n\t<meta property=\"og:image:width\" content=\"480\" \/>\n\t<meta property=\"og:image:height\" content=\"640\" \/>\n\t<meta property=\"og:image:type\" content=\"image\/jpeg\" \/>\n<meta name=\"twitter:card\" content=\"summary_large_image\" \/>\n<meta name=\"twitter:label1\" content=\"Geschatte leestijd\" \/>\n\t<meta name=\"twitter:data1\" content=\"1 minuut\" \/>\n<script type=\"application\/ld+json\" class=\"yoast-schema-graph\">{\"@context\":\"https:\/\/schema.org\",\"@graph\":[{\"@type\":\"WebPage\",\"@id\":\"https:\/\/www.waltlouise.be\/produit\/fauteuil-kelly-olta\/\",\"url\":\"https:\/\/www.waltlouise.be\/produit\/fauteuil-kelly-olta\/\",\"name\":\"Fauteuil Kelly - Olta - WaltLouise\",\"isPartOf\":{\"@id\":\"https:\/\/www.waltlouise.be\/#website\"},\"primaryImageOfPage\":{\"@id\":\"https:\/\/www.waltlouise.be\/produit\/fauteuil-kelly-olta\/#primaryimage\"},\"image\":{\"@id\":\"https:\/\/www.waltlouise.be\/produit\/fauteuil-kelly-olta\/#primaryimage\"},\"thumbnailUrl\":\"https:\/\/www.waltlouise.be\/wp-content\/uploads\/2024\/03\/Fauteuil-Kelly-Olta-sur-pied-en-metal.jpg\",\"datePublished\":\"2024-05-02T11:33:11+00:00\",\"dateModified\":\"2025-01-08T13:01:46+00:00\",\"description\":\"Un savoir-faire traditionnel associ\u00e9 \u00e0 une innovation audacieuse apporte \u00e0 la collection de canap\u00e9s Olta des lignes harmonieuses et un confort in\u00e9gal\u00e9.\",\"breadcrumb\":{\"@id\":\"https:\/\/www.waltlouise.be\/produit\/fauteuil-kelly-olta\/#breadcrumb\"},\"inLanguage\":\"nl-NL\",\"potentialAction\":[{\"@type\":\"ReadAction\",\"target\":[\"https:\/\/www.waltlouise.be\/produit\/fauteuil-kelly-olta\/\"]}]},{\"@type\":\"ImageObject\",\"inLanguage\":\"nl-NL\",\"@id\":\"https:\/\/www.waltlouise.be\/produit\/fauteuil-kelly-olta\/#primaryimage\",\"url\":\"https:\/\/www.waltlouise.be\/wp-content\/uploads\/2024\/03\/Fauteuil-Kelly-Olta-sur-pied-en-metal.jpg\",\"contentUrl\":\"https:\/\/www.waltlouise.be\/wp-content\/uploads\/2024\/03\/Fauteuil-Kelly-Olta-sur-pied-en-metal.jpg\",\"width\":480,\"height\":640},{\"@type\":\"BreadcrumbList\",\"@id\":\"https:\/\/www.waltlouise.be\/produit\/fauteuil-kelly-olta\/#breadcrumb\",\"itemListElement\":[{\"@type\":\"ListItem\",\"position\":1,\"name\":\"Accueil\",\"item\":\"https:\/\/www.waltlouise.be\/nl\/\"},{\"@type\":\"ListItem\",\"position\":2,\"name\":\"Onze producten\",\"item\":\"https:\/\/www.waltlouise.be\/nl\/onze-producten\/\"},{\"@type\":\"ListItem\",\"position\":3,\"name\":\"Fauteuil Kelly &#8211; Olta\"}]},{\"@type\":\"WebSite\",\"@id\":\"https:\/\/www.waltlouise.be\/#website\",\"url\":\"https:\/\/www.waltlouise.be\/\",\"name\":\"WaltLouise\",\"description\":\"Walt Louise \u2013 Bienvenue sur le site de WaltLouise| Accueil | Des r\u00e9\u00e9ditions de vaisselier, de grandes \u00e9tag\u00e8res aux lignes \u00e9pur\u00e9es c\u00f4toient des pi\u00e8ces con\u00e7ues \u00e0 la demande.\",\"potentialAction\":[{\"@type\":\"SearchAction\",\"target\":{\"@type\":\"EntryPoint\",\"urlTemplate\":\"https:\/\/www.waltlouise.be\/?s={search_term_string}\"},\"query-input\":{\"@type\":\"PropertyValueSpecification\",\"valueRequired\":true,\"valueName\":\"search_term_string\"}}],\"inLanguage\":\"nl-NL\"}]}<\/script>\n<!-- \/ Yoast SEO plugin. -->","yoast_head_json":{"title":"Fauteuil Kelly - Olta - WaltLouise","description":"Un savoir-faire traditionnel associ\u00e9 \u00e0 une innovation audacieuse apporte \u00e0 la collection de canap\u00e9s Olta des lignes harmonieuses et un confort in\u00e9gal\u00e9.","robots":{"index":"index","follow":"follow","max-snippet":"max-snippet:-1","max-image-preview":"max-image-preview:large","max-video-preview":"max-video-preview:-1"},"canonical":"https:\/\/www.waltlouise.be\/produit\/fauteuil-kelly-olta\/","og_locale":"nl_NL","og_type":"article","og_title":"Fauteuil Kelly - Olta - WaltLouise","og_description":"Un savoir-faire traditionnel associ\u00e9 \u00e0 une innovation audacieuse apporte \u00e0 la collection de canap\u00e9s Olta des lignes harmonieuses et un confort in\u00e9gal\u00e9.","og_url":"https:\/\/www.waltlouise.be\/produit\/fauteuil-kelly-olta\/","og_site_name":"WaltLouise","article_modified_time":"2025-01-08T13:01:46+00:00","og_image":[{"width":480,"height":640,"url":"https:\/\/www.waltlouise.be\/wp-content\/uploads\/2024\/03\/Fauteuil-Kelly-Olta-sur-pied-en-metal.jpg","type":"image\/jpeg"}],"twitter_card":"summary_large_image","twitter_misc":{"Geschatte leestijd":"1 minuut"},"schema":{"@context":"https:\/\/schema.org","@graph":[{"@type":"WebPage","@id":"https:\/\/www.waltlouise.be\/produit\/fauteuil-kelly-olta\/","url":"https:\/\/www.waltlouise.be\/produit\/fauteuil-kelly-olta\/","name":"Fauteuil Kelly - Olta - WaltLouise","isPartOf":{"@id":"https:\/\/www.waltlouise.be\/#website"},"primaryImageOfPage":{"@id":"https:\/\/www.waltlouise.be\/produit\/fauteuil-kelly-olta\/#primaryimage"},"image":{"@id":"https:\/\/www.waltlouise.be\/produit\/fauteuil-kelly-olta\/#primaryimage"},"thumbnailUrl":"https:\/\/www.waltlouise.be\/wp-content\/uploads\/2024\/03\/Fauteuil-Kelly-Olta-sur-pied-en-metal.jpg","datePublished":"2024-05-02T11:33:11+00:00","dateModified":"2025-01-08T13:01:46+00:00","description":"Un savoir-faire traditionnel associ\u00e9 \u00e0 une innovation audacieuse apporte \u00e0 la collection de canap\u00e9s Olta des lignes harmonieuses et un confort in\u00e9gal\u00e9.","breadcrumb":{"@id":"https:\/\/www.waltlouise.be\/produit\/fauteuil-kelly-olta\/#breadcrumb"},"inLanguage":"nl-NL","potentialAction":[{"@type":"ReadAction","target":["https:\/\/www.waltlouise.be\/produit\/fauteuil-kelly-olta\/"]}]},{"@type":"ImageObject","inLanguage":"nl-NL","@id":"https:\/\/www.waltlouise.be\/produit\/fauteuil-kelly-olta\/#primaryimage","url":"https:\/\/www.waltlouise.be\/wp-content\/uploads\/2024\/03\/Fauteuil-Kelly-Olta-sur-pied-en-metal.jpg","contentUrl":"https:\/\/www.waltlouise.be\/wp-content\/uploads\/2024\/03\/Fauteuil-Kelly-Olta-sur-pied-en-metal.jpg","width":480,"height":640},{"@type":"BreadcrumbList","@id":"https:\/\/www.waltlouise.be\/produit\/fauteuil-kelly-olta\/#breadcrumb","itemListElement":[{"@type":"ListItem","position":1,"name":"Accueil","item":"https:\/\/www.waltlouise.be\/nl\/"},{"@type":"ListItem","position":2,"name":"Onze producten","item":"https:\/\/www.waltlouise.be\/nl\/onze-producten\/"},{"@type":"ListItem","position":3,"name":"Fauteuil Kelly &#8211; Olta"}]},{"@type":"WebSite","@id":"https:\/\/www.waltlouise.be\/#website","url":"https:\/\/www.waltlouise.be\/","name":"WaltLouise","description":"Walt Louise \u2013 Bienvenue sur le site de WaltLouise| Accueil | Des r\u00e9\u00e9ditions de vaisselier, de grandes \u00e9tag\u00e8res aux lignes \u00e9pur\u00e9es c\u00f4toient des pi\u00e8ces con\u00e7ues \u00e0 la demande.","potentialAction":[{"@type":"SearchAction","target":{"@type":"EntryPoint","urlTemplate":"https:\/\/www.waltlouise.be\/?s={search_term_string}"},"query-input":{"@type":"PropertyValueSpecification","valueRequired":true,"valueName":"search_term_string"}}],"inLanguage":"nl-NL"}]}},"_links":{"self":[{"href":"https:\/\/www.waltlouise.be\/nl\/wp-json\/wp\/v2\/product\/8032","targetHints":{"allow":["GET"]}}],"collection":[{"href":"https:\/\/www.waltlouise.be\/nl\/wp-json\/wp\/v2\/product"}],"about":[{"href":"https:\/\/www.waltlouise.be\/nl\/wp-json\/wp\/v2\/types\/product"}],"replies":[{"embeddable":true,"href":"https:\/\/www.waltlouise.be\/nl\/wp-json\/wp\/v2\/comments?post=8032"}],"wp:featuredmedia":[{"embeddable":true,"href":"https:\/\/www.waltlouise.be\/nl\/wp-json\/wp\/v2\/media\/8744"}],"wp:attachment":[{"href":"https:\/\/www.waltlouise.be\/nl\/wp-json\/wp\/v2\/media?parent=8032"}],"wp:term":[{"taxonomy":"product_brand","embeddable":true,"href":"https:\/\/www.waltlouise.be\/nl\/wp-json\/wp\/v2\/product_brand?post=8032"},{"taxonomy":"product_cat","embeddable":true,"href":"https:\/\/www.waltlouise.be\/nl\/wp-json\/wp\/v2\/product_cat?post=8032"},{"taxonomy":"product_tag","embeddable":true,"href":"https:\/\/www.waltlouise.be\/nl\/wp-json\/wp\/v2\/product_tag?post=8032"}],"curies":[{"name":"wp","href":"https:\/\/api.w.org\/{rel}","templated":true}]}}