{"id":7944,"date":"2024-03-28T13:42:12","date_gmt":"2024-03-28T12:42:12","guid":{"rendered":"https:\/\/www.waltlouise.be\/?post_type=product&#038;p=7944"},"modified":"2025-07-01T17:13:11","modified_gmt":"2025-07-01T15:13:11","slug":"fauteuil-pastille-passe-partout","status":"publish","type":"product","link":"https:\/\/www.waltlouise.be\/nl\/product\/fauteuil-pastille-passe-partout\/","title":{"rendered":"Fauteuil Pastille &#8211; Passe Partout"},"content":{"rendered":"<p>Fabricant belge et concepteur de canap\u00e9, Passe-Partout met l\u2019accent sur le confort, la ligne et le bonheur de profiter d\u2019un salon qui vous donne le sourire. Leur slogan \u00ab\u00a0 Enjoy life, enjoy your sofa\u00a0\u00bb traduit clairement leur motivation.<\/p>\n","protected":false},"excerpt":{"rendered":"<p class=\"Corps\"><span lang=\"FR\">Le Pastille Lounge, modulable, synonyme de douceur, est disponible en pouf, en assise, ainsi qu\u2019en fauteuil de diff\u00e9rentes dimensions.\u00a0<\/span><span lang=\"FR\">Ce dernier existe \u00e9galement en taille XL ainsi que sur pivot.<\/span><\/p>\n<p class=\"Corps\"><span lang=\"FR\">Derri\u00e8re ses coussins en mousse et billes de polyester, se cache une structure hyper-r\u00e9sistante en sapin et\/ou panneau stratifi\u00e9.<\/span><\/p>\n<p class=\"Corps\">En tant qu\u2019assise, le Pastille Lounge est aussi disponible sur roulettes. Par ailleurs, si votre choix se porte sur un fauteuil pivotant, son m\u00e9canisme de rotation sera bien entendu en m\u00e9tal.<\/p>\n<p class=\"Corps\">Diff\u00e9rents coloris disponibles.<\/p>\n","protected":false},"featured_media":7946,"comment_status":"open","ping_status":"closed","template":"","meta":{"_acf_changed":false},"product_brand":[],"product_cat":[282,209,205],"product_tag":[],"class_list":{"0":"post-7944","1":"product","2":"type-product","3":"status-publish","4":"has-post-thumbnail","6":"product_cat-destockering","7":"product_cat-leunstoel","8":"product_cat-handelsfairs","10":"first","11":"instock","12":"shipping-taxable","13":"purchasable","14":"product-type-simple"},"acf":[],"yoast_head":"<!-- This site is optimized with the Yoast SEO plugin v27.2 - https:\/\/yoast.com\/product\/yoast-seo-wordpress\/ -->\n<title>Fauteuil Pastille - Passe Partout - WaltLouise<\/title>\n<meta name=\"description\" content=\"Le Pastille Lounge, modulable, synonyme de douceur, est disponible en pouf, en assise, ainsi qu\u2019en fauteuil de diff\u00e9rentes dimensions.\u00a0Ce dernier existe \u00e9galement en taille XL ainsi que sur pivot. Derri\u00e8re ses coussins en mousse et billes de polyester, se cache une structure hyper-r\u00e9sistante en sapin et\/ou panneau stratifi\u00e9. En tant qu\u2019assise, le Pastille Lounge est aussi disponible sur roulettes. Par ailleurs, si votre choix se porte sur un fauteuil pivotant, son m\u00e9canisme de rotation sera bien entendu en m\u00e9tal. Diff\u00e9rents coloris disponibles.\" \/>\n<meta name=\"robots\" content=\"index, follow, max-snippet:-1, max-image-preview:large, max-video-preview:-1\" \/>\n<link rel=\"canonical\" href=\"https:\/\/www.waltlouise.be\/produit\/fauteuil-pastille-passe-partout\/\" \/>\n<meta property=\"og:locale\" content=\"nl_NL\" \/>\n<meta property=\"og:type\" content=\"article\" \/>\n<meta property=\"og:title\" content=\"Fauteuil Pastille - Passe Partout - WaltLouise\" \/>\n<meta property=\"og:description\" content=\"Le Pastille Lounge, modulable, synonyme de douceur, est disponible en pouf, en assise, ainsi qu\u2019en fauteuil de diff\u00e9rentes dimensions.\u00a0Ce dernier existe \u00e9galement en taille XL ainsi que sur pivot. Derri\u00e8re ses coussins en mousse et billes de polyester, se cache une structure hyper-r\u00e9sistante en sapin et\/ou panneau stratifi\u00e9. En tant qu\u2019assise, le Pastille Lounge est aussi disponible sur roulettes. Par ailleurs, si votre choix se porte sur un fauteuil pivotant, son m\u00e9canisme de rotation sera bien entendu en m\u00e9tal. Diff\u00e9rents coloris disponibles.\" \/>\n<meta property=\"og:url\" content=\"https:\/\/www.waltlouise.be\/produit\/fauteuil-pastille-passe-partout\/\" \/>\n<meta property=\"og:site_name\" content=\"WaltLouise\" \/>\n<meta property=\"article:modified_time\" content=\"2025-07-01T15:13:11+00:00\" \/>\n<meta property=\"og:image\" content=\"https:\/\/www.waltlouise.be\/wp-content\/uploads\/2024\/03\/Fauteuil-Pastille-PASSE-PARTOUT-rond-.jpeg\" \/>\n\t<meta property=\"og:image:width\" content=\"1333\" \/>\n\t<meta property=\"og:image:height\" content=\"2000\" \/>\n\t<meta property=\"og:image:type\" content=\"image\/jpeg\" \/>\n<meta name=\"twitter:card\" content=\"summary_large_image\" \/>\n<meta name=\"twitter:label1\" content=\"Geschatte leestijd\" \/>\n\t<meta name=\"twitter:data1\" content=\"1 minuut\" \/>\n<script type=\"application\/ld+json\" class=\"yoast-schema-graph\">{\"@context\":\"https:\/\/schema.org\",\"@graph\":[{\"@type\":\"WebPage\",\"@id\":\"https:\/\/www.waltlouise.be\/produit\/fauteuil-pastille-passe-partout\/\",\"url\":\"https:\/\/www.waltlouise.be\/produit\/fauteuil-pastille-passe-partout\/\",\"name\":\"Fauteuil Pastille - Passe Partout - WaltLouise\",\"isPartOf\":{\"@id\":\"https:\/\/www.waltlouise.be\/#website\"},\"primaryImageOfPage\":{\"@id\":\"https:\/\/www.waltlouise.be\/produit\/fauteuil-pastille-passe-partout\/#primaryimage\"},\"image\":{\"@id\":\"https:\/\/www.waltlouise.be\/produit\/fauteuil-pastille-passe-partout\/#primaryimage\"},\"thumbnailUrl\":\"https:\/\/www.waltlouise.be\/wp-content\/uploads\/2024\/03\/Fauteuil-Pastille-PASSE-PARTOUT-rond-.jpeg\",\"datePublished\":\"2024-03-28T12:42:12+00:00\",\"dateModified\":\"2025-07-01T15:13:11+00:00\",\"description\":\"Le Pastille Lounge, modulable, synonyme de douceur, est disponible en pouf, en assise, ainsi qu\u2019en fauteuil de diff\u00e9rentes dimensions.\u00a0Ce dernier existe \u00e9galement en taille XL ainsi que sur pivot. Derri\u00e8re ses coussins en mousse et billes de polyester, se cache une structure hyper-r\u00e9sistante en sapin et\/ou panneau stratifi\u00e9. En tant qu\u2019assise, le Pastille Lounge est aussi disponible sur roulettes. Par ailleurs, si votre choix se porte sur un fauteuil pivotant, son m\u00e9canisme de rotation sera bien entendu en m\u00e9tal. Diff\u00e9rents coloris disponibles.\",\"breadcrumb\":{\"@id\":\"https:\/\/www.waltlouise.be\/produit\/fauteuil-pastille-passe-partout\/#breadcrumb\"},\"inLanguage\":\"nl-NL\",\"potentialAction\":[{\"@type\":\"ReadAction\",\"target\":[\"https:\/\/www.waltlouise.be\/produit\/fauteuil-pastille-passe-partout\/\"]}]},{\"@type\":\"ImageObject\",\"inLanguage\":\"nl-NL\",\"@id\":\"https:\/\/www.waltlouise.be\/produit\/fauteuil-pastille-passe-partout\/#primaryimage\",\"url\":\"https:\/\/www.waltlouise.be\/wp-content\/uploads\/2024\/03\/Fauteuil-Pastille-PASSE-PARTOUT-rond-.jpeg\",\"contentUrl\":\"https:\/\/www.waltlouise.be\/wp-content\/uploads\/2024\/03\/Fauteuil-Pastille-PASSE-PARTOUT-rond-.jpeg\",\"width\":1333,\"height\":2000},{\"@type\":\"BreadcrumbList\",\"@id\":\"https:\/\/www.waltlouise.be\/produit\/fauteuil-pastille-passe-partout\/#breadcrumb\",\"itemListElement\":[{\"@type\":\"ListItem\",\"position\":1,\"name\":\"Accueil\",\"item\":\"https:\/\/www.waltlouise.be\/nl\/\"},{\"@type\":\"ListItem\",\"position\":2,\"name\":\"Onze producten\",\"item\":\"https:\/\/www.waltlouise.be\/nl\/onze-producten\/\"},{\"@type\":\"ListItem\",\"position\":3,\"name\":\"Fauteuil Pastille &#8211; Passe Partout\"}]},{\"@type\":\"WebSite\",\"@id\":\"https:\/\/www.waltlouise.be\/#website\",\"url\":\"https:\/\/www.waltlouise.be\/\",\"name\":\"WaltLouise\",\"description\":\"Walt Louise \u2013 Bienvenue sur le site de WaltLouise| Accueil | Des r\u00e9\u00e9ditions de vaisselier, de grandes \u00e9tag\u00e8res aux lignes \u00e9pur\u00e9es c\u00f4toient des pi\u00e8ces con\u00e7ues \u00e0 la demande.\",\"potentialAction\":[{\"@type\":\"SearchAction\",\"target\":{\"@type\":\"EntryPoint\",\"urlTemplate\":\"https:\/\/www.waltlouise.be\/?s={search_term_string}\"},\"query-input\":{\"@type\":\"PropertyValueSpecification\",\"valueRequired\":true,\"valueName\":\"search_term_string\"}}],\"inLanguage\":\"nl-NL\"}]}<\/script>\n<!-- \/ Yoast SEO plugin. -->","yoast_head_json":{"title":"Fauteuil Pastille - Passe Partout - WaltLouise","description":"Le Pastille Lounge, modulable, synonyme de douceur, est disponible en pouf, en assise, ainsi qu\u2019en fauteuil de diff\u00e9rentes dimensions.\u00a0Ce dernier existe \u00e9galement en taille XL ainsi que sur pivot. Derri\u00e8re ses coussins en mousse et billes de polyester, se cache une structure hyper-r\u00e9sistante en sapin et\/ou panneau stratifi\u00e9. En tant qu\u2019assise, le Pastille Lounge est aussi disponible sur roulettes. Par ailleurs, si votre choix se porte sur un fauteuil pivotant, son m\u00e9canisme de rotation sera bien entendu en m\u00e9tal. Diff\u00e9rents coloris disponibles.","robots":{"index":"index","follow":"follow","max-snippet":"max-snippet:-1","max-image-preview":"max-image-preview:large","max-video-preview":"max-video-preview:-1"},"canonical":"https:\/\/www.waltlouise.be\/produit\/fauteuil-pastille-passe-partout\/","og_locale":"nl_NL","og_type":"article","og_title":"Fauteuil Pastille - Passe Partout - WaltLouise","og_description":"Le Pastille Lounge, modulable, synonyme de douceur, est disponible en pouf, en assise, ainsi qu\u2019en fauteuil de diff\u00e9rentes dimensions.\u00a0Ce dernier existe \u00e9galement en taille XL ainsi que sur pivot. Derri\u00e8re ses coussins en mousse et billes de polyester, se cache une structure hyper-r\u00e9sistante en sapin et\/ou panneau stratifi\u00e9. En tant qu\u2019assise, le Pastille Lounge est aussi disponible sur roulettes. Par ailleurs, si votre choix se porte sur un fauteuil pivotant, son m\u00e9canisme de rotation sera bien entendu en m\u00e9tal. Diff\u00e9rents coloris disponibles.","og_url":"https:\/\/www.waltlouise.be\/produit\/fauteuil-pastille-passe-partout\/","og_site_name":"WaltLouise","article_modified_time":"2025-07-01T15:13:11+00:00","og_image":[{"width":1333,"height":2000,"url":"https:\/\/www.waltlouise.be\/wp-content\/uploads\/2024\/03\/Fauteuil-Pastille-PASSE-PARTOUT-rond-.jpeg","type":"image\/jpeg"}],"twitter_card":"summary_large_image","twitter_misc":{"Geschatte leestijd":"1 minuut"},"schema":{"@context":"https:\/\/schema.org","@graph":[{"@type":"WebPage","@id":"https:\/\/www.waltlouise.be\/produit\/fauteuil-pastille-passe-partout\/","url":"https:\/\/www.waltlouise.be\/produit\/fauteuil-pastille-passe-partout\/","name":"Fauteuil Pastille - Passe Partout - WaltLouise","isPartOf":{"@id":"https:\/\/www.waltlouise.be\/#website"},"primaryImageOfPage":{"@id":"https:\/\/www.waltlouise.be\/produit\/fauteuil-pastille-passe-partout\/#primaryimage"},"image":{"@id":"https:\/\/www.waltlouise.be\/produit\/fauteuil-pastille-passe-partout\/#primaryimage"},"thumbnailUrl":"https:\/\/www.waltlouise.be\/wp-content\/uploads\/2024\/03\/Fauteuil-Pastille-PASSE-PARTOUT-rond-.jpeg","datePublished":"2024-03-28T12:42:12+00:00","dateModified":"2025-07-01T15:13:11+00:00","description":"Le Pastille Lounge, modulable, synonyme de douceur, est disponible en pouf, en assise, ainsi qu\u2019en fauteuil de diff\u00e9rentes dimensions.\u00a0Ce dernier existe \u00e9galement en taille XL ainsi que sur pivot. Derri\u00e8re ses coussins en mousse et billes de polyester, se cache une structure hyper-r\u00e9sistante en sapin et\/ou panneau stratifi\u00e9. En tant qu\u2019assise, le Pastille Lounge est aussi disponible sur roulettes. Par ailleurs, si votre choix se porte sur un fauteuil pivotant, son m\u00e9canisme de rotation sera bien entendu en m\u00e9tal. Diff\u00e9rents coloris disponibles.","breadcrumb":{"@id":"https:\/\/www.waltlouise.be\/produit\/fauteuil-pastille-passe-partout\/#breadcrumb"},"inLanguage":"nl-NL","potentialAction":[{"@type":"ReadAction","target":["https:\/\/www.waltlouise.be\/produit\/fauteuil-pastille-passe-partout\/"]}]},{"@type":"ImageObject","inLanguage":"nl-NL","@id":"https:\/\/www.waltlouise.be\/produit\/fauteuil-pastille-passe-partout\/#primaryimage","url":"https:\/\/www.waltlouise.be\/wp-content\/uploads\/2024\/03\/Fauteuil-Pastille-PASSE-PARTOUT-rond-.jpeg","contentUrl":"https:\/\/www.waltlouise.be\/wp-content\/uploads\/2024\/03\/Fauteuil-Pastille-PASSE-PARTOUT-rond-.jpeg","width":1333,"height":2000},{"@type":"BreadcrumbList","@id":"https:\/\/www.waltlouise.be\/produit\/fauteuil-pastille-passe-partout\/#breadcrumb","itemListElement":[{"@type":"ListItem","position":1,"name":"Accueil","item":"https:\/\/www.waltlouise.be\/nl\/"},{"@type":"ListItem","position":2,"name":"Onze producten","item":"https:\/\/www.waltlouise.be\/nl\/onze-producten\/"},{"@type":"ListItem","position":3,"name":"Fauteuil Pastille &#8211; Passe Partout"}]},{"@type":"WebSite","@id":"https:\/\/www.waltlouise.be\/#website","url":"https:\/\/www.waltlouise.be\/","name":"WaltLouise","description":"Walt Louise \u2013 Bienvenue sur le site de WaltLouise| Accueil | Des r\u00e9\u00e9ditions de vaisselier, de grandes \u00e9tag\u00e8res aux lignes \u00e9pur\u00e9es c\u00f4toient des pi\u00e8ces con\u00e7ues \u00e0 la demande.","potentialAction":[{"@type":"SearchAction","target":{"@type":"EntryPoint","urlTemplate":"https:\/\/www.waltlouise.be\/?s={search_term_string}"},"query-input":{"@type":"PropertyValueSpecification","valueRequired":true,"valueName":"search_term_string"}}],"inLanguage":"nl-NL"}]}},"_links":{"self":[{"href":"https:\/\/www.waltlouise.be\/nl\/wp-json\/wp\/v2\/product\/7944","targetHints":{"allow":["GET"]}}],"collection":[{"href":"https:\/\/www.waltlouise.be\/nl\/wp-json\/wp\/v2\/product"}],"about":[{"href":"https:\/\/www.waltlouise.be\/nl\/wp-json\/wp\/v2\/types\/product"}],"replies":[{"embeddable":true,"href":"https:\/\/www.waltlouise.be\/nl\/wp-json\/wp\/v2\/comments?post=7944"}],"wp:featuredmedia":[{"embeddable":true,"href":"https:\/\/www.waltlouise.be\/nl\/wp-json\/wp\/v2\/media\/7946"}],"wp:attachment":[{"href":"https:\/\/www.waltlouise.be\/nl\/wp-json\/wp\/v2\/media?parent=7944"}],"wp:term":[{"taxonomy":"product_brand","embeddable":true,"href":"https:\/\/www.waltlouise.be\/nl\/wp-json\/wp\/v2\/product_brand?post=7944"},{"taxonomy":"product_cat","embeddable":true,"href":"https:\/\/www.waltlouise.be\/nl\/wp-json\/wp\/v2\/product_cat?post=7944"},{"taxonomy":"product_tag","embeddable":true,"href":"https:\/\/www.waltlouise.be\/nl\/wp-json\/wp\/v2\/product_tag?post=7944"}],"curies":[{"name":"wp","href":"https:\/\/api.w.org\/{rel}","templated":true}]}}