{"id":7936,"date":"2024-03-28T13:03:20","date_gmt":"2024-03-28T12:03:20","guid":{"rendered":"https:\/\/www.waltlouise.be\/?post_type=product&#038;p=7936"},"modified":"2024-03-28T13:32:03","modified_gmt":"2024-03-28T12:32:03","slug":"miroir-lana-artisan","status":"publish","type":"product","link":"https:\/\/www.waltlouise.be\/nl\/product\/miroir-lana-artisan\/","title":{"rendered":"Miroir Lana &#8211; Artisan"},"content":{"rendered":"<p>Un cercle en bois massif aux lignes pures arrondies et courb\u00e9es dans l&#8217;\u00e9l\u00e9gance et la douceur, est compl\u00e9t\u00e9 par l&#8217;insertion d&#8217;un miroir rond d\u00e9centr\u00e9 . Ce mouvement apporte \u00e0 l&#8217;ensemble une dynamique originale, dans diff\u00e9rentes essences de bois et diff\u00e9rents diam\u00e8tres.<\/p>\n","protected":false},"excerpt":{"rendered":"<p>L\u2019amour du bois et 50 ans d\u2019exp\u00e9rience dans la transformation de celui-ci, permet \u00e0 la soci\u00e9t\u00e9 Artisan de produire des conceptions pr\u00e9cises, aux courbes s\u00e9duisantes, complexes et ma\u00eetris\u00e9es. La collection de meubles Artisan, tr\u00e8s vari\u00e9e, est aussi compos\u00e9e de luminaires et d\u2019accessoires, qui sont destin\u00e9s \u00e0 un usage priv\u00e9 ou contractuel. Artisan travail avec des designers de renomm\u00e9e internationale.<\/p>\n","protected":false},"featured_media":7941,"comment_status":"open","ping_status":"closed","template":"","meta":{"_acf_changed":false},"product_brand":[],"product_cat":[69,73],"product_tag":[],"class_list":{"0":"post-7936","1":"product","2":"type-product","3":"status-publish","4":"has-post-thumbnail","6":"product_cat-accessoires-decoration","7":"product_cat-miroirs","9":"first","10":"instock","11":"shipping-taxable","12":"purchasable","13":"product-type-simple"},"acf":[],"yoast_head":"<!-- This site is optimized with the Yoast SEO plugin v27.2 - https:\/\/yoast.com\/product\/yoast-seo-wordpress\/ -->\n<title>Miroir Lana - Artisan - WaltLouise<\/title>\n<meta name=\"description\" content=\"L\u2019amour du bois et 50 ans d\u2019exp\u00e9rience dans la transformation de celui-ci, permet \u00e0 la soci\u00e9t\u00e9 Artisan de produire des conceptions pr\u00e9cises, aux courbes s\u00e9duisantes, complexes et ma\u00eetris\u00e9es. La collection de meubles Artisan, tr\u00e8s vari\u00e9e, est aussi compos\u00e9e de luminaires et d\u2019accessoires, qui sont destin\u00e9s \u00e0 un usage priv\u00e9 ou contractuel. Artisan travail avec des designers de renomm\u00e9e internationale.\" \/>\n<meta name=\"robots\" content=\"index, follow, max-snippet:-1, max-image-preview:large, max-video-preview:-1\" \/>\n<link rel=\"canonical\" href=\"https:\/\/www.waltlouise.be\/produit\/miroir-lana-artisan\/\" \/>\n<meta property=\"og:locale\" content=\"nl_NL\" \/>\n<meta property=\"og:type\" content=\"article\" \/>\n<meta property=\"og:title\" content=\"Miroir Lana - Artisan - WaltLouise\" \/>\n<meta property=\"og:description\" content=\"L\u2019amour du bois et 50 ans d\u2019exp\u00e9rience dans la transformation de celui-ci, permet \u00e0 la soci\u00e9t\u00e9 Artisan de produire des conceptions pr\u00e9cises, aux courbes s\u00e9duisantes, complexes et ma\u00eetris\u00e9es. La collection de meubles Artisan, tr\u00e8s vari\u00e9e, est aussi compos\u00e9e de luminaires et d\u2019accessoires, qui sont destin\u00e9s \u00e0 un usage priv\u00e9 ou contractuel. Artisan travail avec des designers de renomm\u00e9e internationale.\" \/>\n<meta property=\"og:url\" content=\"https:\/\/www.waltlouise.be\/produit\/miroir-lana-artisan\/\" \/>\n<meta property=\"og:site_name\" content=\"WaltLouise\" \/>\n<meta property=\"article:modified_time\" content=\"2024-03-28T12:32:03+00:00\" \/>\n<meta property=\"og:image\" content=\"https:\/\/www.waltlouise.be\/wp-content\/uploads\/2024\/03\/MIROIR-LANA-Artisan-noyer-chene-scaled.jpg\" \/>\n\t<meta property=\"og:image:width\" content=\"2560\" \/>\n\t<meta property=\"og:image:height\" content=\"1707\" \/>\n\t<meta property=\"og:image:type\" content=\"image\/jpeg\" \/>\n<meta name=\"twitter:card\" content=\"summary_large_image\" \/>\n<meta name=\"twitter:label1\" content=\"Geschatte leestijd\" \/>\n\t<meta name=\"twitter:data1\" content=\"1 minuut\" \/>\n<script type=\"application\/ld+json\" class=\"yoast-schema-graph\">{\"@context\":\"https:\/\/schema.org\",\"@graph\":[{\"@type\":\"WebPage\",\"@id\":\"https:\/\/www.waltlouise.be\/produit\/miroir-lana-artisan\/\",\"url\":\"https:\/\/www.waltlouise.be\/produit\/miroir-lana-artisan\/\",\"name\":\"Miroir Lana - Artisan - WaltLouise\",\"isPartOf\":{\"@id\":\"https:\/\/www.waltlouise.be\/#website\"},\"primaryImageOfPage\":{\"@id\":\"https:\/\/www.waltlouise.be\/produit\/miroir-lana-artisan\/#primaryimage\"},\"image\":{\"@id\":\"https:\/\/www.waltlouise.be\/produit\/miroir-lana-artisan\/#primaryimage\"},\"thumbnailUrl\":\"https:\/\/www.waltlouise.be\/wp-content\/uploads\/2024\/03\/MIROIR-LANA-Artisan-noyer-chene-scaled.jpg\",\"datePublished\":\"2024-03-28T12:03:20+00:00\",\"dateModified\":\"2024-03-28T12:32:03+00:00\",\"description\":\"L\u2019amour du bois et 50 ans d\u2019exp\u00e9rience dans la transformation de celui-ci, permet \u00e0 la soci\u00e9t\u00e9 Artisan de produire des conceptions pr\u00e9cises, aux courbes s\u00e9duisantes, complexes et ma\u00eetris\u00e9es. La collection de meubles Artisan, tr\u00e8s vari\u00e9e, est aussi compos\u00e9e de luminaires et d\u2019accessoires, qui sont destin\u00e9s \u00e0 un usage priv\u00e9 ou contractuel. Artisan travail avec des designers de renomm\u00e9e internationale.\",\"breadcrumb\":{\"@id\":\"https:\/\/www.waltlouise.be\/produit\/miroir-lana-artisan\/#breadcrumb\"},\"inLanguage\":\"nl-NL\",\"potentialAction\":[{\"@type\":\"ReadAction\",\"target\":[\"https:\/\/www.waltlouise.be\/produit\/miroir-lana-artisan\/\"]}]},{\"@type\":\"ImageObject\",\"inLanguage\":\"nl-NL\",\"@id\":\"https:\/\/www.waltlouise.be\/produit\/miroir-lana-artisan\/#primaryimage\",\"url\":\"https:\/\/www.waltlouise.be\/wp-content\/uploads\/2024\/03\/MIROIR-LANA-Artisan-noyer-chene-scaled.jpg\",\"contentUrl\":\"https:\/\/www.waltlouise.be\/wp-content\/uploads\/2024\/03\/MIROIR-LANA-Artisan-noyer-chene-scaled.jpg\",\"width\":2560,\"height\":1707},{\"@type\":\"BreadcrumbList\",\"@id\":\"https:\/\/www.waltlouise.be\/produit\/miroir-lana-artisan\/#breadcrumb\",\"itemListElement\":[{\"@type\":\"ListItem\",\"position\":1,\"name\":\"Accueil\",\"item\":\"https:\/\/www.waltlouise.be\/nl\/\"},{\"@type\":\"ListItem\",\"position\":2,\"name\":\"Onze producten\",\"item\":\"https:\/\/www.waltlouise.be\/nl\/onze-producten\/\"},{\"@type\":\"ListItem\",\"position\":3,\"name\":\"Miroir Lana &#8211; Artisan\"}]},{\"@type\":\"WebSite\",\"@id\":\"https:\/\/www.waltlouise.be\/#website\",\"url\":\"https:\/\/www.waltlouise.be\/\",\"name\":\"WaltLouise\",\"description\":\"Walt Louise \u2013 Bienvenue sur le site de WaltLouise| Accueil | Des r\u00e9\u00e9ditions de vaisselier, de grandes \u00e9tag\u00e8res aux lignes \u00e9pur\u00e9es c\u00f4toient des pi\u00e8ces con\u00e7ues \u00e0 la demande.\",\"potentialAction\":[{\"@type\":\"SearchAction\",\"target\":{\"@type\":\"EntryPoint\",\"urlTemplate\":\"https:\/\/www.waltlouise.be\/?s={search_term_string}\"},\"query-input\":{\"@type\":\"PropertyValueSpecification\",\"valueRequired\":true,\"valueName\":\"search_term_string\"}}],\"inLanguage\":\"nl-NL\"}]}<\/script>\n<!-- \/ Yoast SEO plugin. -->","yoast_head_json":{"title":"Miroir Lana - Artisan - WaltLouise","description":"L\u2019amour du bois et 50 ans d\u2019exp\u00e9rience dans la transformation de celui-ci, permet \u00e0 la soci\u00e9t\u00e9 Artisan de produire des conceptions pr\u00e9cises, aux courbes s\u00e9duisantes, complexes et ma\u00eetris\u00e9es. La collection de meubles Artisan, tr\u00e8s vari\u00e9e, est aussi compos\u00e9e de luminaires et d\u2019accessoires, qui sont destin\u00e9s \u00e0 un usage priv\u00e9 ou contractuel. Artisan travail avec des designers de renomm\u00e9e internationale.","robots":{"index":"index","follow":"follow","max-snippet":"max-snippet:-1","max-image-preview":"max-image-preview:large","max-video-preview":"max-video-preview:-1"},"canonical":"https:\/\/www.waltlouise.be\/produit\/miroir-lana-artisan\/","og_locale":"nl_NL","og_type":"article","og_title":"Miroir Lana - Artisan - WaltLouise","og_description":"L\u2019amour du bois et 50 ans d\u2019exp\u00e9rience dans la transformation de celui-ci, permet \u00e0 la soci\u00e9t\u00e9 Artisan de produire des conceptions pr\u00e9cises, aux courbes s\u00e9duisantes, complexes et ma\u00eetris\u00e9es. La collection de meubles Artisan, tr\u00e8s vari\u00e9e, est aussi compos\u00e9e de luminaires et d\u2019accessoires, qui sont destin\u00e9s \u00e0 un usage priv\u00e9 ou contractuel. Artisan travail avec des designers de renomm\u00e9e internationale.","og_url":"https:\/\/www.waltlouise.be\/produit\/miroir-lana-artisan\/","og_site_name":"WaltLouise","article_modified_time":"2024-03-28T12:32:03+00:00","og_image":[{"width":2560,"height":1707,"url":"https:\/\/www.waltlouise.be\/wp-content\/uploads\/2024\/03\/MIROIR-LANA-Artisan-noyer-chene-scaled.jpg","type":"image\/jpeg"}],"twitter_card":"summary_large_image","twitter_misc":{"Geschatte leestijd":"1 minuut"},"schema":{"@context":"https:\/\/schema.org","@graph":[{"@type":"WebPage","@id":"https:\/\/www.waltlouise.be\/produit\/miroir-lana-artisan\/","url":"https:\/\/www.waltlouise.be\/produit\/miroir-lana-artisan\/","name":"Miroir Lana - Artisan - WaltLouise","isPartOf":{"@id":"https:\/\/www.waltlouise.be\/#website"},"primaryImageOfPage":{"@id":"https:\/\/www.waltlouise.be\/produit\/miroir-lana-artisan\/#primaryimage"},"image":{"@id":"https:\/\/www.waltlouise.be\/produit\/miroir-lana-artisan\/#primaryimage"},"thumbnailUrl":"https:\/\/www.waltlouise.be\/wp-content\/uploads\/2024\/03\/MIROIR-LANA-Artisan-noyer-chene-scaled.jpg","datePublished":"2024-03-28T12:03:20+00:00","dateModified":"2024-03-28T12:32:03+00:00","description":"L\u2019amour du bois et 50 ans d\u2019exp\u00e9rience dans la transformation de celui-ci, permet \u00e0 la soci\u00e9t\u00e9 Artisan de produire des conceptions pr\u00e9cises, aux courbes s\u00e9duisantes, complexes et ma\u00eetris\u00e9es. La collection de meubles Artisan, tr\u00e8s vari\u00e9e, est aussi compos\u00e9e de luminaires et d\u2019accessoires, qui sont destin\u00e9s \u00e0 un usage priv\u00e9 ou contractuel. Artisan travail avec des designers de renomm\u00e9e internationale.","breadcrumb":{"@id":"https:\/\/www.waltlouise.be\/produit\/miroir-lana-artisan\/#breadcrumb"},"inLanguage":"nl-NL","potentialAction":[{"@type":"ReadAction","target":["https:\/\/www.waltlouise.be\/produit\/miroir-lana-artisan\/"]}]},{"@type":"ImageObject","inLanguage":"nl-NL","@id":"https:\/\/www.waltlouise.be\/produit\/miroir-lana-artisan\/#primaryimage","url":"https:\/\/www.waltlouise.be\/wp-content\/uploads\/2024\/03\/MIROIR-LANA-Artisan-noyer-chene-scaled.jpg","contentUrl":"https:\/\/www.waltlouise.be\/wp-content\/uploads\/2024\/03\/MIROIR-LANA-Artisan-noyer-chene-scaled.jpg","width":2560,"height":1707},{"@type":"BreadcrumbList","@id":"https:\/\/www.waltlouise.be\/produit\/miroir-lana-artisan\/#breadcrumb","itemListElement":[{"@type":"ListItem","position":1,"name":"Accueil","item":"https:\/\/www.waltlouise.be\/nl\/"},{"@type":"ListItem","position":2,"name":"Onze producten","item":"https:\/\/www.waltlouise.be\/nl\/onze-producten\/"},{"@type":"ListItem","position":3,"name":"Miroir Lana &#8211; Artisan"}]},{"@type":"WebSite","@id":"https:\/\/www.waltlouise.be\/#website","url":"https:\/\/www.waltlouise.be\/","name":"WaltLouise","description":"Walt Louise \u2013 Bienvenue sur le site de WaltLouise| Accueil | Des r\u00e9\u00e9ditions de vaisselier, de grandes \u00e9tag\u00e8res aux lignes \u00e9pur\u00e9es c\u00f4toient des pi\u00e8ces con\u00e7ues \u00e0 la demande.","potentialAction":[{"@type":"SearchAction","target":{"@type":"EntryPoint","urlTemplate":"https:\/\/www.waltlouise.be\/?s={search_term_string}"},"query-input":{"@type":"PropertyValueSpecification","valueRequired":true,"valueName":"search_term_string"}}],"inLanguage":"nl-NL"}]}},"_links":{"self":[{"href":"https:\/\/www.waltlouise.be\/nl\/wp-json\/wp\/v2\/product\/7936","targetHints":{"allow":["GET"]}}],"collection":[{"href":"https:\/\/www.waltlouise.be\/nl\/wp-json\/wp\/v2\/product"}],"about":[{"href":"https:\/\/www.waltlouise.be\/nl\/wp-json\/wp\/v2\/types\/product"}],"replies":[{"embeddable":true,"href":"https:\/\/www.waltlouise.be\/nl\/wp-json\/wp\/v2\/comments?post=7936"}],"wp:featuredmedia":[{"embeddable":true,"href":"https:\/\/www.waltlouise.be\/nl\/wp-json\/wp\/v2\/media\/7941"}],"wp:attachment":[{"href":"https:\/\/www.waltlouise.be\/nl\/wp-json\/wp\/v2\/media?parent=7936"}],"wp:term":[{"taxonomy":"product_brand","embeddable":true,"href":"https:\/\/www.waltlouise.be\/nl\/wp-json\/wp\/v2\/product_brand?post=7936"},{"taxonomy":"product_cat","embeddable":true,"href":"https:\/\/www.waltlouise.be\/nl\/wp-json\/wp\/v2\/product_cat?post=7936"},{"taxonomy":"product_tag","embeddable":true,"href":"https:\/\/www.waltlouise.be\/nl\/wp-json\/wp\/v2\/product_tag?post=7936"}],"curies":[{"name":"wp","href":"https:\/\/api.w.org\/{rel}","templated":true}]}}