{"id":7842,"date":"2024-03-27T15:46:05","date_gmt":"2024-03-27T14:46:05","guid":{"rendered":"https:\/\/www.waltlouise.be\/?post_type=product&#038;p=7842"},"modified":"2025-01-08T14:12:16","modified_gmt":"2025-01-08T13:12:16","slug":"canape-on-line-ditre-italia","status":"publish","type":"product","link":"https:\/\/www.waltlouise.be\/nl\/product\/canape-on-line-ditre-italia\/","title":{"rendered":"Canap\u00e9 On Line &#8211; Ditre Italia"},"content":{"rendered":"<p>Le design des produits de Ditre Italia permet la cr\u00e9ation d&#8217;un univers int\u00e9rieur exclusif, un ensemble harmonieux qui refl\u00e8te une mani\u00e8re tr\u00e8s personnelle d&#8217;envisager la maison dans son int\u00e9gralit\u00e9. La collection Ditre, riche et vari\u00e9e permet un am\u00e9nagement tr\u00e8s complet de votre int\u00e9rieur.<\/p>\n","protected":false},"excerpt":{"rendered":"<p>Traversons toutes les expressions du confort et arr\u00eatons-nous ici, o\u00f9 On Line nous accueille. Un syst\u00e8me de lignes verticales et horizontales harmonise la partie fixe de l\u2019assise avec la mobilit\u00e9 des coussins de dossier. Il est possible de r\u00e9gler l\u2019inclinaison du dossier et des accoudoirs pour une personnalisation maximale du confort.<\/p>\n","protected":false},"featured_media":7855,"comment_status":"open","ping_status":"closed","template":"","meta":{"_acf_changed":false},"product_brand":[],"product_cat":[98,96],"product_tag":[],"class_list":{"0":"post-7842","1":"product","2":"type-product","3":"status-publish","4":"has-post-thumbnail","6":"product_cat-canapes","7":"product_cat-salons","9":"first","10":"onbackorder","11":"shipping-taxable","12":"purchasable","13":"product-type-simple"},"acf":[],"yoast_head":"<!-- This site is optimized with the Yoast SEO plugin v27.2 - https:\/\/yoast.com\/product\/yoast-seo-wordpress\/ -->\n<title>Canap\u00e9 On Line - Ditre Italia - WaltLouise<\/title>\n<meta name=\"description\" content=\"Traversons toutes les expressions du confort et arr\u00eatons-nous ici, o\u00f9 On Line nous accueille. Un syst\u00e8me de lignes verticales et horizontales harmonise la partie fixe de l\u2019assise avec la mobilit\u00e9 des coussins de dossier. Il est possible de r\u00e9gler l\u2019inclinaison du dossier et des accoudoirs pour une personnalisation maximale du confort.\" \/>\n<meta name=\"robots\" content=\"index, follow, max-snippet:-1, max-image-preview:large, max-video-preview:-1\" \/>\n<link rel=\"canonical\" href=\"https:\/\/www.waltlouise.be\/produit\/canape-on-line-ditre-italia\/\" \/>\n<meta property=\"og:locale\" content=\"nl_NL\" \/>\n<meta property=\"og:type\" content=\"article\" \/>\n<meta property=\"og:title\" content=\"Canap\u00e9 On Line - Ditre Italia - WaltLouise\" \/>\n<meta property=\"og:description\" content=\"Traversons toutes les expressions du confort et arr\u00eatons-nous ici, o\u00f9 On Line nous accueille. Un syst\u00e8me de lignes verticales et horizontales harmonise la partie fixe de l\u2019assise avec la mobilit\u00e9 des coussins de dossier. Il est possible de r\u00e9gler l\u2019inclinaison du dossier et des accoudoirs pour une personnalisation maximale du confort.\" \/>\n<meta property=\"og:url\" content=\"https:\/\/www.waltlouise.be\/produit\/canape-on-line-ditre-italia\/\" \/>\n<meta property=\"og:site_name\" content=\"WaltLouise\" \/>\n<meta property=\"article:modified_time\" content=\"2025-01-08T13:12:16+00:00\" \/>\n<meta property=\"og:image\" content=\"https:\/\/www.waltlouise.be\/wp-content\/uploads\/2024\/03\/Canape-On-Line-DITRE-ITALIA-cuir-tissu.jpg\" \/>\n\t<meta property=\"og:image:width\" content=\"1187\" \/>\n\t<meta property=\"og:image:height\" content=\"890\" \/>\n\t<meta property=\"og:image:type\" content=\"image\/jpeg\" \/>\n<meta name=\"twitter:card\" content=\"summary_large_image\" \/>\n<meta name=\"twitter:label1\" content=\"Geschatte leestijd\" \/>\n\t<meta name=\"twitter:data1\" content=\"1 minuut\" \/>\n<script type=\"application\/ld+json\" class=\"yoast-schema-graph\">{\"@context\":\"https:\/\/schema.org\",\"@graph\":[{\"@type\":\"WebPage\",\"@id\":\"https:\/\/www.waltlouise.be\/produit\/canape-on-line-ditre-italia\/\",\"url\":\"https:\/\/www.waltlouise.be\/produit\/canape-on-line-ditre-italia\/\",\"name\":\"Canap\u00e9 On Line - Ditre Italia - WaltLouise\",\"isPartOf\":{\"@id\":\"https:\/\/www.waltlouise.be\/#website\"},\"primaryImageOfPage\":{\"@id\":\"https:\/\/www.waltlouise.be\/produit\/canape-on-line-ditre-italia\/#primaryimage\"},\"image\":{\"@id\":\"https:\/\/www.waltlouise.be\/produit\/canape-on-line-ditre-italia\/#primaryimage\"},\"thumbnailUrl\":\"https:\/\/www.waltlouise.be\/wp-content\/uploads\/2024\/03\/Canape-On-Line-DITRE-ITALIA-cuir-tissu.jpg\",\"datePublished\":\"2024-03-27T14:46:05+00:00\",\"dateModified\":\"2025-01-08T13:12:16+00:00\",\"description\":\"Traversons toutes les expressions du confort et arr\u00eatons-nous ici, o\u00f9 On Line nous accueille. Un syst\u00e8me de lignes verticales et horizontales harmonise la partie fixe de l\u2019assise avec la mobilit\u00e9 des coussins de dossier. Il est possible de r\u00e9gler l\u2019inclinaison du dossier et des accoudoirs pour une personnalisation maximale du confort.\",\"breadcrumb\":{\"@id\":\"https:\/\/www.waltlouise.be\/produit\/canape-on-line-ditre-italia\/#breadcrumb\"},\"inLanguage\":\"nl-NL\",\"potentialAction\":[{\"@type\":\"ReadAction\",\"target\":[\"https:\/\/www.waltlouise.be\/produit\/canape-on-line-ditre-italia\/\"]}]},{\"@type\":\"ImageObject\",\"inLanguage\":\"nl-NL\",\"@id\":\"https:\/\/www.waltlouise.be\/produit\/canape-on-line-ditre-italia\/#primaryimage\",\"url\":\"https:\/\/www.waltlouise.be\/wp-content\/uploads\/2024\/03\/Canape-On-Line-DITRE-ITALIA-cuir-tissu.jpg\",\"contentUrl\":\"https:\/\/www.waltlouise.be\/wp-content\/uploads\/2024\/03\/Canape-On-Line-DITRE-ITALIA-cuir-tissu.jpg\",\"width\":1187,\"height\":890},{\"@type\":\"BreadcrumbList\",\"@id\":\"https:\/\/www.waltlouise.be\/produit\/canape-on-line-ditre-italia\/#breadcrumb\",\"itemListElement\":[{\"@type\":\"ListItem\",\"position\":1,\"name\":\"Accueil\",\"item\":\"https:\/\/www.waltlouise.be\/nl\/\"},{\"@type\":\"ListItem\",\"position\":2,\"name\":\"Onze producten\",\"item\":\"https:\/\/www.waltlouise.be\/nl\/onze-producten\/\"},{\"@type\":\"ListItem\",\"position\":3,\"name\":\"Canap\u00e9 On Line &#8211; Ditre Italia\"}]},{\"@type\":\"WebSite\",\"@id\":\"https:\/\/www.waltlouise.be\/#website\",\"url\":\"https:\/\/www.waltlouise.be\/\",\"name\":\"WaltLouise\",\"description\":\"Walt Louise \u2013 Bienvenue sur le site de WaltLouise| Accueil | Des r\u00e9\u00e9ditions de vaisselier, de grandes \u00e9tag\u00e8res aux lignes \u00e9pur\u00e9es c\u00f4toient des pi\u00e8ces con\u00e7ues \u00e0 la demande.\",\"potentialAction\":[{\"@type\":\"SearchAction\",\"target\":{\"@type\":\"EntryPoint\",\"urlTemplate\":\"https:\/\/www.waltlouise.be\/?s={search_term_string}\"},\"query-input\":{\"@type\":\"PropertyValueSpecification\",\"valueRequired\":true,\"valueName\":\"search_term_string\"}}],\"inLanguage\":\"nl-NL\"}]}<\/script>\n<!-- \/ Yoast SEO plugin. -->","yoast_head_json":{"title":"Canap\u00e9 On Line - Ditre Italia - WaltLouise","description":"Traversons toutes les expressions du confort et arr\u00eatons-nous ici, o\u00f9 On Line nous accueille. Un syst\u00e8me de lignes verticales et horizontales harmonise la partie fixe de l\u2019assise avec la mobilit\u00e9 des coussins de dossier. Il est possible de r\u00e9gler l\u2019inclinaison du dossier et des accoudoirs pour une personnalisation maximale du confort.","robots":{"index":"index","follow":"follow","max-snippet":"max-snippet:-1","max-image-preview":"max-image-preview:large","max-video-preview":"max-video-preview:-1"},"canonical":"https:\/\/www.waltlouise.be\/produit\/canape-on-line-ditre-italia\/","og_locale":"nl_NL","og_type":"article","og_title":"Canap\u00e9 On Line - Ditre Italia - WaltLouise","og_description":"Traversons toutes les expressions du confort et arr\u00eatons-nous ici, o\u00f9 On Line nous accueille. Un syst\u00e8me de lignes verticales et horizontales harmonise la partie fixe de l\u2019assise avec la mobilit\u00e9 des coussins de dossier. Il est possible de r\u00e9gler l\u2019inclinaison du dossier et des accoudoirs pour une personnalisation maximale du confort.","og_url":"https:\/\/www.waltlouise.be\/produit\/canape-on-line-ditre-italia\/","og_site_name":"WaltLouise","article_modified_time":"2025-01-08T13:12:16+00:00","og_image":[{"width":1187,"height":890,"url":"https:\/\/www.waltlouise.be\/wp-content\/uploads\/2024\/03\/Canape-On-Line-DITRE-ITALIA-cuir-tissu.jpg","type":"image\/jpeg"}],"twitter_card":"summary_large_image","twitter_misc":{"Geschatte leestijd":"1 minuut"},"schema":{"@context":"https:\/\/schema.org","@graph":[{"@type":"WebPage","@id":"https:\/\/www.waltlouise.be\/produit\/canape-on-line-ditre-italia\/","url":"https:\/\/www.waltlouise.be\/produit\/canape-on-line-ditre-italia\/","name":"Canap\u00e9 On Line - Ditre Italia - WaltLouise","isPartOf":{"@id":"https:\/\/www.waltlouise.be\/#website"},"primaryImageOfPage":{"@id":"https:\/\/www.waltlouise.be\/produit\/canape-on-line-ditre-italia\/#primaryimage"},"image":{"@id":"https:\/\/www.waltlouise.be\/produit\/canape-on-line-ditre-italia\/#primaryimage"},"thumbnailUrl":"https:\/\/www.waltlouise.be\/wp-content\/uploads\/2024\/03\/Canape-On-Line-DITRE-ITALIA-cuir-tissu.jpg","datePublished":"2024-03-27T14:46:05+00:00","dateModified":"2025-01-08T13:12:16+00:00","description":"Traversons toutes les expressions du confort et arr\u00eatons-nous ici, o\u00f9 On Line nous accueille. Un syst\u00e8me de lignes verticales et horizontales harmonise la partie fixe de l\u2019assise avec la mobilit\u00e9 des coussins de dossier. Il est possible de r\u00e9gler l\u2019inclinaison du dossier et des accoudoirs pour une personnalisation maximale du confort.","breadcrumb":{"@id":"https:\/\/www.waltlouise.be\/produit\/canape-on-line-ditre-italia\/#breadcrumb"},"inLanguage":"nl-NL","potentialAction":[{"@type":"ReadAction","target":["https:\/\/www.waltlouise.be\/produit\/canape-on-line-ditre-italia\/"]}]},{"@type":"ImageObject","inLanguage":"nl-NL","@id":"https:\/\/www.waltlouise.be\/produit\/canape-on-line-ditre-italia\/#primaryimage","url":"https:\/\/www.waltlouise.be\/wp-content\/uploads\/2024\/03\/Canape-On-Line-DITRE-ITALIA-cuir-tissu.jpg","contentUrl":"https:\/\/www.waltlouise.be\/wp-content\/uploads\/2024\/03\/Canape-On-Line-DITRE-ITALIA-cuir-tissu.jpg","width":1187,"height":890},{"@type":"BreadcrumbList","@id":"https:\/\/www.waltlouise.be\/produit\/canape-on-line-ditre-italia\/#breadcrumb","itemListElement":[{"@type":"ListItem","position":1,"name":"Accueil","item":"https:\/\/www.waltlouise.be\/nl\/"},{"@type":"ListItem","position":2,"name":"Onze producten","item":"https:\/\/www.waltlouise.be\/nl\/onze-producten\/"},{"@type":"ListItem","position":3,"name":"Canap\u00e9 On Line &#8211; Ditre Italia"}]},{"@type":"WebSite","@id":"https:\/\/www.waltlouise.be\/#website","url":"https:\/\/www.waltlouise.be\/","name":"WaltLouise","description":"Walt Louise \u2013 Bienvenue sur le site de WaltLouise| Accueil | Des r\u00e9\u00e9ditions de vaisselier, de grandes \u00e9tag\u00e8res aux lignes \u00e9pur\u00e9es c\u00f4toient des pi\u00e8ces con\u00e7ues \u00e0 la demande.","potentialAction":[{"@type":"SearchAction","target":{"@type":"EntryPoint","urlTemplate":"https:\/\/www.waltlouise.be\/?s={search_term_string}"},"query-input":{"@type":"PropertyValueSpecification","valueRequired":true,"valueName":"search_term_string"}}],"inLanguage":"nl-NL"}]}},"_links":{"self":[{"href":"https:\/\/www.waltlouise.be\/nl\/wp-json\/wp\/v2\/product\/7842","targetHints":{"allow":["GET"]}}],"collection":[{"href":"https:\/\/www.waltlouise.be\/nl\/wp-json\/wp\/v2\/product"}],"about":[{"href":"https:\/\/www.waltlouise.be\/nl\/wp-json\/wp\/v2\/types\/product"}],"replies":[{"embeddable":true,"href":"https:\/\/www.waltlouise.be\/nl\/wp-json\/wp\/v2\/comments?post=7842"}],"wp:featuredmedia":[{"embeddable":true,"href":"https:\/\/www.waltlouise.be\/nl\/wp-json\/wp\/v2\/media\/7855"}],"wp:attachment":[{"href":"https:\/\/www.waltlouise.be\/nl\/wp-json\/wp\/v2\/media?parent=7842"}],"wp:term":[{"taxonomy":"product_brand","embeddable":true,"href":"https:\/\/www.waltlouise.be\/nl\/wp-json\/wp\/v2\/product_brand?post=7842"},{"taxonomy":"product_cat","embeddable":true,"href":"https:\/\/www.waltlouise.be\/nl\/wp-json\/wp\/v2\/product_cat?post=7842"},{"taxonomy":"product_tag","embeddable":true,"href":"https:\/\/www.waltlouise.be\/nl\/wp-json\/wp\/v2\/product_tag?post=7842"}],"curies":[{"name":"wp","href":"https:\/\/api.w.org\/{rel}","templated":true}]}}