{"id":7823,"date":"2024-03-27T15:34:06","date_gmt":"2024-03-27T14:34:06","guid":{"rendered":"https:\/\/www.waltlouise.be\/?post_type=product&#038;p=7823"},"modified":"2024-03-27T15:34:06","modified_gmt":"2024-03-27T14:34:06","slug":"suspension-circe-concept-verre","status":"publish","type":"product","link":"https:\/\/www.waltlouise.be\/nl\/product\/suspension-circe-concept-verre\/","title":{"rendered":"Suspension Circ\u00e9 &#8211; Concept Verre"},"content":{"rendered":"<p>Marque fran\u00e7aise de luminaires d\u2019int\u00e9rieur. Pour Concept-verre, la ma\u00eetrise du verre est au centre de leurs cr\u00e9ations afin de sublimer la lumi\u00e8re et d\u2019habiller vos espaces int\u00e9rieurs d\u2019une d\u00e9coration de caract\u00e8re.<\/p>\n","protected":false},"excerpt":{"rendered":"<p>En affichant des formes simples, organiques et \u00e9l\u00e9gantes, la gamme Circ\u00e9 offre des possibilit\u00e9s presque infinies de personnalisation et de composition pour s\u2019accorder \u00e0 votre environnement.<br \/>\nEn optant pour une suspension de plusieurs dizaines de pi\u00e8ces couleur ambre, cuivre et or, il est possible de cr\u00e9er de v\u00e9ritables cascades de lumi\u00e8re qui transforment la plus froide des salles en un lieu aussi fascinant que rassurant.<\/p>\n","protected":false},"featured_media":7826,"comment_status":"open","ping_status":"closed","template":"","meta":{"_acf_changed":false},"product_brand":[],"product_cat":[79,83],"product_tag":[],"class_list":{"0":"post-7823","1":"product","2":"type-product","3":"status-publish","4":"has-post-thumbnail","6":"product_cat-luminaires","7":"product_cat-suspensions","9":"first","10":"instock","11":"shipping-taxable","12":"product-type-simple"},"acf":[],"yoast_head":"<!-- This site is optimized with the Yoast SEO plugin v27.2 - https:\/\/yoast.com\/product\/yoast-seo-wordpress\/ -->\n<title>Suspension Circ\u00e9 - Concept Verre - WaltLouise<\/title>\n<meta name=\"description\" content=\"En affichant des formes simples, organiques et \u00e9l\u00e9gantes, la gamme Circ\u00e9 offre des possibilit\u00e9s presque infinies de personnalisation et de composition pour s\u2019accorder \u00e0 votre environnement. En optant pour une suspension de plusieurs dizaines de pi\u00e8ces couleur ambre, cuivre et or, il est possible de cr\u00e9er de v\u00e9ritables cascades de lumi\u00e8re qui transforment la plus froide des salles en un lieu aussi fascinant que rassurant.\" \/>\n<meta name=\"robots\" content=\"index, follow, max-snippet:-1, max-image-preview:large, max-video-preview:-1\" \/>\n<link rel=\"canonical\" href=\"https:\/\/www.waltlouise.be\/produit\/suspension-circe-concept-verre\/\" \/>\n<meta property=\"og:locale\" content=\"nl_NL\" \/>\n<meta property=\"og:type\" content=\"article\" \/>\n<meta property=\"og:title\" content=\"Suspension Circ\u00e9 - Concept Verre - WaltLouise\" \/>\n<meta property=\"og:description\" content=\"En affichant des formes simples, organiques et \u00e9l\u00e9gantes, la gamme Circ\u00e9 offre des possibilit\u00e9s presque infinies de personnalisation et de composition pour s\u2019accorder \u00e0 votre environnement. En optant pour une suspension de plusieurs dizaines de pi\u00e8ces couleur ambre, cuivre et or, il est possible de cr\u00e9er de v\u00e9ritables cascades de lumi\u00e8re qui transforment la plus froide des salles en un lieu aussi fascinant que rassurant.\" \/>\n<meta property=\"og:url\" content=\"https:\/\/www.waltlouise.be\/produit\/suspension-circe-concept-verre\/\" \/>\n<meta property=\"og:site_name\" content=\"WaltLouise\" \/>\n<meta property=\"og:image\" content=\"https:\/\/www.waltlouise.be\/wp-content\/uploads\/2024\/03\/Circe-14-plaque-laiton-copy-683x1024.png\" \/>\n\t<meta property=\"og:image:width\" content=\"683\" \/>\n\t<meta property=\"og:image:height\" content=\"1024\" \/>\n\t<meta property=\"og:image:type\" content=\"image\/png\" \/>\n<meta name=\"twitter:card\" content=\"summary_large_image\" \/>\n<meta name=\"twitter:label1\" content=\"Geschatte leestijd\" \/>\n\t<meta name=\"twitter:data1\" content=\"1 minuut\" \/>\n<script type=\"application\/ld+json\" class=\"yoast-schema-graph\">{\"@context\":\"https:\/\/schema.org\",\"@graph\":[{\"@type\":\"WebPage\",\"@id\":\"https:\/\/www.waltlouise.be\/produit\/suspension-circe-concept-verre\/\",\"url\":\"https:\/\/www.waltlouise.be\/produit\/suspension-circe-concept-verre\/\",\"name\":\"Suspension Circ\u00e9 - Concept Verre - WaltLouise\",\"isPartOf\":{\"@id\":\"https:\/\/www.waltlouise.be\/#website\"},\"primaryImageOfPage\":{\"@id\":\"https:\/\/www.waltlouise.be\/produit\/suspension-circe-concept-verre\/#primaryimage\"},\"image\":{\"@id\":\"https:\/\/www.waltlouise.be\/produit\/suspension-circe-concept-verre\/#primaryimage\"},\"thumbnailUrl\":\"https:\/\/www.waltlouise.be\/wp-content\/uploads\/2024\/03\/Circe-14-plaque-laiton-copy.png\",\"datePublished\":\"2024-03-27T14:34:06+00:00\",\"description\":\"En affichant des formes simples, organiques et \u00e9l\u00e9gantes, la gamme Circ\u00e9 offre des possibilit\u00e9s presque infinies de personnalisation et de composition pour s\u2019accorder \u00e0 votre environnement. En optant pour une suspension de plusieurs dizaines de pi\u00e8ces couleur ambre, cuivre et or, il est possible de cr\u00e9er de v\u00e9ritables cascades de lumi\u00e8re qui transforment la plus froide des salles en un lieu aussi fascinant que rassurant.\",\"breadcrumb\":{\"@id\":\"https:\/\/www.waltlouise.be\/produit\/suspension-circe-concept-verre\/#breadcrumb\"},\"inLanguage\":\"nl-NL\",\"potentialAction\":[{\"@type\":\"ReadAction\",\"target\":[\"https:\/\/www.waltlouise.be\/produit\/suspension-circe-concept-verre\/\"]}]},{\"@type\":\"ImageObject\",\"inLanguage\":\"nl-NL\",\"@id\":\"https:\/\/www.waltlouise.be\/produit\/suspension-circe-concept-verre\/#primaryimage\",\"url\":\"https:\/\/www.waltlouise.be\/wp-content\/uploads\/2024\/03\/Circe-14-plaque-laiton-copy.png\",\"contentUrl\":\"https:\/\/www.waltlouise.be\/wp-content\/uploads\/2024\/03\/Circe-14-plaque-laiton-copy.png\",\"width\":3456,\"height\":5184},{\"@type\":\"BreadcrumbList\",\"@id\":\"https:\/\/www.waltlouise.be\/produit\/suspension-circe-concept-verre\/#breadcrumb\",\"itemListElement\":[{\"@type\":\"ListItem\",\"position\":1,\"name\":\"Accueil\",\"item\":\"https:\/\/www.waltlouise.be\/nl\/\"},{\"@type\":\"ListItem\",\"position\":2,\"name\":\"Onze producten\",\"item\":\"https:\/\/www.waltlouise.be\/nl\/onze-producten\/\"},{\"@type\":\"ListItem\",\"position\":3,\"name\":\"Suspension Circ\u00e9 &#8211; Concept Verre\"}]},{\"@type\":\"WebSite\",\"@id\":\"https:\/\/www.waltlouise.be\/#website\",\"url\":\"https:\/\/www.waltlouise.be\/\",\"name\":\"WaltLouise\",\"description\":\"Walt Louise \u2013 Bienvenue sur le site de WaltLouise| Accueil | Des r\u00e9\u00e9ditions de vaisselier, de grandes \u00e9tag\u00e8res aux lignes \u00e9pur\u00e9es c\u00f4toient des pi\u00e8ces con\u00e7ues \u00e0 la demande.\",\"potentialAction\":[{\"@type\":\"SearchAction\",\"target\":{\"@type\":\"EntryPoint\",\"urlTemplate\":\"https:\/\/www.waltlouise.be\/?s={search_term_string}\"},\"query-input\":{\"@type\":\"PropertyValueSpecification\",\"valueRequired\":true,\"valueName\":\"search_term_string\"}}],\"inLanguage\":\"nl-NL\"}]}<\/script>\n<!-- \/ Yoast SEO plugin. -->","yoast_head_json":{"title":"Suspension Circ\u00e9 - Concept Verre - WaltLouise","description":"En affichant des formes simples, organiques et \u00e9l\u00e9gantes, la gamme Circ\u00e9 offre des possibilit\u00e9s presque infinies de personnalisation et de composition pour s\u2019accorder \u00e0 votre environnement. En optant pour une suspension de plusieurs dizaines de pi\u00e8ces couleur ambre, cuivre et or, il est possible de cr\u00e9er de v\u00e9ritables cascades de lumi\u00e8re qui transforment la plus froide des salles en un lieu aussi fascinant que rassurant.","robots":{"index":"index","follow":"follow","max-snippet":"max-snippet:-1","max-image-preview":"max-image-preview:large","max-video-preview":"max-video-preview:-1"},"canonical":"https:\/\/www.waltlouise.be\/produit\/suspension-circe-concept-verre\/","og_locale":"nl_NL","og_type":"article","og_title":"Suspension Circ\u00e9 - Concept Verre - WaltLouise","og_description":"En affichant des formes simples, organiques et \u00e9l\u00e9gantes, la gamme Circ\u00e9 offre des possibilit\u00e9s presque infinies de personnalisation et de composition pour s\u2019accorder \u00e0 votre environnement. En optant pour une suspension de plusieurs dizaines de pi\u00e8ces couleur ambre, cuivre et or, il est possible de cr\u00e9er de v\u00e9ritables cascades de lumi\u00e8re qui transforment la plus froide des salles en un lieu aussi fascinant que rassurant.","og_url":"https:\/\/www.waltlouise.be\/produit\/suspension-circe-concept-verre\/","og_site_name":"WaltLouise","og_image":[{"width":683,"height":1024,"url":"https:\/\/www.waltlouise.be\/wp-content\/uploads\/2024\/03\/Circe-14-plaque-laiton-copy-683x1024.png","type":"image\/png"}],"twitter_card":"summary_large_image","twitter_misc":{"Geschatte leestijd":"1 minuut"},"schema":{"@context":"https:\/\/schema.org","@graph":[{"@type":"WebPage","@id":"https:\/\/www.waltlouise.be\/produit\/suspension-circe-concept-verre\/","url":"https:\/\/www.waltlouise.be\/produit\/suspension-circe-concept-verre\/","name":"Suspension Circ\u00e9 - Concept Verre - WaltLouise","isPartOf":{"@id":"https:\/\/www.waltlouise.be\/#website"},"primaryImageOfPage":{"@id":"https:\/\/www.waltlouise.be\/produit\/suspension-circe-concept-verre\/#primaryimage"},"image":{"@id":"https:\/\/www.waltlouise.be\/produit\/suspension-circe-concept-verre\/#primaryimage"},"thumbnailUrl":"https:\/\/www.waltlouise.be\/wp-content\/uploads\/2024\/03\/Circe-14-plaque-laiton-copy.png","datePublished":"2024-03-27T14:34:06+00:00","description":"En affichant des formes simples, organiques et \u00e9l\u00e9gantes, la gamme Circ\u00e9 offre des possibilit\u00e9s presque infinies de personnalisation et de composition pour s\u2019accorder \u00e0 votre environnement. En optant pour une suspension de plusieurs dizaines de pi\u00e8ces couleur ambre, cuivre et or, il est possible de cr\u00e9er de v\u00e9ritables cascades de lumi\u00e8re qui transforment la plus froide des salles en un lieu aussi fascinant que rassurant.","breadcrumb":{"@id":"https:\/\/www.waltlouise.be\/produit\/suspension-circe-concept-verre\/#breadcrumb"},"inLanguage":"nl-NL","potentialAction":[{"@type":"ReadAction","target":["https:\/\/www.waltlouise.be\/produit\/suspension-circe-concept-verre\/"]}]},{"@type":"ImageObject","inLanguage":"nl-NL","@id":"https:\/\/www.waltlouise.be\/produit\/suspension-circe-concept-verre\/#primaryimage","url":"https:\/\/www.waltlouise.be\/wp-content\/uploads\/2024\/03\/Circe-14-plaque-laiton-copy.png","contentUrl":"https:\/\/www.waltlouise.be\/wp-content\/uploads\/2024\/03\/Circe-14-plaque-laiton-copy.png","width":3456,"height":5184},{"@type":"BreadcrumbList","@id":"https:\/\/www.waltlouise.be\/produit\/suspension-circe-concept-verre\/#breadcrumb","itemListElement":[{"@type":"ListItem","position":1,"name":"Accueil","item":"https:\/\/www.waltlouise.be\/nl\/"},{"@type":"ListItem","position":2,"name":"Onze producten","item":"https:\/\/www.waltlouise.be\/nl\/onze-producten\/"},{"@type":"ListItem","position":3,"name":"Suspension Circ\u00e9 &#8211; Concept Verre"}]},{"@type":"WebSite","@id":"https:\/\/www.waltlouise.be\/#website","url":"https:\/\/www.waltlouise.be\/","name":"WaltLouise","description":"Walt Louise \u2013 Bienvenue sur le site de WaltLouise| Accueil | Des r\u00e9\u00e9ditions de vaisselier, de grandes \u00e9tag\u00e8res aux lignes \u00e9pur\u00e9es c\u00f4toient des pi\u00e8ces con\u00e7ues \u00e0 la demande.","potentialAction":[{"@type":"SearchAction","target":{"@type":"EntryPoint","urlTemplate":"https:\/\/www.waltlouise.be\/?s={search_term_string}"},"query-input":{"@type":"PropertyValueSpecification","valueRequired":true,"valueName":"search_term_string"}}],"inLanguage":"nl-NL"}]}},"_links":{"self":[{"href":"https:\/\/www.waltlouise.be\/nl\/wp-json\/wp\/v2\/product\/7823","targetHints":{"allow":["GET"]}}],"collection":[{"href":"https:\/\/www.waltlouise.be\/nl\/wp-json\/wp\/v2\/product"}],"about":[{"href":"https:\/\/www.waltlouise.be\/nl\/wp-json\/wp\/v2\/types\/product"}],"replies":[{"embeddable":true,"href":"https:\/\/www.waltlouise.be\/nl\/wp-json\/wp\/v2\/comments?post=7823"}],"wp:featuredmedia":[{"embeddable":true,"href":"https:\/\/www.waltlouise.be\/nl\/wp-json\/wp\/v2\/media\/7826"}],"wp:attachment":[{"href":"https:\/\/www.waltlouise.be\/nl\/wp-json\/wp\/v2\/media?parent=7823"}],"wp:term":[{"taxonomy":"product_brand","embeddable":true,"href":"https:\/\/www.waltlouise.be\/nl\/wp-json\/wp\/v2\/product_brand?post=7823"},{"taxonomy":"product_cat","embeddable":true,"href":"https:\/\/www.waltlouise.be\/nl\/wp-json\/wp\/v2\/product_cat?post=7823"},{"taxonomy":"product_tag","embeddable":true,"href":"https:\/\/www.waltlouise.be\/nl\/wp-json\/wp\/v2\/product_tag?post=7823"}],"curies":[{"name":"wp","href":"https:\/\/api.w.org\/{rel}","templated":true}]}}