{"id":7481,"date":"2024-03-26T14:16:51","date_gmt":"2024-03-26T13:16:51","guid":{"rendered":"https:\/\/www.waltlouise.be\/?post_type=product&#038;p=7481"},"modified":"2025-01-08T14:15:59","modified_gmt":"2025-01-08T13:15:59","slug":"tabouret-neva-artisan","status":"publish","type":"product","link":"https:\/\/www.waltlouise.be\/nl\/product\/tabouret-neva-artisan\/","title":{"rendered":"Tabouret Neva &#8211; ARTISAN"},"content":{"rendered":"<p>N\u00e9e d\u2019un atelier traditionnel qui lui a transmis tout son amour pour le bois et ses 50 ans d\u2019exp\u00e9rience dans la transformation de celui-ci\u00a0, la soci\u00e9t\u00e9 Artisan est en mesure de produire des conceptions pr\u00e9cises, complexes et ma\u00eetris\u00e9es. La collection est con\u00e7ue par des designers de renomm\u00e9e internationale qui sublime le meuble le plus anodin.<\/p>\n","protected":false},"excerpt":{"rendered":"<p>Un flux continu de lignes douces d\u00e9finit des unit\u00e9s \u00e9l\u00e9gantes ; il respecte l&#8217;ergonomie et compl\u00e8te de mani\u00e8re sophistiqu\u00e9e une esth\u00e9tique discr\u00e8te mais identifiable. \u00c0 l&#8217;instar de la typographie, certains \u00e9l\u00e9ments r\u00e9apparaissent dans des variations de traits distinctifs clairement d\u00e9finis, des traits caract\u00e9ristiques dont les lignes douces en bois tracent la forme souhait\u00e9e, s&#8217;adaptant \u00e0 l&#8217;utilisation en modifiant le flux des lignes.<\/p>\n","protected":false},"featured_media":7482,"comment_status":"open","ping_status":"closed","template":"","meta":{"_acf_changed":false},"product_brand":[],"product_cat":[88,93],"product_tag":[],"class_list":{"0":"post-7481","1":"product","2":"type-product","3":"status-publish","4":"has-post-thumbnail","6":"product_cat-salle-a-manger","7":"product_cat-tabourets","9":"first","10":"onbackorder","11":"shipping-taxable","12":"purchasable","13":"product-type-simple"},"acf":[],"yoast_head":"<!-- This site is optimized with the Yoast SEO plugin v27.2 - https:\/\/yoast.com\/product\/yoast-seo-wordpress\/ -->\n<title>Tabouret Neva - ARTISAN - WaltLouise<\/title>\n<meta name=\"description\" content=\"Un flux continu de lignes douces d\u00e9finit des unit\u00e9s \u00e9l\u00e9gantes ; il respecte l&#039;ergonomie et compl\u00e8te de mani\u00e8re sophistiqu\u00e9e une esth\u00e9tique discr\u00e8te mais identifiable. \u00c0 l&#039;instar de la typographie, certains \u00e9l\u00e9ments r\u00e9apparaissent dans des variations de traits distinctifs clairement d\u00e9finis, des traits caract\u00e9ristiques dont les lignes douces en bois tracent la forme souhait\u00e9e, s&#039;adaptant \u00e0 l&#039;utilisation en modifiant le flux des lignes.\" \/>\n<meta name=\"robots\" content=\"index, follow, max-snippet:-1, max-image-preview:large, max-video-preview:-1\" \/>\n<link rel=\"canonical\" href=\"https:\/\/www.waltlouise.be\/produit\/tabouret-neva-artisan\/\" \/>\n<meta property=\"og:locale\" content=\"nl_NL\" \/>\n<meta property=\"og:type\" content=\"article\" \/>\n<meta property=\"og:title\" content=\"Tabouret Neva - ARTISAN - WaltLouise\" \/>\n<meta property=\"og:description\" content=\"Un flux continu de lignes douces d\u00e9finit des unit\u00e9s \u00e9l\u00e9gantes ; il respecte l&#039;ergonomie et compl\u00e8te de mani\u00e8re sophistiqu\u00e9e une esth\u00e9tique discr\u00e8te mais identifiable. \u00c0 l&#039;instar de la typographie, certains \u00e9l\u00e9ments r\u00e9apparaissent dans des variations de traits distinctifs clairement d\u00e9finis, des traits caract\u00e9ristiques dont les lignes douces en bois tracent la forme souhait\u00e9e, s&#039;adaptant \u00e0 l&#039;utilisation en modifiant le flux des lignes.\" \/>\n<meta property=\"og:url\" content=\"https:\/\/www.waltlouise.be\/produit\/tabouret-neva-artisan\/\" \/>\n<meta property=\"og:site_name\" content=\"WaltLouise\" \/>\n<meta property=\"article:modified_time\" content=\"2025-01-08T13:15:59+00:00\" \/>\n<meta property=\"og:image\" content=\"https:\/\/www.waltlouise.be\/wp-content\/uploads\/2024\/03\/TABOURET-NEVA-LIGHT-2-Artisan-noyer-chene-cuir-tissu-scaled.jpg\" \/>\n\t<meta property=\"og:image:width\" content=\"1709\" \/>\n\t<meta property=\"og:image:height\" content=\"2560\" \/>\n\t<meta property=\"og:image:type\" content=\"image\/jpeg\" \/>\n<meta name=\"twitter:card\" content=\"summary_large_image\" \/>\n<meta name=\"twitter:label1\" content=\"Geschatte leestijd\" \/>\n\t<meta name=\"twitter:data1\" content=\"1 minuut\" \/>\n<script type=\"application\/ld+json\" class=\"yoast-schema-graph\">{\"@context\":\"https:\/\/schema.org\",\"@graph\":[{\"@type\":\"WebPage\",\"@id\":\"https:\/\/www.waltlouise.be\/produit\/tabouret-neva-artisan\/\",\"url\":\"https:\/\/www.waltlouise.be\/produit\/tabouret-neva-artisan\/\",\"name\":\"Tabouret Neva - ARTISAN - WaltLouise\",\"isPartOf\":{\"@id\":\"https:\/\/www.waltlouise.be\/#website\"},\"primaryImageOfPage\":{\"@id\":\"https:\/\/www.waltlouise.be\/produit\/tabouret-neva-artisan\/#primaryimage\"},\"image\":{\"@id\":\"https:\/\/www.waltlouise.be\/produit\/tabouret-neva-artisan\/#primaryimage\"},\"thumbnailUrl\":\"https:\/\/www.waltlouise.be\/wp-content\/uploads\/2024\/03\/TABOURET-NEVA-LIGHT-2-Artisan-noyer-chene-cuir-tissu-scaled.jpg\",\"datePublished\":\"2024-03-26T13:16:51+00:00\",\"dateModified\":\"2025-01-08T13:15:59+00:00\",\"description\":\"Un flux continu de lignes douces d\u00e9finit des unit\u00e9s \u00e9l\u00e9gantes ; il respecte l'ergonomie et compl\u00e8te de mani\u00e8re sophistiqu\u00e9e une esth\u00e9tique discr\u00e8te mais identifiable. \u00c0 l'instar de la typographie, certains \u00e9l\u00e9ments r\u00e9apparaissent dans des variations de traits distinctifs clairement d\u00e9finis, des traits caract\u00e9ristiques dont les lignes douces en bois tracent la forme souhait\u00e9e, s'adaptant \u00e0 l'utilisation en modifiant le flux des lignes.\",\"breadcrumb\":{\"@id\":\"https:\/\/www.waltlouise.be\/produit\/tabouret-neva-artisan\/#breadcrumb\"},\"inLanguage\":\"nl-NL\",\"potentialAction\":[{\"@type\":\"ReadAction\",\"target\":[\"https:\/\/www.waltlouise.be\/produit\/tabouret-neva-artisan\/\"]}]},{\"@type\":\"ImageObject\",\"inLanguage\":\"nl-NL\",\"@id\":\"https:\/\/www.waltlouise.be\/produit\/tabouret-neva-artisan\/#primaryimage\",\"url\":\"https:\/\/www.waltlouise.be\/wp-content\/uploads\/2024\/03\/TABOURET-NEVA-LIGHT-2-Artisan-noyer-chene-cuir-tissu-scaled.jpg\",\"contentUrl\":\"https:\/\/www.waltlouise.be\/wp-content\/uploads\/2024\/03\/TABOURET-NEVA-LIGHT-2-Artisan-noyer-chene-cuir-tissu-scaled.jpg\",\"width\":1709,\"height\":2560},{\"@type\":\"BreadcrumbList\",\"@id\":\"https:\/\/www.waltlouise.be\/produit\/tabouret-neva-artisan\/#breadcrumb\",\"itemListElement\":[{\"@type\":\"ListItem\",\"position\":1,\"name\":\"Accueil\",\"item\":\"https:\/\/www.waltlouise.be\/nl\/\"},{\"@type\":\"ListItem\",\"position\":2,\"name\":\"Onze producten\",\"item\":\"https:\/\/www.waltlouise.be\/nl\/onze-producten\/\"},{\"@type\":\"ListItem\",\"position\":3,\"name\":\"Tabouret Neva &#8211; ARTISAN\"}]},{\"@type\":\"WebSite\",\"@id\":\"https:\/\/www.waltlouise.be\/#website\",\"url\":\"https:\/\/www.waltlouise.be\/\",\"name\":\"WaltLouise\",\"description\":\"Walt Louise \u2013 Bienvenue sur le site de WaltLouise| Accueil | Des r\u00e9\u00e9ditions de vaisselier, de grandes \u00e9tag\u00e8res aux lignes \u00e9pur\u00e9es c\u00f4toient des pi\u00e8ces con\u00e7ues \u00e0 la demande.\",\"potentialAction\":[{\"@type\":\"SearchAction\",\"target\":{\"@type\":\"EntryPoint\",\"urlTemplate\":\"https:\/\/www.waltlouise.be\/?s={search_term_string}\"},\"query-input\":{\"@type\":\"PropertyValueSpecification\",\"valueRequired\":true,\"valueName\":\"search_term_string\"}}],\"inLanguage\":\"nl-NL\"}]}<\/script>\n<!-- \/ Yoast SEO plugin. -->","yoast_head_json":{"title":"Tabouret Neva - ARTISAN - WaltLouise","description":"Un flux continu de lignes douces d\u00e9finit des unit\u00e9s \u00e9l\u00e9gantes ; il respecte l'ergonomie et compl\u00e8te de mani\u00e8re sophistiqu\u00e9e une esth\u00e9tique discr\u00e8te mais identifiable. \u00c0 l'instar de la typographie, certains \u00e9l\u00e9ments r\u00e9apparaissent dans des variations de traits distinctifs clairement d\u00e9finis, des traits caract\u00e9ristiques dont les lignes douces en bois tracent la forme souhait\u00e9e, s'adaptant \u00e0 l'utilisation en modifiant le flux des lignes.","robots":{"index":"index","follow":"follow","max-snippet":"max-snippet:-1","max-image-preview":"max-image-preview:large","max-video-preview":"max-video-preview:-1"},"canonical":"https:\/\/www.waltlouise.be\/produit\/tabouret-neva-artisan\/","og_locale":"nl_NL","og_type":"article","og_title":"Tabouret Neva - ARTISAN - WaltLouise","og_description":"Un flux continu de lignes douces d\u00e9finit des unit\u00e9s \u00e9l\u00e9gantes ; il respecte l'ergonomie et compl\u00e8te de mani\u00e8re sophistiqu\u00e9e une esth\u00e9tique discr\u00e8te mais identifiable. \u00c0 l'instar de la typographie, certains \u00e9l\u00e9ments r\u00e9apparaissent dans des variations de traits distinctifs clairement d\u00e9finis, des traits caract\u00e9ristiques dont les lignes douces en bois tracent la forme souhait\u00e9e, s'adaptant \u00e0 l'utilisation en modifiant le flux des lignes.","og_url":"https:\/\/www.waltlouise.be\/produit\/tabouret-neva-artisan\/","og_site_name":"WaltLouise","article_modified_time":"2025-01-08T13:15:59+00:00","og_image":[{"width":1709,"height":2560,"url":"https:\/\/www.waltlouise.be\/wp-content\/uploads\/2024\/03\/TABOURET-NEVA-LIGHT-2-Artisan-noyer-chene-cuir-tissu-scaled.jpg","type":"image\/jpeg"}],"twitter_card":"summary_large_image","twitter_misc":{"Geschatte leestijd":"1 minuut"},"schema":{"@context":"https:\/\/schema.org","@graph":[{"@type":"WebPage","@id":"https:\/\/www.waltlouise.be\/produit\/tabouret-neva-artisan\/","url":"https:\/\/www.waltlouise.be\/produit\/tabouret-neva-artisan\/","name":"Tabouret Neva - ARTISAN - WaltLouise","isPartOf":{"@id":"https:\/\/www.waltlouise.be\/#website"},"primaryImageOfPage":{"@id":"https:\/\/www.waltlouise.be\/produit\/tabouret-neva-artisan\/#primaryimage"},"image":{"@id":"https:\/\/www.waltlouise.be\/produit\/tabouret-neva-artisan\/#primaryimage"},"thumbnailUrl":"https:\/\/www.waltlouise.be\/wp-content\/uploads\/2024\/03\/TABOURET-NEVA-LIGHT-2-Artisan-noyer-chene-cuir-tissu-scaled.jpg","datePublished":"2024-03-26T13:16:51+00:00","dateModified":"2025-01-08T13:15:59+00:00","description":"Un flux continu de lignes douces d\u00e9finit des unit\u00e9s \u00e9l\u00e9gantes ; il respecte l'ergonomie et compl\u00e8te de mani\u00e8re sophistiqu\u00e9e une esth\u00e9tique discr\u00e8te mais identifiable. \u00c0 l'instar de la typographie, certains \u00e9l\u00e9ments r\u00e9apparaissent dans des variations de traits distinctifs clairement d\u00e9finis, des traits caract\u00e9ristiques dont les lignes douces en bois tracent la forme souhait\u00e9e, s'adaptant \u00e0 l'utilisation en modifiant le flux des lignes.","breadcrumb":{"@id":"https:\/\/www.waltlouise.be\/produit\/tabouret-neva-artisan\/#breadcrumb"},"inLanguage":"nl-NL","potentialAction":[{"@type":"ReadAction","target":["https:\/\/www.waltlouise.be\/produit\/tabouret-neva-artisan\/"]}]},{"@type":"ImageObject","inLanguage":"nl-NL","@id":"https:\/\/www.waltlouise.be\/produit\/tabouret-neva-artisan\/#primaryimage","url":"https:\/\/www.waltlouise.be\/wp-content\/uploads\/2024\/03\/TABOURET-NEVA-LIGHT-2-Artisan-noyer-chene-cuir-tissu-scaled.jpg","contentUrl":"https:\/\/www.waltlouise.be\/wp-content\/uploads\/2024\/03\/TABOURET-NEVA-LIGHT-2-Artisan-noyer-chene-cuir-tissu-scaled.jpg","width":1709,"height":2560},{"@type":"BreadcrumbList","@id":"https:\/\/www.waltlouise.be\/produit\/tabouret-neva-artisan\/#breadcrumb","itemListElement":[{"@type":"ListItem","position":1,"name":"Accueil","item":"https:\/\/www.waltlouise.be\/nl\/"},{"@type":"ListItem","position":2,"name":"Onze producten","item":"https:\/\/www.waltlouise.be\/nl\/onze-producten\/"},{"@type":"ListItem","position":3,"name":"Tabouret Neva &#8211; ARTISAN"}]},{"@type":"WebSite","@id":"https:\/\/www.waltlouise.be\/#website","url":"https:\/\/www.waltlouise.be\/","name":"WaltLouise","description":"Walt Louise \u2013 Bienvenue sur le site de WaltLouise| Accueil | Des r\u00e9\u00e9ditions de vaisselier, de grandes \u00e9tag\u00e8res aux lignes \u00e9pur\u00e9es c\u00f4toient des pi\u00e8ces con\u00e7ues \u00e0 la demande.","potentialAction":[{"@type":"SearchAction","target":{"@type":"EntryPoint","urlTemplate":"https:\/\/www.waltlouise.be\/?s={search_term_string}"},"query-input":{"@type":"PropertyValueSpecification","valueRequired":true,"valueName":"search_term_string"}}],"inLanguage":"nl-NL"}]}},"_links":{"self":[{"href":"https:\/\/www.waltlouise.be\/nl\/wp-json\/wp\/v2\/product\/7481","targetHints":{"allow":["GET"]}}],"collection":[{"href":"https:\/\/www.waltlouise.be\/nl\/wp-json\/wp\/v2\/product"}],"about":[{"href":"https:\/\/www.waltlouise.be\/nl\/wp-json\/wp\/v2\/types\/product"}],"replies":[{"embeddable":true,"href":"https:\/\/www.waltlouise.be\/nl\/wp-json\/wp\/v2\/comments?post=7481"}],"wp:featuredmedia":[{"embeddable":true,"href":"https:\/\/www.waltlouise.be\/nl\/wp-json\/wp\/v2\/media\/7482"}],"wp:attachment":[{"href":"https:\/\/www.waltlouise.be\/nl\/wp-json\/wp\/v2\/media?parent=7481"}],"wp:term":[{"taxonomy":"product_brand","embeddable":true,"href":"https:\/\/www.waltlouise.be\/nl\/wp-json\/wp\/v2\/product_brand?post=7481"},{"taxonomy":"product_cat","embeddable":true,"href":"https:\/\/www.waltlouise.be\/nl\/wp-json\/wp\/v2\/product_cat?post=7481"},{"taxonomy":"product_tag","embeddable":true,"href":"https:\/\/www.waltlouise.be\/nl\/wp-json\/wp\/v2\/product_tag?post=7481"}],"curies":[{"name":"wp","href":"https:\/\/api.w.org\/{rel}","templated":true}]}}