{"id":7298,"date":"2024-03-23T14:59:40","date_gmt":"2024-03-23T13:59:40","guid":{"rendered":"https:\/\/www.waltlouise.be\/?post_type=product&#038;p=7298"},"modified":"2024-03-26T13:10:42","modified_gmt":"2024-03-26T12:10:42","slug":"fauteuil-mela-artisan","status":"publish","type":"product","link":"https:\/\/www.waltlouise.be\/nl\/product\/fauteuil-mela-artisan\/","title":{"rendered":"Fauteuil Mela &#8211; Artisan"},"content":{"rendered":"<p>Des si\u00e8ges rembourr\u00e9s aux lignes parfaitement incurv\u00e9es offrent un confort accueillant et une esth\u00e9tique raffin\u00e9e. Comme une coquille souple et confortable, Mela enveloppe un espace d&#8217;assise relaxant, ergonomiquement adapt\u00e9 \u00e0 l&#8217;usage et aux besoins de l&#8217;utilisateur. Les structures en bois massif, compactes et visuellement \u00e9l\u00e9gantes, compl\u00e8tent le tableau, englobant et reliant l&#8217;assise et le dossier, apportant un sentiment de s\u00e9curit\u00e9 et de beaut\u00e9.<\/p>\n<p>&nbsp;<\/p>\n","protected":false},"excerpt":{"rendered":"<p>L\u2019amour du bois et 50 ans d\u2019exp\u00e9rience dans la transformation de celui-ci, Artisan est en mesure de produire des conceptions pr\u00e9cises, aux courbes s\u00e9duisantes, complexes et ma\u00eetris\u00e9es. Leur collection de meubles, luminaires et accessoires, et objets destin\u00e9s \u00e0 un usage priv\u00e9 et contractuel, sont con\u00e7us par des designers de renomm\u00e9e internationale.<\/p>\n","protected":false},"featured_media":7299,"comment_status":"open","ping_status":"closed","template":"","meta":{"_acf_changed":false},"product_brand":[],"product_cat":[100,96],"product_tag":[],"class_list":{"0":"post-7298","1":"product","2":"type-product","3":"status-publish","4":"has-post-thumbnail","6":"product_cat-fauteuil","7":"product_cat-salons","9":"first","10":"onbackorder","11":"shipping-taxable","12":"purchasable","13":"product-type-simple"},"acf":[],"yoast_head":"<!-- This site is optimized with the Yoast SEO plugin v27.2 - https:\/\/yoast.com\/product\/yoast-seo-wordpress\/ -->\n<title>Fauteuil Mela - Artisan - WaltLouise<\/title>\n<meta name=\"description\" content=\"L\u2019amour du bois et 50 ans d\u2019exp\u00e9rience dans la transformation de celui-ci, Artisan est en mesure de produire des conceptions pr\u00e9cises, aux courbes s\u00e9duisantes, complexes et ma\u00eetris\u00e9es. Leur collection de meubles, luminaires et accessoires, et objets destin\u00e9s \u00e0 un usage priv\u00e9 et contractuel, sont con\u00e7us par des designers de renomm\u00e9e internationale.\" \/>\n<meta name=\"robots\" content=\"index, follow, max-snippet:-1, max-image-preview:large, max-video-preview:-1\" \/>\n<link rel=\"canonical\" href=\"https:\/\/www.waltlouise.be\/produit\/fauteuil-mela-artisan\/\" \/>\n<meta property=\"og:locale\" content=\"nl_NL\" \/>\n<meta property=\"og:type\" content=\"article\" \/>\n<meta property=\"og:title\" content=\"Fauteuil Mela - Artisan - WaltLouise\" \/>\n<meta property=\"og:description\" content=\"L\u2019amour du bois et 50 ans d\u2019exp\u00e9rience dans la transformation de celui-ci, Artisan est en mesure de produire des conceptions pr\u00e9cises, aux courbes s\u00e9duisantes, complexes et ma\u00eetris\u00e9es. Leur collection de meubles, luminaires et accessoires, et objets destin\u00e9s \u00e0 un usage priv\u00e9 et contractuel, sont con\u00e7us par des designers de renomm\u00e9e internationale.\" \/>\n<meta property=\"og:url\" content=\"https:\/\/www.waltlouise.be\/produit\/fauteuil-mela-artisan\/\" \/>\n<meta property=\"og:site_name\" content=\"WaltLouise\" \/>\n<meta property=\"article:modified_time\" content=\"2024-03-26T12:10:42+00:00\" \/>\n<meta property=\"og:image\" content=\"https:\/\/www.waltlouise.be\/wp-content\/uploads\/2024\/03\/MELA-LOUNGE-1-Artisan-cuir-tissu-chene-noyer-scaled.jpg\" \/>\n\t<meta property=\"og:image:width\" content=\"2560\" \/>\n\t<meta property=\"og:image:height\" content=\"1706\" \/>\n\t<meta property=\"og:image:type\" content=\"image\/jpeg\" \/>\n<meta name=\"twitter:card\" content=\"summary_large_image\" \/>\n<meta name=\"twitter:label1\" content=\"Geschatte leestijd\" \/>\n\t<meta name=\"twitter:data1\" content=\"1 minuut\" \/>\n<script type=\"application\/ld+json\" class=\"yoast-schema-graph\">{\"@context\":\"https:\/\/schema.org\",\"@graph\":[{\"@type\":\"WebPage\",\"@id\":\"https:\/\/www.waltlouise.be\/produit\/fauteuil-mela-artisan\/\",\"url\":\"https:\/\/www.waltlouise.be\/produit\/fauteuil-mela-artisan\/\",\"name\":\"Fauteuil Mela - Artisan - WaltLouise\",\"isPartOf\":{\"@id\":\"https:\/\/www.waltlouise.be\/#website\"},\"primaryImageOfPage\":{\"@id\":\"https:\/\/www.waltlouise.be\/produit\/fauteuil-mela-artisan\/#primaryimage\"},\"image\":{\"@id\":\"https:\/\/www.waltlouise.be\/produit\/fauteuil-mela-artisan\/#primaryimage\"},\"thumbnailUrl\":\"https:\/\/www.waltlouise.be\/wp-content\/uploads\/2024\/03\/MELA-LOUNGE-1-Artisan-cuir-tissu-chene-noyer-scaled.jpg\",\"datePublished\":\"2024-03-23T13:59:40+00:00\",\"dateModified\":\"2024-03-26T12:10:42+00:00\",\"description\":\"L\u2019amour du bois et 50 ans d\u2019exp\u00e9rience dans la transformation de celui-ci, Artisan est en mesure de produire des conceptions pr\u00e9cises, aux courbes s\u00e9duisantes, complexes et ma\u00eetris\u00e9es. Leur collection de meubles, luminaires et accessoires, et objets destin\u00e9s \u00e0 un usage priv\u00e9 et contractuel, sont con\u00e7us par des designers de renomm\u00e9e internationale.\",\"breadcrumb\":{\"@id\":\"https:\/\/www.waltlouise.be\/produit\/fauteuil-mela-artisan\/#breadcrumb\"},\"inLanguage\":\"nl-NL\",\"potentialAction\":[{\"@type\":\"ReadAction\",\"target\":[\"https:\/\/www.waltlouise.be\/produit\/fauteuil-mela-artisan\/\"]}]},{\"@type\":\"ImageObject\",\"inLanguage\":\"nl-NL\",\"@id\":\"https:\/\/www.waltlouise.be\/produit\/fauteuil-mela-artisan\/#primaryimage\",\"url\":\"https:\/\/www.waltlouise.be\/wp-content\/uploads\/2024\/03\/MELA-LOUNGE-1-Artisan-cuir-tissu-chene-noyer-scaled.jpg\",\"contentUrl\":\"https:\/\/www.waltlouise.be\/wp-content\/uploads\/2024\/03\/MELA-LOUNGE-1-Artisan-cuir-tissu-chene-noyer-scaled.jpg\",\"width\":2560,\"height\":1706},{\"@type\":\"BreadcrumbList\",\"@id\":\"https:\/\/www.waltlouise.be\/produit\/fauteuil-mela-artisan\/#breadcrumb\",\"itemListElement\":[{\"@type\":\"ListItem\",\"position\":1,\"name\":\"Accueil\",\"item\":\"https:\/\/www.waltlouise.be\/nl\/\"},{\"@type\":\"ListItem\",\"position\":2,\"name\":\"Onze producten\",\"item\":\"https:\/\/www.waltlouise.be\/nl\/onze-producten\/\"},{\"@type\":\"ListItem\",\"position\":3,\"name\":\"Fauteuil Mela &#8211; Artisan\"}]},{\"@type\":\"WebSite\",\"@id\":\"https:\/\/www.waltlouise.be\/#website\",\"url\":\"https:\/\/www.waltlouise.be\/\",\"name\":\"WaltLouise\",\"description\":\"Walt Louise \u2013 Bienvenue sur le site de WaltLouise| Accueil | Des r\u00e9\u00e9ditions de vaisselier, de grandes \u00e9tag\u00e8res aux lignes \u00e9pur\u00e9es c\u00f4toient des pi\u00e8ces con\u00e7ues \u00e0 la demande.\",\"potentialAction\":[{\"@type\":\"SearchAction\",\"target\":{\"@type\":\"EntryPoint\",\"urlTemplate\":\"https:\/\/www.waltlouise.be\/?s={search_term_string}\"},\"query-input\":{\"@type\":\"PropertyValueSpecification\",\"valueRequired\":true,\"valueName\":\"search_term_string\"}}],\"inLanguage\":\"nl-NL\"}]}<\/script>\n<!-- \/ Yoast SEO plugin. -->","yoast_head_json":{"title":"Fauteuil Mela - Artisan - WaltLouise","description":"L\u2019amour du bois et 50 ans d\u2019exp\u00e9rience dans la transformation de celui-ci, Artisan est en mesure de produire des conceptions pr\u00e9cises, aux courbes s\u00e9duisantes, complexes et ma\u00eetris\u00e9es. Leur collection de meubles, luminaires et accessoires, et objets destin\u00e9s \u00e0 un usage priv\u00e9 et contractuel, sont con\u00e7us par des designers de renomm\u00e9e internationale.","robots":{"index":"index","follow":"follow","max-snippet":"max-snippet:-1","max-image-preview":"max-image-preview:large","max-video-preview":"max-video-preview:-1"},"canonical":"https:\/\/www.waltlouise.be\/produit\/fauteuil-mela-artisan\/","og_locale":"nl_NL","og_type":"article","og_title":"Fauteuil Mela - Artisan - WaltLouise","og_description":"L\u2019amour du bois et 50 ans d\u2019exp\u00e9rience dans la transformation de celui-ci, Artisan est en mesure de produire des conceptions pr\u00e9cises, aux courbes s\u00e9duisantes, complexes et ma\u00eetris\u00e9es. Leur collection de meubles, luminaires et accessoires, et objets destin\u00e9s \u00e0 un usage priv\u00e9 et contractuel, sont con\u00e7us par des designers de renomm\u00e9e internationale.","og_url":"https:\/\/www.waltlouise.be\/produit\/fauteuil-mela-artisan\/","og_site_name":"WaltLouise","article_modified_time":"2024-03-26T12:10:42+00:00","og_image":[{"width":2560,"height":1706,"url":"https:\/\/www.waltlouise.be\/wp-content\/uploads\/2024\/03\/MELA-LOUNGE-1-Artisan-cuir-tissu-chene-noyer-scaled.jpg","type":"image\/jpeg"}],"twitter_card":"summary_large_image","twitter_misc":{"Geschatte leestijd":"1 minuut"},"schema":{"@context":"https:\/\/schema.org","@graph":[{"@type":"WebPage","@id":"https:\/\/www.waltlouise.be\/produit\/fauteuil-mela-artisan\/","url":"https:\/\/www.waltlouise.be\/produit\/fauteuil-mela-artisan\/","name":"Fauteuil Mela - Artisan - WaltLouise","isPartOf":{"@id":"https:\/\/www.waltlouise.be\/#website"},"primaryImageOfPage":{"@id":"https:\/\/www.waltlouise.be\/produit\/fauteuil-mela-artisan\/#primaryimage"},"image":{"@id":"https:\/\/www.waltlouise.be\/produit\/fauteuil-mela-artisan\/#primaryimage"},"thumbnailUrl":"https:\/\/www.waltlouise.be\/wp-content\/uploads\/2024\/03\/MELA-LOUNGE-1-Artisan-cuir-tissu-chene-noyer-scaled.jpg","datePublished":"2024-03-23T13:59:40+00:00","dateModified":"2024-03-26T12:10:42+00:00","description":"L\u2019amour du bois et 50 ans d\u2019exp\u00e9rience dans la transformation de celui-ci, Artisan est en mesure de produire des conceptions pr\u00e9cises, aux courbes s\u00e9duisantes, complexes et ma\u00eetris\u00e9es. Leur collection de meubles, luminaires et accessoires, et objets destin\u00e9s \u00e0 un usage priv\u00e9 et contractuel, sont con\u00e7us par des designers de renomm\u00e9e internationale.","breadcrumb":{"@id":"https:\/\/www.waltlouise.be\/produit\/fauteuil-mela-artisan\/#breadcrumb"},"inLanguage":"nl-NL","potentialAction":[{"@type":"ReadAction","target":["https:\/\/www.waltlouise.be\/produit\/fauteuil-mela-artisan\/"]}]},{"@type":"ImageObject","inLanguage":"nl-NL","@id":"https:\/\/www.waltlouise.be\/produit\/fauteuil-mela-artisan\/#primaryimage","url":"https:\/\/www.waltlouise.be\/wp-content\/uploads\/2024\/03\/MELA-LOUNGE-1-Artisan-cuir-tissu-chene-noyer-scaled.jpg","contentUrl":"https:\/\/www.waltlouise.be\/wp-content\/uploads\/2024\/03\/MELA-LOUNGE-1-Artisan-cuir-tissu-chene-noyer-scaled.jpg","width":2560,"height":1706},{"@type":"BreadcrumbList","@id":"https:\/\/www.waltlouise.be\/produit\/fauteuil-mela-artisan\/#breadcrumb","itemListElement":[{"@type":"ListItem","position":1,"name":"Accueil","item":"https:\/\/www.waltlouise.be\/nl\/"},{"@type":"ListItem","position":2,"name":"Onze producten","item":"https:\/\/www.waltlouise.be\/nl\/onze-producten\/"},{"@type":"ListItem","position":3,"name":"Fauteuil Mela &#8211; Artisan"}]},{"@type":"WebSite","@id":"https:\/\/www.waltlouise.be\/#website","url":"https:\/\/www.waltlouise.be\/","name":"WaltLouise","description":"Walt Louise \u2013 Bienvenue sur le site de WaltLouise| Accueil | Des r\u00e9\u00e9ditions de vaisselier, de grandes \u00e9tag\u00e8res aux lignes \u00e9pur\u00e9es c\u00f4toient des pi\u00e8ces con\u00e7ues \u00e0 la demande.","potentialAction":[{"@type":"SearchAction","target":{"@type":"EntryPoint","urlTemplate":"https:\/\/www.waltlouise.be\/?s={search_term_string}"},"query-input":{"@type":"PropertyValueSpecification","valueRequired":true,"valueName":"search_term_string"}}],"inLanguage":"nl-NL"}]}},"_links":{"self":[{"href":"https:\/\/www.waltlouise.be\/nl\/wp-json\/wp\/v2\/product\/7298","targetHints":{"allow":["GET"]}}],"collection":[{"href":"https:\/\/www.waltlouise.be\/nl\/wp-json\/wp\/v2\/product"}],"about":[{"href":"https:\/\/www.waltlouise.be\/nl\/wp-json\/wp\/v2\/types\/product"}],"replies":[{"embeddable":true,"href":"https:\/\/www.waltlouise.be\/nl\/wp-json\/wp\/v2\/comments?post=7298"}],"wp:featuredmedia":[{"embeddable":true,"href":"https:\/\/www.waltlouise.be\/nl\/wp-json\/wp\/v2\/media\/7299"}],"wp:attachment":[{"href":"https:\/\/www.waltlouise.be\/nl\/wp-json\/wp\/v2\/media?parent=7298"}],"wp:term":[{"taxonomy":"product_brand","embeddable":true,"href":"https:\/\/www.waltlouise.be\/nl\/wp-json\/wp\/v2\/product_brand?post=7298"},{"taxonomy":"product_cat","embeddable":true,"href":"https:\/\/www.waltlouise.be\/nl\/wp-json\/wp\/v2\/product_cat?post=7298"},{"taxonomy":"product_tag","embeddable":true,"href":"https:\/\/www.waltlouise.be\/nl\/wp-json\/wp\/v2\/product_tag?post=7298"}],"curies":[{"name":"wp","href":"https:\/\/api.w.org\/{rel}","templated":true}]}}