{"id":7243,"date":"2024-03-22T10:17:51","date_gmt":"2024-03-22T09:17:51","guid":{"rendered":"https:\/\/www.waltlouise.be\/product\/latus-eettafel-artisan\/"},"modified":"2024-03-23T10:09:25","modified_gmt":"2024-03-23T09:09:25","slug":"latus-eettafel-artisan","status":"publish","type":"product","link":"https:\/\/www.waltlouise.be\/nl\/product\/latus-eettafel-artisan\/","title":{"rendered":"LATUS eettafel &#8211; ARTISAN"},"content":{"rendered":"<p>Met een liefde voor hout en 50 jaar ervaring in houtbewerking is Artisan in staat om nauwkeurige ontwerpen te produceren met verleidelijke, complexe en gecontroleerde rondingen. Hun collectie meubels, verlichting en accessoires, en objecten voor priv\u00e9- en contractgebruik, zijn ontworpen door internationaal gerenommeerde ontwerpers.<\/p>\n","protected":false},"excerpt":{"rendered":"<p>Een fijne gradatie is de essentie van de kenmerken van deze tafelstructuur, die gemaakt lijkt te zijn met \u00e9\u00e9n enkele potloodstreek, gecombineerd met uitzonderlijk vakmanschap in houtbewerking. Het langwerpige oppervlak van de tafel wordt geaccentueerd en versterkt door de lijnen van de houtstructuur.<\/p>\n","protected":false},"featured_media":7041,"comment_status":"closed","ping_status":"closed","template":"","meta":{"_acf_changed":false},"product_brand":[],"product_cat":[197,201],"product_tag":[],"class_list":{"0":"post-7243","1":"product","2":"type-product","3":"status-publish","4":"has-post-thumbnail","6":"product_cat-eetkamer","7":"product_cat-vaste-tabellen","9":"first","10":"instock","11":"shipping-taxable","12":"purchasable","13":"product-type-simple"},"acf":[],"yoast_head":"<!-- This site is optimized with the Yoast SEO plugin v27.2 - https:\/\/yoast.com\/product\/yoast-seo-wordpress\/ -->\n<title>LATUS eettafel - ARTISAN - WaltLouise<\/title>\n<meta name=\"description\" content=\"Een fijne gradatie is de essentie van de kenmerken van deze tafelstructuur, die gemaakt lijkt te zijn met \u00e9\u00e9n enkele potloodstreek, gecombineerd met uitzonderlijk vakmanschap in houtbewerking. Het langwerpige oppervlak van de tafel wordt geaccentueerd en versterkt door de lijnen van de houtstructuur.\" \/>\n<meta name=\"robots\" content=\"index, follow, max-snippet:-1, max-image-preview:large, max-video-preview:-1\" \/>\n<link rel=\"canonical\" href=\"https:\/\/www.waltlouise.be\/nl\/product\/latus-eettafel-artisan\/\" \/>\n<meta property=\"og:locale\" content=\"nl_NL\" \/>\n<meta property=\"og:type\" content=\"article\" \/>\n<meta property=\"og:title\" content=\"LATUS eettafel - ARTISAN - WaltLouise\" \/>\n<meta property=\"og:description\" content=\"Een fijne gradatie is de essentie van de kenmerken van deze tafelstructuur, die gemaakt lijkt te zijn met \u00e9\u00e9n enkele potloodstreek, gecombineerd met uitzonderlijk vakmanschap in houtbewerking. Het langwerpige oppervlak van de tafel wordt geaccentueerd en versterkt door de lijnen van de houtstructuur.\" \/>\n<meta property=\"og:url\" content=\"https:\/\/www.waltlouise.be\/nl\/product\/latus-eettafel-artisan\/\" \/>\n<meta property=\"og:site_name\" content=\"WaltLouise\" \/>\n<meta property=\"article:modified_time\" content=\"2024-03-23T09:09:25+00:00\" \/>\n<meta property=\"og:image\" content=\"https:\/\/www.waltlouise.be\/wp-content\/uploads\/2024\/03\/Table-LATUS-2-Artisan-extensible-chene-noyer-scaled.jpg\" \/>\n\t<meta property=\"og:image:width\" content=\"2560\" \/>\n\t<meta property=\"og:image:height\" content=\"1708\" \/>\n\t<meta property=\"og:image:type\" content=\"image\/jpeg\" \/>\n<meta name=\"twitter:card\" content=\"summary_large_image\" \/>\n<script type=\"application\/ld+json\" class=\"yoast-schema-graph\">{\"@context\":\"https:\/\/schema.org\",\"@graph\":[{\"@type\":\"WebPage\",\"@id\":\"https:\/\/www.waltlouise.be\/nl\/product\/latus-eettafel-artisan\/\",\"url\":\"https:\/\/www.waltlouise.be\/nl\/product\/latus-eettafel-artisan\/\",\"name\":\"LATUS eettafel - ARTISAN - WaltLouise\",\"isPartOf\":{\"@id\":\"https:\/\/www.waltlouise.be\/#website\"},\"primaryImageOfPage\":{\"@id\":\"https:\/\/www.waltlouise.be\/nl\/product\/latus-eettafel-artisan\/#primaryimage\"},\"image\":{\"@id\":\"https:\/\/www.waltlouise.be\/nl\/product\/latus-eettafel-artisan\/#primaryimage\"},\"thumbnailUrl\":\"https:\/\/www.waltlouise.be\/wp-content\/uploads\/2024\/03\/Table-LATUS-2-Artisan-extensible-chene-noyer-scaled.jpg\",\"datePublished\":\"2024-03-22T09:17:51+00:00\",\"dateModified\":\"2024-03-23T09:09:25+00:00\",\"description\":\"Een fijne gradatie is de essentie van de kenmerken van deze tafelstructuur, die gemaakt lijkt te zijn met \u00e9\u00e9n enkele potloodstreek, gecombineerd met uitzonderlijk vakmanschap in houtbewerking. Het langwerpige oppervlak van de tafel wordt geaccentueerd en versterkt door de lijnen van de houtstructuur.\",\"breadcrumb\":{\"@id\":\"https:\/\/www.waltlouise.be\/nl\/product\/latus-eettafel-artisan\/#breadcrumb\"},\"inLanguage\":\"nl-NL\",\"potentialAction\":[{\"@type\":\"ReadAction\",\"target\":[\"https:\/\/www.waltlouise.be\/nl\/product\/latus-eettafel-artisan\/\"]}]},{\"@type\":\"ImageObject\",\"inLanguage\":\"nl-NL\",\"@id\":\"https:\/\/www.waltlouise.be\/nl\/product\/latus-eettafel-artisan\/#primaryimage\",\"url\":\"https:\/\/www.waltlouise.be\/wp-content\/uploads\/2024\/03\/Table-LATUS-2-Artisan-extensible-chene-noyer-scaled.jpg\",\"contentUrl\":\"https:\/\/www.waltlouise.be\/wp-content\/uploads\/2024\/03\/Table-LATUS-2-Artisan-extensible-chene-noyer-scaled.jpg\",\"width\":2560,\"height\":1708},{\"@type\":\"BreadcrumbList\",\"@id\":\"https:\/\/www.waltlouise.be\/nl\/product\/latus-eettafel-artisan\/#breadcrumb\",\"itemListElement\":[{\"@type\":\"ListItem\",\"position\":1,\"name\":\"Accueil\",\"item\":\"https:\/\/www.waltlouise.be\/nl\/\"},{\"@type\":\"ListItem\",\"position\":2,\"name\":\"Onze producten\",\"item\":\"https:\/\/www.waltlouise.be\/nl\/onze-producten\/\"},{\"@type\":\"ListItem\",\"position\":3,\"name\":\"LATUS eettafel &#8211; ARTISAN\"}]},{\"@type\":\"WebSite\",\"@id\":\"https:\/\/www.waltlouise.be\/#website\",\"url\":\"https:\/\/www.waltlouise.be\/\",\"name\":\"WaltLouise\",\"description\":\"Walt Louise \u2013 Bienvenue sur le site de WaltLouise| Accueil | Des r\u00e9\u00e9ditions de vaisselier, de grandes \u00e9tag\u00e8res aux lignes \u00e9pur\u00e9es c\u00f4toient des pi\u00e8ces con\u00e7ues \u00e0 la demande.\",\"potentialAction\":[{\"@type\":\"SearchAction\",\"target\":{\"@type\":\"EntryPoint\",\"urlTemplate\":\"https:\/\/www.waltlouise.be\/?s={search_term_string}\"},\"query-input\":{\"@type\":\"PropertyValueSpecification\",\"valueRequired\":true,\"valueName\":\"search_term_string\"}}],\"inLanguage\":\"nl-NL\"}]}<\/script>\n<!-- \/ Yoast SEO plugin. -->","yoast_head_json":{"title":"LATUS eettafel - ARTISAN - WaltLouise","description":"Een fijne gradatie is de essentie van de kenmerken van deze tafelstructuur, die gemaakt lijkt te zijn met \u00e9\u00e9n enkele potloodstreek, gecombineerd met uitzonderlijk vakmanschap in houtbewerking. Het langwerpige oppervlak van de tafel wordt geaccentueerd en versterkt door de lijnen van de houtstructuur.","robots":{"index":"index","follow":"follow","max-snippet":"max-snippet:-1","max-image-preview":"max-image-preview:large","max-video-preview":"max-video-preview:-1"},"canonical":"https:\/\/www.waltlouise.be\/nl\/product\/latus-eettafel-artisan\/","og_locale":"nl_NL","og_type":"article","og_title":"LATUS eettafel - ARTISAN - WaltLouise","og_description":"Een fijne gradatie is de essentie van de kenmerken van deze tafelstructuur, die gemaakt lijkt te zijn met \u00e9\u00e9n enkele potloodstreek, gecombineerd met uitzonderlijk vakmanschap in houtbewerking. Het langwerpige oppervlak van de tafel wordt geaccentueerd en versterkt door de lijnen van de houtstructuur.","og_url":"https:\/\/www.waltlouise.be\/nl\/product\/latus-eettafel-artisan\/","og_site_name":"WaltLouise","article_modified_time":"2024-03-23T09:09:25+00:00","og_image":[{"width":2560,"height":1708,"url":"https:\/\/www.waltlouise.be\/wp-content\/uploads\/2024\/03\/Table-LATUS-2-Artisan-extensible-chene-noyer-scaled.jpg","type":"image\/jpeg"}],"twitter_card":"summary_large_image","schema":{"@context":"https:\/\/schema.org","@graph":[{"@type":"WebPage","@id":"https:\/\/www.waltlouise.be\/nl\/product\/latus-eettafel-artisan\/","url":"https:\/\/www.waltlouise.be\/nl\/product\/latus-eettafel-artisan\/","name":"LATUS eettafel - ARTISAN - WaltLouise","isPartOf":{"@id":"https:\/\/www.waltlouise.be\/#website"},"primaryImageOfPage":{"@id":"https:\/\/www.waltlouise.be\/nl\/product\/latus-eettafel-artisan\/#primaryimage"},"image":{"@id":"https:\/\/www.waltlouise.be\/nl\/product\/latus-eettafel-artisan\/#primaryimage"},"thumbnailUrl":"https:\/\/www.waltlouise.be\/wp-content\/uploads\/2024\/03\/Table-LATUS-2-Artisan-extensible-chene-noyer-scaled.jpg","datePublished":"2024-03-22T09:17:51+00:00","dateModified":"2024-03-23T09:09:25+00:00","description":"Een fijne gradatie is de essentie van de kenmerken van deze tafelstructuur, die gemaakt lijkt te zijn met \u00e9\u00e9n enkele potloodstreek, gecombineerd met uitzonderlijk vakmanschap in houtbewerking. Het langwerpige oppervlak van de tafel wordt geaccentueerd en versterkt door de lijnen van de houtstructuur.","breadcrumb":{"@id":"https:\/\/www.waltlouise.be\/nl\/product\/latus-eettafel-artisan\/#breadcrumb"},"inLanguage":"nl-NL","potentialAction":[{"@type":"ReadAction","target":["https:\/\/www.waltlouise.be\/nl\/product\/latus-eettafel-artisan\/"]}]},{"@type":"ImageObject","inLanguage":"nl-NL","@id":"https:\/\/www.waltlouise.be\/nl\/product\/latus-eettafel-artisan\/#primaryimage","url":"https:\/\/www.waltlouise.be\/wp-content\/uploads\/2024\/03\/Table-LATUS-2-Artisan-extensible-chene-noyer-scaled.jpg","contentUrl":"https:\/\/www.waltlouise.be\/wp-content\/uploads\/2024\/03\/Table-LATUS-2-Artisan-extensible-chene-noyer-scaled.jpg","width":2560,"height":1708},{"@type":"BreadcrumbList","@id":"https:\/\/www.waltlouise.be\/nl\/product\/latus-eettafel-artisan\/#breadcrumb","itemListElement":[{"@type":"ListItem","position":1,"name":"Accueil","item":"https:\/\/www.waltlouise.be\/nl\/"},{"@type":"ListItem","position":2,"name":"Onze producten","item":"https:\/\/www.waltlouise.be\/nl\/onze-producten\/"},{"@type":"ListItem","position":3,"name":"LATUS eettafel &#8211; ARTISAN"}]},{"@type":"WebSite","@id":"https:\/\/www.waltlouise.be\/#website","url":"https:\/\/www.waltlouise.be\/","name":"WaltLouise","description":"Walt Louise \u2013 Bienvenue sur le site de WaltLouise| Accueil | Des r\u00e9\u00e9ditions de vaisselier, de grandes \u00e9tag\u00e8res aux lignes \u00e9pur\u00e9es c\u00f4toient des pi\u00e8ces con\u00e7ues \u00e0 la demande.","potentialAction":[{"@type":"SearchAction","target":{"@type":"EntryPoint","urlTemplate":"https:\/\/www.waltlouise.be\/?s={search_term_string}"},"query-input":{"@type":"PropertyValueSpecification","valueRequired":true,"valueName":"search_term_string"}}],"inLanguage":"nl-NL"}]}},"_links":{"self":[{"href":"https:\/\/www.waltlouise.be\/nl\/wp-json\/wp\/v2\/product\/7243","targetHints":{"allow":["GET"]}}],"collection":[{"href":"https:\/\/www.waltlouise.be\/nl\/wp-json\/wp\/v2\/product"}],"about":[{"href":"https:\/\/www.waltlouise.be\/nl\/wp-json\/wp\/v2\/types\/product"}],"replies":[{"embeddable":true,"href":"https:\/\/www.waltlouise.be\/nl\/wp-json\/wp\/v2\/comments?post=7243"}],"wp:featuredmedia":[{"embeddable":true,"href":"https:\/\/www.waltlouise.be\/nl\/wp-json\/wp\/v2\/media\/7041"}],"wp:attachment":[{"href":"https:\/\/www.waltlouise.be\/nl\/wp-json\/wp\/v2\/media?parent=7243"}],"wp:term":[{"taxonomy":"product_brand","embeddable":true,"href":"https:\/\/www.waltlouise.be\/nl\/wp-json\/wp\/v2\/product_brand?post=7243"},{"taxonomy":"product_cat","embeddable":true,"href":"https:\/\/www.waltlouise.be\/nl\/wp-json\/wp\/v2\/product_cat?post=7243"},{"taxonomy":"product_tag","embeddable":true,"href":"https:\/\/www.waltlouise.be\/nl\/wp-json\/wp\/v2\/product_tag?post=7243"}],"curies":[{"name":"wp","href":"https:\/\/api.w.org\/{rel}","templated":true}]}}