{"id":7242,"date":"2024-03-22T14:10:12","date_gmt":"2024-03-22T13:10:12","guid":{"rendered":"https:\/\/www.waltlouise.be\/product\/skorpio-cattelan-italia-eetkamertafel\/"},"modified":"2024-03-23T10:09:21","modified_gmt":"2024-03-23T09:09:21","slug":"skorpio-cattelan-italia-eetkamertafel","status":"publish","type":"product","link":"https:\/\/www.waltlouise.be\/nl\/product\/skorpio-cattelan-italia-eetkamertafel\/","title":{"rendered":"skorpio cattelan italia eetkamertafel"},"content":{"rendered":"<p>Een verrassende collectie waarin Cattelan nauwgezet aandacht besteedt aan details en hoogwaardig vakmanschap. Transparant of gedecoreerd glas, fijn bewerkt hout, fascinerende keramiek, gelakte of met de hand geborstelde afwerkingen, zachte bekleding en verfijnde ledersoorten vormen het brede scala aan kwaliteitsontwerpen voor een verfijnde leefruimte getekend Cattelan.<\/p>\n","protected":false},"excerpt":{"rendered":"<p>Het Skorpio-model lanceerde een nieuw concept in design eettafels en werd een icoon van de moderne woonkamer. Dit product is voortdurend in ontwikkeling en het brede assortiment designtafels is nu uitgebreid tot 9 versies.<br \/>\nDeze uitbreiding van het assortiment geeft uitdrukking aan de creatieve kracht van de Skorpio-collectie met een eigentijds ontwerp dat, naast het glazen blad, nu ook de Wood-variant met een houten blad, de Keramik-variant met een keramisch blad en de varianten met een dikke rand in handgeborsteld Premium Keramik of met een houten blad en een Ker-Wood Round keramisch inzetstuk biedt.<\/p>\n","protected":false},"featured_media":7107,"comment_status":"closed","ping_status":"closed","template":"","meta":{"_acf_changed":false},"product_brand":[],"product_cat":[197,201],"product_tag":[],"class_list":{"0":"post-7242","1":"product","2":"type-product","3":"status-publish","4":"has-post-thumbnail","6":"product_cat-eetkamer","7":"product_cat-vaste-tabellen","9":"first","10":"instock","11":"shipping-taxable","12":"purchasable","13":"product-type-simple"},"acf":[],"yoast_head":"<!-- This site is optimized with the Yoast SEO plugin v27.2 - https:\/\/yoast.com\/product\/yoast-seo-wordpress\/ -->\n<title>skorpio cattelan italia eetkamertafel - WaltLouise<\/title>\n<meta name=\"description\" content=\"Het Skorpio-model lanceerde een nieuw concept in design eettafels en werd een icoon van de moderne woonkamer. Dit product is voortdurend in ontwikkeling en het brede assortiment designtafels is nu uitgebreid tot 9 versies. Deze uitbreiding van het assortiment geeft uitdrukking aan de creatieve kracht van de Skorpio-collectie met een eigentijds ontwerp dat, naast het glazen blad, nu ook de Wood-variant met een houten blad, de Keramik-variant met een keramisch blad en de varianten met een dikke rand in handgeborsteld Premium Keramik of met een houten blad en een Ker-Wood Round keramisch inzetstuk biedt.\" \/>\n<meta name=\"robots\" content=\"index, follow, max-snippet:-1, max-image-preview:large, max-video-preview:-1\" \/>\n<link rel=\"canonical\" href=\"https:\/\/www.waltlouise.be\/nl\/product\/skorpio-cattelan-italia-eetkamertafel\/\" \/>\n<meta property=\"og:locale\" content=\"nl_NL\" \/>\n<meta property=\"og:type\" content=\"article\" \/>\n<meta property=\"og:title\" content=\"skorpio cattelan italia eetkamertafel - WaltLouise\" \/>\n<meta property=\"og:description\" content=\"Het Skorpio-model lanceerde een nieuw concept in design eettafels en werd een icoon van de moderne woonkamer. Dit product is voortdurend in ontwikkeling en het brede assortiment designtafels is nu uitgebreid tot 9 versies. Deze uitbreiding van het assortiment geeft uitdrukking aan de creatieve kracht van de Skorpio-collectie met een eigentijds ontwerp dat, naast het glazen blad, nu ook de Wood-variant met een houten blad, de Keramik-variant met een keramisch blad en de varianten met een dikke rand in handgeborsteld Premium Keramik of met een houten blad en een Ker-Wood Round keramisch inzetstuk biedt.\" \/>\n<meta property=\"og:url\" content=\"https:\/\/www.waltlouise.be\/nl\/product\/skorpio-cattelan-italia-eetkamertafel\/\" \/>\n<meta property=\"og:site_name\" content=\"WaltLouise\" \/>\n<meta property=\"article:modified_time\" content=\"2024-03-23T09:09:21+00:00\" \/>\n<meta property=\"og:image\" content=\"https:\/\/www.waltlouise.be\/wp-content\/uploads\/2024\/03\/Table-SKORPIO-5-CATTELAN-ITALIA-bois-verre-keramiek-ceramique-extensible-rectanglulaire-ronde-ovale.jpg\" \/>\n\t<meta property=\"og:image:width\" content=\"1200\" \/>\n\t<meta property=\"og:image:height\" content=\"735\" \/>\n\t<meta property=\"og:image:type\" content=\"image\/jpeg\" \/>\n<meta name=\"twitter:card\" content=\"summary_large_image\" \/>\n<script type=\"application\/ld+json\" class=\"yoast-schema-graph\">{\"@context\":\"https:\/\/schema.org\",\"@graph\":[{\"@type\":\"WebPage\",\"@id\":\"https:\/\/www.waltlouise.be\/nl\/product\/skorpio-cattelan-italia-eetkamertafel\/\",\"url\":\"https:\/\/www.waltlouise.be\/nl\/product\/skorpio-cattelan-italia-eetkamertafel\/\",\"name\":\"skorpio cattelan italia eetkamertafel - WaltLouise\",\"isPartOf\":{\"@id\":\"https:\/\/www.waltlouise.be\/#website\"},\"primaryImageOfPage\":{\"@id\":\"https:\/\/www.waltlouise.be\/nl\/product\/skorpio-cattelan-italia-eetkamertafel\/#primaryimage\"},\"image\":{\"@id\":\"https:\/\/www.waltlouise.be\/nl\/product\/skorpio-cattelan-italia-eetkamertafel\/#primaryimage\"},\"thumbnailUrl\":\"https:\/\/www.waltlouise.be\/wp-content\/uploads\/2024\/03\/Table-SKORPIO-5-CATTELAN-ITALIA-bois-verre-keramiek-ceramique-extensible-rectanglulaire-ronde-ovale.jpg\",\"datePublished\":\"2024-03-22T13:10:12+00:00\",\"dateModified\":\"2024-03-23T09:09:21+00:00\",\"description\":\"Het Skorpio-model lanceerde een nieuw concept in design eettafels en werd een icoon van de moderne woonkamer. Dit product is voortdurend in ontwikkeling en het brede assortiment designtafels is nu uitgebreid tot 9 versies. Deze uitbreiding van het assortiment geeft uitdrukking aan de creatieve kracht van de Skorpio-collectie met een eigentijds ontwerp dat, naast het glazen blad, nu ook de Wood-variant met een houten blad, de Keramik-variant met een keramisch blad en de varianten met een dikke rand in handgeborsteld Premium Keramik of met een houten blad en een Ker-Wood Round keramisch inzetstuk biedt.\",\"breadcrumb\":{\"@id\":\"https:\/\/www.waltlouise.be\/nl\/product\/skorpio-cattelan-italia-eetkamertafel\/#breadcrumb\"},\"inLanguage\":\"nl-NL\",\"potentialAction\":[{\"@type\":\"ReadAction\",\"target\":[\"https:\/\/www.waltlouise.be\/nl\/product\/skorpio-cattelan-italia-eetkamertafel\/\"]}]},{\"@type\":\"ImageObject\",\"inLanguage\":\"nl-NL\",\"@id\":\"https:\/\/www.waltlouise.be\/nl\/product\/skorpio-cattelan-italia-eetkamertafel\/#primaryimage\",\"url\":\"https:\/\/www.waltlouise.be\/wp-content\/uploads\/2024\/03\/Table-SKORPIO-5-CATTELAN-ITALIA-bois-verre-keramiek-ceramique-extensible-rectanglulaire-ronde-ovale.jpg\",\"contentUrl\":\"https:\/\/www.waltlouise.be\/wp-content\/uploads\/2024\/03\/Table-SKORPIO-5-CATTELAN-ITALIA-bois-verre-keramiek-ceramique-extensible-rectanglulaire-ronde-ovale.jpg\",\"width\":1200,\"height\":735},{\"@type\":\"BreadcrumbList\",\"@id\":\"https:\/\/www.waltlouise.be\/nl\/product\/skorpio-cattelan-italia-eetkamertafel\/#breadcrumb\",\"itemListElement\":[{\"@type\":\"ListItem\",\"position\":1,\"name\":\"Accueil\",\"item\":\"https:\/\/www.waltlouise.be\/nl\/\"},{\"@type\":\"ListItem\",\"position\":2,\"name\":\"Onze producten\",\"item\":\"https:\/\/www.waltlouise.be\/nl\/onze-producten\/\"},{\"@type\":\"ListItem\",\"position\":3,\"name\":\"skorpio cattelan italia eetkamertafel\"}]},{\"@type\":\"WebSite\",\"@id\":\"https:\/\/www.waltlouise.be\/#website\",\"url\":\"https:\/\/www.waltlouise.be\/\",\"name\":\"WaltLouise\",\"description\":\"Walt Louise \u2013 Bienvenue sur le site de WaltLouise| Accueil | Des r\u00e9\u00e9ditions de vaisselier, de grandes \u00e9tag\u00e8res aux lignes \u00e9pur\u00e9es c\u00f4toient des pi\u00e8ces con\u00e7ues \u00e0 la demande.\",\"potentialAction\":[{\"@type\":\"SearchAction\",\"target\":{\"@type\":\"EntryPoint\",\"urlTemplate\":\"https:\/\/www.waltlouise.be\/?s={search_term_string}\"},\"query-input\":{\"@type\":\"PropertyValueSpecification\",\"valueRequired\":true,\"valueName\":\"search_term_string\"}}],\"inLanguage\":\"nl-NL\"}]}<\/script>\n<!-- \/ Yoast SEO plugin. -->","yoast_head_json":{"title":"skorpio cattelan italia eetkamertafel - WaltLouise","description":"Het Skorpio-model lanceerde een nieuw concept in design eettafels en werd een icoon van de moderne woonkamer. Dit product is voortdurend in ontwikkeling en het brede assortiment designtafels is nu uitgebreid tot 9 versies. Deze uitbreiding van het assortiment geeft uitdrukking aan de creatieve kracht van de Skorpio-collectie met een eigentijds ontwerp dat, naast het glazen blad, nu ook de Wood-variant met een houten blad, de Keramik-variant met een keramisch blad en de varianten met een dikke rand in handgeborsteld Premium Keramik of met een houten blad en een Ker-Wood Round keramisch inzetstuk biedt.","robots":{"index":"index","follow":"follow","max-snippet":"max-snippet:-1","max-image-preview":"max-image-preview:large","max-video-preview":"max-video-preview:-1"},"canonical":"https:\/\/www.waltlouise.be\/nl\/product\/skorpio-cattelan-italia-eetkamertafel\/","og_locale":"nl_NL","og_type":"article","og_title":"skorpio cattelan italia eetkamertafel - WaltLouise","og_description":"Het Skorpio-model lanceerde een nieuw concept in design eettafels en werd een icoon van de moderne woonkamer. Dit product is voortdurend in ontwikkeling en het brede assortiment designtafels is nu uitgebreid tot 9 versies. Deze uitbreiding van het assortiment geeft uitdrukking aan de creatieve kracht van de Skorpio-collectie met een eigentijds ontwerp dat, naast het glazen blad, nu ook de Wood-variant met een houten blad, de Keramik-variant met een keramisch blad en de varianten met een dikke rand in handgeborsteld Premium Keramik of met een houten blad en een Ker-Wood Round keramisch inzetstuk biedt.","og_url":"https:\/\/www.waltlouise.be\/nl\/product\/skorpio-cattelan-italia-eetkamertafel\/","og_site_name":"WaltLouise","article_modified_time":"2024-03-23T09:09:21+00:00","og_image":[{"width":1200,"height":735,"url":"https:\/\/www.waltlouise.be\/wp-content\/uploads\/2024\/03\/Table-SKORPIO-5-CATTELAN-ITALIA-bois-verre-keramiek-ceramique-extensible-rectanglulaire-ronde-ovale.jpg","type":"image\/jpeg"}],"twitter_card":"summary_large_image","schema":{"@context":"https:\/\/schema.org","@graph":[{"@type":"WebPage","@id":"https:\/\/www.waltlouise.be\/nl\/product\/skorpio-cattelan-italia-eetkamertafel\/","url":"https:\/\/www.waltlouise.be\/nl\/product\/skorpio-cattelan-italia-eetkamertafel\/","name":"skorpio cattelan italia eetkamertafel - WaltLouise","isPartOf":{"@id":"https:\/\/www.waltlouise.be\/#website"},"primaryImageOfPage":{"@id":"https:\/\/www.waltlouise.be\/nl\/product\/skorpio-cattelan-italia-eetkamertafel\/#primaryimage"},"image":{"@id":"https:\/\/www.waltlouise.be\/nl\/product\/skorpio-cattelan-italia-eetkamertafel\/#primaryimage"},"thumbnailUrl":"https:\/\/www.waltlouise.be\/wp-content\/uploads\/2024\/03\/Table-SKORPIO-5-CATTELAN-ITALIA-bois-verre-keramiek-ceramique-extensible-rectanglulaire-ronde-ovale.jpg","datePublished":"2024-03-22T13:10:12+00:00","dateModified":"2024-03-23T09:09:21+00:00","description":"Het Skorpio-model lanceerde een nieuw concept in design eettafels en werd een icoon van de moderne woonkamer. Dit product is voortdurend in ontwikkeling en het brede assortiment designtafels is nu uitgebreid tot 9 versies. Deze uitbreiding van het assortiment geeft uitdrukking aan de creatieve kracht van de Skorpio-collectie met een eigentijds ontwerp dat, naast het glazen blad, nu ook de Wood-variant met een houten blad, de Keramik-variant met een keramisch blad en de varianten met een dikke rand in handgeborsteld Premium Keramik of met een houten blad en een Ker-Wood Round keramisch inzetstuk biedt.","breadcrumb":{"@id":"https:\/\/www.waltlouise.be\/nl\/product\/skorpio-cattelan-italia-eetkamertafel\/#breadcrumb"},"inLanguage":"nl-NL","potentialAction":[{"@type":"ReadAction","target":["https:\/\/www.waltlouise.be\/nl\/product\/skorpio-cattelan-italia-eetkamertafel\/"]}]},{"@type":"ImageObject","inLanguage":"nl-NL","@id":"https:\/\/www.waltlouise.be\/nl\/product\/skorpio-cattelan-italia-eetkamertafel\/#primaryimage","url":"https:\/\/www.waltlouise.be\/wp-content\/uploads\/2024\/03\/Table-SKORPIO-5-CATTELAN-ITALIA-bois-verre-keramiek-ceramique-extensible-rectanglulaire-ronde-ovale.jpg","contentUrl":"https:\/\/www.waltlouise.be\/wp-content\/uploads\/2024\/03\/Table-SKORPIO-5-CATTELAN-ITALIA-bois-verre-keramiek-ceramique-extensible-rectanglulaire-ronde-ovale.jpg","width":1200,"height":735},{"@type":"BreadcrumbList","@id":"https:\/\/www.waltlouise.be\/nl\/product\/skorpio-cattelan-italia-eetkamertafel\/#breadcrumb","itemListElement":[{"@type":"ListItem","position":1,"name":"Accueil","item":"https:\/\/www.waltlouise.be\/nl\/"},{"@type":"ListItem","position":2,"name":"Onze producten","item":"https:\/\/www.waltlouise.be\/nl\/onze-producten\/"},{"@type":"ListItem","position":3,"name":"skorpio cattelan italia eetkamertafel"}]},{"@type":"WebSite","@id":"https:\/\/www.waltlouise.be\/#website","url":"https:\/\/www.waltlouise.be\/","name":"WaltLouise","description":"Walt Louise \u2013 Bienvenue sur le site de WaltLouise| Accueil | Des r\u00e9\u00e9ditions de vaisselier, de grandes \u00e9tag\u00e8res aux lignes \u00e9pur\u00e9es c\u00f4toient des pi\u00e8ces con\u00e7ues \u00e0 la demande.","potentialAction":[{"@type":"SearchAction","target":{"@type":"EntryPoint","urlTemplate":"https:\/\/www.waltlouise.be\/?s={search_term_string}"},"query-input":{"@type":"PropertyValueSpecification","valueRequired":true,"valueName":"search_term_string"}}],"inLanguage":"nl-NL"}]}},"_links":{"self":[{"href":"https:\/\/www.waltlouise.be\/nl\/wp-json\/wp\/v2\/product\/7242","targetHints":{"allow":["GET"]}}],"collection":[{"href":"https:\/\/www.waltlouise.be\/nl\/wp-json\/wp\/v2\/product"}],"about":[{"href":"https:\/\/www.waltlouise.be\/nl\/wp-json\/wp\/v2\/types\/product"}],"replies":[{"embeddable":true,"href":"https:\/\/www.waltlouise.be\/nl\/wp-json\/wp\/v2\/comments?post=7242"}],"wp:featuredmedia":[{"embeddable":true,"href":"https:\/\/www.waltlouise.be\/nl\/wp-json\/wp\/v2\/media\/7107"}],"wp:attachment":[{"href":"https:\/\/www.waltlouise.be\/nl\/wp-json\/wp\/v2\/media?parent=7242"}],"wp:term":[{"taxonomy":"product_brand","embeddable":true,"href":"https:\/\/www.waltlouise.be\/nl\/wp-json\/wp\/v2\/product_brand?post=7242"},{"taxonomy":"product_cat","embeddable":true,"href":"https:\/\/www.waltlouise.be\/nl\/wp-json\/wp\/v2\/product_cat?post=7242"},{"taxonomy":"product_tag","embeddable":true,"href":"https:\/\/www.waltlouise.be\/nl\/wp-json\/wp\/v2\/product_tag?post=7242"}],"curies":[{"name":"wp","href":"https:\/\/api.w.org\/{rel}","templated":true}]}}