{"id":7202,"date":"2024-03-22T14:48:12","date_gmt":"2024-03-22T13:48:12","guid":{"rendered":"https:\/\/www.waltlouise.be\/?post_type=product&#038;p=7202"},"modified":"2024-03-22T14:48:12","modified_gmt":"2024-03-22T13:48:12","slug":"bibliotheque-wally-cattelan-italia","status":"publish","type":"product","link":"https:\/\/www.waltlouise.be\/nl\/product\/bibliotheque-wally-cattelan-italia\/","title":{"rendered":"Biblioth\u00e8que Wally &#8211; Cattelan Italia"},"content":{"rendered":"<p>&nbsp;<\/p>\n<div id=\"ConnectiveDocSignExtentionInstalled\" data-extension-version=\"1.0.4\"><\/div>\n","protected":false},"excerpt":{"rendered":"<p>Depuis 2006, l&#8217;iconique biblioth\u00e8que murale modulaire Wally meuble les pi\u00e8ces avec un go\u00fbt essentiel et unique qui exprime au mieux le style de Cattelan Italia. Les combinaisons originales et les possibilit\u00e9s offertes par cette biblioth\u00e8que modulaire moderne s&#8217;adaptent parfaitement aux murs de n&#8217;importe quelle pi\u00e8ce. De plus, les diff\u00e9rentes tailles des compartiments en bois mettent en valeur les formes des livres et des objets, expos\u00e9s comme autant de symboles de ses passions et de ses int\u00e9r\u00eats.<\/p>\n<div id=\"ConnectiveDocSignExtentionInstalled\" data-extension-version=\"1.0.4\"><\/div>\n","protected":false},"featured_media":7219,"comment_status":"open","ping_status":"closed","template":"","meta":{"_acf_changed":false},"product_brand":[],"product_cat":[76,97,75,96],"product_tag":[],"class_list":{"0":"post-7202","1":"product","2":"type-product","3":"status-publish","4":"has-post-thumbnail","6":"product_cat-bibliotheques","7":"product_cat-bibliotheques-3","8":"product_cat-bureaux","9":"product_cat-salons","11":"first","12":"onbackorder","13":"shipping-taxable","14":"purchasable","15":"product-type-simple"},"acf":[],"yoast_head":"<!-- This site is optimized with the Yoast SEO plugin v27.2 - https:\/\/yoast.com\/product\/yoast-seo-wordpress\/ -->\n<title>Biblioth\u00e8que Wally - Cattelan Italia - WaltLouise<\/title>\n<meta name=\"description\" content=\"Depuis 2006, l&#039;iconique biblioth\u00e8que murale modulaire Wally meuble les pi\u00e8ces avec un go\u00fbt essentiel et unique qui exprime au mieux le style de Cattelan Italia. Les combinaisons originales et les possibilit\u00e9s offertes par cette biblioth\u00e8que modulaire moderne s&#039;adaptent parfaitement aux murs de n&#039;importe quelle pi\u00e8ce. De plus, les diff\u00e9rentes tailles des compartiments en bois mettent en valeur les formes des livres et des objets, expos\u00e9s comme autant de symboles de ses passions et de ses int\u00e9r\u00eats.\" \/>\n<meta name=\"robots\" content=\"index, follow, max-snippet:-1, max-image-preview:large, max-video-preview:-1\" \/>\n<link rel=\"canonical\" href=\"https:\/\/www.waltlouise.be\/produit\/bibliotheque-wally-cattelan-italia\/\" \/>\n<meta property=\"og:locale\" content=\"nl_NL\" \/>\n<meta property=\"og:type\" content=\"article\" \/>\n<meta property=\"og:title\" content=\"Biblioth\u00e8que Wally - Cattelan Italia - WaltLouise\" \/>\n<meta property=\"og:description\" content=\"Depuis 2006, l&#039;iconique biblioth\u00e8que murale modulaire Wally meuble les pi\u00e8ces avec un go\u00fbt essentiel et unique qui exprime au mieux le style de Cattelan Italia. Les combinaisons originales et les possibilit\u00e9s offertes par cette biblioth\u00e8que modulaire moderne s&#039;adaptent parfaitement aux murs de n&#039;importe quelle pi\u00e8ce. De plus, les diff\u00e9rentes tailles des compartiments en bois mettent en valeur les formes des livres et des objets, expos\u00e9s comme autant de symboles de ses passions et de ses int\u00e9r\u00eats.\" \/>\n<meta property=\"og:url\" content=\"https:\/\/www.waltlouise.be\/produit\/bibliotheque-wally-cattelan-italia\/\" \/>\n<meta property=\"og:site_name\" content=\"WaltLouise\" \/>\n<meta property=\"og:image\" content=\"https:\/\/www.waltlouise.be\/wp-content\/uploads\/2024\/03\/WALLY-Bibliotheque-CATTELAN-ITALIA.jpg\" \/>\n\t<meta property=\"og:image:width\" content=\"1920\" \/>\n\t<meta property=\"og:image:height\" content=\"937\" \/>\n\t<meta property=\"og:image:type\" content=\"image\/jpeg\" \/>\n<meta name=\"twitter:card\" content=\"summary_large_image\" \/>\n<meta name=\"twitter:label1\" content=\"Geschatte leestijd\" \/>\n\t<meta name=\"twitter:data1\" content=\"1 minuut\" \/>\n<script type=\"application\/ld+json\" class=\"yoast-schema-graph\">{\"@context\":\"https:\/\/schema.org\",\"@graph\":[{\"@type\":\"WebPage\",\"@id\":\"https:\/\/www.waltlouise.be\/produit\/bibliotheque-wally-cattelan-italia\/\",\"url\":\"https:\/\/www.waltlouise.be\/produit\/bibliotheque-wally-cattelan-italia\/\",\"name\":\"Biblioth\u00e8que Wally - Cattelan Italia - WaltLouise\",\"isPartOf\":{\"@id\":\"https:\/\/www.waltlouise.be\/#website\"},\"primaryImageOfPage\":{\"@id\":\"https:\/\/www.waltlouise.be\/produit\/bibliotheque-wally-cattelan-italia\/#primaryimage\"},\"image\":{\"@id\":\"https:\/\/www.waltlouise.be\/produit\/bibliotheque-wally-cattelan-italia\/#primaryimage\"},\"thumbnailUrl\":\"https:\/\/www.waltlouise.be\/wp-content\/uploads\/2024\/03\/WALLY-Bibliotheque-CATTELAN-ITALIA.jpg\",\"datePublished\":\"2024-03-22T13:48:12+00:00\",\"description\":\"Depuis 2006, l'iconique biblioth\u00e8que murale modulaire Wally meuble les pi\u00e8ces avec un go\u00fbt essentiel et unique qui exprime au mieux le style de Cattelan Italia. Les combinaisons originales et les possibilit\u00e9s offertes par cette biblioth\u00e8que modulaire moderne s'adaptent parfaitement aux murs de n'importe quelle pi\u00e8ce. De plus, les diff\u00e9rentes tailles des compartiments en bois mettent en valeur les formes des livres et des objets, expos\u00e9s comme autant de symboles de ses passions et de ses int\u00e9r\u00eats.\",\"breadcrumb\":{\"@id\":\"https:\/\/www.waltlouise.be\/produit\/bibliotheque-wally-cattelan-italia\/#breadcrumb\"},\"inLanguage\":\"nl-NL\",\"potentialAction\":[{\"@type\":\"ReadAction\",\"target\":[\"https:\/\/www.waltlouise.be\/produit\/bibliotheque-wally-cattelan-italia\/\"]}]},{\"@type\":\"ImageObject\",\"inLanguage\":\"nl-NL\",\"@id\":\"https:\/\/www.waltlouise.be\/produit\/bibliotheque-wally-cattelan-italia\/#primaryimage\",\"url\":\"https:\/\/www.waltlouise.be\/wp-content\/uploads\/2024\/03\/WALLY-Bibliotheque-CATTELAN-ITALIA.jpg\",\"contentUrl\":\"https:\/\/www.waltlouise.be\/wp-content\/uploads\/2024\/03\/WALLY-Bibliotheque-CATTELAN-ITALIA.jpg\",\"width\":1920,\"height\":937},{\"@type\":\"BreadcrumbList\",\"@id\":\"https:\/\/www.waltlouise.be\/produit\/bibliotheque-wally-cattelan-italia\/#breadcrumb\",\"itemListElement\":[{\"@type\":\"ListItem\",\"position\":1,\"name\":\"Accueil\",\"item\":\"https:\/\/www.waltlouise.be\/nl\/\"},{\"@type\":\"ListItem\",\"position\":2,\"name\":\"Onze producten\",\"item\":\"https:\/\/www.waltlouise.be\/nl\/onze-producten\/\"},{\"@type\":\"ListItem\",\"position\":3,\"name\":\"Biblioth\u00e8que Wally &#8211; Cattelan Italia\"}]},{\"@type\":\"WebSite\",\"@id\":\"https:\/\/www.waltlouise.be\/#website\",\"url\":\"https:\/\/www.waltlouise.be\/\",\"name\":\"WaltLouise\",\"description\":\"Walt Louise \u2013 Bienvenue sur le site de WaltLouise| Accueil | Des r\u00e9\u00e9ditions de vaisselier, de grandes \u00e9tag\u00e8res aux lignes \u00e9pur\u00e9es c\u00f4toient des pi\u00e8ces con\u00e7ues \u00e0 la demande.\",\"potentialAction\":[{\"@type\":\"SearchAction\",\"target\":{\"@type\":\"EntryPoint\",\"urlTemplate\":\"https:\/\/www.waltlouise.be\/?s={search_term_string}\"},\"query-input\":{\"@type\":\"PropertyValueSpecification\",\"valueRequired\":true,\"valueName\":\"search_term_string\"}}],\"inLanguage\":\"nl-NL\"}]}<\/script>\n<!-- \/ Yoast SEO plugin. -->","yoast_head_json":{"title":"Biblioth\u00e8que Wally - Cattelan Italia - WaltLouise","description":"Depuis 2006, l'iconique biblioth\u00e8que murale modulaire Wally meuble les pi\u00e8ces avec un go\u00fbt essentiel et unique qui exprime au mieux le style de Cattelan Italia. Les combinaisons originales et les possibilit\u00e9s offertes par cette biblioth\u00e8que modulaire moderne s'adaptent parfaitement aux murs de n'importe quelle pi\u00e8ce. De plus, les diff\u00e9rentes tailles des compartiments en bois mettent en valeur les formes des livres et des objets, expos\u00e9s comme autant de symboles de ses passions et de ses int\u00e9r\u00eats.","robots":{"index":"index","follow":"follow","max-snippet":"max-snippet:-1","max-image-preview":"max-image-preview:large","max-video-preview":"max-video-preview:-1"},"canonical":"https:\/\/www.waltlouise.be\/produit\/bibliotheque-wally-cattelan-italia\/","og_locale":"nl_NL","og_type":"article","og_title":"Biblioth\u00e8que Wally - Cattelan Italia - WaltLouise","og_description":"Depuis 2006, l'iconique biblioth\u00e8que murale modulaire Wally meuble les pi\u00e8ces avec un go\u00fbt essentiel et unique qui exprime au mieux le style de Cattelan Italia. Les combinaisons originales et les possibilit\u00e9s offertes par cette biblioth\u00e8que modulaire moderne s'adaptent parfaitement aux murs de n'importe quelle pi\u00e8ce. De plus, les diff\u00e9rentes tailles des compartiments en bois mettent en valeur les formes des livres et des objets, expos\u00e9s comme autant de symboles de ses passions et de ses int\u00e9r\u00eats.","og_url":"https:\/\/www.waltlouise.be\/produit\/bibliotheque-wally-cattelan-italia\/","og_site_name":"WaltLouise","og_image":[{"width":1920,"height":937,"url":"https:\/\/www.waltlouise.be\/wp-content\/uploads\/2024\/03\/WALLY-Bibliotheque-CATTELAN-ITALIA.jpg","type":"image\/jpeg"}],"twitter_card":"summary_large_image","twitter_misc":{"Geschatte leestijd":"1 minuut"},"schema":{"@context":"https:\/\/schema.org","@graph":[{"@type":"WebPage","@id":"https:\/\/www.waltlouise.be\/produit\/bibliotheque-wally-cattelan-italia\/","url":"https:\/\/www.waltlouise.be\/produit\/bibliotheque-wally-cattelan-italia\/","name":"Biblioth\u00e8que Wally - Cattelan Italia - WaltLouise","isPartOf":{"@id":"https:\/\/www.waltlouise.be\/#website"},"primaryImageOfPage":{"@id":"https:\/\/www.waltlouise.be\/produit\/bibliotheque-wally-cattelan-italia\/#primaryimage"},"image":{"@id":"https:\/\/www.waltlouise.be\/produit\/bibliotheque-wally-cattelan-italia\/#primaryimage"},"thumbnailUrl":"https:\/\/www.waltlouise.be\/wp-content\/uploads\/2024\/03\/WALLY-Bibliotheque-CATTELAN-ITALIA.jpg","datePublished":"2024-03-22T13:48:12+00:00","description":"Depuis 2006, l'iconique biblioth\u00e8que murale modulaire Wally meuble les pi\u00e8ces avec un go\u00fbt essentiel et unique qui exprime au mieux le style de Cattelan Italia. Les combinaisons originales et les possibilit\u00e9s offertes par cette biblioth\u00e8que modulaire moderne s'adaptent parfaitement aux murs de n'importe quelle pi\u00e8ce. De plus, les diff\u00e9rentes tailles des compartiments en bois mettent en valeur les formes des livres et des objets, expos\u00e9s comme autant de symboles de ses passions et de ses int\u00e9r\u00eats.","breadcrumb":{"@id":"https:\/\/www.waltlouise.be\/produit\/bibliotheque-wally-cattelan-italia\/#breadcrumb"},"inLanguage":"nl-NL","potentialAction":[{"@type":"ReadAction","target":["https:\/\/www.waltlouise.be\/produit\/bibliotheque-wally-cattelan-italia\/"]}]},{"@type":"ImageObject","inLanguage":"nl-NL","@id":"https:\/\/www.waltlouise.be\/produit\/bibliotheque-wally-cattelan-italia\/#primaryimage","url":"https:\/\/www.waltlouise.be\/wp-content\/uploads\/2024\/03\/WALLY-Bibliotheque-CATTELAN-ITALIA.jpg","contentUrl":"https:\/\/www.waltlouise.be\/wp-content\/uploads\/2024\/03\/WALLY-Bibliotheque-CATTELAN-ITALIA.jpg","width":1920,"height":937},{"@type":"BreadcrumbList","@id":"https:\/\/www.waltlouise.be\/produit\/bibliotheque-wally-cattelan-italia\/#breadcrumb","itemListElement":[{"@type":"ListItem","position":1,"name":"Accueil","item":"https:\/\/www.waltlouise.be\/nl\/"},{"@type":"ListItem","position":2,"name":"Onze producten","item":"https:\/\/www.waltlouise.be\/nl\/onze-producten\/"},{"@type":"ListItem","position":3,"name":"Biblioth\u00e8que Wally &#8211; Cattelan Italia"}]},{"@type":"WebSite","@id":"https:\/\/www.waltlouise.be\/#website","url":"https:\/\/www.waltlouise.be\/","name":"WaltLouise","description":"Walt Louise \u2013 Bienvenue sur le site de WaltLouise| Accueil | Des r\u00e9\u00e9ditions de vaisselier, de grandes \u00e9tag\u00e8res aux lignes \u00e9pur\u00e9es c\u00f4toient des pi\u00e8ces con\u00e7ues \u00e0 la demande.","potentialAction":[{"@type":"SearchAction","target":{"@type":"EntryPoint","urlTemplate":"https:\/\/www.waltlouise.be\/?s={search_term_string}"},"query-input":{"@type":"PropertyValueSpecification","valueRequired":true,"valueName":"search_term_string"}}],"inLanguage":"nl-NL"}]}},"_links":{"self":[{"href":"https:\/\/www.waltlouise.be\/nl\/wp-json\/wp\/v2\/product\/7202","targetHints":{"allow":["GET"]}}],"collection":[{"href":"https:\/\/www.waltlouise.be\/nl\/wp-json\/wp\/v2\/product"}],"about":[{"href":"https:\/\/www.waltlouise.be\/nl\/wp-json\/wp\/v2\/types\/product"}],"replies":[{"embeddable":true,"href":"https:\/\/www.waltlouise.be\/nl\/wp-json\/wp\/v2\/comments?post=7202"}],"wp:featuredmedia":[{"embeddable":true,"href":"https:\/\/www.waltlouise.be\/nl\/wp-json\/wp\/v2\/media\/7219"}],"wp:attachment":[{"href":"https:\/\/www.waltlouise.be\/nl\/wp-json\/wp\/v2\/media?parent=7202"}],"wp:term":[{"taxonomy":"product_brand","embeddable":true,"href":"https:\/\/www.waltlouise.be\/nl\/wp-json\/wp\/v2\/product_brand?post=7202"},{"taxonomy":"product_cat","embeddable":true,"href":"https:\/\/www.waltlouise.be\/nl\/wp-json\/wp\/v2\/product_cat?post=7202"},{"taxonomy":"product_tag","embeddable":true,"href":"https:\/\/www.waltlouise.be\/nl\/wp-json\/wp\/v2\/product_tag?post=7202"}],"curies":[{"name":"wp","href":"https:\/\/api.w.org\/{rel}","templated":true}]}}