{"id":7180,"date":"2024-03-22T14:47:01","date_gmt":"2024-03-22T13:47:01","guid":{"rendered":"https:\/\/www.waltlouise.be\/?post_type=product&#038;p=7180"},"modified":"2024-03-26T15:21:32","modified_gmt":"2024-03-26T14:21:32","slug":"table-salle-a-manger-tyron-cattelan-italia","status":"publish","type":"product","link":"https:\/\/www.waltlouise.be\/nl\/product\/table-salle-a-manger-tyron-cattelan-italia\/","title":{"rendered":"Table Tyron &#8211; Cattelan Italia"},"content":{"rendered":"<p>Une collection surprenante \u00e0 laquelle Cattelan apporte une attention m\u00e9ticuleuse aux d\u00e9tails\u00a0et\u00a0\u00e0 une fabrication de haute qualit\u00e9.\u00a0Verre transparent ou d\u00e9cor\u00e9, bois finement fa\u00e7onn\u00e9, c\u00e9ramiques fascinantes, finitions laqu\u00e9es ou bross\u00e9es \u00e0 la main, rev\u00eatements moelleux et cuirs raffin\u00e9s composent la large gamme de designs de qualit\u00e9 pour l\u2019am\u00e9nagement d\u2019un espace de vie raffin\u00e9 sign\u00e9 Cattelan.<\/p>\n","protected":false},"excerpt":{"rendered":"<p>Tyron est la famille de tables design, con\u00e7ue par Paolo Cattelan, qui inaugure une nouvelle vision de l&#8217;espace de vie moderne. Les jeux de styles entre la base iconique et le plateau personnalisable font de chaque version une pi\u00e8ce extraordinaire de design contemporain. Wood, Keramik et Keramik Premium sont les options pour le salon moderne qui rendent hommage aux mat\u00e9riaux les plus nobles de la production italienne. En outre, de fines essences ornent le plateau Masterwood, une pi\u00e8ce d&#8217;\u00e9b\u00e9nisterie unique sur le march\u00e9 dont la technique de production exclusive fait de chaque table une pi\u00e8ce unique ! Pour ceux qui aiment la convivialit\u00e9, m\u00eame dans des espaces limit\u00e9s, deux versions de Drive extensible sont disponibles : l&#8217;une pour le plateau en verre raffin\u00e9, avec impression d\u00e9corative CrystalArt en diff\u00e9rentes couleurs, et l&#8217;autre pour le plateau en c\u00e9ramique Marmi, dans plusieurs teintes exclusives, pour rendre chaque environnement remarquable.<\/p>\n","protected":false},"featured_media":7205,"comment_status":"open","ping_status":"closed","template":"","meta":{"_acf_changed":false},"product_brand":[],"product_cat":[88,91,92],"product_tag":[],"class_list":{"0":"post-7180","1":"product","2":"type-product","3":"status-publish","4":"has-post-thumbnail","6":"product_cat-salle-a-manger","7":"product_cat-tables-extensibles","8":"product_cat-tables-fixes","10":"first","11":"onbackorder","12":"shipping-taxable","13":"purchasable","14":"product-type-simple"},"acf":[],"yoast_head":"<!-- This site is optimized with the Yoast SEO plugin v27.2 - https:\/\/yoast.com\/product\/yoast-seo-wordpress\/ -->\n<title>Table Tyron - Cattelan Italia - WaltLouise<\/title>\n<meta name=\"description\" content=\"Tyron est la famille de tables design, con\u00e7ue par Paolo Cattelan, qui inaugure une nouvelle vision de l&#039;espace de vie moderne. Les jeux de styles entre la base iconique et le plateau personnalisable font de chaque version une pi\u00e8ce extraordinaire de design contemporain. Wood, Keramik et Keramik Premium sont les options pour le salon moderne qui rendent hommage aux mat\u00e9riaux les plus nobles de la production italienne. En outre, de fines essences ornent le plateau Masterwood, une pi\u00e8ce d&#039;\u00e9b\u00e9nisterie unique sur le march\u00e9 dont la technique de production exclusive fait de chaque table une pi\u00e8ce unique ! Pour ceux qui aiment la convivialit\u00e9, m\u00eame dans des espaces limit\u00e9s, deux versions de Drive extensible sont disponibles : l&#039;une pour le plateau en verre raffin\u00e9, avec impression d\u00e9corative CrystalArt en diff\u00e9rentes couleurs, et l&#039;autre pour le plateau en c\u00e9ramique Marmi, dans plusieurs teintes exclusives, pour rendre chaque environnement remarquable.\" \/>\n<meta name=\"robots\" content=\"index, follow, max-snippet:-1, max-image-preview:large, max-video-preview:-1\" \/>\n<link rel=\"canonical\" href=\"https:\/\/www.waltlouise.be\/produit\/table-salle-a-manger-tyron-cattelan-italia\/\" \/>\n<meta property=\"og:locale\" content=\"nl_NL\" \/>\n<meta property=\"og:type\" content=\"article\" \/>\n<meta property=\"og:title\" content=\"Table Tyron - Cattelan Italia - WaltLouise\" \/>\n<meta property=\"og:description\" content=\"Tyron est la famille de tables design, con\u00e7ue par Paolo Cattelan, qui inaugure une nouvelle vision de l&#039;espace de vie moderne. Les jeux de styles entre la base iconique et le plateau personnalisable font de chaque version une pi\u00e8ce extraordinaire de design contemporain. Wood, Keramik et Keramik Premium sont les options pour le salon moderne qui rendent hommage aux mat\u00e9riaux les plus nobles de la production italienne. En outre, de fines essences ornent le plateau Masterwood, une pi\u00e8ce d&#039;\u00e9b\u00e9nisterie unique sur le march\u00e9 dont la technique de production exclusive fait de chaque table une pi\u00e8ce unique ! Pour ceux qui aiment la convivialit\u00e9, m\u00eame dans des espaces limit\u00e9s, deux versions de Drive extensible sont disponibles : l&#039;une pour le plateau en verre raffin\u00e9, avec impression d\u00e9corative CrystalArt en diff\u00e9rentes couleurs, et l&#039;autre pour le plateau en c\u00e9ramique Marmi, dans plusieurs teintes exclusives, pour rendre chaque environnement remarquable.\" \/>\n<meta property=\"og:url\" content=\"https:\/\/www.waltlouise.be\/produit\/table-salle-a-manger-tyron-cattelan-italia\/\" \/>\n<meta property=\"og:site_name\" content=\"WaltLouise\" \/>\n<meta property=\"article:modified_time\" content=\"2024-03-26T14:21:32+00:00\" \/>\n<meta property=\"og:image\" content=\"https:\/\/www.waltlouise.be\/wp-content\/uploads\/2024\/03\/Table-TYRON-CATTELAN-ITALIA-keramik.jpg\" \/>\n\t<meta property=\"og:image:width\" content=\"1200\" \/>\n\t<meta property=\"og:image:height\" content=\"735\" \/>\n\t<meta property=\"og:image:type\" content=\"image\/jpeg\" \/>\n<meta name=\"twitter:card\" content=\"summary_large_image\" \/>\n<meta name=\"twitter:label1\" content=\"Geschatte leestijd\" \/>\n\t<meta name=\"twitter:data1\" content=\"1 minuut\" \/>\n<script type=\"application\/ld+json\" class=\"yoast-schema-graph\">{\"@context\":\"https:\/\/schema.org\",\"@graph\":[{\"@type\":\"WebPage\",\"@id\":\"https:\/\/www.waltlouise.be\/produit\/table-salle-a-manger-tyron-cattelan-italia\/\",\"url\":\"https:\/\/www.waltlouise.be\/produit\/table-salle-a-manger-tyron-cattelan-italia\/\",\"name\":\"Table Tyron - Cattelan Italia - WaltLouise\",\"isPartOf\":{\"@id\":\"https:\/\/www.waltlouise.be\/#website\"},\"primaryImageOfPage\":{\"@id\":\"https:\/\/www.waltlouise.be\/produit\/table-salle-a-manger-tyron-cattelan-italia\/#primaryimage\"},\"image\":{\"@id\":\"https:\/\/www.waltlouise.be\/produit\/table-salle-a-manger-tyron-cattelan-italia\/#primaryimage\"},\"thumbnailUrl\":\"https:\/\/www.waltlouise.be\/wp-content\/uploads\/2024\/03\/Table-TYRON-CATTELAN-ITALIA-keramik.jpg\",\"datePublished\":\"2024-03-22T13:47:01+00:00\",\"dateModified\":\"2024-03-26T14:21:32+00:00\",\"description\":\"Tyron est la famille de tables design, con\u00e7ue par Paolo Cattelan, qui inaugure une nouvelle vision de l'espace de vie moderne. Les jeux de styles entre la base iconique et le plateau personnalisable font de chaque version une pi\u00e8ce extraordinaire de design contemporain. Wood, Keramik et Keramik Premium sont les options pour le salon moderne qui rendent hommage aux mat\u00e9riaux les plus nobles de la production italienne. En outre, de fines essences ornent le plateau Masterwood, une pi\u00e8ce d'\u00e9b\u00e9nisterie unique sur le march\u00e9 dont la technique de production exclusive fait de chaque table une pi\u00e8ce unique ! Pour ceux qui aiment la convivialit\u00e9, m\u00eame dans des espaces limit\u00e9s, deux versions de Drive extensible sont disponibles : l'une pour le plateau en verre raffin\u00e9, avec impression d\u00e9corative CrystalArt en diff\u00e9rentes couleurs, et l'autre pour le plateau en c\u00e9ramique Marmi, dans plusieurs teintes exclusives, pour rendre chaque environnement remarquable.\",\"breadcrumb\":{\"@id\":\"https:\/\/www.waltlouise.be\/produit\/table-salle-a-manger-tyron-cattelan-italia\/#breadcrumb\"},\"inLanguage\":\"nl-NL\",\"potentialAction\":[{\"@type\":\"ReadAction\",\"target\":[\"https:\/\/www.waltlouise.be\/produit\/table-salle-a-manger-tyron-cattelan-italia\/\"]}]},{\"@type\":\"ImageObject\",\"inLanguage\":\"nl-NL\",\"@id\":\"https:\/\/www.waltlouise.be\/produit\/table-salle-a-manger-tyron-cattelan-italia\/#primaryimage\",\"url\":\"https:\/\/www.waltlouise.be\/wp-content\/uploads\/2024\/03\/Table-TYRON-CATTELAN-ITALIA-keramik.jpg\",\"contentUrl\":\"https:\/\/www.waltlouise.be\/wp-content\/uploads\/2024\/03\/Table-TYRON-CATTELAN-ITALIA-keramik.jpg\",\"width\":1200,\"height\":735},{\"@type\":\"BreadcrumbList\",\"@id\":\"https:\/\/www.waltlouise.be\/produit\/table-salle-a-manger-tyron-cattelan-italia\/#breadcrumb\",\"itemListElement\":[{\"@type\":\"ListItem\",\"position\":1,\"name\":\"Accueil\",\"item\":\"https:\/\/www.waltlouise.be\/nl\/\"},{\"@type\":\"ListItem\",\"position\":2,\"name\":\"Onze producten\",\"item\":\"https:\/\/www.waltlouise.be\/nl\/onze-producten\/\"},{\"@type\":\"ListItem\",\"position\":3,\"name\":\"Table Tyron &#8211; Cattelan Italia\"}]},{\"@type\":\"WebSite\",\"@id\":\"https:\/\/www.waltlouise.be\/#website\",\"url\":\"https:\/\/www.waltlouise.be\/\",\"name\":\"WaltLouise\",\"description\":\"Walt Louise \u2013 Bienvenue sur le site de WaltLouise| Accueil | Des r\u00e9\u00e9ditions de vaisselier, de grandes \u00e9tag\u00e8res aux lignes \u00e9pur\u00e9es c\u00f4toient des pi\u00e8ces con\u00e7ues \u00e0 la demande.\",\"potentialAction\":[{\"@type\":\"SearchAction\",\"target\":{\"@type\":\"EntryPoint\",\"urlTemplate\":\"https:\/\/www.waltlouise.be\/?s={search_term_string}\"},\"query-input\":{\"@type\":\"PropertyValueSpecification\",\"valueRequired\":true,\"valueName\":\"search_term_string\"}}],\"inLanguage\":\"nl-NL\"}]}<\/script>\n<!-- \/ Yoast SEO plugin. -->","yoast_head_json":{"title":"Table Tyron - Cattelan Italia - WaltLouise","description":"Tyron est la famille de tables design, con\u00e7ue par Paolo Cattelan, qui inaugure une nouvelle vision de l'espace de vie moderne. Les jeux de styles entre la base iconique et le plateau personnalisable font de chaque version une pi\u00e8ce extraordinaire de design contemporain. Wood, Keramik et Keramik Premium sont les options pour le salon moderne qui rendent hommage aux mat\u00e9riaux les plus nobles de la production italienne. En outre, de fines essences ornent le plateau Masterwood, une pi\u00e8ce d'\u00e9b\u00e9nisterie unique sur le march\u00e9 dont la technique de production exclusive fait de chaque table une pi\u00e8ce unique ! Pour ceux qui aiment la convivialit\u00e9, m\u00eame dans des espaces limit\u00e9s, deux versions de Drive extensible sont disponibles : l'une pour le plateau en verre raffin\u00e9, avec impression d\u00e9corative CrystalArt en diff\u00e9rentes couleurs, et l'autre pour le plateau en c\u00e9ramique Marmi, dans plusieurs teintes exclusives, pour rendre chaque environnement remarquable.","robots":{"index":"index","follow":"follow","max-snippet":"max-snippet:-1","max-image-preview":"max-image-preview:large","max-video-preview":"max-video-preview:-1"},"canonical":"https:\/\/www.waltlouise.be\/produit\/table-salle-a-manger-tyron-cattelan-italia\/","og_locale":"nl_NL","og_type":"article","og_title":"Table Tyron - Cattelan Italia - WaltLouise","og_description":"Tyron est la famille de tables design, con\u00e7ue par Paolo Cattelan, qui inaugure une nouvelle vision de l'espace de vie moderne. Les jeux de styles entre la base iconique et le plateau personnalisable font de chaque version une pi\u00e8ce extraordinaire de design contemporain. Wood, Keramik et Keramik Premium sont les options pour le salon moderne qui rendent hommage aux mat\u00e9riaux les plus nobles de la production italienne. En outre, de fines essences ornent le plateau Masterwood, une pi\u00e8ce d'\u00e9b\u00e9nisterie unique sur le march\u00e9 dont la technique de production exclusive fait de chaque table une pi\u00e8ce unique ! Pour ceux qui aiment la convivialit\u00e9, m\u00eame dans des espaces limit\u00e9s, deux versions de Drive extensible sont disponibles : l'une pour le plateau en verre raffin\u00e9, avec impression d\u00e9corative CrystalArt en diff\u00e9rentes couleurs, et l'autre pour le plateau en c\u00e9ramique Marmi, dans plusieurs teintes exclusives, pour rendre chaque environnement remarquable.","og_url":"https:\/\/www.waltlouise.be\/produit\/table-salle-a-manger-tyron-cattelan-italia\/","og_site_name":"WaltLouise","article_modified_time":"2024-03-26T14:21:32+00:00","og_image":[{"width":1200,"height":735,"url":"https:\/\/www.waltlouise.be\/wp-content\/uploads\/2024\/03\/Table-TYRON-CATTELAN-ITALIA-keramik.jpg","type":"image\/jpeg"}],"twitter_card":"summary_large_image","twitter_misc":{"Geschatte leestijd":"1 minuut"},"schema":{"@context":"https:\/\/schema.org","@graph":[{"@type":"WebPage","@id":"https:\/\/www.waltlouise.be\/produit\/table-salle-a-manger-tyron-cattelan-italia\/","url":"https:\/\/www.waltlouise.be\/produit\/table-salle-a-manger-tyron-cattelan-italia\/","name":"Table Tyron - Cattelan Italia - WaltLouise","isPartOf":{"@id":"https:\/\/www.waltlouise.be\/#website"},"primaryImageOfPage":{"@id":"https:\/\/www.waltlouise.be\/produit\/table-salle-a-manger-tyron-cattelan-italia\/#primaryimage"},"image":{"@id":"https:\/\/www.waltlouise.be\/produit\/table-salle-a-manger-tyron-cattelan-italia\/#primaryimage"},"thumbnailUrl":"https:\/\/www.waltlouise.be\/wp-content\/uploads\/2024\/03\/Table-TYRON-CATTELAN-ITALIA-keramik.jpg","datePublished":"2024-03-22T13:47:01+00:00","dateModified":"2024-03-26T14:21:32+00:00","description":"Tyron est la famille de tables design, con\u00e7ue par Paolo Cattelan, qui inaugure une nouvelle vision de l'espace de vie moderne. Les jeux de styles entre la base iconique et le plateau personnalisable font de chaque version une pi\u00e8ce extraordinaire de design contemporain. Wood, Keramik et Keramik Premium sont les options pour le salon moderne qui rendent hommage aux mat\u00e9riaux les plus nobles de la production italienne. En outre, de fines essences ornent le plateau Masterwood, une pi\u00e8ce d'\u00e9b\u00e9nisterie unique sur le march\u00e9 dont la technique de production exclusive fait de chaque table une pi\u00e8ce unique ! Pour ceux qui aiment la convivialit\u00e9, m\u00eame dans des espaces limit\u00e9s, deux versions de Drive extensible sont disponibles : l'une pour le plateau en verre raffin\u00e9, avec impression d\u00e9corative CrystalArt en diff\u00e9rentes couleurs, et l'autre pour le plateau en c\u00e9ramique Marmi, dans plusieurs teintes exclusives, pour rendre chaque environnement remarquable.","breadcrumb":{"@id":"https:\/\/www.waltlouise.be\/produit\/table-salle-a-manger-tyron-cattelan-italia\/#breadcrumb"},"inLanguage":"nl-NL","potentialAction":[{"@type":"ReadAction","target":["https:\/\/www.waltlouise.be\/produit\/table-salle-a-manger-tyron-cattelan-italia\/"]}]},{"@type":"ImageObject","inLanguage":"nl-NL","@id":"https:\/\/www.waltlouise.be\/produit\/table-salle-a-manger-tyron-cattelan-italia\/#primaryimage","url":"https:\/\/www.waltlouise.be\/wp-content\/uploads\/2024\/03\/Table-TYRON-CATTELAN-ITALIA-keramik.jpg","contentUrl":"https:\/\/www.waltlouise.be\/wp-content\/uploads\/2024\/03\/Table-TYRON-CATTELAN-ITALIA-keramik.jpg","width":1200,"height":735},{"@type":"BreadcrumbList","@id":"https:\/\/www.waltlouise.be\/produit\/table-salle-a-manger-tyron-cattelan-italia\/#breadcrumb","itemListElement":[{"@type":"ListItem","position":1,"name":"Accueil","item":"https:\/\/www.waltlouise.be\/nl\/"},{"@type":"ListItem","position":2,"name":"Onze producten","item":"https:\/\/www.waltlouise.be\/nl\/onze-producten\/"},{"@type":"ListItem","position":3,"name":"Table Tyron &#8211; Cattelan Italia"}]},{"@type":"WebSite","@id":"https:\/\/www.waltlouise.be\/#website","url":"https:\/\/www.waltlouise.be\/","name":"WaltLouise","description":"Walt Louise \u2013 Bienvenue sur le site de WaltLouise| Accueil | Des r\u00e9\u00e9ditions de vaisselier, de grandes \u00e9tag\u00e8res aux lignes \u00e9pur\u00e9es c\u00f4toient des pi\u00e8ces con\u00e7ues \u00e0 la demande.","potentialAction":[{"@type":"SearchAction","target":{"@type":"EntryPoint","urlTemplate":"https:\/\/www.waltlouise.be\/?s={search_term_string}"},"query-input":{"@type":"PropertyValueSpecification","valueRequired":true,"valueName":"search_term_string"}}],"inLanguage":"nl-NL"}]}},"_links":{"self":[{"href":"https:\/\/www.waltlouise.be\/nl\/wp-json\/wp\/v2\/product\/7180","targetHints":{"allow":["GET"]}}],"collection":[{"href":"https:\/\/www.waltlouise.be\/nl\/wp-json\/wp\/v2\/product"}],"about":[{"href":"https:\/\/www.waltlouise.be\/nl\/wp-json\/wp\/v2\/types\/product"}],"replies":[{"embeddable":true,"href":"https:\/\/www.waltlouise.be\/nl\/wp-json\/wp\/v2\/comments?post=7180"}],"wp:featuredmedia":[{"embeddable":true,"href":"https:\/\/www.waltlouise.be\/nl\/wp-json\/wp\/v2\/media\/7205"}],"wp:attachment":[{"href":"https:\/\/www.waltlouise.be\/nl\/wp-json\/wp\/v2\/media?parent=7180"}],"wp:term":[{"taxonomy":"product_brand","embeddable":true,"href":"https:\/\/www.waltlouise.be\/nl\/wp-json\/wp\/v2\/product_brand?post=7180"},{"taxonomy":"product_cat","embeddable":true,"href":"https:\/\/www.waltlouise.be\/nl\/wp-json\/wp\/v2\/product_cat?post=7180"},{"taxonomy":"product_tag","embeddable":true,"href":"https:\/\/www.waltlouise.be\/nl\/wp-json\/wp\/v2\/product_tag?post=7180"}],"curies":[{"name":"wp","href":"https:\/\/api.w.org\/{rel}","templated":true}]}}