{"id":7067,"date":"2024-03-22T11:55:37","date_gmt":"2024-03-22T10:55:37","guid":{"rendered":"https:\/\/www.waltlouise.be\/?post_type=product&#038;p=7067"},"modified":"2024-04-02T14:20:34","modified_gmt":"2024-04-02T12:20:34","slug":"table-de-salon-grid-artisan","status":"publish","type":"product","link":"https:\/\/www.waltlouise.be\/nl\/product\/table-de-salon-grid-artisan\/","title":{"rendered":"Table de salon Grid &#8211; ARTISAN"},"content":{"rendered":"<p>L&#8217;\u00e9l\u00e9gance discr\u00e8te de la table basse Grid &#8211; une v\u00e9ritable \u0153uvre d&#8217;art qui allie harmonieusement beaut\u00e9 discr\u00e8te et fonctionnalit\u00e9. Son vaste plateau l\u00e9g\u00e8rement arrondi est gracieusement ancr\u00e9 dans une base robuste orn\u00e9e de d\u00e9tails perfor\u00e9s complexes.<\/p>\n","protected":false},"excerpt":{"rendered":"<p>L\u2019amour du bois et 50 ans d\u2019exp\u00e9rience dans la transformation de celui-ci, Artisan est en mesure de produire des conceptions pr\u00e9cises, aux courbes s\u00e9duisantes, complexes et ma\u00eetris\u00e9es. Leur collection de meubles, luminaires et accessoires, et objets destin\u00e9s \u00e0 un usage priv\u00e9 et contractuel, sont con\u00e7us par des designers de renomm\u00e9e internationale.<\/p>\n","protected":false},"featured_media":7072,"comment_status":"open","ping_status":"closed","template":"","meta":{"_acf_changed":false},"product_brand":[],"product_cat":[96,102],"product_tag":[],"class_list":{"0":"post-7067","1":"product","2":"type-product","3":"status-publish","4":"has-post-thumbnail","6":"product_cat-salons","7":"product_cat-table-de-salon","9":"first","10":"onbackorder","11":"shipping-taxable","12":"purchasable","13":"product-type-simple"},"acf":[],"yoast_head":"<!-- This site is optimized with the Yoast SEO plugin v27.2 - https:\/\/yoast.com\/product\/yoast-seo-wordpress\/ -->\n<title>Table de salon Grid - ARTISAN - WaltLouise<\/title>\n<meta name=\"description\" content=\"L\u2019amour du bois et 50 ans d\u2019exp\u00e9rience dans la transformation de celui-ci, Artisan est en mesure de produire des conceptions pr\u00e9cises, aux courbes s\u00e9duisantes, complexes et ma\u00eetris\u00e9es. Leur collection de meubles, luminaires et accessoires, et objets destin\u00e9s \u00e0 un usage priv\u00e9 et contractuel, sont con\u00e7us par des designers de renomm\u00e9e internationale.\" \/>\n<meta name=\"robots\" content=\"index, follow, max-snippet:-1, max-image-preview:large, max-video-preview:-1\" \/>\n<link rel=\"canonical\" href=\"https:\/\/www.waltlouise.be\/produit\/table-de-salon-grid-artisan\/\" \/>\n<meta property=\"og:locale\" content=\"nl_NL\" \/>\n<meta property=\"og:type\" content=\"article\" \/>\n<meta property=\"og:title\" content=\"Table de salon Grid - ARTISAN - WaltLouise\" \/>\n<meta property=\"og:description\" content=\"L\u2019amour du bois et 50 ans d\u2019exp\u00e9rience dans la transformation de celui-ci, Artisan est en mesure de produire des conceptions pr\u00e9cises, aux courbes s\u00e9duisantes, complexes et ma\u00eetris\u00e9es. Leur collection de meubles, luminaires et accessoires, et objets destin\u00e9s \u00e0 un usage priv\u00e9 et contractuel, sont con\u00e7us par des designers de renomm\u00e9e internationale.\" \/>\n<meta property=\"og:url\" content=\"https:\/\/www.waltlouise.be\/produit\/table-de-salon-grid-artisan\/\" \/>\n<meta property=\"og:site_name\" content=\"WaltLouise\" \/>\n<meta property=\"article:modified_time\" content=\"2024-04-02T12:20:34+00:00\" \/>\n<meta property=\"og:image\" content=\"https:\/\/www.waltlouise.be\/wp-content\/uploads\/2024\/03\/Table-de-salon-ARTISAN-3-GRID-noyer-chene-1024x683.png\" \/>\n\t<meta property=\"og:image:width\" content=\"1024\" \/>\n\t<meta property=\"og:image:height\" content=\"683\" \/>\n\t<meta property=\"og:image:type\" content=\"image\/png\" \/>\n<meta name=\"twitter:card\" content=\"summary_large_image\" \/>\n<meta name=\"twitter:label1\" content=\"Geschatte leestijd\" \/>\n\t<meta name=\"twitter:data1\" content=\"1 minuut\" \/>\n<script type=\"application\/ld+json\" class=\"yoast-schema-graph\">{\"@context\":\"https:\/\/schema.org\",\"@graph\":[{\"@type\":\"WebPage\",\"@id\":\"https:\/\/www.waltlouise.be\/produit\/table-de-salon-grid-artisan\/\",\"url\":\"https:\/\/www.waltlouise.be\/produit\/table-de-salon-grid-artisan\/\",\"name\":\"Table de salon Grid - ARTISAN - WaltLouise\",\"isPartOf\":{\"@id\":\"https:\/\/www.waltlouise.be\/#website\"},\"primaryImageOfPage\":{\"@id\":\"https:\/\/www.waltlouise.be\/produit\/table-de-salon-grid-artisan\/#primaryimage\"},\"image\":{\"@id\":\"https:\/\/www.waltlouise.be\/produit\/table-de-salon-grid-artisan\/#primaryimage\"},\"thumbnailUrl\":\"https:\/\/www.waltlouise.be\/wp-content\/uploads\/2024\/03\/Table-de-salon-ARTISAN-3-GRID-noyer-chene.png\",\"datePublished\":\"2024-03-22T10:55:37+00:00\",\"dateModified\":\"2024-04-02T12:20:34+00:00\",\"description\":\"L\u2019amour du bois et 50 ans d\u2019exp\u00e9rience dans la transformation de celui-ci, Artisan est en mesure de produire des conceptions pr\u00e9cises, aux courbes s\u00e9duisantes, complexes et ma\u00eetris\u00e9es. Leur collection de meubles, luminaires et accessoires, et objets destin\u00e9s \u00e0 un usage priv\u00e9 et contractuel, sont con\u00e7us par des designers de renomm\u00e9e internationale.\",\"breadcrumb\":{\"@id\":\"https:\/\/www.waltlouise.be\/produit\/table-de-salon-grid-artisan\/#breadcrumb\"},\"inLanguage\":\"nl-NL\",\"potentialAction\":[{\"@type\":\"ReadAction\",\"target\":[\"https:\/\/www.waltlouise.be\/produit\/table-de-salon-grid-artisan\/\"]}]},{\"@type\":\"ImageObject\",\"inLanguage\":\"nl-NL\",\"@id\":\"https:\/\/www.waltlouise.be\/produit\/table-de-salon-grid-artisan\/#primaryimage\",\"url\":\"https:\/\/www.waltlouise.be\/wp-content\/uploads\/2024\/03\/Table-de-salon-ARTISAN-3-GRID-noyer-chene.png\",\"contentUrl\":\"https:\/\/www.waltlouise.be\/wp-content\/uploads\/2024\/03\/Table-de-salon-ARTISAN-3-GRID-noyer-chene.png\",\"width\":3000,\"height\":2000},{\"@type\":\"BreadcrumbList\",\"@id\":\"https:\/\/www.waltlouise.be\/produit\/table-de-salon-grid-artisan\/#breadcrumb\",\"itemListElement\":[{\"@type\":\"ListItem\",\"position\":1,\"name\":\"Accueil\",\"item\":\"https:\/\/www.waltlouise.be\/nl\/\"},{\"@type\":\"ListItem\",\"position\":2,\"name\":\"Onze producten\",\"item\":\"https:\/\/www.waltlouise.be\/nl\/onze-producten\/\"},{\"@type\":\"ListItem\",\"position\":3,\"name\":\"Table de salon Grid &#8211; ARTISAN\"}]},{\"@type\":\"WebSite\",\"@id\":\"https:\/\/www.waltlouise.be\/#website\",\"url\":\"https:\/\/www.waltlouise.be\/\",\"name\":\"WaltLouise\",\"description\":\"Walt Louise \u2013 Bienvenue sur le site de WaltLouise| Accueil | Des r\u00e9\u00e9ditions de vaisselier, de grandes \u00e9tag\u00e8res aux lignes \u00e9pur\u00e9es c\u00f4toient des pi\u00e8ces con\u00e7ues \u00e0 la demande.\",\"potentialAction\":[{\"@type\":\"SearchAction\",\"target\":{\"@type\":\"EntryPoint\",\"urlTemplate\":\"https:\/\/www.waltlouise.be\/?s={search_term_string}\"},\"query-input\":{\"@type\":\"PropertyValueSpecification\",\"valueRequired\":true,\"valueName\":\"search_term_string\"}}],\"inLanguage\":\"nl-NL\"}]}<\/script>\n<!-- \/ Yoast SEO plugin. -->","yoast_head_json":{"title":"Table de salon Grid - ARTISAN - WaltLouise","description":"L\u2019amour du bois et 50 ans d\u2019exp\u00e9rience dans la transformation de celui-ci, Artisan est en mesure de produire des conceptions pr\u00e9cises, aux courbes s\u00e9duisantes, complexes et ma\u00eetris\u00e9es. Leur collection de meubles, luminaires et accessoires, et objets destin\u00e9s \u00e0 un usage priv\u00e9 et contractuel, sont con\u00e7us par des designers de renomm\u00e9e internationale.","robots":{"index":"index","follow":"follow","max-snippet":"max-snippet:-1","max-image-preview":"max-image-preview:large","max-video-preview":"max-video-preview:-1"},"canonical":"https:\/\/www.waltlouise.be\/produit\/table-de-salon-grid-artisan\/","og_locale":"nl_NL","og_type":"article","og_title":"Table de salon Grid - ARTISAN - WaltLouise","og_description":"L\u2019amour du bois et 50 ans d\u2019exp\u00e9rience dans la transformation de celui-ci, Artisan est en mesure de produire des conceptions pr\u00e9cises, aux courbes s\u00e9duisantes, complexes et ma\u00eetris\u00e9es. Leur collection de meubles, luminaires et accessoires, et objets destin\u00e9s \u00e0 un usage priv\u00e9 et contractuel, sont con\u00e7us par des designers de renomm\u00e9e internationale.","og_url":"https:\/\/www.waltlouise.be\/produit\/table-de-salon-grid-artisan\/","og_site_name":"WaltLouise","article_modified_time":"2024-04-02T12:20:34+00:00","og_image":[{"width":1024,"height":683,"url":"https:\/\/www.waltlouise.be\/wp-content\/uploads\/2024\/03\/Table-de-salon-ARTISAN-3-GRID-noyer-chene-1024x683.png","type":"image\/png"}],"twitter_card":"summary_large_image","twitter_misc":{"Geschatte leestijd":"1 minuut"},"schema":{"@context":"https:\/\/schema.org","@graph":[{"@type":"WebPage","@id":"https:\/\/www.waltlouise.be\/produit\/table-de-salon-grid-artisan\/","url":"https:\/\/www.waltlouise.be\/produit\/table-de-salon-grid-artisan\/","name":"Table de salon Grid - ARTISAN - WaltLouise","isPartOf":{"@id":"https:\/\/www.waltlouise.be\/#website"},"primaryImageOfPage":{"@id":"https:\/\/www.waltlouise.be\/produit\/table-de-salon-grid-artisan\/#primaryimage"},"image":{"@id":"https:\/\/www.waltlouise.be\/produit\/table-de-salon-grid-artisan\/#primaryimage"},"thumbnailUrl":"https:\/\/www.waltlouise.be\/wp-content\/uploads\/2024\/03\/Table-de-salon-ARTISAN-3-GRID-noyer-chene.png","datePublished":"2024-03-22T10:55:37+00:00","dateModified":"2024-04-02T12:20:34+00:00","description":"L\u2019amour du bois et 50 ans d\u2019exp\u00e9rience dans la transformation de celui-ci, Artisan est en mesure de produire des conceptions pr\u00e9cises, aux courbes s\u00e9duisantes, complexes et ma\u00eetris\u00e9es. Leur collection de meubles, luminaires et accessoires, et objets destin\u00e9s \u00e0 un usage priv\u00e9 et contractuel, sont con\u00e7us par des designers de renomm\u00e9e internationale.","breadcrumb":{"@id":"https:\/\/www.waltlouise.be\/produit\/table-de-salon-grid-artisan\/#breadcrumb"},"inLanguage":"nl-NL","potentialAction":[{"@type":"ReadAction","target":["https:\/\/www.waltlouise.be\/produit\/table-de-salon-grid-artisan\/"]}]},{"@type":"ImageObject","inLanguage":"nl-NL","@id":"https:\/\/www.waltlouise.be\/produit\/table-de-salon-grid-artisan\/#primaryimage","url":"https:\/\/www.waltlouise.be\/wp-content\/uploads\/2024\/03\/Table-de-salon-ARTISAN-3-GRID-noyer-chene.png","contentUrl":"https:\/\/www.waltlouise.be\/wp-content\/uploads\/2024\/03\/Table-de-salon-ARTISAN-3-GRID-noyer-chene.png","width":3000,"height":2000},{"@type":"BreadcrumbList","@id":"https:\/\/www.waltlouise.be\/produit\/table-de-salon-grid-artisan\/#breadcrumb","itemListElement":[{"@type":"ListItem","position":1,"name":"Accueil","item":"https:\/\/www.waltlouise.be\/nl\/"},{"@type":"ListItem","position":2,"name":"Onze producten","item":"https:\/\/www.waltlouise.be\/nl\/onze-producten\/"},{"@type":"ListItem","position":3,"name":"Table de salon Grid &#8211; ARTISAN"}]},{"@type":"WebSite","@id":"https:\/\/www.waltlouise.be\/#website","url":"https:\/\/www.waltlouise.be\/","name":"WaltLouise","description":"Walt Louise \u2013 Bienvenue sur le site de WaltLouise| Accueil | Des r\u00e9\u00e9ditions de vaisselier, de grandes \u00e9tag\u00e8res aux lignes \u00e9pur\u00e9es c\u00f4toient des pi\u00e8ces con\u00e7ues \u00e0 la demande.","potentialAction":[{"@type":"SearchAction","target":{"@type":"EntryPoint","urlTemplate":"https:\/\/www.waltlouise.be\/?s={search_term_string}"},"query-input":{"@type":"PropertyValueSpecification","valueRequired":true,"valueName":"search_term_string"}}],"inLanguage":"nl-NL"}]}},"_links":{"self":[{"href":"https:\/\/www.waltlouise.be\/nl\/wp-json\/wp\/v2\/product\/7067","targetHints":{"allow":["GET"]}}],"collection":[{"href":"https:\/\/www.waltlouise.be\/nl\/wp-json\/wp\/v2\/product"}],"about":[{"href":"https:\/\/www.waltlouise.be\/nl\/wp-json\/wp\/v2\/types\/product"}],"replies":[{"embeddable":true,"href":"https:\/\/www.waltlouise.be\/nl\/wp-json\/wp\/v2\/comments?post=7067"}],"wp:featuredmedia":[{"embeddable":true,"href":"https:\/\/www.waltlouise.be\/nl\/wp-json\/wp\/v2\/media\/7072"}],"wp:attachment":[{"href":"https:\/\/www.waltlouise.be\/nl\/wp-json\/wp\/v2\/media?parent=7067"}],"wp:term":[{"taxonomy":"product_brand","embeddable":true,"href":"https:\/\/www.waltlouise.be\/nl\/wp-json\/wp\/v2\/product_brand?post=7067"},{"taxonomy":"product_cat","embeddable":true,"href":"https:\/\/www.waltlouise.be\/nl\/wp-json\/wp\/v2\/product_cat?post=7067"},{"taxonomy":"product_tag","embeddable":true,"href":"https:\/\/www.waltlouise.be\/nl\/wp-json\/wp\/v2\/product_tag?post=7067"}],"curies":[{"name":"wp","href":"https:\/\/api.w.org\/{rel}","templated":true}]}}