{"id":7049,"date":"2024-03-22T11:26:20","date_gmt":"2024-03-22T10:26:20","guid":{"rendered":"https:\/\/www.waltlouise.be\/?post_type=product&#038;p=7049"},"modified":"2024-04-02T14:22:05","modified_gmt":"2024-04-02T12:22:05","slug":"table-basse-bloop-artisan","status":"publish","type":"product","link":"https:\/\/www.waltlouise.be\/nl\/product\/table-basse-bloop-artisan\/","title":{"rendered":"Table basse BLOOP &#8211; ARTISAN"},"content":{"rendered":"<p>L\u2019amour du bois et 50 ans d\u2019exp\u00e9rience dans la transformation de celui-ci, Artisan est en mesure de produire des conceptions pr\u00e9cises, aux courbes s\u00e9duisantes, complexes et ma\u00eetris\u00e9es. Leur collection de meubles, luminaires et accessoires, et objets destin\u00e9s \u00e0 un usage priv\u00e9 et contractuel, sont con\u00e7us par des designers de renomm\u00e9e internationale.<\/p>\n","protected":false},"excerpt":{"rendered":"<p>Les tables basses se distinguent par la hauteur et la taille des cercles, par les variations adapt\u00e9es \u00e0 l&#8217;utilisation et par les possibilit\u00e9s de cr\u00e9er les combinaisons souhait\u00e9es.\u00a0Un mat\u00e9riau identique pour tous les segments et les jonctions douces qui se raccordent les unes aux autres sont ce qui fait que les \u00e9l\u00e9ments et l&#8217;ensemble \u00e9voquent la beaut\u00e9 organique et la sym\u00e9trie de la nature.<\/p>\n","protected":false},"featured_media":7056,"comment_status":"open","ping_status":"closed","template":"","meta":{"_acf_changed":false},"product_brand":[],"product_cat":[96,102],"product_tag":[],"class_list":{"0":"post-7049","1":"product","2":"type-product","3":"status-publish","4":"has-post-thumbnail","6":"product_cat-salons","7":"product_cat-table-de-salon","9":"first","10":"onbackorder","11":"shipping-taxable","12":"purchasable","13":"product-type-simple"},"acf":[],"yoast_head":"<!-- This site is optimized with the Yoast SEO plugin v27.2 - https:\/\/yoast.com\/product\/yoast-seo-wordpress\/ -->\n<title>Table basse BLOOP - ARTISAN - WaltLouise<\/title>\n<meta name=\"description\" content=\"Les tables basses se distinguent par la hauteur et la taille des cercles, par les variations adapt\u00e9es \u00e0 l&#039;utilisation et par les possibilit\u00e9s de cr\u00e9er les combinaisons souhait\u00e9es.\u00a0Un mat\u00e9riau identique pour tous les segments et les jonctions douces qui se raccordent les unes aux autres sont ce qui fait que les \u00e9l\u00e9ments et l&#039;ensemble \u00e9voquent la beaut\u00e9 organique et la sym\u00e9trie de la nature.\" \/>\n<meta name=\"robots\" content=\"index, follow, max-snippet:-1, max-image-preview:large, max-video-preview:-1\" \/>\n<link rel=\"canonical\" href=\"https:\/\/www.waltlouise.be\/produit\/table-basse-bloop-artisan\/\" \/>\n<meta property=\"og:locale\" content=\"nl_NL\" \/>\n<meta property=\"og:type\" content=\"article\" \/>\n<meta property=\"og:title\" content=\"Table basse BLOOP - ARTISAN - WaltLouise\" \/>\n<meta property=\"og:description\" content=\"Les tables basses se distinguent par la hauteur et la taille des cercles, par les variations adapt\u00e9es \u00e0 l&#039;utilisation et par les possibilit\u00e9s de cr\u00e9er les combinaisons souhait\u00e9es.\u00a0Un mat\u00e9riau identique pour tous les segments et les jonctions douces qui se raccordent les unes aux autres sont ce qui fait que les \u00e9l\u00e9ments et l&#039;ensemble \u00e9voquent la beaut\u00e9 organique et la sym\u00e9trie de la nature.\" \/>\n<meta property=\"og:url\" content=\"https:\/\/www.waltlouise.be\/produit\/table-basse-bloop-artisan\/\" \/>\n<meta property=\"og:site_name\" content=\"WaltLouise\" \/>\n<meta property=\"article:modified_time\" content=\"2024-04-02T12:22:05+00:00\" \/>\n<meta property=\"og:image\" content=\"https:\/\/www.waltlouise.be\/wp-content\/uploads\/2024\/03\/Table-basse-BLOOP-Artisan-noyer-chene-scaled.jpg\" \/>\n\t<meta property=\"og:image:width\" content=\"2560\" \/>\n\t<meta property=\"og:image:height\" content=\"1709\" \/>\n\t<meta property=\"og:image:type\" content=\"image\/jpeg\" \/>\n<meta name=\"twitter:card\" content=\"summary_large_image\" \/>\n<meta name=\"twitter:label1\" content=\"Geschatte leestijd\" \/>\n\t<meta name=\"twitter:data1\" content=\"1 minuut\" \/>\n<script type=\"application\/ld+json\" class=\"yoast-schema-graph\">{\"@context\":\"https:\/\/schema.org\",\"@graph\":[{\"@type\":\"WebPage\",\"@id\":\"https:\/\/www.waltlouise.be\/produit\/table-basse-bloop-artisan\/\",\"url\":\"https:\/\/www.waltlouise.be\/produit\/table-basse-bloop-artisan\/\",\"name\":\"Table basse BLOOP - ARTISAN - WaltLouise\",\"isPartOf\":{\"@id\":\"https:\/\/www.waltlouise.be\/#website\"},\"primaryImageOfPage\":{\"@id\":\"https:\/\/www.waltlouise.be\/produit\/table-basse-bloop-artisan\/#primaryimage\"},\"image\":{\"@id\":\"https:\/\/www.waltlouise.be\/produit\/table-basse-bloop-artisan\/#primaryimage\"},\"thumbnailUrl\":\"https:\/\/www.waltlouise.be\/wp-content\/uploads\/2024\/03\/Table-basse-BLOOP-Artisan-noyer-chene-scaled.jpg\",\"datePublished\":\"2024-03-22T10:26:20+00:00\",\"dateModified\":\"2024-04-02T12:22:05+00:00\",\"description\":\"Les tables basses se distinguent par la hauteur et la taille des cercles, par les variations adapt\u00e9es \u00e0 l'utilisation et par les possibilit\u00e9s de cr\u00e9er les combinaisons souhait\u00e9es.\u00a0Un mat\u00e9riau identique pour tous les segments et les jonctions douces qui se raccordent les unes aux autres sont ce qui fait que les \u00e9l\u00e9ments et l'ensemble \u00e9voquent la beaut\u00e9 organique et la sym\u00e9trie de la nature.\",\"breadcrumb\":{\"@id\":\"https:\/\/www.waltlouise.be\/produit\/table-basse-bloop-artisan\/#breadcrumb\"},\"inLanguage\":\"nl-NL\",\"potentialAction\":[{\"@type\":\"ReadAction\",\"target\":[\"https:\/\/www.waltlouise.be\/produit\/table-basse-bloop-artisan\/\"]}]},{\"@type\":\"ImageObject\",\"inLanguage\":\"nl-NL\",\"@id\":\"https:\/\/www.waltlouise.be\/produit\/table-basse-bloop-artisan\/#primaryimage\",\"url\":\"https:\/\/www.waltlouise.be\/wp-content\/uploads\/2024\/03\/Table-basse-BLOOP-Artisan-noyer-chene-scaled.jpg\",\"contentUrl\":\"https:\/\/www.waltlouise.be\/wp-content\/uploads\/2024\/03\/Table-basse-BLOOP-Artisan-noyer-chene-scaled.jpg\",\"width\":2560,\"height\":1709},{\"@type\":\"BreadcrumbList\",\"@id\":\"https:\/\/www.waltlouise.be\/produit\/table-basse-bloop-artisan\/#breadcrumb\",\"itemListElement\":[{\"@type\":\"ListItem\",\"position\":1,\"name\":\"Accueil\",\"item\":\"https:\/\/www.waltlouise.be\/nl\/\"},{\"@type\":\"ListItem\",\"position\":2,\"name\":\"Onze producten\",\"item\":\"https:\/\/www.waltlouise.be\/nl\/onze-producten\/\"},{\"@type\":\"ListItem\",\"position\":3,\"name\":\"Table basse BLOOP &#8211; ARTISAN\"}]},{\"@type\":\"WebSite\",\"@id\":\"https:\/\/www.waltlouise.be\/#website\",\"url\":\"https:\/\/www.waltlouise.be\/\",\"name\":\"WaltLouise\",\"description\":\"Walt Louise \u2013 Bienvenue sur le site de WaltLouise| Accueil | Des r\u00e9\u00e9ditions de vaisselier, de grandes \u00e9tag\u00e8res aux lignes \u00e9pur\u00e9es c\u00f4toient des pi\u00e8ces con\u00e7ues \u00e0 la demande.\",\"potentialAction\":[{\"@type\":\"SearchAction\",\"target\":{\"@type\":\"EntryPoint\",\"urlTemplate\":\"https:\/\/www.waltlouise.be\/?s={search_term_string}\"},\"query-input\":{\"@type\":\"PropertyValueSpecification\",\"valueRequired\":true,\"valueName\":\"search_term_string\"}}],\"inLanguage\":\"nl-NL\"}]}<\/script>\n<!-- \/ Yoast SEO plugin. -->","yoast_head_json":{"title":"Table basse BLOOP - ARTISAN - WaltLouise","description":"Les tables basses se distinguent par la hauteur et la taille des cercles, par les variations adapt\u00e9es \u00e0 l'utilisation et par les possibilit\u00e9s de cr\u00e9er les combinaisons souhait\u00e9es.\u00a0Un mat\u00e9riau identique pour tous les segments et les jonctions douces qui se raccordent les unes aux autres sont ce qui fait que les \u00e9l\u00e9ments et l'ensemble \u00e9voquent la beaut\u00e9 organique et la sym\u00e9trie de la nature.","robots":{"index":"index","follow":"follow","max-snippet":"max-snippet:-1","max-image-preview":"max-image-preview:large","max-video-preview":"max-video-preview:-1"},"canonical":"https:\/\/www.waltlouise.be\/produit\/table-basse-bloop-artisan\/","og_locale":"nl_NL","og_type":"article","og_title":"Table basse BLOOP - ARTISAN - WaltLouise","og_description":"Les tables basses se distinguent par la hauteur et la taille des cercles, par les variations adapt\u00e9es \u00e0 l'utilisation et par les possibilit\u00e9s de cr\u00e9er les combinaisons souhait\u00e9es.\u00a0Un mat\u00e9riau identique pour tous les segments et les jonctions douces qui se raccordent les unes aux autres sont ce qui fait que les \u00e9l\u00e9ments et l'ensemble \u00e9voquent la beaut\u00e9 organique et la sym\u00e9trie de la nature.","og_url":"https:\/\/www.waltlouise.be\/produit\/table-basse-bloop-artisan\/","og_site_name":"WaltLouise","article_modified_time":"2024-04-02T12:22:05+00:00","og_image":[{"width":2560,"height":1709,"url":"https:\/\/www.waltlouise.be\/wp-content\/uploads\/2024\/03\/Table-basse-BLOOP-Artisan-noyer-chene-scaled.jpg","type":"image\/jpeg"}],"twitter_card":"summary_large_image","twitter_misc":{"Geschatte leestijd":"1 minuut"},"schema":{"@context":"https:\/\/schema.org","@graph":[{"@type":"WebPage","@id":"https:\/\/www.waltlouise.be\/produit\/table-basse-bloop-artisan\/","url":"https:\/\/www.waltlouise.be\/produit\/table-basse-bloop-artisan\/","name":"Table basse BLOOP - ARTISAN - WaltLouise","isPartOf":{"@id":"https:\/\/www.waltlouise.be\/#website"},"primaryImageOfPage":{"@id":"https:\/\/www.waltlouise.be\/produit\/table-basse-bloop-artisan\/#primaryimage"},"image":{"@id":"https:\/\/www.waltlouise.be\/produit\/table-basse-bloop-artisan\/#primaryimage"},"thumbnailUrl":"https:\/\/www.waltlouise.be\/wp-content\/uploads\/2024\/03\/Table-basse-BLOOP-Artisan-noyer-chene-scaled.jpg","datePublished":"2024-03-22T10:26:20+00:00","dateModified":"2024-04-02T12:22:05+00:00","description":"Les tables basses se distinguent par la hauteur et la taille des cercles, par les variations adapt\u00e9es \u00e0 l'utilisation et par les possibilit\u00e9s de cr\u00e9er les combinaisons souhait\u00e9es.\u00a0Un mat\u00e9riau identique pour tous les segments et les jonctions douces qui se raccordent les unes aux autres sont ce qui fait que les \u00e9l\u00e9ments et l'ensemble \u00e9voquent la beaut\u00e9 organique et la sym\u00e9trie de la nature.","breadcrumb":{"@id":"https:\/\/www.waltlouise.be\/produit\/table-basse-bloop-artisan\/#breadcrumb"},"inLanguage":"nl-NL","potentialAction":[{"@type":"ReadAction","target":["https:\/\/www.waltlouise.be\/produit\/table-basse-bloop-artisan\/"]}]},{"@type":"ImageObject","inLanguage":"nl-NL","@id":"https:\/\/www.waltlouise.be\/produit\/table-basse-bloop-artisan\/#primaryimage","url":"https:\/\/www.waltlouise.be\/wp-content\/uploads\/2024\/03\/Table-basse-BLOOP-Artisan-noyer-chene-scaled.jpg","contentUrl":"https:\/\/www.waltlouise.be\/wp-content\/uploads\/2024\/03\/Table-basse-BLOOP-Artisan-noyer-chene-scaled.jpg","width":2560,"height":1709},{"@type":"BreadcrumbList","@id":"https:\/\/www.waltlouise.be\/produit\/table-basse-bloop-artisan\/#breadcrumb","itemListElement":[{"@type":"ListItem","position":1,"name":"Accueil","item":"https:\/\/www.waltlouise.be\/nl\/"},{"@type":"ListItem","position":2,"name":"Onze producten","item":"https:\/\/www.waltlouise.be\/nl\/onze-producten\/"},{"@type":"ListItem","position":3,"name":"Table basse BLOOP &#8211; ARTISAN"}]},{"@type":"WebSite","@id":"https:\/\/www.waltlouise.be\/#website","url":"https:\/\/www.waltlouise.be\/","name":"WaltLouise","description":"Walt Louise \u2013 Bienvenue sur le site de WaltLouise| Accueil | Des r\u00e9\u00e9ditions de vaisselier, de grandes \u00e9tag\u00e8res aux lignes \u00e9pur\u00e9es c\u00f4toient des pi\u00e8ces con\u00e7ues \u00e0 la demande.","potentialAction":[{"@type":"SearchAction","target":{"@type":"EntryPoint","urlTemplate":"https:\/\/www.waltlouise.be\/?s={search_term_string}"},"query-input":{"@type":"PropertyValueSpecification","valueRequired":true,"valueName":"search_term_string"}}],"inLanguage":"nl-NL"}]}},"_links":{"self":[{"href":"https:\/\/www.waltlouise.be\/nl\/wp-json\/wp\/v2\/product\/7049","targetHints":{"allow":["GET"]}}],"collection":[{"href":"https:\/\/www.waltlouise.be\/nl\/wp-json\/wp\/v2\/product"}],"about":[{"href":"https:\/\/www.waltlouise.be\/nl\/wp-json\/wp\/v2\/types\/product"}],"replies":[{"embeddable":true,"href":"https:\/\/www.waltlouise.be\/nl\/wp-json\/wp\/v2\/comments?post=7049"}],"wp:featuredmedia":[{"embeddable":true,"href":"https:\/\/www.waltlouise.be\/nl\/wp-json\/wp\/v2\/media\/7056"}],"wp:attachment":[{"href":"https:\/\/www.waltlouise.be\/nl\/wp-json\/wp\/v2\/media?parent=7049"}],"wp:term":[{"taxonomy":"product_brand","embeddable":true,"href":"https:\/\/www.waltlouise.be\/nl\/wp-json\/wp\/v2\/product_brand?post=7049"},{"taxonomy":"product_cat","embeddable":true,"href":"https:\/\/www.waltlouise.be\/nl\/wp-json\/wp\/v2\/product_cat?post=7049"},{"taxonomy":"product_tag","embeddable":true,"href":"https:\/\/www.waltlouise.be\/nl\/wp-json\/wp\/v2\/product_tag?post=7049"}],"curies":[{"name":"wp","href":"https:\/\/api.w.org\/{rel}","templated":true}]}}