{"id":7025,"date":"2024-03-16T16:16:44","date_gmt":"2024-03-16T15:16:44","guid":{"rendered":"https:\/\/www.waltlouise.be\/?post_type=product&#038;p=7025"},"modified":"2024-03-22T14:38:17","modified_gmt":"2024-03-22T13:38:17","slug":"canape-krisby","status":"publish","type":"product","link":"https:\/\/www.waltlouise.be\/nl\/product\/canape-krisby\/","title":{"rendered":"Canap\u00e9 Krisby"},"content":{"rendered":"<p>Le design des produits de Ditre Italia permet la cr\u00e9ation d&#8217;un univers int\u00e9rieur exclusif, un ensemble harmonieux qui refl\u00e8te une mani\u00e8re tr\u00e8s personnelle d&#8217;envisager la maison dans son int\u00e9gralit\u00e9. La collection riche et vari\u00e9e permet un am\u00e9nagement tr\u00e8s complet de votre int\u00e9rieur.<\/p>\n<div id=\"ConnectiveDocSignExtentionInstalled\" data-extension-version=\"1.0.4\"><\/div>\n","protected":false},"excerpt":{"rendered":"<p>Un syst\u00e8me canap\u00e9 composable se distinguant par des pieds aux lignes fluides r\u00e9alis\u00e9s en alliage m\u00e9tallique. Krisby d\u00e9finit son identit\u00e9 avec deux mod\u00e8les d\u2019accoudoir amovible. Avec un rembourrage moelleux en plumes pour une version plus informelle, de forme rectangulaire pour une version plus classique<\/p>\n<div id=\"ConnectiveDocSignExtentionInstalled\" data-extension-version=\"1.0.4\"><\/div>\n","protected":false},"featured_media":7032,"comment_status":"open","ping_status":"closed","template":"","meta":{"_acf_changed":false},"product_brand":[],"product_cat":[98,96],"product_tag":[],"class_list":{"0":"post-7025","1":"product","2":"type-product","3":"status-publish","4":"has-post-thumbnail","6":"product_cat-canapes","7":"product_cat-salons","9":"first","10":"onbackorder","11":"shipping-taxable","12":"purchasable","13":"product-type-simple"},"acf":[],"yoast_head":"<!-- This site is optimized with the Yoast SEO plugin v27.2 - https:\/\/yoast.com\/product\/yoast-seo-wordpress\/ -->\n<title>Canap\u00e9 Krisby - WaltLouise<\/title>\n<meta name=\"description\" content=\"Un syst\u00e8me canap\u00e9 composable se distinguant par des pieds aux lignes fluides r\u00e9alis\u00e9s en alliage m\u00e9tallique. Krisby d\u00e9finit son identit\u00e9 avec deux mod\u00e8les d\u2019accoudoir amovible. Avec un rembourrage moelleux en plumes pour une version plus informelle, de forme rectangulaire pour une version plus classique\" \/>\n<meta name=\"robots\" content=\"index, follow, max-snippet:-1, max-image-preview:large, max-video-preview:-1\" \/>\n<link rel=\"canonical\" href=\"https:\/\/www.waltlouise.be\/produit\/canape-krisby\/\" \/>\n<meta property=\"og:locale\" content=\"nl_NL\" \/>\n<meta property=\"og:type\" content=\"article\" \/>\n<meta property=\"og:title\" content=\"Canap\u00e9 Krisby - WaltLouise\" \/>\n<meta property=\"og:description\" content=\"Un syst\u00e8me canap\u00e9 composable se distinguant par des pieds aux lignes fluides r\u00e9alis\u00e9s en alliage m\u00e9tallique. Krisby d\u00e9finit son identit\u00e9 avec deux mod\u00e8les d\u2019accoudoir amovible. Avec un rembourrage moelleux en plumes pour une version plus informelle, de forme rectangulaire pour une version plus classique\" \/>\n<meta property=\"og:url\" content=\"https:\/\/www.waltlouise.be\/produit\/canape-krisby\/\" \/>\n<meta property=\"og:site_name\" content=\"WaltLouise\" \/>\n<meta property=\"article:modified_time\" content=\"2024-03-22T13:38:17+00:00\" \/>\n<meta property=\"og:image\" content=\"https:\/\/www.waltlouise.be\/wp-content\/uploads\/2024\/03\/SofaCollection-2021_Krisby_-06-1024x683.jpg\" \/>\n\t<meta property=\"og:image:width\" content=\"1024\" \/>\n\t<meta property=\"og:image:height\" content=\"683\" \/>\n\t<meta property=\"og:image:type\" content=\"image\/jpeg\" \/>\n<meta name=\"twitter:card\" content=\"summary_large_image\" \/>\n<meta name=\"twitter:label1\" content=\"Geschatte leestijd\" \/>\n\t<meta name=\"twitter:data1\" content=\"1 minuut\" \/>\n<script type=\"application\/ld+json\" class=\"yoast-schema-graph\">{\"@context\":\"https:\/\/schema.org\",\"@graph\":[{\"@type\":\"WebPage\",\"@id\":\"https:\/\/www.waltlouise.be\/produit\/canape-krisby\/\",\"url\":\"https:\/\/www.waltlouise.be\/produit\/canape-krisby\/\",\"name\":\"Canap\u00e9 Krisby - WaltLouise\",\"isPartOf\":{\"@id\":\"https:\/\/www.waltlouise.be\/#website\"},\"primaryImageOfPage\":{\"@id\":\"https:\/\/www.waltlouise.be\/produit\/canape-krisby\/#primaryimage\"},\"image\":{\"@id\":\"https:\/\/www.waltlouise.be\/produit\/canape-krisby\/#primaryimage\"},\"thumbnailUrl\":\"https:\/\/www.waltlouise.be\/wp-content\/uploads\/2024\/03\/SofaCollection-2021_Krisby_-06-scaled.jpg\",\"datePublished\":\"2024-03-16T15:16:44+00:00\",\"dateModified\":\"2024-03-22T13:38:17+00:00\",\"description\":\"Un syst\u00e8me canap\u00e9 composable se distinguant par des pieds aux lignes fluides r\u00e9alis\u00e9s en alliage m\u00e9tallique. Krisby d\u00e9finit son identit\u00e9 avec deux mod\u00e8les d\u2019accoudoir amovible. Avec un rembourrage moelleux en plumes pour une version plus informelle, de forme rectangulaire pour une version plus classique\",\"breadcrumb\":{\"@id\":\"https:\/\/www.waltlouise.be\/produit\/canape-krisby\/#breadcrumb\"},\"inLanguage\":\"nl-NL\",\"potentialAction\":[{\"@type\":\"ReadAction\",\"target\":[\"https:\/\/www.waltlouise.be\/produit\/canape-krisby\/\"]}]},{\"@type\":\"ImageObject\",\"inLanguage\":\"nl-NL\",\"@id\":\"https:\/\/www.waltlouise.be\/produit\/canape-krisby\/#primaryimage\",\"url\":\"https:\/\/www.waltlouise.be\/wp-content\/uploads\/2024\/03\/SofaCollection-2021_Krisby_-06-scaled.jpg\",\"contentUrl\":\"https:\/\/www.waltlouise.be\/wp-content\/uploads\/2024\/03\/SofaCollection-2021_Krisby_-06-scaled.jpg\",\"width\":2560,\"height\":1707},{\"@type\":\"BreadcrumbList\",\"@id\":\"https:\/\/www.waltlouise.be\/produit\/canape-krisby\/#breadcrumb\",\"itemListElement\":[{\"@type\":\"ListItem\",\"position\":1,\"name\":\"Accueil\",\"item\":\"https:\/\/www.waltlouise.be\/nl\/\"},{\"@type\":\"ListItem\",\"position\":2,\"name\":\"Onze producten\",\"item\":\"https:\/\/www.waltlouise.be\/nl\/onze-producten\/\"},{\"@type\":\"ListItem\",\"position\":3,\"name\":\"Canap\u00e9 Krisby\"}]},{\"@type\":\"WebSite\",\"@id\":\"https:\/\/www.waltlouise.be\/#website\",\"url\":\"https:\/\/www.waltlouise.be\/\",\"name\":\"WaltLouise\",\"description\":\"Walt Louise \u2013 Bienvenue sur le site de WaltLouise| Accueil | Des r\u00e9\u00e9ditions de vaisselier, de grandes \u00e9tag\u00e8res aux lignes \u00e9pur\u00e9es c\u00f4toient des pi\u00e8ces con\u00e7ues \u00e0 la demande.\",\"potentialAction\":[{\"@type\":\"SearchAction\",\"target\":{\"@type\":\"EntryPoint\",\"urlTemplate\":\"https:\/\/www.waltlouise.be\/?s={search_term_string}\"},\"query-input\":{\"@type\":\"PropertyValueSpecification\",\"valueRequired\":true,\"valueName\":\"search_term_string\"}}],\"inLanguage\":\"nl-NL\"}]}<\/script>\n<!-- \/ Yoast SEO plugin. -->","yoast_head_json":{"title":"Canap\u00e9 Krisby - WaltLouise","description":"Un syst\u00e8me canap\u00e9 composable se distinguant par des pieds aux lignes fluides r\u00e9alis\u00e9s en alliage m\u00e9tallique. Krisby d\u00e9finit son identit\u00e9 avec deux mod\u00e8les d\u2019accoudoir amovible. Avec un rembourrage moelleux en plumes pour une version plus informelle, de forme rectangulaire pour une version plus classique","robots":{"index":"index","follow":"follow","max-snippet":"max-snippet:-1","max-image-preview":"max-image-preview:large","max-video-preview":"max-video-preview:-1"},"canonical":"https:\/\/www.waltlouise.be\/produit\/canape-krisby\/","og_locale":"nl_NL","og_type":"article","og_title":"Canap\u00e9 Krisby - WaltLouise","og_description":"Un syst\u00e8me canap\u00e9 composable se distinguant par des pieds aux lignes fluides r\u00e9alis\u00e9s en alliage m\u00e9tallique. Krisby d\u00e9finit son identit\u00e9 avec deux mod\u00e8les d\u2019accoudoir amovible. Avec un rembourrage moelleux en plumes pour une version plus informelle, de forme rectangulaire pour une version plus classique","og_url":"https:\/\/www.waltlouise.be\/produit\/canape-krisby\/","og_site_name":"WaltLouise","article_modified_time":"2024-03-22T13:38:17+00:00","og_image":[{"width":1024,"height":683,"url":"https:\/\/www.waltlouise.be\/wp-content\/uploads\/2024\/03\/SofaCollection-2021_Krisby_-06-1024x683.jpg","type":"image\/jpeg"}],"twitter_card":"summary_large_image","twitter_misc":{"Geschatte leestijd":"1 minuut"},"schema":{"@context":"https:\/\/schema.org","@graph":[{"@type":"WebPage","@id":"https:\/\/www.waltlouise.be\/produit\/canape-krisby\/","url":"https:\/\/www.waltlouise.be\/produit\/canape-krisby\/","name":"Canap\u00e9 Krisby - WaltLouise","isPartOf":{"@id":"https:\/\/www.waltlouise.be\/#website"},"primaryImageOfPage":{"@id":"https:\/\/www.waltlouise.be\/produit\/canape-krisby\/#primaryimage"},"image":{"@id":"https:\/\/www.waltlouise.be\/produit\/canape-krisby\/#primaryimage"},"thumbnailUrl":"https:\/\/www.waltlouise.be\/wp-content\/uploads\/2024\/03\/SofaCollection-2021_Krisby_-06-scaled.jpg","datePublished":"2024-03-16T15:16:44+00:00","dateModified":"2024-03-22T13:38:17+00:00","description":"Un syst\u00e8me canap\u00e9 composable se distinguant par des pieds aux lignes fluides r\u00e9alis\u00e9s en alliage m\u00e9tallique. Krisby d\u00e9finit son identit\u00e9 avec deux mod\u00e8les d\u2019accoudoir amovible. Avec un rembourrage moelleux en plumes pour une version plus informelle, de forme rectangulaire pour une version plus classique","breadcrumb":{"@id":"https:\/\/www.waltlouise.be\/produit\/canape-krisby\/#breadcrumb"},"inLanguage":"nl-NL","potentialAction":[{"@type":"ReadAction","target":["https:\/\/www.waltlouise.be\/produit\/canape-krisby\/"]}]},{"@type":"ImageObject","inLanguage":"nl-NL","@id":"https:\/\/www.waltlouise.be\/produit\/canape-krisby\/#primaryimage","url":"https:\/\/www.waltlouise.be\/wp-content\/uploads\/2024\/03\/SofaCollection-2021_Krisby_-06-scaled.jpg","contentUrl":"https:\/\/www.waltlouise.be\/wp-content\/uploads\/2024\/03\/SofaCollection-2021_Krisby_-06-scaled.jpg","width":2560,"height":1707},{"@type":"BreadcrumbList","@id":"https:\/\/www.waltlouise.be\/produit\/canape-krisby\/#breadcrumb","itemListElement":[{"@type":"ListItem","position":1,"name":"Accueil","item":"https:\/\/www.waltlouise.be\/nl\/"},{"@type":"ListItem","position":2,"name":"Onze producten","item":"https:\/\/www.waltlouise.be\/nl\/onze-producten\/"},{"@type":"ListItem","position":3,"name":"Canap\u00e9 Krisby"}]},{"@type":"WebSite","@id":"https:\/\/www.waltlouise.be\/#website","url":"https:\/\/www.waltlouise.be\/","name":"WaltLouise","description":"Walt Louise \u2013 Bienvenue sur le site de WaltLouise| Accueil | Des r\u00e9\u00e9ditions de vaisselier, de grandes \u00e9tag\u00e8res aux lignes \u00e9pur\u00e9es c\u00f4toient des pi\u00e8ces con\u00e7ues \u00e0 la demande.","potentialAction":[{"@type":"SearchAction","target":{"@type":"EntryPoint","urlTemplate":"https:\/\/www.waltlouise.be\/?s={search_term_string}"},"query-input":{"@type":"PropertyValueSpecification","valueRequired":true,"valueName":"search_term_string"}}],"inLanguage":"nl-NL"}]}},"_links":{"self":[{"href":"https:\/\/www.waltlouise.be\/nl\/wp-json\/wp\/v2\/product\/7025","targetHints":{"allow":["GET"]}}],"collection":[{"href":"https:\/\/www.waltlouise.be\/nl\/wp-json\/wp\/v2\/product"}],"about":[{"href":"https:\/\/www.waltlouise.be\/nl\/wp-json\/wp\/v2\/types\/product"}],"replies":[{"embeddable":true,"href":"https:\/\/www.waltlouise.be\/nl\/wp-json\/wp\/v2\/comments?post=7025"}],"wp:featuredmedia":[{"embeddable":true,"href":"https:\/\/www.waltlouise.be\/nl\/wp-json\/wp\/v2\/media\/7032"}],"wp:attachment":[{"href":"https:\/\/www.waltlouise.be\/nl\/wp-json\/wp\/v2\/media?parent=7025"}],"wp:term":[{"taxonomy":"product_brand","embeddable":true,"href":"https:\/\/www.waltlouise.be\/nl\/wp-json\/wp\/v2\/product_brand?post=7025"},{"taxonomy":"product_cat","embeddable":true,"href":"https:\/\/www.waltlouise.be\/nl\/wp-json\/wp\/v2\/product_cat?post=7025"},{"taxonomy":"product_tag","embeddable":true,"href":"https:\/\/www.waltlouise.be\/nl\/wp-json\/wp\/v2\/product_tag?post=7025"}],"curies":[{"name":"wp","href":"https:\/\/api.w.org\/{rel}","templated":true}]}}