{"id":6953,"date":"2024-03-16T15:03:17","date_gmt":"2024-03-16T14:03:17","guid":{"rendered":"https:\/\/www.waltlouise.be\/?post_type=product&#038;p=6953"},"modified":"2025-01-08T14:21:02","modified_gmt":"2025-01-08T13:21:02","slug":"canape-laguna","status":"publish","type":"product","link":"https:\/\/www.waltlouise.be\/nl\/product\/canape-laguna\/","title":{"rendered":"Canap\u00e9 Laguna"},"content":{"rendered":"<p>Cette entreprise reste attach\u00e9e \u00e0 ses valeurs, des mat\u00e9riaux de qualit\u00e9, une attention minutieuse aux d\u00e9tails et aux finitions, ainsi qu\u2019une recherche incessante et une innovation intelligente.\u00a0Une collection compl\u00e8te de canap\u00e9s composables, de canap\u00e9s convertibles et de fauteuils, vous permettra de trouver l\u2019am\u00e9nagement id\u00e9al pour votre salon.<\/p>\n","protected":false},"excerpt":{"rendered":"<p>Le Laguna est le canap\u00e9 pour ceux qui aiment le style contemporain mais qui recherchent en m\u00eame temps le confort et la polyvalence.<\/p>\n<p>Les lignes \u00e9pur\u00e9es et les volumes simples d\u00e9finissent en effet son design minimaliste, mais pas un canap\u00e9 inconfortable. En effet, les caract\u00e9ristiques distinctives de Laguna sont ses coussins souples et larges qui, associ\u00e9s \u00e0 l&#8217;assise profonde, garantissent un haut niveau de relaxation.<\/p>\n","protected":false},"featured_media":6956,"comment_status":"open","ping_status":"closed","template":"","meta":{"_acf_changed":false},"product_brand":[],"product_cat":[98,99,96],"product_tag":[],"class_list":{"0":"post-6953","1":"product","2":"type-product","3":"status-publish","4":"has-post-thumbnail","6":"product_cat-canapes","7":"product_cat-canapes-convertibles","8":"product_cat-salons","10":"first","11":"onbackorder","12":"shipping-taxable","13":"purchasable","14":"product-type-simple"},"acf":[],"yoast_head":"<!-- This site is optimized with the Yoast SEO plugin v27.2 - https:\/\/yoast.com\/product\/yoast-seo-wordpress\/ -->\n<title>Canap\u00e9 Laguna - WaltLouise<\/title>\n<meta name=\"description\" content=\"Le Laguna est le canap\u00e9 pour ceux qui aiment le style contemporain mais qui recherchent en m\u00eame temps le confort et la polyvalence.  Les lignes \u00e9pur\u00e9es et les volumes simples d\u00e9finissent en effet son design minimaliste, mais pas un canap\u00e9 inconfortable. En effet, les caract\u00e9ristiques distinctives de Laguna sont ses coussins souples et larges qui, associ\u00e9s \u00e0 l&#039;assise profonde, garantissent un haut niveau de relaxation.\" \/>\n<meta name=\"robots\" content=\"index, follow, max-snippet:-1, max-image-preview:large, max-video-preview:-1\" \/>\n<link rel=\"canonical\" href=\"https:\/\/www.waltlouise.be\/produit\/canape-laguna\/\" \/>\n<meta property=\"og:locale\" content=\"nl_NL\" \/>\n<meta property=\"og:type\" content=\"article\" \/>\n<meta property=\"og:title\" content=\"Canap\u00e9 Laguna - WaltLouise\" \/>\n<meta property=\"og:description\" content=\"Le Laguna est le canap\u00e9 pour ceux qui aiment le style contemporain mais qui recherchent en m\u00eame temps le confort et la polyvalence.  Les lignes \u00e9pur\u00e9es et les volumes simples d\u00e9finissent en effet son design minimaliste, mais pas un canap\u00e9 inconfortable. En effet, les caract\u00e9ristiques distinctives de Laguna sont ses coussins souples et larges qui, associ\u00e9s \u00e0 l&#039;assise profonde, garantissent un haut niveau de relaxation.\" \/>\n<meta property=\"og:url\" content=\"https:\/\/www.waltlouise.be\/produit\/canape-laguna\/\" \/>\n<meta property=\"og:site_name\" content=\"WaltLouise\" \/>\n<meta property=\"article:modified_time\" content=\"2025-01-08T13:21:02+00:00\" \/>\n<meta property=\"og:image\" content=\"https:\/\/www.waltlouise.be\/wp-content\/uploads\/2024\/03\/Canape-ALBERTA-LAGUNA-6-Cuir-tissu-pied-sur-pied-modulaire-composition-canape.jpg\" \/>\n\t<meta property=\"og:image:width\" content=\"2000\" \/>\n\t<meta property=\"og:image:height\" content=\"1500\" \/>\n\t<meta property=\"og:image:type\" content=\"image\/jpeg\" \/>\n<meta name=\"twitter:card\" content=\"summary_large_image\" \/>\n<meta name=\"twitter:label1\" content=\"Geschatte leestijd\" \/>\n\t<meta name=\"twitter:data1\" content=\"1 minuut\" \/>\n<script type=\"application\/ld+json\" class=\"yoast-schema-graph\">{\"@context\":\"https:\/\/schema.org\",\"@graph\":[{\"@type\":\"WebPage\",\"@id\":\"https:\/\/www.waltlouise.be\/produit\/canape-laguna\/\",\"url\":\"https:\/\/www.waltlouise.be\/produit\/canape-laguna\/\",\"name\":\"Canap\u00e9 Laguna - WaltLouise\",\"isPartOf\":{\"@id\":\"https:\/\/www.waltlouise.be\/#website\"},\"primaryImageOfPage\":{\"@id\":\"https:\/\/www.waltlouise.be\/produit\/canape-laguna\/#primaryimage\"},\"image\":{\"@id\":\"https:\/\/www.waltlouise.be\/produit\/canape-laguna\/#primaryimage\"},\"thumbnailUrl\":\"https:\/\/www.waltlouise.be\/wp-content\/uploads\/2024\/03\/Canape-ALBERTA-LAGUNA-6-Cuir-tissu-pied-sur-pied-modulaire-composition-canape.jpg\",\"datePublished\":\"2024-03-16T14:03:17+00:00\",\"dateModified\":\"2025-01-08T13:21:02+00:00\",\"description\":\"Le Laguna est le canap\u00e9 pour ceux qui aiment le style contemporain mais qui recherchent en m\u00eame temps le confort et la polyvalence. Les lignes \u00e9pur\u00e9es et les volumes simples d\u00e9finissent en effet son design minimaliste, mais pas un canap\u00e9 inconfortable. En effet, les caract\u00e9ristiques distinctives de Laguna sont ses coussins souples et larges qui, associ\u00e9s \u00e0 l'assise profonde, garantissent un haut niveau de relaxation.\",\"breadcrumb\":{\"@id\":\"https:\/\/www.waltlouise.be\/produit\/canape-laguna\/#breadcrumb\"},\"inLanguage\":\"nl-NL\",\"potentialAction\":[{\"@type\":\"ReadAction\",\"target\":[\"https:\/\/www.waltlouise.be\/produit\/canape-laguna\/\"]}]},{\"@type\":\"ImageObject\",\"inLanguage\":\"nl-NL\",\"@id\":\"https:\/\/www.waltlouise.be\/produit\/canape-laguna\/#primaryimage\",\"url\":\"https:\/\/www.waltlouise.be\/wp-content\/uploads\/2024\/03\/Canape-ALBERTA-LAGUNA-6-Cuir-tissu-pied-sur-pied-modulaire-composition-canape.jpg\",\"contentUrl\":\"https:\/\/www.waltlouise.be\/wp-content\/uploads\/2024\/03\/Canape-ALBERTA-LAGUNA-6-Cuir-tissu-pied-sur-pied-modulaire-composition-canape.jpg\",\"width\":2000,\"height\":1500},{\"@type\":\"BreadcrumbList\",\"@id\":\"https:\/\/www.waltlouise.be\/produit\/canape-laguna\/#breadcrumb\",\"itemListElement\":[{\"@type\":\"ListItem\",\"position\":1,\"name\":\"Accueil\",\"item\":\"https:\/\/www.waltlouise.be\/nl\/\"},{\"@type\":\"ListItem\",\"position\":2,\"name\":\"Onze producten\",\"item\":\"https:\/\/www.waltlouise.be\/nl\/onze-producten\/\"},{\"@type\":\"ListItem\",\"position\":3,\"name\":\"Canap\u00e9 Laguna\"}]},{\"@type\":\"WebSite\",\"@id\":\"https:\/\/www.waltlouise.be\/#website\",\"url\":\"https:\/\/www.waltlouise.be\/\",\"name\":\"WaltLouise\",\"description\":\"Walt Louise \u2013 Bienvenue sur le site de WaltLouise| Accueil | Des r\u00e9\u00e9ditions de vaisselier, de grandes \u00e9tag\u00e8res aux lignes \u00e9pur\u00e9es c\u00f4toient des pi\u00e8ces con\u00e7ues \u00e0 la demande.\",\"potentialAction\":[{\"@type\":\"SearchAction\",\"target\":{\"@type\":\"EntryPoint\",\"urlTemplate\":\"https:\/\/www.waltlouise.be\/?s={search_term_string}\"},\"query-input\":{\"@type\":\"PropertyValueSpecification\",\"valueRequired\":true,\"valueName\":\"search_term_string\"}}],\"inLanguage\":\"nl-NL\"}]}<\/script>\n<!-- \/ Yoast SEO plugin. -->","yoast_head_json":{"title":"Canap\u00e9 Laguna - WaltLouise","description":"Le Laguna est le canap\u00e9 pour ceux qui aiment le style contemporain mais qui recherchent en m\u00eame temps le confort et la polyvalence.  Les lignes \u00e9pur\u00e9es et les volumes simples d\u00e9finissent en effet son design minimaliste, mais pas un canap\u00e9 inconfortable. En effet, les caract\u00e9ristiques distinctives de Laguna sont ses coussins souples et larges qui, associ\u00e9s \u00e0 l'assise profonde, garantissent un haut niveau de relaxation.","robots":{"index":"index","follow":"follow","max-snippet":"max-snippet:-1","max-image-preview":"max-image-preview:large","max-video-preview":"max-video-preview:-1"},"canonical":"https:\/\/www.waltlouise.be\/produit\/canape-laguna\/","og_locale":"nl_NL","og_type":"article","og_title":"Canap\u00e9 Laguna - WaltLouise","og_description":"Le Laguna est le canap\u00e9 pour ceux qui aiment le style contemporain mais qui recherchent en m\u00eame temps le confort et la polyvalence.  Les lignes \u00e9pur\u00e9es et les volumes simples d\u00e9finissent en effet son design minimaliste, mais pas un canap\u00e9 inconfortable. En effet, les caract\u00e9ristiques distinctives de Laguna sont ses coussins souples et larges qui, associ\u00e9s \u00e0 l'assise profonde, garantissent un haut niveau de relaxation.","og_url":"https:\/\/www.waltlouise.be\/produit\/canape-laguna\/","og_site_name":"WaltLouise","article_modified_time":"2025-01-08T13:21:02+00:00","og_image":[{"width":2000,"height":1500,"url":"https:\/\/www.waltlouise.be\/wp-content\/uploads\/2024\/03\/Canape-ALBERTA-LAGUNA-6-Cuir-tissu-pied-sur-pied-modulaire-composition-canape.jpg","type":"image\/jpeg"}],"twitter_card":"summary_large_image","twitter_misc":{"Geschatte leestijd":"1 minuut"},"schema":{"@context":"https:\/\/schema.org","@graph":[{"@type":"WebPage","@id":"https:\/\/www.waltlouise.be\/produit\/canape-laguna\/","url":"https:\/\/www.waltlouise.be\/produit\/canape-laguna\/","name":"Canap\u00e9 Laguna - WaltLouise","isPartOf":{"@id":"https:\/\/www.waltlouise.be\/#website"},"primaryImageOfPage":{"@id":"https:\/\/www.waltlouise.be\/produit\/canape-laguna\/#primaryimage"},"image":{"@id":"https:\/\/www.waltlouise.be\/produit\/canape-laguna\/#primaryimage"},"thumbnailUrl":"https:\/\/www.waltlouise.be\/wp-content\/uploads\/2024\/03\/Canape-ALBERTA-LAGUNA-6-Cuir-tissu-pied-sur-pied-modulaire-composition-canape.jpg","datePublished":"2024-03-16T14:03:17+00:00","dateModified":"2025-01-08T13:21:02+00:00","description":"Le Laguna est le canap\u00e9 pour ceux qui aiment le style contemporain mais qui recherchent en m\u00eame temps le confort et la polyvalence. Les lignes \u00e9pur\u00e9es et les volumes simples d\u00e9finissent en effet son design minimaliste, mais pas un canap\u00e9 inconfortable. En effet, les caract\u00e9ristiques distinctives de Laguna sont ses coussins souples et larges qui, associ\u00e9s \u00e0 l'assise profonde, garantissent un haut niveau de relaxation.","breadcrumb":{"@id":"https:\/\/www.waltlouise.be\/produit\/canape-laguna\/#breadcrumb"},"inLanguage":"nl-NL","potentialAction":[{"@type":"ReadAction","target":["https:\/\/www.waltlouise.be\/produit\/canape-laguna\/"]}]},{"@type":"ImageObject","inLanguage":"nl-NL","@id":"https:\/\/www.waltlouise.be\/produit\/canape-laguna\/#primaryimage","url":"https:\/\/www.waltlouise.be\/wp-content\/uploads\/2024\/03\/Canape-ALBERTA-LAGUNA-6-Cuir-tissu-pied-sur-pied-modulaire-composition-canape.jpg","contentUrl":"https:\/\/www.waltlouise.be\/wp-content\/uploads\/2024\/03\/Canape-ALBERTA-LAGUNA-6-Cuir-tissu-pied-sur-pied-modulaire-composition-canape.jpg","width":2000,"height":1500},{"@type":"BreadcrumbList","@id":"https:\/\/www.waltlouise.be\/produit\/canape-laguna\/#breadcrumb","itemListElement":[{"@type":"ListItem","position":1,"name":"Accueil","item":"https:\/\/www.waltlouise.be\/nl\/"},{"@type":"ListItem","position":2,"name":"Onze producten","item":"https:\/\/www.waltlouise.be\/nl\/onze-producten\/"},{"@type":"ListItem","position":3,"name":"Canap\u00e9 Laguna"}]},{"@type":"WebSite","@id":"https:\/\/www.waltlouise.be\/#website","url":"https:\/\/www.waltlouise.be\/","name":"WaltLouise","description":"Walt Louise \u2013 Bienvenue sur le site de WaltLouise| Accueil | Des r\u00e9\u00e9ditions de vaisselier, de grandes \u00e9tag\u00e8res aux lignes \u00e9pur\u00e9es c\u00f4toient des pi\u00e8ces con\u00e7ues \u00e0 la demande.","potentialAction":[{"@type":"SearchAction","target":{"@type":"EntryPoint","urlTemplate":"https:\/\/www.waltlouise.be\/?s={search_term_string}"},"query-input":{"@type":"PropertyValueSpecification","valueRequired":true,"valueName":"search_term_string"}}],"inLanguage":"nl-NL"}]}},"_links":{"self":[{"href":"https:\/\/www.waltlouise.be\/nl\/wp-json\/wp\/v2\/product\/6953","targetHints":{"allow":["GET"]}}],"collection":[{"href":"https:\/\/www.waltlouise.be\/nl\/wp-json\/wp\/v2\/product"}],"about":[{"href":"https:\/\/www.waltlouise.be\/nl\/wp-json\/wp\/v2\/types\/product"}],"replies":[{"embeddable":true,"href":"https:\/\/www.waltlouise.be\/nl\/wp-json\/wp\/v2\/comments?post=6953"}],"wp:featuredmedia":[{"embeddable":true,"href":"https:\/\/www.waltlouise.be\/nl\/wp-json\/wp\/v2\/media\/6956"}],"wp:attachment":[{"href":"https:\/\/www.waltlouise.be\/nl\/wp-json\/wp\/v2\/media?parent=6953"}],"wp:term":[{"taxonomy":"product_brand","embeddable":true,"href":"https:\/\/www.waltlouise.be\/nl\/wp-json\/wp\/v2\/product_brand?post=6953"},{"taxonomy":"product_cat","embeddable":true,"href":"https:\/\/www.waltlouise.be\/nl\/wp-json\/wp\/v2\/product_cat?post=6953"},{"taxonomy":"product_tag","embeddable":true,"href":"https:\/\/www.waltlouise.be\/nl\/wp-json\/wp\/v2\/product_tag?post=6953"}],"curies":[{"name":"wp","href":"https:\/\/api.w.org\/{rel}","templated":true}]}}