{"id":6111,"date":"2021-07-15T08:46:26","date_gmt":"2021-07-15T06:46:26","guid":{"rendered":"https:\/\/www.waltlouise.be\/?page_id=6111"},"modified":"2021-07-15T16:58:35","modified_gmt":"2021-07-15T14:58:35","slug":"404-2","status":"publish","type":"page","link":"https:\/\/www.waltlouise.be\/nl\/404-2\/","title":{"rendered":"404"},"content":{"rendered":"\t\t<div data-elementor-type=\"wp-page\" data-elementor-id=\"6111\" class=\"elementor elementor-6111 elementor-4497\" data-elementor-post-type=\"page\">\n\t\t\t\t\t\t<section class=\"elementor-section elementor-top-section elementor-element elementor-element-f04c529 elementor-section-height-full elementor-section-content-middle error-404 elementor-section-boxed elementor-section-height-default elementor-section-items-middle\" data-id=\"f04c529\" data-element_type=\"section\" data-e-type=\"section\" data-settings=\"{&quot;background_background&quot;:&quot;classic&quot;}\">\n\t\t\t\t\t\t<div class=\"elementor-container elementor-column-gap-default\">\n\t\t\t\t\t<div class=\"elementor-column elementor-col-100 elementor-top-column elementor-element elementor-element-3989021\" data-id=\"3989021\" data-element_type=\"column\" data-e-type=\"column\">\n\t\t\t<div class=\"elementor-widget-wrap elementor-element-populated\">\n\t\t\t\t\t\t<div class=\"elementor-element elementor-element-def7b00 elementor-fixed elementor-widget elementor-widget-ilogo\" data-id=\"def7b00\" data-element_type=\"widget\" data-e-type=\"widget\" data-settings=\"{&quot;_position&quot;:&quot;fixed&quot;}\" data-widget_type=\"ilogo.default\">\n\t\t\t\t<div class=\"elementor-widget-container\">\n\t\t\t\t\t\t\t\t\n\t    \t<div class=\"the-logo\">\n\t\t\t\t<a href=\"https:\/\/www.waltlouise.be\/nl\/\">\n\t\t\t\t\t<img decoding=\"async\" src=\"https:\/\/www.waltlouise.be\/wp-content\/uploads\/2020\/11\/Logo_walt_degrade-02-copie-2-2-1.png\" alt=\"WaltLouise\">\n\t\t\t\t<\/a>\t\t\t        \n\t\t    <\/div>\n\t\t    \n\t    \t\t\t\t<\/div>\n\t\t\t\t<\/div>\n\t\t\t\t<div class=\"elementor-element elementor-element-4c80275 elementor-widget elementor-widget-heading\" data-id=\"4c80275\" data-element_type=\"widget\" data-e-type=\"widget\" data-widget_type=\"heading.default\">\n\t\t\t\t<div class=\"elementor-widget-container\">\n\t\t\t\t\t<h1 class=\"elementor-heading-title elementor-size-default\">404<\/h1>\t\t\t\t<\/div>\n\t\t\t\t<\/div>\n\t\t\t\t<div class=\"elementor-element elementor-element-70f1d62 elementor-widget elementor-widget-heading\" data-id=\"70f1d62\" data-element_type=\"widget\" data-e-type=\"widget\" data-widget_type=\"heading.default\">\n\t\t\t\t<div class=\"elementor-widget-container\">\n\t\t\t\t\t<h2 class=\"elementor-heading-title elementor-size-default\">Sorry! Pagina niet gevonden!<\/h2>\t\t\t\t<\/div>\n\t\t\t\t<\/div>\n\t\t\t\t<section class=\"elementor-section elementor-inner-section elementor-element elementor-element-3f2e2ea elementor-section-full_width elementor-section-height-default elementor-section-height-default\" data-id=\"3f2e2ea\" data-element_type=\"section\" data-e-type=\"section\">\n\t\t\t\t\t\t<div class=\"elementor-container elementor-column-gap-no\">\n\t\t\t\t\t<div class=\"elementor-column elementor-col-33 elementor-inner-column elementor-element elementor-element-599fb24 ot-flex-column-vertical\" data-id=\"599fb24\" data-element_type=\"column\" data-e-type=\"column\">\n\t\t\t<div class=\"elementor-widget-wrap\">\n\t\t\t\t\t\t\t<\/div>\n\t\t<\/div>\n\t\t\t\t<div class=\"elementor-column elementor-col-33 elementor-inner-column elementor-element elementor-element-409f172 ot-flex-column-vertical\" data-id=\"409f172\" data-element_type=\"column\" data-e-type=\"column\">\n\t\t\t<div class=\"elementor-widget-wrap elementor-element-populated\">\n\t\t\t\t\t\t<div class=\"elementor-element elementor-element-efa3754 elementor-widget elementor-widget-text-editor\" data-id=\"efa3754\" data-element_type=\"widget\" data-e-type=\"widget\" data-widget_type=\"text-editor.default\">\n\t\t\t\t<div class=\"elementor-widget-container\">\n\t\t\t\t\t\t\t\t\t<p>Oeps! De pagina die u zoekt bestaat niet. Keert u terug naar de startpagina van de site.<\/p>\t\t\t\t\t\t\t\t<\/div>\n\t\t\t\t<\/div>\n\t\t\t\t\t<\/div>\n\t\t<\/div>\n\t\t\t\t<div class=\"elementor-column elementor-col-33 elementor-inner-column elementor-element elementor-element-1ff472f ot-flex-column-vertical\" data-id=\"1ff472f\" data-element_type=\"column\" data-e-type=\"column\">\n\t\t\t<div class=\"elementor-widget-wrap\">\n\t\t\t\t\t\t\t<\/div>\n\t\t<\/div>\n\t\t\t\t\t<\/div>\n\t\t<\/section>\n\t\t\t\t<div class=\"elementor-element elementor-element-5937da8 elementor-align-center elementor-widget elementor-widget-ibutton\" data-id=\"5937da8\" data-element_type=\"widget\" data-e-type=\"widget\" data-widget_type=\"ibutton.default\">\n\t\t\t\t<div class=\"elementor-widget-container\">\n\t\t\t\t\t\t\t<div class=\"ot-button\">\n\t\t\t<a href=\"\/\" class=\"octf-btn octf-btn-light no-line\">TERUG NAAR STARTPAGINA<\/a>\n\t    <\/div>\n\t    \t\t\t\t<\/div>\n\t\t\t\t<\/div>\n\t\t\t\t\t<\/div>\n\t\t<\/div>\n\t\t\t\t\t<\/div>\n\t\t<\/section>\n\t\t\t\t<\/div>\n\t\t","protected":false},"excerpt":{"rendered":"<p>404 Sorry! Pagina niet gevonden! Oeps! De pagina die u zoekt bestaat niet. Keert u terug naar de startpagina van de site. TERUG NAAR STARTPAGINA<\/p>\n","protected":false},"author":1,"featured_media":0,"parent":0,"menu_order":0,"comment_status":"closed","ping_status":"closed","template":"elementor_canvas","meta":{"_acf_changed":false,"footnotes":""},"class_list":["post-6111","page","type-page","status-publish","hentry"],"acf":[],"yoast_head":"<!-- This site is optimized with the Yoast SEO plugin v27.2 - https:\/\/yoast.com\/product\/yoast-seo-wordpress\/ -->\n<title>404 - WaltLouise<\/title>\n<meta name=\"robots\" content=\"index, follow, max-snippet:-1, max-image-preview:large, max-video-preview:-1\" \/>\n<link rel=\"canonical\" href=\"https:\/\/www.waltlouise.be\/nl\/404-2\/\" \/>\n<meta property=\"og:locale\" content=\"nl_NL\" \/>\n<meta property=\"og:type\" content=\"article\" \/>\n<meta property=\"og:title\" content=\"404 - WaltLouise\" \/>\n<meta property=\"og:description\" content=\"404 Sorry! Pagina niet gevonden! Oeps! De pagina die u zoekt bestaat niet. Keert u terug naar de startpagina van de site. TERUG NAAR STARTPAGINA\" \/>\n<meta property=\"og:url\" content=\"https:\/\/www.waltlouise.be\/nl\/404-2\/\" \/>\n<meta property=\"og:site_name\" content=\"WaltLouise\" \/>\n<meta property=\"article:modified_time\" content=\"2021-07-15T14:58:35+00:00\" \/>\n<meta property=\"og:image\" content=\"https:\/\/www.waltlouise.be\/wp-content\/uploads\/2020\/11\/Logo_walt_degrade-02-copie-2-2-1.png\" \/>\n<meta name=\"twitter:card\" content=\"summary_large_image\" \/>\n<meta name=\"twitter:label1\" content=\"Geschatte leestijd\" \/>\n\t<meta name=\"twitter:data1\" content=\"1 minuut\" \/>\n<script type=\"application\/ld+json\" class=\"yoast-schema-graph\">{\"@context\":\"https:\/\/schema.org\",\"@graph\":[{\"@type\":\"WebPage\",\"@id\":\"https:\/\/www.waltlouise.be\/nl\/404-2\/\",\"url\":\"https:\/\/www.waltlouise.be\/nl\/404-2\/\",\"name\":\"404 - WaltLouise\",\"isPartOf\":{\"@id\":\"https:\/\/www.waltlouise.be\/#website\"},\"primaryImageOfPage\":{\"@id\":\"https:\/\/www.waltlouise.be\/nl\/404-2\/#primaryimage\"},\"image\":{\"@id\":\"https:\/\/www.waltlouise.be\/nl\/404-2\/#primaryimage\"},\"thumbnailUrl\":\"https:\/\/www.waltlouise.be\/wp-content\/uploads\/2020\/11\/Logo_walt_degrade-02-copie-2-2-1.png\",\"datePublished\":\"2021-07-15T06:46:26+00:00\",\"dateModified\":\"2021-07-15T14:58:35+00:00\",\"breadcrumb\":{\"@id\":\"https:\/\/www.waltlouise.be\/nl\/404-2\/#breadcrumb\"},\"inLanguage\":\"nl-NL\",\"potentialAction\":[{\"@type\":\"ReadAction\",\"target\":[\"https:\/\/www.waltlouise.be\/nl\/404-2\/\"]}]},{\"@type\":\"ImageObject\",\"inLanguage\":\"nl-NL\",\"@id\":\"https:\/\/www.waltlouise.be\/nl\/404-2\/#primaryimage\",\"url\":\"https:\/\/www.waltlouise.be\/wp-content\/uploads\/2020\/11\/Logo_walt_degrade-02-copie-2-2-1.png\",\"contentUrl\":\"https:\/\/www.waltlouise.be\/wp-content\/uploads\/2020\/11\/Logo_walt_degrade-02-copie-2-2-1.png\"},{\"@type\":\"BreadcrumbList\",\"@id\":\"https:\/\/www.waltlouise.be\/nl\/404-2\/#breadcrumb\",\"itemListElement\":[{\"@type\":\"ListItem\",\"position\":1,\"name\":\"Accueil\",\"item\":\"https:\/\/www.waltlouise.be\/nl\/\"},{\"@type\":\"ListItem\",\"position\":2,\"name\":\"404\"}]},{\"@type\":\"WebSite\",\"@id\":\"https:\/\/www.waltlouise.be\/#website\",\"url\":\"https:\/\/www.waltlouise.be\/\",\"name\":\"WaltLouise\",\"description\":\"Walt Louise \u2013 Bienvenue sur le site de WaltLouise| Accueil | Des r\u00e9\u00e9ditions de vaisselier, de grandes \u00e9tag\u00e8res aux lignes \u00e9pur\u00e9es c\u00f4toient des pi\u00e8ces con\u00e7ues \u00e0 la demande.\",\"potentialAction\":[{\"@type\":\"SearchAction\",\"target\":{\"@type\":\"EntryPoint\",\"urlTemplate\":\"https:\/\/www.waltlouise.be\/?s={search_term_string}\"},\"query-input\":{\"@type\":\"PropertyValueSpecification\",\"valueRequired\":true,\"valueName\":\"search_term_string\"}}],\"inLanguage\":\"nl-NL\"}]}<\/script>\n<!-- \/ Yoast SEO plugin. -->","yoast_head_json":{"title":"404 - WaltLouise","robots":{"index":"index","follow":"follow","max-snippet":"max-snippet:-1","max-image-preview":"max-image-preview:large","max-video-preview":"max-video-preview:-1"},"canonical":"https:\/\/www.waltlouise.be\/nl\/404-2\/","og_locale":"nl_NL","og_type":"article","og_title":"404 - WaltLouise","og_description":"404 Sorry! Pagina niet gevonden! Oeps! De pagina die u zoekt bestaat niet. Keert u terug naar de startpagina van de site. TERUG NAAR STARTPAGINA","og_url":"https:\/\/www.waltlouise.be\/nl\/404-2\/","og_site_name":"WaltLouise","article_modified_time":"2021-07-15T14:58:35+00:00","og_image":[{"url":"https:\/\/www.waltlouise.be\/wp-content\/uploads\/2020\/11\/Logo_walt_degrade-02-copie-2-2-1.png","type":"","width":"","height":""}],"twitter_card":"summary_large_image","twitter_misc":{"Geschatte leestijd":"1 minuut"},"schema":{"@context":"https:\/\/schema.org","@graph":[{"@type":"WebPage","@id":"https:\/\/www.waltlouise.be\/nl\/404-2\/","url":"https:\/\/www.waltlouise.be\/nl\/404-2\/","name":"404 - WaltLouise","isPartOf":{"@id":"https:\/\/www.waltlouise.be\/#website"},"primaryImageOfPage":{"@id":"https:\/\/www.waltlouise.be\/nl\/404-2\/#primaryimage"},"image":{"@id":"https:\/\/www.waltlouise.be\/nl\/404-2\/#primaryimage"},"thumbnailUrl":"https:\/\/www.waltlouise.be\/wp-content\/uploads\/2020\/11\/Logo_walt_degrade-02-copie-2-2-1.png","datePublished":"2021-07-15T06:46:26+00:00","dateModified":"2021-07-15T14:58:35+00:00","breadcrumb":{"@id":"https:\/\/www.waltlouise.be\/nl\/404-2\/#breadcrumb"},"inLanguage":"nl-NL","potentialAction":[{"@type":"ReadAction","target":["https:\/\/www.waltlouise.be\/nl\/404-2\/"]}]},{"@type":"ImageObject","inLanguage":"nl-NL","@id":"https:\/\/www.waltlouise.be\/nl\/404-2\/#primaryimage","url":"https:\/\/www.waltlouise.be\/wp-content\/uploads\/2020\/11\/Logo_walt_degrade-02-copie-2-2-1.png","contentUrl":"https:\/\/www.waltlouise.be\/wp-content\/uploads\/2020\/11\/Logo_walt_degrade-02-copie-2-2-1.png"},{"@type":"BreadcrumbList","@id":"https:\/\/www.waltlouise.be\/nl\/404-2\/#breadcrumb","itemListElement":[{"@type":"ListItem","position":1,"name":"Accueil","item":"https:\/\/www.waltlouise.be\/nl\/"},{"@type":"ListItem","position":2,"name":"404"}]},{"@type":"WebSite","@id":"https:\/\/www.waltlouise.be\/#website","url":"https:\/\/www.waltlouise.be\/","name":"WaltLouise","description":"Walt Louise \u2013 Bienvenue sur le site de WaltLouise| Accueil | Des r\u00e9\u00e9ditions de vaisselier, de grandes \u00e9tag\u00e8res aux lignes \u00e9pur\u00e9es c\u00f4toient des pi\u00e8ces con\u00e7ues \u00e0 la demande.","potentialAction":[{"@type":"SearchAction","target":{"@type":"EntryPoint","urlTemplate":"https:\/\/www.waltlouise.be\/?s={search_term_string}"},"query-input":{"@type":"PropertyValueSpecification","valueRequired":true,"valueName":"search_term_string"}}],"inLanguage":"nl-NL"}]}},"_links":{"self":[{"href":"https:\/\/www.waltlouise.be\/nl\/wp-json\/wp\/v2\/pages\/6111","targetHints":{"allow":["GET"]}}],"collection":[{"href":"https:\/\/www.waltlouise.be\/nl\/wp-json\/wp\/v2\/pages"}],"about":[{"href":"https:\/\/www.waltlouise.be\/nl\/wp-json\/wp\/v2\/types\/page"}],"author":[{"embeddable":true,"href":"https:\/\/www.waltlouise.be\/nl\/wp-json\/wp\/v2\/users\/1"}],"replies":[{"embeddable":true,"href":"https:\/\/www.waltlouise.be\/nl\/wp-json\/wp\/v2\/comments?post=6111"}],"version-history":[{"count":4,"href":"https:\/\/www.waltlouise.be\/nl\/wp-json\/wp\/v2\/pages\/6111\/revisions"}],"predecessor-version":[{"id":6117,"href":"https:\/\/www.waltlouise.be\/nl\/wp-json\/wp\/v2\/pages\/6111\/revisions\/6117"}],"wp:attachment":[{"href":"https:\/\/www.waltlouise.be\/nl\/wp-json\/wp\/v2\/media?parent=6111"}],"curies":[{"name":"wp","href":"https:\/\/api.w.org\/{rel}","templated":true}]}}