{"id":6053,"date":"2021-07-14T15:04:17","date_gmt":"2021-07-14T13:04:17","guid":{"rendered":"https:\/\/www.waltlouise.be\/?page_id=6053"},"modified":"2021-07-15T16:58:00","modified_gmt":"2021-07-15T14:58:00","slug":"onze-projecten","status":"publish","type":"page","link":"https:\/\/www.waltlouise.be\/nl\/actueel\/onze-projecten\/","title":{"rendered":"Onze projecten"},"content":{"rendered":"\t\t<div data-elementor-type=\"wp-page\" data-elementor-id=\"6053\" class=\"elementor elementor-6053 elementor-5694\" data-elementor-post-type=\"page\">\n\t\t\t\t\t\t<section class=\"elementor-section elementor-top-section elementor-element elementor-element-3d510d1 elementor-section-boxed elementor-section-height-default elementor-section-height-default\" data-id=\"3d510d1\" data-element_type=\"section\" data-e-type=\"section\">\n\t\t\t\t\t\t<div class=\"elementor-container elementor-column-gap-default\">\n\t\t\t\t\t<div class=\"elementor-column elementor-col-100 elementor-top-column elementor-element elementor-element-a53f8c2 ot-flex-column-vertical\" data-id=\"a53f8c2\" data-element_type=\"column\" data-e-type=\"column\">\n\t\t\t<div class=\"elementor-widget-wrap elementor-element-populated\">\n\t\t\t\t\t\t<div class=\"elementor-element elementor-element-705f2bd blog-actualites elementor-widget elementor-widget-ipost_grid\" data-id=\"705f2bd\" data-element_type=\"widget\" data-e-type=\"widget\" data-widget_type=\"ipost_grid.default\">\n\t\t\t\t<div class=\"elementor-widget-container\">\n\t\t\t\t\t\t\t<div class=\"blog-grid pf_3_cols v-light\">\n        \t \n\t\t\t\t<article id=\"post-6018\" class=\"post-box masonry-post-item post-6018 post type-post status-publish format-standard has-post-thumbnail hentry category-onze-projecten\">\n\t\t\t\t\t<div class=\"post-inner\">\n\t\t\t\t\t    \n\t\t\t\t\t        <div class=\"entry-media post-cat-abs\">\n\t\t\t\t\t            <a href=\"https:\/\/www.waltlouise.be\/nl\/project-court-saint-etienne\/\">\n\t\t\t\t\t                <img fetchpriority=\"high\" decoding=\"async\" width=\"805\" height=\"683\" src=\"https:\/\/www.waltlouise.be\/wp-content\/uploads\/2020\/11\/walt-louise-02-app-temoin-Court-St-Etienne-e1488922790220-805x683.jpg\" class=\"attachment-theratio-grid-post-thumbnail size-theratio-grid-post-thumbnail wp-post-image\" alt=\"\" \/>\t\t\t\t\t            <\/a>\n\t\t\t\t\t            <div class=\"post-cat\"><div class=\"posted-in\"><a href=\"https:\/\/www.waltlouise.be\/nl\/category\/onze-projecten\/\" rel=\"category tag\">Onze projecten<\/a><\/div><\/div>\t\t\t\t\t        <\/div>\t\t\t\t\t       \n\t\t\t\t\t    \n\t\t\t\t\t    <div class=\"inner-post\">\n\t\t\t\t\t        <div class=\"entry-header\">\n\t\t\t\t\t        \t\t\t\t\t\t\t            <div class=\"entry-meta\">\n\t\t\t\t\t\t                <span class=\"posted-on\"><a href=\"https:\/\/www.waltlouise.be\/nl\/project-court-saint-etienne\/\" rel=\"bookmark\"><time class=\"entry-date published\" datetime=\"2021-07-14T11:28:19+02:00\">14 juli 2021<\/time><\/a><\/span><span class=\"byline\"><a class=\"url fn n\" href=\"https:\/\/www.waltlouise.be\/nl\/author\/a2com\/\">a2com<\/a><\/span><span class=\"comment-num\"><a href=\"https:\/\/www.waltlouise.be\/nl\/project-court-saint-etienne\/#respond\">0 Comments<\/a><\/span>\t\t\t\t\t\t            <\/div><!-- .entry-meta -->\n\t\t\t\t\t            \t\t\t\t\t            <h5 class=\"entry-title\"><a class=\"title-link\" href=\"https:\/\/www.waltlouise.be\/nl\/project-court-saint-etienne\/\" rel=\"bookmark\">PROJECT COURT &#8211; SAINT &#8211; ETIENNE<\/a><\/h5>\t\t\t\t\t        <\/div><!-- .entry-header -->\n\n\t\t\t\t\t        <div class=\"the-excerpt\">\n\t\t\t\t\t            \t\t\t\t\t        <\/div><!-- .entry-content -->\n\t\t\t\t\t\t\t<a class=\"lire-plus-custom\" href=\"https:\/\/www.waltlouise.be\/nl\/project-court-saint-etienne\/\">LEES MEER<\/a>\n\t\t\t\t\t    <\/div>\n\t\t\t\t\t<\/div>\n\t\t\t\t<\/article>\n\t         \n\t\t\t\t<article id=\"post-6015\" class=\"post-box masonry-post-item post-6015 post type-post status-publish format-standard has-post-thumbnail hentry category-onze-projecten\">\n\t\t\t\t\t<div class=\"post-inner\">\n\t\t\t\t\t    \n\t\t\t\t\t        <div class=\"entry-media post-cat-abs\">\n\t\t\t\t\t            <a href=\"https:\/\/www.waltlouise.be\/nl\/project-lasne-i\/\">\n\t\t\t\t\t                <img decoding=\"async\" width=\"805\" height=\"683\" src=\"https:\/\/www.waltlouise.be\/wp-content\/uploads\/2020\/11\/Walt-Louise-8-decoration-805x683.jpg\" class=\"attachment-theratio-grid-post-thumbnail size-theratio-grid-post-thumbnail wp-post-image\" alt=\"\" \/>\t\t\t\t\t            <\/a>\n\t\t\t\t\t            <div class=\"post-cat\"><div class=\"posted-in\"><a href=\"https:\/\/www.waltlouise.be\/nl\/category\/onze-projecten\/\" rel=\"category tag\">Onze projecten<\/a><\/div><\/div>\t\t\t\t\t        <\/div>\t\t\t\t\t       \n\t\t\t\t\t    \n\t\t\t\t\t    <div class=\"inner-post\">\n\t\t\t\t\t        <div class=\"entry-header\">\n\t\t\t\t\t        \t\t\t\t\t\t\t            <div class=\"entry-meta\">\n\t\t\t\t\t\t                <span class=\"posted-on\"><a href=\"https:\/\/www.waltlouise.be\/nl\/project-lasne-i\/\" rel=\"bookmark\"><time class=\"entry-date published\" datetime=\"2021-07-14T11:26:12+02:00\">14 juli 2021<\/time><\/a><\/span><span class=\"byline\"><a class=\"url fn n\" href=\"https:\/\/www.waltlouise.be\/nl\/author\/a2com\/\">a2com<\/a><\/span><span class=\"comment-num\"><a href=\"https:\/\/www.waltlouise.be\/nl\/project-lasne-i\/#respond\">0 Comments<\/a><\/span>\t\t\t\t\t\t            <\/div><!-- .entry-meta -->\n\t\t\t\t\t            \t\t\t\t\t            <h5 class=\"entry-title\"><a class=\"title-link\" href=\"https:\/\/www.waltlouise.be\/nl\/project-lasne-i\/\" rel=\"bookmark\">PROJECT LASNE I<\/a><\/h5>\t\t\t\t\t        <\/div><!-- .entry-header -->\n\n\t\t\t\t\t        <div class=\"the-excerpt\">\n\t\t\t\t\t            \t\t\t\t\t        <\/div><!-- .entry-content -->\n\t\t\t\t\t\t\t<a class=\"lire-plus-custom\" href=\"https:\/\/www.waltlouise.be\/nl\/project-lasne-i\/\">LEES MEER<\/a>\n\t\t\t\t\t    <\/div>\n\t\t\t\t\t<\/div>\n\t\t\t\t<\/article>\n\t         \n\t\t\t\t<article id=\"post-6011\" class=\"post-box masonry-post-item post-6011 post type-post status-publish format-standard has-post-thumbnail hentry category-onze-projecten\">\n\t\t\t\t\t<div class=\"post-inner\">\n\t\t\t\t\t    \n\t\t\t\t\t        <div class=\"entry-media post-cat-abs\">\n\t\t\t\t\t            <a href=\"https:\/\/www.waltlouise.be\/nl\/project-louise\/\">\n\t\t\t\t\t                <img decoding=\"async\" width=\"805\" height=\"683\" src=\"https:\/\/www.waltlouise.be\/wp-content\/uploads\/2020\/11\/Walt-Louise-55-decoration-805x683.jpg\" class=\"attachment-theratio-grid-post-thumbnail size-theratio-grid-post-thumbnail wp-post-image\" alt=\"\" \/>\t\t\t\t\t            <\/a>\n\t\t\t\t\t            <div class=\"post-cat\"><div class=\"posted-in\"><a href=\"https:\/\/www.waltlouise.be\/nl\/category\/onze-projecten\/\" rel=\"category tag\">Onze projecten<\/a><\/div><\/div>\t\t\t\t\t        <\/div>\t\t\t\t\t       \n\t\t\t\t\t    \n\t\t\t\t\t    <div class=\"inner-post\">\n\t\t\t\t\t        <div class=\"entry-header\">\n\t\t\t\t\t        \t\t\t\t\t\t\t            <div class=\"entry-meta\">\n\t\t\t\t\t\t                <span class=\"posted-on\"><a href=\"https:\/\/www.waltlouise.be\/nl\/project-louise\/\" rel=\"bookmark\"><time class=\"entry-date published\" datetime=\"2021-07-14T11:23:59+02:00\">14 juli 2021<\/time><\/a><\/span><span class=\"byline\"><a class=\"url fn n\" href=\"https:\/\/www.waltlouise.be\/nl\/author\/a2com\/\">a2com<\/a><\/span><span class=\"comment-num\"><a href=\"https:\/\/www.waltlouise.be\/nl\/project-louise\/#respond\">0 Comments<\/a><\/span>\t\t\t\t\t\t            <\/div><!-- .entry-meta -->\n\t\t\t\t\t            \t\t\t\t\t            <h5 class=\"entry-title\"><a class=\"title-link\" href=\"https:\/\/www.waltlouise.be\/nl\/project-louise\/\" rel=\"bookmark\">PROJECT LOUISE<\/a><\/h5>\t\t\t\t\t        <\/div><!-- .entry-header -->\n\n\t\t\t\t\t        <div class=\"the-excerpt\">\n\t\t\t\t\t            \t\t\t\t\t        <\/div><!-- .entry-content -->\n\t\t\t\t\t\t\t<a class=\"lire-plus-custom\" href=\"https:\/\/www.waltlouise.be\/nl\/project-louise\/\">LEES MEER<\/a>\n\t\t\t\t\t    <\/div>\n\t\t\t\t\t<\/div>\n\t\t\t\t<\/article>\n\t        \t    <\/div>\n\t    \t    \n\t\t\t\t\t\t<\/div>\n\t\t\t\t<\/div>\n\t\t\t\t\t<\/div>\n\t\t<\/div>\n\t\t\t\t\t<\/div>\n\t\t<\/section>\n\t\t\t\t<\/div>\n\t\t","protected":false},"excerpt":{"rendered":"<p>Geen onderdeel van een categorie Onze projecten 14\/07\/2021a2com0 Comments PROJECT COURT \u2013 SAINT \u2013 ETIENNE LIRE PLUS Geen onderdeel van een categorie Onze projecten 14\/07\/2021a2com0 Comments PROJECT LASNE I LIRE PLUS Geen onderdeel van een categorie Onze projecten 14\/07\/2021a2com0 Comments PROJECT LOUISE LIRE PLUS<\/p>\n","protected":false},"author":1,"featured_media":0,"parent":6027,"menu_order":0,"comment_status":"closed","ping_status":"closed","template":"","meta":{"_acf_changed":false,"footnotes":""},"class_list":["post-6053","page","type-page","status-publish","hentry"],"acf":[],"yoast_head":"<!-- This site is optimized with the Yoast SEO plugin v27.2 - https:\/\/yoast.com\/product\/yoast-seo-wordpress\/ -->\n<title>Onze projecten - WaltLouise<\/title>\n<meta name=\"robots\" content=\"index, follow, max-snippet:-1, max-image-preview:large, max-video-preview:-1\" \/>\n<link rel=\"canonical\" href=\"https:\/\/www.waltlouise.be\/nl\/actueel\/onze-projecten\/\" \/>\n<meta property=\"og:locale\" content=\"nl_NL\" \/>\n<meta property=\"og:type\" content=\"article\" \/>\n<meta property=\"og:title\" content=\"Onze projecten - WaltLouise\" \/>\n<meta property=\"og:description\" content=\"Geen onderdeel van een categorie Onze projecten 14\/07\/2021a2com0 Comments PROJECT COURT \u2013 SAINT \u2013 ETIENNE LIRE PLUS Geen onderdeel van een categorie Onze projecten 14\/07\/2021a2com0 Comments PROJECT LASNE I LIRE PLUS Geen onderdeel van een categorie Onze projecten 14\/07\/2021a2com0 Comments PROJECT LOUISE LIRE PLUS\" \/>\n<meta property=\"og:url\" content=\"https:\/\/www.waltlouise.be\/nl\/actueel\/onze-projecten\/\" \/>\n<meta property=\"og:site_name\" content=\"WaltLouise\" \/>\n<meta property=\"article:modified_time\" content=\"2021-07-15T14:58:00+00:00\" \/>\n<meta property=\"og:image\" content=\"https:\/\/www.waltlouise.be\/wp-content\/uploads\/2020\/11\/walt-louise-02-app-temoin-Court-St-Etienne-e1488922790220-805x683.jpg\" \/>\n<meta name=\"twitter:card\" content=\"summary_large_image\" \/>\n<meta name=\"twitter:label1\" content=\"Geschatte leestijd\" \/>\n\t<meta name=\"twitter:data1\" content=\"1 minuut\" \/>\n<script type=\"application\/ld+json\" class=\"yoast-schema-graph\">{\"@context\":\"https:\/\/schema.org\",\"@graph\":[{\"@type\":\"WebPage\",\"@id\":\"https:\/\/www.waltlouise.be\/nl\/actueel\/onze-projecten\/\",\"url\":\"https:\/\/www.waltlouise.be\/nl\/actueel\/onze-projecten\/\",\"name\":\"Onze projecten - WaltLouise\",\"isPartOf\":{\"@id\":\"https:\/\/www.waltlouise.be\/#website\"},\"primaryImageOfPage\":{\"@id\":\"https:\/\/www.waltlouise.be\/nl\/actueel\/onze-projecten\/#primaryimage\"},\"image\":{\"@id\":\"https:\/\/www.waltlouise.be\/nl\/actueel\/onze-projecten\/#primaryimage\"},\"thumbnailUrl\":\"https:\/\/www.waltlouise.be\/wp-content\/uploads\/2020\/11\/walt-louise-02-app-temoin-Court-St-Etienne-e1488922790220-805x683.jpg\",\"datePublished\":\"2021-07-14T13:04:17+00:00\",\"dateModified\":\"2021-07-15T14:58:00+00:00\",\"breadcrumb\":{\"@id\":\"https:\/\/www.waltlouise.be\/nl\/actueel\/onze-projecten\/#breadcrumb\"},\"inLanguage\":\"nl-NL\",\"potentialAction\":[{\"@type\":\"ReadAction\",\"target\":[\"https:\/\/www.waltlouise.be\/nl\/actueel\/onze-projecten\/\"]}]},{\"@type\":\"ImageObject\",\"inLanguage\":\"nl-NL\",\"@id\":\"https:\/\/www.waltlouise.be\/nl\/actueel\/onze-projecten\/#primaryimage\",\"url\":\"https:\/\/www.waltlouise.be\/wp-content\/uploads\/2020\/11\/walt-louise-02-app-temoin-Court-St-Etienne-e1488922790220-805x683.jpg\",\"contentUrl\":\"https:\/\/www.waltlouise.be\/wp-content\/uploads\/2020\/11\/walt-louise-02-app-temoin-Court-St-Etienne-e1488922790220-805x683.jpg\"},{\"@type\":\"BreadcrumbList\",\"@id\":\"https:\/\/www.waltlouise.be\/nl\/actueel\/onze-projecten\/#breadcrumb\",\"itemListElement\":[{\"@type\":\"ListItem\",\"position\":1,\"name\":\"Accueil\",\"item\":\"https:\/\/www.waltlouise.be\/nl\/\"},{\"@type\":\"ListItem\",\"position\":2,\"name\":\"Actueel\",\"item\":\"https:\/\/www.waltlouise.be\/nl\/actueel\/\"},{\"@type\":\"ListItem\",\"position\":3,\"name\":\"Onze projecten\"}]},{\"@type\":\"WebSite\",\"@id\":\"https:\/\/www.waltlouise.be\/#website\",\"url\":\"https:\/\/www.waltlouise.be\/\",\"name\":\"WaltLouise\",\"description\":\"Walt Louise \u2013 Bienvenue sur le site de WaltLouise| Accueil | Des r\u00e9\u00e9ditions de vaisselier, de grandes \u00e9tag\u00e8res aux lignes \u00e9pur\u00e9es c\u00f4toient des pi\u00e8ces con\u00e7ues \u00e0 la demande.\",\"potentialAction\":[{\"@type\":\"SearchAction\",\"target\":{\"@type\":\"EntryPoint\",\"urlTemplate\":\"https:\/\/www.waltlouise.be\/?s={search_term_string}\"},\"query-input\":{\"@type\":\"PropertyValueSpecification\",\"valueRequired\":true,\"valueName\":\"search_term_string\"}}],\"inLanguage\":\"nl-NL\"}]}<\/script>\n<!-- \/ Yoast SEO plugin. -->","yoast_head_json":{"title":"Onze projecten - WaltLouise","robots":{"index":"index","follow":"follow","max-snippet":"max-snippet:-1","max-image-preview":"max-image-preview:large","max-video-preview":"max-video-preview:-1"},"canonical":"https:\/\/www.waltlouise.be\/nl\/actueel\/onze-projecten\/","og_locale":"nl_NL","og_type":"article","og_title":"Onze projecten - WaltLouise","og_description":"Geen onderdeel van een categorie Onze projecten 14\/07\/2021a2com0 Comments PROJECT COURT \u2013 SAINT \u2013 ETIENNE LIRE PLUS Geen onderdeel van een categorie Onze projecten 14\/07\/2021a2com0 Comments PROJECT LASNE I LIRE PLUS Geen onderdeel van een categorie Onze projecten 14\/07\/2021a2com0 Comments PROJECT LOUISE LIRE PLUS","og_url":"https:\/\/www.waltlouise.be\/nl\/actueel\/onze-projecten\/","og_site_name":"WaltLouise","article_modified_time":"2021-07-15T14:58:00+00:00","og_image":[{"url":"https:\/\/www.waltlouise.be\/wp-content\/uploads\/2020\/11\/walt-louise-02-app-temoin-Court-St-Etienne-e1488922790220-805x683.jpg","type":"","width":"","height":""}],"twitter_card":"summary_large_image","twitter_misc":{"Geschatte leestijd":"1 minuut"},"schema":{"@context":"https:\/\/schema.org","@graph":[{"@type":"WebPage","@id":"https:\/\/www.waltlouise.be\/nl\/actueel\/onze-projecten\/","url":"https:\/\/www.waltlouise.be\/nl\/actueel\/onze-projecten\/","name":"Onze projecten - WaltLouise","isPartOf":{"@id":"https:\/\/www.waltlouise.be\/#website"},"primaryImageOfPage":{"@id":"https:\/\/www.waltlouise.be\/nl\/actueel\/onze-projecten\/#primaryimage"},"image":{"@id":"https:\/\/www.waltlouise.be\/nl\/actueel\/onze-projecten\/#primaryimage"},"thumbnailUrl":"https:\/\/www.waltlouise.be\/wp-content\/uploads\/2020\/11\/walt-louise-02-app-temoin-Court-St-Etienne-e1488922790220-805x683.jpg","datePublished":"2021-07-14T13:04:17+00:00","dateModified":"2021-07-15T14:58:00+00:00","breadcrumb":{"@id":"https:\/\/www.waltlouise.be\/nl\/actueel\/onze-projecten\/#breadcrumb"},"inLanguage":"nl-NL","potentialAction":[{"@type":"ReadAction","target":["https:\/\/www.waltlouise.be\/nl\/actueel\/onze-projecten\/"]}]},{"@type":"ImageObject","inLanguage":"nl-NL","@id":"https:\/\/www.waltlouise.be\/nl\/actueel\/onze-projecten\/#primaryimage","url":"https:\/\/www.waltlouise.be\/wp-content\/uploads\/2020\/11\/walt-louise-02-app-temoin-Court-St-Etienne-e1488922790220-805x683.jpg","contentUrl":"https:\/\/www.waltlouise.be\/wp-content\/uploads\/2020\/11\/walt-louise-02-app-temoin-Court-St-Etienne-e1488922790220-805x683.jpg"},{"@type":"BreadcrumbList","@id":"https:\/\/www.waltlouise.be\/nl\/actueel\/onze-projecten\/#breadcrumb","itemListElement":[{"@type":"ListItem","position":1,"name":"Accueil","item":"https:\/\/www.waltlouise.be\/nl\/"},{"@type":"ListItem","position":2,"name":"Actueel","item":"https:\/\/www.waltlouise.be\/nl\/actueel\/"},{"@type":"ListItem","position":3,"name":"Onze projecten"}]},{"@type":"WebSite","@id":"https:\/\/www.waltlouise.be\/#website","url":"https:\/\/www.waltlouise.be\/","name":"WaltLouise","description":"Walt Louise \u2013 Bienvenue sur le site de WaltLouise| Accueil | Des r\u00e9\u00e9ditions de vaisselier, de grandes \u00e9tag\u00e8res aux lignes \u00e9pur\u00e9es c\u00f4toient des pi\u00e8ces con\u00e7ues \u00e0 la demande.","potentialAction":[{"@type":"SearchAction","target":{"@type":"EntryPoint","urlTemplate":"https:\/\/www.waltlouise.be\/?s={search_term_string}"},"query-input":{"@type":"PropertyValueSpecification","valueRequired":true,"valueName":"search_term_string"}}],"inLanguage":"nl-NL"}]}},"_links":{"self":[{"href":"https:\/\/www.waltlouise.be\/nl\/wp-json\/wp\/v2\/pages\/6053","targetHints":{"allow":["GET"]}}],"collection":[{"href":"https:\/\/www.waltlouise.be\/nl\/wp-json\/wp\/v2\/pages"}],"about":[{"href":"https:\/\/www.waltlouise.be\/nl\/wp-json\/wp\/v2\/types\/page"}],"author":[{"embeddable":true,"href":"https:\/\/www.waltlouise.be\/nl\/wp-json\/wp\/v2\/users\/1"}],"replies":[{"embeddable":true,"href":"https:\/\/www.waltlouise.be\/nl\/wp-json\/wp\/v2\/comments?post=6053"}],"version-history":[{"count":5,"href":"https:\/\/www.waltlouise.be\/nl\/wp-json\/wp\/v2\/pages\/6053\/revisions"}],"predecessor-version":[{"id":6661,"href":"https:\/\/www.waltlouise.be\/nl\/wp-json\/wp\/v2\/pages\/6053\/revisions\/6661"}],"up":[{"embeddable":true,"href":"https:\/\/www.waltlouise.be\/nl\/wp-json\/wp\/v2\/pages\/6027"}],"wp:attachment":[{"href":"https:\/\/www.waltlouise.be\/nl\/wp-json\/wp\/v2\/media?parent=6053"}],"curies":[{"name":"wp","href":"https:\/\/api.w.org\/{rel}","templated":true}]}}